{"id":614,"date":"2024-11-28T13:04:18","date_gmt":"2024-11-28T13:04:18","guid":{"rendered":"https:\/\/www.bluelakechem.com\/?post_type=product&#038;p=614"},"modified":"2025-06-05T08:04:08","modified_gmt":"2025-06-05T08:04:08","slug":"soaping-agent","status":"publish","type":"product","link":"https:\/\/www.bluelakechem.com\/es\/product\/soaping-agent\/","title":{"rendered":"Agente de jabonado Productos qu\u00edmicos textiles para tejidos de algod\u00f3n Auxiliares de tintura"},"content":{"rendered":"<figure class=\"wp-block-embed is-type-video is-provider-youtube wp-block-embed-youtube wp-embed-aspect-16-9 wp-has-aspect-ratio\"><div class=\"wp-block-embed__wrapper\">\n<iframe title=\"\u00a1Ahorre un agua de ba\u00f1o y ahorre una hora! \u00a1El coste de enjabonado se reduce a la mitad! Reduce la Contaminaci\u00f3n Secundaria.\" width=\"500\" height=\"281\" src=\"https:\/\/www.youtube.com\/embed\/iG2EMrzW0gA?feature=oembed\" frameborder=\"0\" allow=\"accelerometer; autoplay; clipboard-write; encrypted-media; gyroscope; picture-in-picture; web-share\" referrerpolicy=\"strict-origin-when-cross-origin\" allowfullscreen><\/iframe>\n<\/div><\/figure>\n\n\n\n<div class=\"wp-block-columns is-layout-flex wp-container-core-columns-is-layout-9d6595d7 wp-block-columns-is-layout-flex\">\n<div class=\"wp-block-column is-layout-flow wp-block-column-is-layout-flow\" style=\"flex-basis:50%\">\n<h2 class=\"wp-block-heading\">Enjabonador Caracter\u00edsticas:<\/h2>\n\n\n\n<p><strong>Evita las manchas en la espalda<\/strong>: Evita eficazmente las manchas de los tintes directos y reactivos, garantizando resultados de tintura uniformes.<\/p>\n\n\n\n<p><strong>Evita el deslustre<\/strong>: Evita el deslustre y la decoloraci\u00f3n del tejido durante el proceso de lavado tras la impresi\u00f3n, manteniendo el brillo original del tejido.<\/p>\n\n\n\n<p><strong>Mejora la solidez del color<\/strong>: Mejora significativamente la solidez del color al lavado, manteniendo los colores vivos y duraderos.<\/p>\n\n\n\n<p><strong>Aplicaci\u00f3n vers\u00e1til<\/strong>: Espec\u00edficamente dise\u00f1ado para fibras celul\u00f3sicas como el algod\u00f3n, mejorando el rendimiento del te\u00f1ido.<\/p>\n\n\n\n<p><strong>Ecol\u00f3gico y seguro<\/strong>: Fabricado con componentes qu\u00edmicos no nocivos que cumplen las normas medioambientales, lo que garantiza un uso seguro.<\/p>\n\n\n\n<h2 class=\"wp-block-heading\">Propiedades del agente jabonante\uff1a<\/h2>\n\n\n\n<figure class=\"wp-block-table\"><table class=\"has-fixed-layout\"><tbody><tr><td>Apariencia:<\/td><td>Polvo blanco<\/td><\/tr><tr><td>Ionicidad:<\/td><td>No i\u00f3nico<\/td><\/tr><tr><td>Valor del pH:<\/td><td>12,0\u00b11,0 (1% soluci\u00f3n acuosa)<\/td><\/tr><tr><td>Solubilidad:<\/td><td>Soluble en agua<\/td><\/tr><\/tbody><\/table><\/figure>\n<\/div>\n\n\n\n<div class=\"wp-block-column is-layout-flow wp-block-column-is-layout-flow\" style=\"flex-basis:50%\">\n<h2 class=\"wp-block-heading\">Aplicaciones de agentes jabonantes:<\/h2>\n\n\n\n<p><strong>Te\u00f1ido de tejidos de algod\u00f3n<\/strong>: Ideal para te\u00f1ir algod\u00f3n y otros tejidos a base de celulosa, mejorando los resultados del te\u00f1ido.<\/p>\n\n\n\n<p><strong>Lavado posterior a la impresi\u00f3n: <\/strong>Perfecta para el lavado despu\u00e9s de la estampaci\u00f3n de tejidos, ya que evita la decoloraci\u00f3n y los da\u00f1os.<strong>I<\/strong><\/p>\n\n\n\n<p><strong>tintura industrial<\/strong>: Ampliamente utilizado en f\u00e1bricas textiles, tintorer\u00edas y f\u00e1bricas de acabado para tratamientos de tintura a gran escala.<\/p>\n\n\n\n<p><strong>Te\u00f1ido de alta calidad<\/strong>: Adecuado para procesos de te\u00f1ido de alta gama, garantizando que los tejidos conserven su color vibrante y su estabilidad.<\/p>\n\n\n\n<h2 class=\"wp-block-heading\">Instrucciones de uso\uff1a Dosis de referencia:<\/h2>\n\n\n\n<p>Color claro: 0,2~0,3 g\/L, 85~95\u2103\u00d710~15min<\/p>\n\n\n\n<p>Color medio: 0,4~0,5 g\/L, 85~95\u2103\u00d710~15min<\/p>\n\n\n\n<p>Color oscuro: 0,6~0,8 g\/L, 85~95\u2103\u00d710~15min<\/p>\n<\/div>\n<\/div>","protected":false},"excerpt":{"rendered":"<p>Un agente jabonante para fibras de celulosa puede evitar las manchas de los tintes directos y reactivos, evitar el deslustre en el proceso de lavado tras la estampaci\u00f3n y mejorar la solidez del color en el lavado y el brillo del te\u00f1ido.<\/p>\n<p><strong>N\u00ba de modelo <\/strong>23111<\/p>\n<p><img decoding=\"async\" class=\"alignnone wp-image-2311 size-full\" src=\"https:\/\/www.bluelakechem.com\/wp-content\/uploads\/2024\/11\/Non-phosphate-Foamless-Soaping-Powder-23111.webp\" alt=\"Jab\u00f3n en polvo sin fosfatos ni espuma\" width=\"2256\" height=\"1181\" srcset=\"https:\/\/www.bluelakechem.com\/wp-content\/uploads\/2024\/11\/Non-phosphate-Foamless-Soaping-Powder-23111.webp 2256w, https:\/\/www.bluelakechem.com\/wp-content\/uploads\/2024\/11\/Non-phosphate-Foamless-Soaping-Powder-23111-300x157.webp 300w, https:\/\/www.bluelakechem.com\/wp-content\/uploads\/2024\/11\/Non-phosphate-Foamless-Soaping-Powder-23111-768x402.webp 768w, https:\/\/www.bluelakechem.com\/wp-content\/uploads\/2024\/11\/Non-phosphate-Foamless-Soaping-Powder-23111-18x9.webp 18w, https:\/\/www.bluelakechem.com\/wp-content\/uploads\/2024\/11\/Non-phosphate-Foamless-Soaping-Powder-23111-1200x628.webp 1200w, https:\/\/www.bluelakechem.com\/wp-content\/uploads\/2024\/11\/Non-phosphate-Foamless-Soaping-Powder-23111-600x314.webp 600w\" sizes=\"(max-width: 2256px) 100vw, 2256px\" \/><\/p>","protected":false},"featured_media":1429,"comment_status":"closed","ping_status":"closed","template":"","meta":{"_acf_changed":false},"material":[26,30,32],"process":[20,40],"product_brand":[],"product_cat":[15],"product_tag":[],"class_list":{"0":"post-614","1":"product","2":"type-product","3":"status-publish","4":"has-post-thumbnail","6":"material-cotton-agent","7":"material-viscose-chemicals","8":"material-linen-chemicals","9":"process-dyeing-auxiliaries","10":"process-soaping-agent","11":"product_cat-uncategorized","13":"first","14":"instock","15":"shipping-taxable","16":"product-type-simple"},"acf":[],"_links":{"self":[{"href":"https:\/\/www.bluelakechem.com\/es\/wp-json\/wp\/v2\/product\/614","targetHints":{"allow":["GET"]}}],"collection":[{"href":"https:\/\/www.bluelakechem.com\/es\/wp-json\/wp\/v2\/product"}],"about":[{"href":"https:\/\/www.bluelakechem.com\/es\/wp-json\/wp\/v2\/types\/product"}],"replies":[{"embeddable":true,"href":"https:\/\/www.bluelakechem.com\/es\/wp-json\/wp\/v2\/comments?post=614"}],"wp:featuredmedia":[{"embeddable":true,"href":"https:\/\/www.bluelakechem.com\/es\/wp-json\/wp\/v2\/media\/1429"}],"wp:attachment":[{"href":"https:\/\/www.bluelakechem.com\/es\/wp-json\/wp\/v2\/media?parent=614"}],"wp:term":[{"taxonomy":"material","embeddable":true,"href":"https:\/\/www.bluelakechem.com\/es\/wp-json\/wp\/v2\/material?post=614"},{"taxonomy":"process","embeddable":true,"href":"https:\/\/www.bluelakechem.com\/es\/wp-json\/wp\/v2\/process?post=614"},{"taxonomy":"product_brand","embeddable":true,"href":"https:\/\/www.bluelakechem.com\/es\/wp-json\/wp\/v2\/product_brand?post=614"},{"taxonomy":"product_cat","embeddable":true,"href":"https:\/\/www.bluelakechem.com\/es\/wp-json\/wp\/v2\/product_cat?post=614"},{"taxonomy":"product_tag","embeddable":true,"href":"https:\/\/www.bluelakechem.com\/es\/wp-json\/wp\/v2\/product_tag?post=614"}],"curies":[{"name":"wp","href":"https:\/\/api.w.org\/{rel}","templated":true}]}}