{"id":631,"date":"2024-11-28T20:09:56","date_gmt":"2024-11-28T20:09:56","guid":{"rendered":"https:\/\/www.bluelakechem.com\/?post_type=product&#038;p=631"},"modified":"2025-10-09T10:30:22","modified_gmt":"2025-10-09T10:30:22","slug":"anti-creasing-agent","status":"publish","type":"product","link":"https:\/\/www.bluelakechem.com\/es\/product\/anti-creasing-agent\/","title":{"rendered":"Agente antiarrugas para el ba\u00f1o, agente suavizante para el algod\u00f3n, suavidad e hidrofilia para el tejido"},"content":{"rendered":"<div class=\"wp-block-columns is-layout-flex wp-container-core-columns-is-layout-9d6595d7 wp-block-columns-is-layout-flex\">\n<div class=\"wp-block-column is-layout-flow wp-block-column-is-layout-flow\" style=\"flex-basis:50%\">\n<h2 class=\"wp-block-heading\">Ba\u00f1o Agente antiarrugas Caracter\u00edsticas:<\/h2>\n\n\n\n<p><strong>Antiarrugas y suavizante en un solo ba\u00f1o: <\/strong>Puede utilizarse directamente en ba\u00f1os de blanqueo, te\u00f1ido o enjabonado sin necesidad de pasos adicionales de suavizado. Previene eficazmente las arrugas y abrasiones en tejidos de algod\u00f3n pesados (como los hilos 21s y 26s).<\/p>\n\n\n\n<p><strong>Suavidad superior:<\/strong> Modificado con derivados de \u00e9steres de \u00e1cidos grasos, los tejidos de algod\u00f3n tienen un tacto m\u00e1s suave y mejor ca\u00edda. Ofrece un efecto suavizante m\u00e1s pronunciado que los suavizantes no i\u00f3nicos tradicionales.<\/p>\n\n\n\n<p><strong>Excelente Hidr\u00f3filo: <\/strong>Mantiene la absorci\u00f3n natural de la humedad y la transpirabilidad de los tejidos de algod\u00f3n, mejorando la comodidad de uso y la uniformidad del te\u00f1ido. No afecta a los resultados del pretratamiento ni a los pasos posteriores.<\/p>\n\n\n\n<p><strong>Gran resistencia a la sal y a los \u00e1lcalis: <\/strong>Estable para su uso en ba\u00f1os de blanqueo, tintura y jabonado. Altamente adaptable, no afecta al rendimiento general del proceso.<\/p>\n\n\n\n<p><strong>F\u00f3rmula ecol\u00f3gica: <\/strong>No contiene sustancias nocivas como el APEO y el formaldeh\u00eddo, por lo que cumple las normas medioambientales textiles internacionales.<\/p>\n<\/div>\n\n\n\n<div class=\"wp-block-column is-layout-flow wp-block-column-is-layout-flow\" style=\"flex-basis:50%\">\n<figure class=\"wp-block-embed is-type-video is-provider-youtube wp-block-embed-youtube wp-embed-aspect-16-9 wp-has-aspect-ratio\"><div class=\"wp-block-embed__wrapper\">\n<iframe title=\"#textilechemicals |\u00a1Esencial para la tintura de poli\u00e9ster! #polyesterfabric #carrier #mending\" width=\"500\" height=\"281\" src=\"https:\/\/www.youtube.com\/embed\/uFKR3ippJnE?feature=oembed\" frameborder=\"0\" allow=\"accelerometer; autoplay; clipboard-write; encrypted-media; gyroscope; picture-in-picture; web-share\" referrerpolicy=\"strict-origin-when-cross-origin\" allowfullscreen><\/iframe>\n<\/div><\/figure>\n<\/div>\n<\/div>\n\n\n\n<div class=\"wp-block-columns is-layout-flex wp-container-core-columns-is-layout-9d6595d7 wp-block-columns-is-layout-flex\">\n<div class=\"wp-block-column is-layout-flow wp-block-column-is-layout-flow\">\n<figure class=\"wp-block-image size-full is-style-default\"><img decoding=\"async\" width=\"1200\" height=\"1200\" src=\"https:\/\/www.bluelakechem.com\/wp-content\/uploads\/2024\/11\/anti-creasing-agent-1.webp\" alt=\"antiarrugas\" class=\"wp-image-634\" srcset=\"https:\/\/www.bluelakechem.com\/wp-content\/uploads\/2024\/11\/anti-creasing-agent-1.webp 1200w, https:\/\/www.bluelakechem.com\/wp-content\/uploads\/2024\/11\/anti-creasing-agent-1-300x300.webp 300w, https:\/\/www.bluelakechem.com\/wp-content\/uploads\/2024\/11\/anti-creasing-agent-1-150x150.webp 150w, https:\/\/www.bluelakechem.com\/wp-content\/uploads\/2024\/11\/anti-creasing-agent-1-768x768.webp 768w, https:\/\/www.bluelakechem.com\/wp-content\/uploads\/2024\/11\/anti-creasing-agent-1-600x600.webp 600w, https:\/\/www.bluelakechem.com\/wp-content\/uploads\/2024\/11\/anti-creasing-agent-1-100x100.webp 100w\" sizes=\"(max-width: 1200px) 100vw, 1200px\" \/><\/figure>\n<\/div>\n\n\n\n<div class=\"wp-block-column is-vertically-aligned-center is-layout-flow wp-block-column-is-layout-flow\">\n<h2 class=\"wp-block-heading\">Detalles del producto<\/h2>\n\n\n\n<figure class=\"wp-block-table\"><table><thead><tr><th class=\"has-text-align-left\" data-align=\"left\"><strong>Art\u00edculo<\/strong><\/th><th class=\"has-text-align-left\" data-align=\"left\">Descripci\u00f3n<\/th><\/tr><\/thead><tbody><tr><td class=\"has-text-align-left\" data-align=\"left\"><strong>Apariencia<\/strong><\/td><td class=\"has-text-align-left\" data-align=\"left\">L\u00edquido de blanco a amarillo claro<\/td><\/tr><tr><td class=\"has-text-align-left\" data-align=\"left\"><strong>Ionicidad<\/strong><\/td><td class=\"has-text-align-left\" data-align=\"left\">Cati\u00f3nico d\u00e9bil<\/td><\/tr><tr><td class=\"has-text-align-left\" data-align=\"left\"><strong>pH (Soluci\u00f3n 1%)<\/strong><\/td><td class=\"has-text-align-left\" data-align=\"left\">6.0 \u00b1 1.0<\/td><\/tr><tr><td class=\"has-text-align-left\" data-align=\"left\"><strong>Solubilidad<\/strong><\/td><td class=\"has-text-align-left\" data-align=\"left\">Soluble en agua<\/td><\/tr><tr><td class=\"has-text-align-left\" data-align=\"left\"><strong>Tejido adecuado<\/strong><\/td><td class=\"has-text-align-left\" data-align=\"left\">Algod\u00f3n, especialmente tejidos gruesos y pesados<\/td><\/tr><tr><td class=\"has-text-align-left\" data-align=\"left\"><strong>Dosis recomendada<\/strong><\/td><td class=\"has-text-align-left\" data-align=\"left\">1-3% (f.o.p.) para ba\u00f1o de blanqueo, te\u00f1ido o enjabonado<\/td><\/tr><\/tbody><\/table><\/figure>\n\n\n\n<h2 class=\"wp-block-heading\">Aplicaciones de los agentes anticrecimiento:<\/h2>\n\n\n\n<p><strong>Te\u00f1ido de tejidos de algod\u00f3n<\/strong>: Ideal para tejidos de algod\u00f3n, especialmente durante el te\u00f1ido de materiales gruesos y de alto gramaje.<\/p>\n\n\n\n<p><strong>Transformaci\u00f3n textil<\/strong>: Perfecto para su uso en las etapas de procesamiento en h\u00famedo, ayudando a mejorar la suavidad y el manejo del tejido.<\/p>\n\n\n\n<p><strong>Tejidos pesados<\/strong>: Especialmente eficaz para tejidos gruesos y pesados propensos a arrugarse y da\u00f1ar la superficie.<\/p>\n\n\n\n<p><strong>Tintes y acabados industriales<\/strong>: Ampliamente utilizado en la producci\u00f3n textil a gran escala para mejorar la calidad del tejido y reducir los defectos de procesamiento.<\/p>\n<\/div>\n<\/div>\n\n\n\n<p><\/p>","protected":false},"excerpt":{"rendered":"<p>BLUELAKECHEM 32146 es un producto altamente eficaz que combina las funciones de un agente antiarrugas y un agente suavizante. Mejora la lubricidad del tejido durante el procesado en h\u00famedo y soluciona arrugas, ara\u00f1azos y variaciones de color en tejidos pesados.<\/p>\n<p><strong>N\u00ba de modelo <\/strong>32146<\/p>","protected":false},"featured_media":1425,"comment_status":"closed","ping_status":"closed","template":"","meta":{"_acf_changed":false},"material":[26,30],"process":[20,22],"product_brand":[],"product_cat":[15],"product_tag":[],"class_list":{"0":"post-631","1":"product","2":"type-product","3":"status-publish","4":"has-post-thumbnail","6":"material-cotton-agent","7":"material-viscose-chemicals","8":"process-dyeing-auxiliaries","9":"process-anti-creasing-agent","10":"product_cat-uncategorized","12":"first","13":"instock","14":"shipping-taxable","15":"product-type-simple"},"acf":[],"_links":{"self":[{"href":"https:\/\/www.bluelakechem.com\/es\/wp-json\/wp\/v2\/product\/631","targetHints":{"allow":["GET"]}}],"collection":[{"href":"https:\/\/www.bluelakechem.com\/es\/wp-json\/wp\/v2\/product"}],"about":[{"href":"https:\/\/www.bluelakechem.com\/es\/wp-json\/wp\/v2\/types\/product"}],"replies":[{"embeddable":true,"href":"https:\/\/www.bluelakechem.com\/es\/wp-json\/wp\/v2\/comments?post=631"}],"wp:featuredmedia":[{"embeddable":true,"href":"https:\/\/www.bluelakechem.com\/es\/wp-json\/wp\/v2\/media\/1425"}],"wp:attachment":[{"href":"https:\/\/www.bluelakechem.com\/es\/wp-json\/wp\/v2\/media?parent=631"}],"wp:term":[{"taxonomy":"material","embeddable":true,"href":"https:\/\/www.bluelakechem.com\/es\/wp-json\/wp\/v2\/material?post=631"},{"taxonomy":"process","embeddable":true,"href":"https:\/\/www.bluelakechem.com\/es\/wp-json\/wp\/v2\/process?post=631"},{"taxonomy":"product_brand","embeddable":true,"href":"https:\/\/www.bluelakechem.com\/es\/wp-json\/wp\/v2\/product_brand?post=631"},{"taxonomy":"product_cat","embeddable":true,"href":"https:\/\/www.bluelakechem.com\/es\/wp-json\/wp\/v2\/product_cat?post=631"},{"taxonomy":"product_tag","embeddable":true,"href":"https:\/\/www.bluelakechem.com\/es\/wp-json\/wp\/v2\/product_tag?post=631"}],"curies":[{"name":"wp","href":"https:\/\/api.w.org\/{rel}","templated":true}]}}