{"id":635,"date":"2024-11-28T20:54:28","date_gmt":"2024-11-28T20:54:28","guid":{"rendered":"https:\/\/www.bluelakechem.com\/?post_type=product&#038;p=635"},"modified":"2025-01-17T11:21:33","modified_gmt":"2025-01-17T11:21:33","slug":"china-non-formaldehyde-fixing-agent","status":"publish","type":"product","link":"https:\/\/www.bluelakechem.com\/es\/product\/china-non-formaldehyde-fixing-agent\/","title":{"rendered":"China Agente fijador sin formol Productos qu\u00edmicos textiles para tejidos de algod\u00f3n"},"content":{"rendered":"<div class=\"wp-block-columns is-layout-flex wp-container-core-columns-is-layout-9d6595d7 wp-block-columns-is-layout-flex\">\n<div class=\"wp-block-column is-layout-flow wp-block-column-is-layout-flow\" style=\"flex-basis:50%\">\n<h2 class=\"wp-block-heading\">China Agente fijador sin formol Caracter\u00edsticas:<\/h2>\n\n\n\n<p><strong>Sin formaldeh\u00eddo<\/strong>: Alternativa segura y ecol\u00f3gica a los fijadores tradicionales, sin formaldeh\u00eddo.<\/p>\n\n\n\n<p><strong>Mejora la solidez del color<\/strong>: Aumenta la solidez de los colorantes directos y reactivos, incluidas las solideces al remojo, al lavado, a la transpiraci\u00f3n y al frote h\u00famedo.<\/p>\n\n\n\n<p><strong>Ideal para colores vivos<\/strong>: Especialmente eficaz para tejidos reactivos de color rojo vivo y negro, garantizando la estabilidad del color.<\/p>\n\n\n\n<p><strong>Seguro para tejidos<\/strong>: Protege el algod\u00f3n y otras fibras de la p\u00e9rdida de color durante el lavado y el uso.<\/p>\n\n\n\n<p><strong>No t\u00f3xico<\/strong>: No contiene productos qu\u00edmicos nocivos, por lo que es seguro tanto para los operarios como para el medio ambiente.<\/p>\n<\/div>\n\n\n\n<div class=\"wp-block-column is-layout-flow wp-block-column-is-layout-flow\" style=\"flex-basis:50%\">\n<figure class=\"wp-block-embed is-type-video is-provider-youtube wp-block-embed-youtube wp-embed-aspect-16-9 wp-has-aspect-ratio\"><div class=\"wp-block-embed__wrapper\">\n<iframe title=\"\u3010Textile chemical\u3011Una soluci\u00f3n ecol\u00f3gica al problema del deste\u00f1ido de los tejidos de algod\u00f3n-23121\" width=\"500\" height=\"281\" src=\"https:\/\/www.youtube.com\/embed\/hPeM1HAjEZ4?feature=oembed\" frameborder=\"0\" allow=\"accelerometer; autoplay; clipboard-write; encrypted-media; gyroscope; picture-in-picture; web-share\" referrerpolicy=\"strict-origin-when-cross-origin\" allowfullscreen><\/iframe>\n<\/div><\/figure>\n<\/div>\n<\/div>\n\n\n\n<div class=\"wp-block-columns is-layout-flex wp-container-core-columns-is-layout-9d6595d7 wp-block-columns-is-layout-flex\">\n<div class=\"wp-block-column is-layout-flow wp-block-column-is-layout-flow\">\n<figure class=\"wp-block-image size-full is-style-default\"><img decoding=\"async\" width=\"1200\" height=\"1000\" src=\"https:\/\/www.bluelakechem.com\/wp-content\/uploads\/2024\/11\/china-non-formaldehyde-fixing-agent2.webp\" alt=\"china fijador sin formaldeh\u00eddo\" class=\"wp-image-638\" srcset=\"https:\/\/www.bluelakechem.com\/wp-content\/uploads\/2024\/11\/china-non-formaldehyde-fixing-agent2.webp 1200w, https:\/\/www.bluelakechem.com\/wp-content\/uploads\/2024\/11\/china-non-formaldehyde-fixing-agent2-300x250.webp 300w, https:\/\/www.bluelakechem.com\/wp-content\/uploads\/2024\/11\/china-non-formaldehyde-fixing-agent2-768x640.webp 768w, https:\/\/www.bluelakechem.com\/wp-content\/uploads\/2024\/11\/china-non-formaldehyde-fixing-agent2-600x500.webp 600w\" sizes=\"(max-width: 1200px) 100vw, 1200px\" \/><\/figure>\n<\/div>\n\n\n\n<div class=\"wp-block-column is-vertically-aligned-center is-layout-flow wp-block-column-is-layout-flow\">\n<h2 class=\"wp-block-heading\">China Agente fijador sin formol Aplicaciones:<\/h2>\n\n\n\n<p><strong>Te\u00f1ido de tejidos de algod\u00f3n<\/strong>: Especialmente indicado para tejidos de algod\u00f3n te\u00f1idos con colorantes directos o reactivos.<\/p>\n\n\n\n<p><strong>Tintura reactiva<\/strong>: Funciona eficazmente en tejidos reactivos de color rojo vivo y negro, mejorando la retenci\u00f3n del color.<\/p>\n\n\n\n<p><strong>Mejora de la solidez del color<\/strong>: Ideal para aplicaciones que requieren una mayor solidez al lavado, la transpiraci\u00f3n y el roce.<\/p>\n\n\n\n<p><strong>Transformaci\u00f3n textil respetuosa con el medio ambiente<\/strong>: Perfecto para f\u00e1bricas textiles y fabricantes que buscan soluciones sin formaldeh\u00eddo.<\/p>\n<\/div>\n<\/div>\n\n\n\n<p><\/p>","protected":false},"excerpt":{"rendered":"<p>Agente fijador sin formaldeh\u00eddo, mejora significativamente la solidez del color de los tintes directos y los tintes reactivos (como solidez al remojo, al lavado, a la transpiraci\u00f3n, al frote h\u00famedo, etc.), especialmente indicado para tejidos reactivos de color rojo brillante y negro.<\/p>\n<p><strong>N\u00ba de modelo <\/strong>23121<\/p>","protected":false},"featured_media":1430,"comment_status":"closed","ping_status":"closed","template":"","meta":{"_acf_changed":false},"material":[26],"process":[23,41],"product_brand":[],"product_cat":[15],"product_tag":[],"class_list":{"0":"post-635","1":"product","2":"type-product","3":"status-publish","4":"has-post-thumbnail","6":"material-cotton-agent","7":"process-textile-finishing-chemicals","8":"process-fixing-agent","9":"product_cat-uncategorized","11":"first","12":"instock","13":"shipping-taxable","14":"product-type-simple"},"acf":[],"_links":{"self":[{"href":"https:\/\/www.bluelakechem.com\/es\/wp-json\/wp\/v2\/product\/635","targetHints":{"allow":["GET"]}}],"collection":[{"href":"https:\/\/www.bluelakechem.com\/es\/wp-json\/wp\/v2\/product"}],"about":[{"href":"https:\/\/www.bluelakechem.com\/es\/wp-json\/wp\/v2\/types\/product"}],"replies":[{"embeddable":true,"href":"https:\/\/www.bluelakechem.com\/es\/wp-json\/wp\/v2\/comments?post=635"}],"wp:featuredmedia":[{"embeddable":true,"href":"https:\/\/www.bluelakechem.com\/es\/wp-json\/wp\/v2\/media\/1430"}],"wp:attachment":[{"href":"https:\/\/www.bluelakechem.com\/es\/wp-json\/wp\/v2\/media?parent=635"}],"wp:term":[{"taxonomy":"material","embeddable":true,"href":"https:\/\/www.bluelakechem.com\/es\/wp-json\/wp\/v2\/material?post=635"},{"taxonomy":"process","embeddable":true,"href":"https:\/\/www.bluelakechem.com\/es\/wp-json\/wp\/v2\/process?post=635"},{"taxonomy":"product_brand","embeddable":true,"href":"https:\/\/www.bluelakechem.com\/es\/wp-json\/wp\/v2\/product_brand?post=635"},{"taxonomy":"product_cat","embeddable":true,"href":"https:\/\/www.bluelakechem.com\/es\/wp-json\/wp\/v2\/product_cat?post=635"},{"taxonomy":"product_tag","embeddable":true,"href":"https:\/\/www.bluelakechem.com\/es\/wp-json\/wp\/v2\/product_tag?post=635"}],"curies":[{"name":"wp","href":"https:\/\/api.w.org\/{rel}","templated":true}]}}