{"id":640,"date":"2024-11-28T21:18:28","date_gmt":"2024-11-28T21:18:28","guid":{"rendered":"https:\/\/www.bluelakechem.com\/?post_type=product&#038;p=640"},"modified":"2025-01-17T11:15:29","modified_gmt":"2025-01-17T11:15:29","slug":"fabric-dye-fixing-agent","status":"publish","type":"product","link":"https:\/\/www.bluelakechem.com\/es\/product\/fabric-dye-fixing-agent\/","title":{"rendered":"Fijador de tintes para tejidos Productos qu\u00edmicos textiles para algod\u00f3n Poli\u00e9ster"},"content":{"rendered":"<div class=\"wp-block-columns is-layout-flex wp-container-core-columns-is-layout-9d6595d7 wp-block-columns-is-layout-flex\">\n<div class=\"wp-block-column is-layout-flow wp-block-column-is-layout-flow\" style=\"flex-basis:50%\">\n<h2 class=\"wp-block-heading\">Agente fijador de tintes para tejidos Caracter\u00edsticas:<\/h2>\n\n\n\n<p><strong>Eficaz para algod\u00f3n y poli\u00e9ster<\/strong>: Adecuado para tejidos de algod\u00f3n, poli\u00e9ster y mezclas, garantiza una mayor solidez del color en diversos tipos de tejidos.<\/p>\n\n\n\n<p><strong>Mejora la resistencia al remojo<\/strong>: Mejora significativamente la solidez del color de los tejidos en remojo, evitando la p\u00e9rdida de color durante el lavado o la exposici\u00f3n a la humedad.<\/p>\n\n\n\n<p><strong>Compatible con otros agentes fijadores<\/strong>: Puede utilizarse junto con otros agentes fijadores para mejorar el rendimiento y obtener resultados \u00f3ptimos.<\/p>\n\n\n\n<p><strong>Uso vers\u00e1til<\/strong>: Ideal para diversas aplicaciones en la fabricaci\u00f3n textil, incluidos el te\u00f1ido y el acabado.<\/p>\n\n\n\n<p><strong>Retenci\u00f3n del color<\/strong>: Garantiza que los colores permanezcan vivos y estables, incluso despu\u00e9s de varios lavados.<\/p>\n<\/div>\n\n\n\n<div class=\"wp-block-column is-layout-flow wp-block-column-is-layout-flow\" style=\"flex-basis:50%\">\n<figure class=\"wp-block-embed is-type-video is-provider-youtube wp-block-embed-youtube wp-embed-aspect-16-9 wp-has-aspect-ratio\"><div class=\"wp-block-embed__wrapper\">\n<iframe title=\"\u00bfQu\u00e9 hacer si el color sensible se desvanece seriamente?#factory#experiment#Textile #chemical#laboratory\" width=\"500\" height=\"281\" src=\"https:\/\/www.youtube.com\/embed\/cD0DcNJnZ-Q?feature=oembed\" frameborder=\"0\" allow=\"accelerometer; autoplay; clipboard-write; encrypted-media; gyroscope; picture-in-picture; web-share\" referrerpolicy=\"strict-origin-when-cross-origin\" allowfullscreen><\/iframe>\n<\/div><\/figure>\n<\/div>\n<\/div>\n\n\n\n<div class=\"wp-block-columns is-layout-flex wp-container-core-columns-is-layout-9d6595d7 wp-block-columns-is-layout-flex\">\n<div class=\"wp-block-column is-layout-flow wp-block-column-is-layout-flow\">\n<figure class=\"wp-block-image size-full is-style-default\"><img decoding=\"async\" width=\"1001\" height=\"1001\" src=\"https:\/\/www.bluelakechem.com\/wp-content\/uploads\/2024\/11\/fabric-dye-fixing-agent.webp\" alt=\"fijador de tintes\" class=\"wp-image-643\" srcset=\"https:\/\/www.bluelakechem.com\/wp-content\/uploads\/2024\/11\/fabric-dye-fixing-agent.webp 1001w, https:\/\/www.bluelakechem.com\/wp-content\/uploads\/2024\/11\/fabric-dye-fixing-agent-300x300.webp 300w, https:\/\/www.bluelakechem.com\/wp-content\/uploads\/2024\/11\/fabric-dye-fixing-agent-150x150.webp 150w, https:\/\/www.bluelakechem.com\/wp-content\/uploads\/2024\/11\/fabric-dye-fixing-agent-768x768.webp 768w, https:\/\/www.bluelakechem.com\/wp-content\/uploads\/2024\/11\/fabric-dye-fixing-agent-600x600.webp 600w, https:\/\/www.bluelakechem.com\/wp-content\/uploads\/2024\/11\/fabric-dye-fixing-agent-100x100.webp 100w\" sizes=\"(max-width: 1001px) 100vw, 1001px\" \/><\/figure>\n<\/div>\n\n\n\n<div class=\"wp-block-column is-vertically-aligned-center is-layout-flow wp-block-column-is-layout-flow\">\n<h2 class=\"wp-block-heading\">Agente fijador de tintes para tejidos Aplicaciones:<\/h2>\n\n\n\n<p><strong>Te\u00f1ido de tejidos de algod\u00f3n y poli\u00e9ster<\/strong>: Perfecto para te\u00f1ir tejidos de algod\u00f3n, poli\u00e9ster y mezclas.<\/p>\n\n\n\n<p><strong>Mezcla de tejidos<\/strong>: Muy eficaz para mejorar la solidez del color de las mezclas de algod\u00f3n y poli\u00e9ster, garantizando una retenci\u00f3n uniforme del color.<\/p>\n\n\n\n<p><strong>Te\u00f1ido y acabado de textiles<\/strong>: Ampliamente utilizado en los procesos de tintura industrial para mejorar la calidad de los tejidos y la estabilidad del color.<\/p>\n\n\n\n<p><strong>Mayor durabilidad del tejido<\/strong>: Ayuda a que los tejidos te\u00f1idos resistan los lavados y el uso sin perder intensidad de color.<\/p>\n<\/div>\n<\/div>\n\n\n\n<p><\/p>","protected":false},"excerpt":{"rendered":"<p>Los agentes fijadores de poli\u00e9ster\/algod\u00f3n pueden utilizarse junto con otros agentes fijadores, mejorando eficazmente la solidez del color en remojo del algod\u00f3n, el poli\u00e9ster y sus mezclas.<\/p>\n<p><strong>N\u00ba de modelo<\/strong>23014<\/p>","protected":false},"featured_media":1427,"comment_status":"closed","ping_status":"closed","template":"","meta":{"_acf_changed":false},"material":[26,27],"process":[23,41],"product_brand":[],"product_cat":[15],"product_tag":[],"class_list":{"0":"post-640","1":"product","2":"type-product","3":"status-publish","4":"has-post-thumbnail","6":"material-cotton-agent","7":"material-polyester-chemicals","8":"process-textile-finishing-chemicals","9":"process-fixing-agent","10":"product_cat-uncategorized","12":"first","13":"instock","14":"shipping-taxable","15":"product-type-simple"},"acf":[],"_links":{"self":[{"href":"https:\/\/www.bluelakechem.com\/es\/wp-json\/wp\/v2\/product\/640","targetHints":{"allow":["GET"]}}],"collection":[{"href":"https:\/\/www.bluelakechem.com\/es\/wp-json\/wp\/v2\/product"}],"about":[{"href":"https:\/\/www.bluelakechem.com\/es\/wp-json\/wp\/v2\/types\/product"}],"replies":[{"embeddable":true,"href":"https:\/\/www.bluelakechem.com\/es\/wp-json\/wp\/v2\/comments?post=640"}],"wp:featuredmedia":[{"embeddable":true,"href":"https:\/\/www.bluelakechem.com\/es\/wp-json\/wp\/v2\/media\/1427"}],"wp:attachment":[{"href":"https:\/\/www.bluelakechem.com\/es\/wp-json\/wp\/v2\/media?parent=640"}],"wp:term":[{"taxonomy":"material","embeddable":true,"href":"https:\/\/www.bluelakechem.com\/es\/wp-json\/wp\/v2\/material?post=640"},{"taxonomy":"process","embeddable":true,"href":"https:\/\/www.bluelakechem.com\/es\/wp-json\/wp\/v2\/process?post=640"},{"taxonomy":"product_brand","embeddable":true,"href":"https:\/\/www.bluelakechem.com\/es\/wp-json\/wp\/v2\/product_brand?post=640"},{"taxonomy":"product_cat","embeddable":true,"href":"https:\/\/www.bluelakechem.com\/es\/wp-json\/wp\/v2\/product_cat?post=640"},{"taxonomy":"product_tag","embeddable":true,"href":"https:\/\/www.bluelakechem.com\/es\/wp-json\/wp\/v2\/product_tag?post=640"}],"curies":[{"name":"wp","href":"https:\/\/api.w.org\/{rel}","templated":true}]}}