{"id":645,"date":"2024-11-28T22:18:58","date_gmt":"2024-11-28T22:18:58","guid":{"rendered":"https:\/\/www.bluelakechem.com\/?post_type=product&#038;p=645"},"modified":"2025-01-17T12:04:15","modified_gmt":"2025-01-17T12:04:15","slug":"silicone-softening-agent","status":"publish","type":"product","link":"https:\/\/www.bluelakechem.com\/es\/product\/silicone-softening-agent\/","title":{"rendered":"Agente suavizante de silicona hidr\u00f3filo para algod\u00f3n viscosa"},"content":{"rendered":"<div class=\"wp-block-columns is-layout-flex wp-container-core-columns-is-layout-9d6595d7 wp-block-columns-is-layout-flex\">\n<div class=\"wp-block-column is-layout-flow wp-block-column-is-layout-flow\" style=\"flex-basis:50%\">\n<h2 class=\"wp-block-heading\">Agente suavizante de silicona Caracter\u00edsticas:<\/h2>\n\n\n\n<p><strong>Tacto suave<\/strong>: Proporciona una textura lisa y suave a los tejidos, mejorando la experiencia t\u00e1ctil general.<\/p>\n\n\n\n<p><strong>Hidrofilia instant\u00e1nea<\/strong>: Mejora las propiedades de absorci\u00f3n de agua, manteniendo los tejidos hidr\u00f3filos para una mejor gesti\u00f3n de la humedad.<\/p>\n\n\n\n<p><strong>Alta estabilidad<\/strong>: Formulado con un alto contenido y una excelente estabilidad, lo que garantiza resultados constantes a lo largo del tiempo.<\/p>\n\n\n\n<p><strong>Aplicaci\u00f3n vers\u00e1til<\/strong>: Adecuado para su uso en diversos procesos de acabado, incluido el te\u00f1ido por agotamiento, y puede combinarse con agentes no i\u00f3nicos y cati\u00f3nicos en el mismo ba\u00f1o.<\/p>\n\n\n\n<p><strong>Rendimiento mejorado del tejido<\/strong>: Ideal para mezclas de algod\u00f3n, viscosa y celulosa, mejorando el tacto y la durabilidad del tejido.<\/p>\n<\/div>\n\n\n\n<div class=\"wp-block-column is-layout-flow wp-block-column-is-layout-flow\" style=\"flex-basis:50%\">\n<figure class=\"wp-block-embed is-type-video is-provider-youtube wp-block-embed-youtube wp-embed-aspect-16-9 wp-has-aspect-ratio\"><div class=\"wp-block-embed__wrapper\">\n<iframe title=\"\u3010Textile Chemical\u3011\u00a1Revolucione sus tejidos con productos qu\u00edmicos textiles hidr\u00f3filos!\" width=\"500\" height=\"281\" src=\"https:\/\/www.youtube.com\/embed\/1YIKpcHYaHo?feature=oembed\" frameborder=\"0\" allow=\"accelerometer; autoplay; clipboard-write; encrypted-media; gyroscope; picture-in-picture; web-share\" referrerpolicy=\"strict-origin-when-cross-origin\" allowfullscreen><\/iframe>\n<\/div><\/figure>\n<\/div>\n<\/div>\n\n\n\n<div class=\"wp-block-columns is-layout-flex wp-container-core-columns-is-layout-9d6595d7 wp-block-columns-is-layout-flex\">\n<div class=\"wp-block-column is-layout-flow wp-block-column-is-layout-flow\">\n<figure class=\"wp-block-image size-full is-style-default\"><img decoding=\"async\" width=\"1024\" height=\"768\" src=\"https:\/\/www.bluelakechem.com\/wp-content\/uploads\/2024\/11\/silicone-softening-agent-2.webp\" alt=\"agente suavizante de silicona\" class=\"wp-image-673\" srcset=\"https:\/\/www.bluelakechem.com\/wp-content\/uploads\/2024\/11\/silicone-softening-agent-2.webp 1024w, https:\/\/www.bluelakechem.com\/wp-content\/uploads\/2024\/11\/silicone-softening-agent-2-300x225.webp 300w, https:\/\/www.bluelakechem.com\/wp-content\/uploads\/2024\/11\/silicone-softening-agent-2-768x576.webp 768w, https:\/\/www.bluelakechem.com\/wp-content\/uploads\/2024\/11\/silicone-softening-agent-2-600x450.webp 600w\" sizes=\"(max-width: 1024px) 100vw, 1024px\" \/><\/figure>\n<\/div>\n\n\n\n<div class=\"wp-block-column is-vertically-aligned-center is-layout-flow wp-block-column-is-layout-flow\">\n<h2 class=\"wp-block-heading\">Agente suavizante de silicona Aplicaciones:<\/h2>\n\n\n\n<p><strong>Acabado de tejidos de algod\u00f3n y celulosa<\/strong>: Perfecto para tratar algod\u00f3n, viscosa y otras fibras celul\u00f3sicas para mejorar la suavidad y la hidrofilia.<\/p>\n\n\n\n<p><strong>Te\u00f1ido de escapes<\/strong>: Adecuado para su uso en ba\u00f1os de tintura por agotamiento, a\u00f1adiendo suavidad a la vez que preserva las propiedades del tejido.<\/p>\n\n\n\n<p><strong>Acabado vers\u00e1til<\/strong>: Puede utilizarse con agentes de acabado tanto no i\u00f3nicos como cati\u00f3nicos para diversas necesidades de procesamiento textil.<\/p>\n<\/div>\n<\/div>","protected":false},"excerpt":{"rendered":"<p>Suavizante de silicona hidr\u00f3filo de alta estabilidad, imparte a los tejidos de algod\u00f3n, fibra de viscosa y mezclas de fibra de celulosa una sensaci\u00f3n de suavidad al tacto, mantiene la hidrofilia instant\u00e1nea, alto contenido y alta estabilidad, adecuado para el proceso de acabado en diversos tipos de equipos, tales como ba\u00f1o de te\u00f1ido de escape, se puede utilizar junto con agentes de acabado no i\u00f3nicos y cati\u00f3nicos en el mismo ba\u00f1o.<\/p>\n<p><strong>N\u00ba de modelo<\/strong>76698<\/p>","protected":false},"featured_media":1434,"comment_status":"closed","ping_status":"closed","template":"","meta":{"_acf_changed":false},"material":[26,30],"process":[23,42,24],"product_brand":[],"product_cat":[15],"product_tag":[],"class_list":{"0":"post-645","1":"product","2":"type-product","3":"status-publish","4":"has-post-thumbnail","6":"material-cotton-agent","7":"material-viscose-chemicals","8":"process-textile-finishing-chemicals","9":"process-softener","10":"process-silicone-oil","11":"product_cat-uncategorized","13":"first","14":"instock","15":"shipping-taxable","16":"product-type-simple"},"acf":[],"_links":{"self":[{"href":"https:\/\/www.bluelakechem.com\/es\/wp-json\/wp\/v2\/product\/645","targetHints":{"allow":["GET"]}}],"collection":[{"href":"https:\/\/www.bluelakechem.com\/es\/wp-json\/wp\/v2\/product"}],"about":[{"href":"https:\/\/www.bluelakechem.com\/es\/wp-json\/wp\/v2\/types\/product"}],"replies":[{"embeddable":true,"href":"https:\/\/www.bluelakechem.com\/es\/wp-json\/wp\/v2\/comments?post=645"}],"wp:featuredmedia":[{"embeddable":true,"href":"https:\/\/www.bluelakechem.com\/es\/wp-json\/wp\/v2\/media\/1434"}],"wp:attachment":[{"href":"https:\/\/www.bluelakechem.com\/es\/wp-json\/wp\/v2\/media?parent=645"}],"wp:term":[{"taxonomy":"material","embeddable":true,"href":"https:\/\/www.bluelakechem.com\/es\/wp-json\/wp\/v2\/material?post=645"},{"taxonomy":"process","embeddable":true,"href":"https:\/\/www.bluelakechem.com\/es\/wp-json\/wp\/v2\/process?post=645"},{"taxonomy":"product_brand","embeddable":true,"href":"https:\/\/www.bluelakechem.com\/es\/wp-json\/wp\/v2\/product_brand?post=645"},{"taxonomy":"product_cat","embeddable":true,"href":"https:\/\/www.bluelakechem.com\/es\/wp-json\/wp\/v2\/product_cat?post=645"},{"taxonomy":"product_tag","embeddable":true,"href":"https:\/\/www.bluelakechem.com\/es\/wp-json\/wp\/v2\/product_tag?post=645"}],"curies":[{"name":"wp","href":"https:\/\/api.w.org\/{rel}","templated":true}]}}