{"id":646,"date":"2024-11-29T07:29:58","date_gmt":"2024-11-29T07:29:58","guid":{"rendered":"https:\/\/www.bluelakechem.com\/?post_type=product&#038;p=646"},"modified":"2025-01-17T12:23:28","modified_gmt":"2025-01-17T12:23:28","slug":"polyester-and-fabric-softener","status":"publish","type":"product","link":"https:\/\/www.bluelakechem.com\/es\/product\/polyester-and-fabric-softener\/","title":{"rendered":"Agente de acabado de poli\u00e9ster y suavizante de tejidos"},"content":{"rendered":"<div class=\"wp-block-columns is-layout-flex wp-container-core-columns-is-layout-9d6595d7 wp-block-columns-is-layout-flex\">\n<div class=\"wp-block-column is-layout-flow wp-block-column-is-layout-flow\" style=\"flex-basis:50%\">\n<h2 class=\"wp-block-heading\">Caracter\u00edsticas del poli\u00e9ster y del suavizante:<\/h2>\n\n\n\n<p><strong>Mejora el \u00e9xito de la siesta: <\/strong>Garantiza una siesta suave y uniforme con un tacto suave y c\u00f3modo.<\/p>\n\n\n\n<p><strong>Hidrofilia mejorada:<\/strong> Aumenta las propiedades de absorci\u00f3n de agua de las fibras de poli\u00e9ster, mejorando el rendimiento general del tejido.<\/p>\n\n\n\n<p><strong>Aplicaci\u00f3n vers\u00e1til: <\/strong>Adecuado para tejidos de mezcla de poli\u00e9ster\/algod\u00f3n, perfecto para procesos de napado en el acabado textil.<\/p>\n\n\n\n<p><strong>Ablandamiento superior:<\/strong> Proporciona una textura lujosa y suave a los tejidos, mejorando el confort general y la calidad del producto acabado.<\/p>\n<\/div>\n\n\n\n<div class=\"wp-block-column is-layout-flow wp-block-column-is-layout-flow\" style=\"flex-basis:50%\">\n<figure class=\"wp-block-embed is-type-video is-provider-youtube wp-block-embed-youtube wp-embed-aspect-16-9 wp-has-aspect-ratio\"><div class=\"wp-block-embed__wrapper\">\n<iframe title=\"Dyeing mill&#039;s secret of hot-selling soft towel.#textileindustry   #textileauxiliaries\" width=\"500\" height=\"281\" src=\"https:\/\/www.youtube.com\/embed\/xFdiRbR8BXY?feature=oembed\" frameborder=\"0\" allow=\"accelerometer; autoplay; clipboard-write; encrypted-media; gyroscope; picture-in-picture; web-share\" referrerpolicy=\"strict-origin-when-cross-origin\" allowfullscreen><\/iframe>\n<\/div><\/figure>\n<\/div>\n<\/div>\n\n\n\n<div class=\"wp-block-columns is-layout-flex wp-container-core-columns-is-layout-9d6595d7 wp-block-columns-is-layout-flex\">\n<div class=\"wp-block-column is-layout-flow wp-block-column-is-layout-flow\">\n<figure class=\"wp-block-image size-full is-style-default\"><img decoding=\"async\" width=\"800\" height=\"600\" src=\"https:\/\/www.bluelakechem.com\/wp-content\/uploads\/2024\/11\/polyester-and-fabric-softener-1.webp\" alt=\"poli\u00e9ster y suavizante\" class=\"wp-image-648\" srcset=\"https:\/\/www.bluelakechem.com\/wp-content\/uploads\/2024\/11\/polyester-and-fabric-softener-1.webp 800w, https:\/\/www.bluelakechem.com\/wp-content\/uploads\/2024\/11\/polyester-and-fabric-softener-1-300x225.webp 300w, https:\/\/www.bluelakechem.com\/wp-content\/uploads\/2024\/11\/polyester-and-fabric-softener-1-768x576.webp 768w, https:\/\/www.bluelakechem.com\/wp-content\/uploads\/2024\/11\/polyester-and-fabric-softener-1-600x450.webp 600w\" sizes=\"(max-width: 800px) 100vw, 800px\" \/><\/figure>\n<\/div>\n\n\n\n<div class=\"wp-block-column is-vertically-aligned-center is-layout-flow wp-block-column-is-layout-flow\">\n<h2 class=\"wp-block-heading\">Aplicaciones del poli\u00e9ster y el suavizante:<\/h2>\n\n\n\n<p><strong>Proceso de siesta<\/strong>: Perfecto para usar antes del proceso de siesta para preparar el tejido para un rendimiento \u00f3ptimo.<\/p>\n\n\n\n<p><strong>Suavizante de tejidos<\/strong>: Se utiliza en las f\u00e1bricas textiles para suavizar las mezclas de poli\u00e9ster y algod\u00f3n, mejorando el tacto y la durabilidad del tejido.<\/p>\n<\/div>\n<\/div>\n\n\n\n<p><\/p>","protected":false},"excerpt":{"rendered":"<p>El suavizante para poli\u00e9ster y tejidos se puede utilizar en el proceso de acabado suave antes del proceso de napado, hace que el napado tenga \u00e9xito con una sensaci\u00f3n suave y c\u00f3moda en la mano, y mejora la hidrofilia del poli\u00e9ster.<\/p>\n<p><strong>N\u00ba de modelo<\/strong>30317<\/p>","protected":false},"featured_media":1444,"comment_status":"closed","ping_status":"closed","template":"","meta":{"_acf_changed":false},"material":[27],"process":[23,42],"product_brand":[],"product_cat":[15],"product_tag":[],"class_list":{"0":"post-646","1":"product","2":"type-product","3":"status-publish","4":"has-post-thumbnail","6":"material-polyester-chemicals","7":"process-textile-finishing-chemicals","8":"process-softener","9":"product_cat-uncategorized","11":"first","12":"instock","13":"shipping-taxable","14":"product-type-simple"},"acf":[],"_links":{"self":[{"href":"https:\/\/www.bluelakechem.com\/es\/wp-json\/wp\/v2\/product\/646","targetHints":{"allow":["GET"]}}],"collection":[{"href":"https:\/\/www.bluelakechem.com\/es\/wp-json\/wp\/v2\/product"}],"about":[{"href":"https:\/\/www.bluelakechem.com\/es\/wp-json\/wp\/v2\/types\/product"}],"replies":[{"embeddable":true,"href":"https:\/\/www.bluelakechem.com\/es\/wp-json\/wp\/v2\/comments?post=646"}],"wp:featuredmedia":[{"embeddable":true,"href":"https:\/\/www.bluelakechem.com\/es\/wp-json\/wp\/v2\/media\/1444"}],"wp:attachment":[{"href":"https:\/\/www.bluelakechem.com\/es\/wp-json\/wp\/v2\/media?parent=646"}],"wp:term":[{"taxonomy":"material","embeddable":true,"href":"https:\/\/www.bluelakechem.com\/es\/wp-json\/wp\/v2\/material?post=646"},{"taxonomy":"process","embeddable":true,"href":"https:\/\/www.bluelakechem.com\/es\/wp-json\/wp\/v2\/process?post=646"},{"taxonomy":"product_brand","embeddable":true,"href":"https:\/\/www.bluelakechem.com\/es\/wp-json\/wp\/v2\/product_brand?post=646"},{"taxonomy":"product_cat","embeddable":true,"href":"https:\/\/www.bluelakechem.com\/es\/wp-json\/wp\/v2\/product_cat?post=646"},{"taxonomy":"product_tag","embeddable":true,"href":"https:\/\/www.bluelakechem.com\/es\/wp-json\/wp\/v2\/product_tag?post=646"}],"curies":[{"name":"wp","href":"https:\/\/api.w.org\/{rel}","templated":true}]}}