{"id":676,"date":"2024-11-29T11:27:28","date_gmt":"2024-11-29T11:27:28","guid":{"rendered":"https:\/\/www.bluelakechem.com\/?post_type=product&#038;p=676"},"modified":"2025-01-17T11:23:19","modified_gmt":"2025-01-17T11:23:19","slug":"anti-pilling-agent","status":"publish","type":"product","link":"https:\/\/www.bluelakechem.com\/es\/product\/anti-pilling-agent\/","title":{"rendered":"Agente antipilling para tejidos Auxiliares de tintura multifuncionales de poliuretano"},"content":{"rendered":"<div class=\"wp-block-columns is-layout-flex wp-container-core-columns-is-layout-9d6595d7 wp-block-columns-is-layout-flex\">\n<div class=\"wp-block-column is-layout-flow wp-block-column-is-layout-flow\" style=\"flex-basis:50%\">\n<h2 class=\"wp-block-heading\">Agente antipilling Caracter\u00edsticas:<\/h2>\n\n\n\n<p><strong>Rendimiento antipilling mejorado<\/strong>: Reduce la formaci\u00f3n de bolitas, manteniendo los tejidos como nuevos y suaves.<\/p>\n\n\n\n<p><strong>Mayor elasticidad<\/strong>: Aumenta la resistencia del tejido, haci\u00e9ndolo m\u00e1s duradero y flexible durante su uso.<\/p>\n\n\n\n<p><strong>Cohesi\u00f3n reforzada de la fibra<\/strong>: Ayuda a unir las fibras bifurcadas a nivel microsc\u00f3pico, reduciendo la p\u00e9rdida de fibras y mejorando la integridad del tejido.<\/p>\n\n\n\n<p><strong>Aplicaci\u00f3n vers\u00e1til<\/strong>: Adecuado para todo tipo de tejidos, incluidas fibras naturales, sint\u00e9ticas y mezclas, durante los procesos de tintura y acabado.<\/p>\n\n\n\n<p><strong>Superficie de tejido mejorada<\/strong>: Crea una superficie de tejido m\u00e1s suave y est\u00e9ticamente agradable que resiste la formaci\u00f3n de bolitas.<\/p>\n<\/div>\n\n\n\n<div class=\"wp-block-column is-layout-flow wp-block-column-is-layout-flow\" style=\"flex-basis:50%\">\n<figure class=\"wp-block-embed is-type-video is-provider-youtube wp-block-embed-youtube wp-embed-aspect-16-9 wp-has-aspect-ratio\"><div class=\"wp-block-embed__wrapper\">\n<iframe title=\"Tejido de punto de lana Agente antipilling, efecto antipilling y tacto suave y liso\" width=\"500\" height=\"281\" src=\"https:\/\/www.youtube.com\/embed\/iMpdknnjC_o?feature=oembed\" frameborder=\"0\" allow=\"accelerometer; autoplay; clipboard-write; encrypted-media; gyroscope; picture-in-picture; web-share\" referrerpolicy=\"strict-origin-when-cross-origin\" allowfullscreen><\/iframe>\n<\/div><\/figure>\n<\/div>\n<\/div>\n\n\n\n<div class=\"wp-block-columns is-layout-flex wp-container-core-columns-is-layout-9d6595d7 wp-block-columns-is-layout-flex\">\n<div class=\"wp-block-column is-layout-flow wp-block-column-is-layout-flow\">\n<figure class=\"wp-block-image size-full is-style-default\"><img decoding=\"async\" width=\"665\" height=\"518\" src=\"https:\/\/www.bluelakechem.com\/wp-content\/uploads\/2024\/11\/Anti-Pilling-Agent-3.webp\" alt=\"Agente antipilling\" class=\"wp-image-680\" srcset=\"https:\/\/www.bluelakechem.com\/wp-content\/uploads\/2024\/11\/Anti-Pilling-Agent-3.webp 665w, https:\/\/www.bluelakechem.com\/wp-content\/uploads\/2024\/11\/Anti-Pilling-Agent-3-300x234.webp 300w, https:\/\/www.bluelakechem.com\/wp-content\/uploads\/2024\/11\/Anti-Pilling-Agent-3-600x467.webp 600w\" sizes=\"(max-width: 665px) 100vw, 665px\" \/><\/figure>\n<\/div>\n\n\n\n<div class=\"wp-block-column is-vertically-aligned-center is-layout-flow wp-block-column-is-layout-flow\">\n<h2 class=\"wp-block-heading\">Aplicaciones del agente antipilling:<\/h2>\n\n\n\n<p><strong>Auxiliares de tintura<\/strong>: Ideal para su uso en procesos de te\u00f1ido de tejidos para mejorar el rendimiento y el aspecto de los tejidos.<\/p>\n\n\n\n<p><strong>Acabado textil<\/strong>: Puede utilizarse en el proceso de acabado para evitar la formaci\u00f3n de bolitas y mejorar la elasticidad del tejido, especialmente en tejidos de algod\u00f3n, poli\u00e9ster y mezclas.<\/p>\n\n\n\n<p><strong>Uso de todo tipo de tejidos<\/strong>: Adecuado para su uso en una amplia gama de tejidos, incluidos el algod\u00f3n, el poli\u00e9ster, la lana y sus mezclas, lo que lo convierte en un complemento vers\u00e1til para el procesamiento textil.<\/p>\n<\/div>\n<\/div>","protected":false},"excerpt":{"rendered":"<p>Poliuretano multifuncional Anti-Pilling Agente de acabado, puede mejorar la elasticidad de los tejidos, Reunir las fibras bifurcadas en la microestructura, mejora el rendimiento anti-pilling.<\/p>\n<p><strong>N\u00ba de modelo <\/strong>33202<\/p>","protected":false},"featured_media":1431,"comment_status":"closed","ping_status":"closed","template":"","meta":{"_acf_changed":false},"material":[26,27,28,29,30,31,32,33,34],"process":[23,25],"product_brand":[],"product_cat":[15],"product_tag":[],"class_list":{"0":"post-676","1":"product","2":"type-product","3":"status-publish","4":"has-post-thumbnail","6":"material-cotton-agent","7":"material-polyester-chemicals","8":"material-nylon-agent","9":"material-acrylic-chemicals","10":"material-viscose-chemicals","11":"material-wool-auxiliary","12":"material-linen-chemicals","13":"material-silk-chemicals","14":"material-fabric-chemicals","15":"process-textile-finishing-chemicals","16":"process-textile-finishing-agent","17":"product_cat-uncategorized","19":"first","20":"instock","21":"shipping-taxable","22":"product-type-simple"},"acf":[],"_links":{"self":[{"href":"https:\/\/www.bluelakechem.com\/es\/wp-json\/wp\/v2\/product\/676","targetHints":{"allow":["GET"]}}],"collection":[{"href":"https:\/\/www.bluelakechem.com\/es\/wp-json\/wp\/v2\/product"}],"about":[{"href":"https:\/\/www.bluelakechem.com\/es\/wp-json\/wp\/v2\/types\/product"}],"replies":[{"embeddable":true,"href":"https:\/\/www.bluelakechem.com\/es\/wp-json\/wp\/v2\/comments?post=676"}],"wp:featuredmedia":[{"embeddable":true,"href":"https:\/\/www.bluelakechem.com\/es\/wp-json\/wp\/v2\/media\/1431"}],"wp:attachment":[{"href":"https:\/\/www.bluelakechem.com\/es\/wp-json\/wp\/v2\/media?parent=676"}],"wp:term":[{"taxonomy":"material","embeddable":true,"href":"https:\/\/www.bluelakechem.com\/es\/wp-json\/wp\/v2\/material?post=676"},{"taxonomy":"process","embeddable":true,"href":"https:\/\/www.bluelakechem.com\/es\/wp-json\/wp\/v2\/process?post=676"},{"taxonomy":"product_brand","embeddable":true,"href":"https:\/\/www.bluelakechem.com\/es\/wp-json\/wp\/v2\/product_brand?post=676"},{"taxonomy":"product_cat","embeddable":true,"href":"https:\/\/www.bluelakechem.com\/es\/wp-json\/wp\/v2\/product_cat?post=676"},{"taxonomy":"product_tag","embeddable":true,"href":"https:\/\/www.bluelakechem.com\/es\/wp-json\/wp\/v2\/product_tag?post=676"}],"curies":[{"name":"wp","href":"https:\/\/api.w.org\/{rel}","templated":true}]}}