{"id":686,"date":"2024-11-29T12:31:33","date_gmt":"2024-11-29T12:31:33","guid":{"rendered":"https:\/\/www.bluelakechem.com\/?post_type=product&#038;p=686"},"modified":"2025-01-17T11:25:21","modified_gmt":"2025-01-17T11:25:21","slug":"moisture-quick-dry-agent","status":"publish","type":"product","link":"https:\/\/www.bluelakechem.com\/es\/product\/moisture-quick-dry-agent\/","title":{"rendered":"Humedad Agente de secado r\u00e1pido Agente de acabado para poli\u00e9ster Acabado antiest\u00e1tico"},"content":{"rendered":"<div class=\"wp-block-columns is-layout-flex wp-container-core-columns-is-layout-9d6595d7 wp-block-columns-is-layout-flex\">\n<div class=\"wp-block-column is-layout-flow wp-block-column-is-layout-flow\" style=\"flex-basis:50%\">\n<h2 class=\"wp-block-heading\">Humedad Agente de secado r\u00e1pido Caracter\u00edsticas:<\/h2>\n\n\n\n<p><strong>Mayor absorci\u00f3n de la humedad<\/strong>: Absorbe r\u00e1pidamente la humedad de la piel, manteniendo el tejido seco y c\u00f3modo.<\/p>\n\n\n\n<p><strong>Secado r\u00e1pido<\/strong>: Acelera el proceso de secado, reduciendo el tiempo de secado en m\u00e1s de 50% en comparaci\u00f3n con los tejidos hidr\u00f3filos est\u00e1ndar.<\/p>\n\n\n\n<p><strong>Mayor comodidad del tejido<\/strong>: Ideal para tejidos deportivos, ropa deportiva y ropa de exterior, ya que mantiene a los atletas y usuarios c\u00f3modos al mantener la sequedad.<\/p>\n\n\n\n<p><strong>Rendimiento duradero<\/strong>: Proporciona propiedades duraderas de evacuaci\u00f3n de la humedad y secado r\u00e1pido incluso despu\u00e9s de varios lavados.<\/p>\n\n\n\n<p><strong>Adecuado para poli\u00e9ster<\/strong>: Espec\u00edficamente formulado para su uso en tejidos de poli\u00e9ster, ofrece resultados superiores en fibras sint\u00e9ticas.<\/p>\n<\/div>\n\n\n\n<div class=\"wp-block-column is-layout-flow wp-block-column-is-layout-flow\" style=\"flex-basis:50%\">\n<figure class=\"wp-block-embed is-type-video is-provider-youtube wp-block-embed-youtube wp-embed-aspect-16-9 wp-has-aspect-ratio\"><div class=\"wp-block-embed__wrapper\">\n<iframe title=\"\u00a1Esencial para casas de tintura! \u00a1Aumenta la absorci\u00f3n de humedad y el secado r\u00e1pido del poli\u00e9ster en 2 niveles! \ud83d\udca7\ud83e\uddea\" width=\"500\" height=\"281\" src=\"https:\/\/www.youtube.com\/embed\/la-ZTQZZMBA?feature=oembed\" frameborder=\"0\" allow=\"accelerometer; autoplay; clipboard-write; encrypted-media; gyroscope; picture-in-picture; web-share\" referrerpolicy=\"strict-origin-when-cross-origin\" allowfullscreen><\/iframe>\n<\/div><\/figure>\n<\/div>\n<\/div>\n\n\n\n<div class=\"wp-block-columns is-layout-flex wp-container-core-columns-is-layout-9d6595d7 wp-block-columns-is-layout-flex\">\n<div class=\"wp-block-column is-layout-flow wp-block-column-is-layout-flow\">\n<figure class=\"wp-block-image size-full is-style-default\"><img decoding=\"async\" width=\"627\" height=\"518\" src=\"https:\/\/www.bluelakechem.com\/wp-content\/uploads\/2024\/11\/Moisture-Quick-Dry-Agent-3.webp\" alt=\"Humedad Agente de secado r\u00e1pido\" class=\"wp-image-697\" srcset=\"https:\/\/www.bluelakechem.com\/wp-content\/uploads\/2024\/11\/Moisture-Quick-Dry-Agent-3.webp 627w, https:\/\/www.bluelakechem.com\/wp-content\/uploads\/2024\/11\/Moisture-Quick-Dry-Agent-3-300x248.webp 300w, https:\/\/www.bluelakechem.com\/wp-content\/uploads\/2024\/11\/Moisture-Quick-Dry-Agent-3-600x496.webp 600w\" sizes=\"(max-width: 627px) 100vw, 627px\" \/><\/figure>\n<\/div>\n\n\n\n<div class=\"wp-block-column is-vertically-aligned-center is-layout-flow wp-block-column-is-layout-flow\">\n<h2 class=\"wp-block-heading\">Humedad Agente de secado r\u00e1pido Aplicaciones:<\/h2>\n\n\n\n<p><strong>Ropa deportiva<\/strong>: Perfecto para ropa deportiva, como ropa para correr, pantalones de yoga y camisetas de alto rendimiento.<\/p>\n\n\n\n<p><strong>Activewear<\/strong>: Ideal para ropa de entrenamiento, prendas de gimnasia y otros tejidos utilizados en actividades f\u00edsicas.<\/p>\n\n\n\n<p><strong>Equipamiento exterior<\/strong>: Adecuado para su uso en equipos al aire libre, como chaquetas, pantalones y ropa de senderismo, donde la gesti\u00f3n de la humedad es cr\u00edtica.<\/p>\n\n\n\n<p><strong>Ropa interior y de dormir<\/strong>: Tambi\u00e9n puede aplicarse a prendas que requieran propiedades de evacuaci\u00f3n de la humedad y secado r\u00e1pido para mayor comodidad.<\/p>\n<\/div>\n<\/div>","protected":false},"excerpt":{"rendered":"<p>Agente de secado r\u00e1pido de la humedad, se puede utilizar para el acabado de absorci\u00f3n de humedad y secado r\u00e1pido para tejidos deportivos, puede acortar el tiempo de secado en m\u00e1s de la mitad que los tejidos hidr\u00f3filos normales.<\/p>\n<p><strong>N\u00ba de modelo<\/strong>44504<\/p>","protected":false},"featured_media":1432,"comment_status":"closed","ping_status":"closed","template":"","meta":{"_acf_changed":false},"material":[27,28,29],"process":[23,25],"product_brand":[],"product_cat":[15],"product_tag":[],"class_list":{"0":"post-686","1":"product","2":"type-product","3":"status-publish","4":"has-post-thumbnail","6":"material-polyester-chemicals","7":"material-nylon-agent","8":"material-acrylic-chemicals","9":"process-textile-finishing-chemicals","10":"process-textile-finishing-agent","11":"product_cat-uncategorized","13":"first","14":"instock","15":"shipping-taxable","16":"product-type-simple"},"acf":[],"_links":{"self":[{"href":"https:\/\/www.bluelakechem.com\/es\/wp-json\/wp\/v2\/product\/686","targetHints":{"allow":["GET"]}}],"collection":[{"href":"https:\/\/www.bluelakechem.com\/es\/wp-json\/wp\/v2\/product"}],"about":[{"href":"https:\/\/www.bluelakechem.com\/es\/wp-json\/wp\/v2\/types\/product"}],"replies":[{"embeddable":true,"href":"https:\/\/www.bluelakechem.com\/es\/wp-json\/wp\/v2\/comments?post=686"}],"wp:featuredmedia":[{"embeddable":true,"href":"https:\/\/www.bluelakechem.com\/es\/wp-json\/wp\/v2\/media\/1432"}],"wp:attachment":[{"href":"https:\/\/www.bluelakechem.com\/es\/wp-json\/wp\/v2\/media?parent=686"}],"wp:term":[{"taxonomy":"material","embeddable":true,"href":"https:\/\/www.bluelakechem.com\/es\/wp-json\/wp\/v2\/material?post=686"},{"taxonomy":"process","embeddable":true,"href":"https:\/\/www.bluelakechem.com\/es\/wp-json\/wp\/v2\/process?post=686"},{"taxonomy":"product_brand","embeddable":true,"href":"https:\/\/www.bluelakechem.com\/es\/wp-json\/wp\/v2\/product_brand?post=686"},{"taxonomy":"product_cat","embeddable":true,"href":"https:\/\/www.bluelakechem.com\/es\/wp-json\/wp\/v2\/product_cat?post=686"},{"taxonomy":"product_tag","embeddable":true,"href":"https:\/\/www.bluelakechem.com\/es\/wp-json\/wp\/v2\/product_tag?post=686"}],"curies":[{"name":"wp","href":"https:\/\/api.w.org\/{rel}","templated":true}]}}