{"id":975,"date":"2025-01-17T12:20:50","date_gmt":"2025-01-17T12:20:50","guid":{"rendered":"https:\/\/www.bluelakechem.com\/?post_type=product&#038;p=975"},"modified":"2025-01-17T12:20:52","modified_gmt":"2025-01-17T12:20:52","slug":"scouring-agent-in-textile","status":"publish","type":"product","link":"https:\/\/www.bluelakechem.com\/es\/product\/scouring-agent-in-textile\/","title":{"rendered":"Agente descrudante de baja espuma en textil para el pretratamiento del algod\u00f3n"},"content":{"rendered":"<div class=\"wp-block-columns is-layout-flex wp-container-core-columns-is-layout-9d6595d7 wp-block-columns-is-layout-flex\">\n<div class=\"wp-block-column is-layout-flow wp-block-column-is-layout-flow\" style=\"flex-basis:50%\">\n<h2 class=\"wp-block-heading\">Caracter\u00edsticas del agente descrudante en el textil:<\/h2>\n\n\n\n<p><strong>Alta eficacia de lavado: <\/strong>Este descrudante tiene un excelente rendimiento de limpieza y s\u00f3lo se necesita una peque\u00f1a cantidad para eliminar eficazmente las impurezas y ceras de los tejidos de algod\u00f3n y mezclas de algod\u00f3n, prepar\u00e1ndolos para procesos posteriores.<\/p>\n\n\n\n<p><strong>Mayor efecto capilar: <\/strong>En la prueba de efecto capilar, alcanza una altura de m\u00e1s de 15 cm con una peque\u00f1a dosificaci\u00f3n, lo que garantiza una excelente absorci\u00f3n y distribuci\u00f3n de la humedad, esencial para el te\u00f1ido y el acabado.<\/p>\n\n\n\n<p><strong>Baja formaci\u00f3n de espuma: <\/strong>Reduce los problemas relacionados con la espuma y mejora la eficacia operativa durante el lavado.<\/p>\n\n\n\n<p><strong>Adecuado para algod\u00f3n y mezclas de algod\u00f3n: <\/strong>Especialmente formulado para mejorar el proceso de lavado de tejidos de algod\u00f3n 100% y mezclas de algod\u00f3n y poli\u00e9ster, garantizando versatilidad en el pretratamiento textil.<\/p>\n\n\n\n<p><strong>Mejora la blancura y la absorci\u00f3n:<\/strong> Mejora la blancura del algod\u00f3n y aumenta la absorci\u00f3n del tejido, ayudando a conseguir unos resultados de te\u00f1ido vibrantes y uniformes<\/p>\n\n\n\n<p><strong>Respetuoso con el medio ambiente:<\/strong> Dise\u00f1ado pensando en la sostenibilidad, reduce el consumo de agua y energ\u00eda simplificando el proceso de lavado.<\/p>\n<\/div>\n\n\n\n<div class=\"wp-block-column is-layout-flow wp-block-column-is-layout-flow\" style=\"flex-basis:50%\">\n<figure class=\"wp-block-embed is-type-video is-provider-youtube wp-block-embed-youtube wp-embed-aspect-16-9 wp-has-aspect-ratio\"><div class=\"wp-block-embed__wrapper\">\n<iframe title=\"Productos qu\u00edmicos textiles|Agente descrudante,Excelente rendimiento humectante y efecto limpiador#pretreatment\" width=\"500\" height=\"281\" src=\"https:\/\/www.youtube.com\/embed\/_gubMDDS-WQ?feature=oembed\" frameborder=\"0\" allow=\"accelerometer; autoplay; clipboard-write; encrypted-media; gyroscope; picture-in-picture; web-share\" referrerpolicy=\"strict-origin-when-cross-origin\" allowfullscreen><\/iframe>\n<\/div><\/figure>\n<\/div>\n<\/div>\n\n\n\n<div class=\"wp-block-columns is-layout-flex wp-container-core-columns-is-layout-9d6595d7 wp-block-columns-is-layout-flex\">\n<div class=\"wp-block-column is-layout-flow wp-block-column-is-layout-flow\">\n<figure class=\"wp-block-image size-full\"><img decoding=\"async\" width=\"1200\" height=\"900\" src=\"https:\/\/www.bluelakechem.com\/wp-content\/uploads\/2025\/01\/Cotton-Scouring-Agent-in-Textile.webp\" alt=\"Descrudante de algod\u00f3n en el sector textil\" class=\"wp-image-1399\" srcset=\"https:\/\/www.bluelakechem.com\/wp-content\/uploads\/2025\/01\/Cotton-Scouring-Agent-in-Textile.webp 1200w, https:\/\/www.bluelakechem.com\/wp-content\/uploads\/2025\/01\/Cotton-Scouring-Agent-in-Textile-300x225.webp 300w, https:\/\/www.bluelakechem.com\/wp-content\/uploads\/2025\/01\/Cotton-Scouring-Agent-in-Textile-768x576.webp 768w, https:\/\/www.bluelakechem.com\/wp-content\/uploads\/2025\/01\/Cotton-Scouring-Agent-in-Textile-16x12.webp 16w, https:\/\/www.bluelakechem.com\/wp-content\/uploads\/2025\/01\/Cotton-Scouring-Agent-in-Textile-600x450.webp 600w\" sizes=\"(max-width: 1200px) 100vw, 1200px\" \/><\/figure>\n<\/div>\n\n\n\n<div class=\"wp-block-column is-vertically-aligned-center is-layout-flow wp-block-column-is-layout-flow\">\n<h2 class=\"wp-block-heading\">Agente descrudante en aplicaciones textiles:<\/h2>\n\n\n\n<p><strong>Pretratamiento del tejido de algod\u00f3n:<\/strong> Se utiliza en la fase de descrudado para eliminar impurezas como aceites, ceras y residuos naturales.<\/p>\n\n\n\n<p><strong>Industria textil: <\/strong>Se aplica en diversos procesos textiles, como el lavado y la preparaci\u00f3n del te\u00f1ido.<\/p>\n\n\n\n<p><strong>Mejora de los resultados del te\u00f1ido: <\/strong>Ayuda a garantizar una mejor absorci\u00f3n del tinte, lo que produce un color m\u00e1s vibrante y uniforme en los tejidos.<\/p>\n\n\n\n<p><strong>Limpieza de superficies textiles:<\/strong> Garantiza que las superficies del tejido est\u00e9n libres de contaminantes antes de su procesamiento posterior.<\/p>\n\n\n\n<p><strong>Procesado de mezclas textiles: <\/strong>Agente desengrasante textil adecuado para su uso con mezclas de algod\u00f3n, que mejora los resultados del desengrasado sin da\u00f1arlo.<\/p>\n\n\n\n<p><strong>Aplicaciones espec\u00edficas:<\/strong> Los agentes descrudantes en textiles eliminan las impurezas de las camisetas de algod\u00f3n, los vaqueros, la ropa de cama, la ropa deportiva, la ropa de trabajo y la ropa de beb\u00e9, mejorando su suavidad, limpieza y color, y dej\u00e1ndolos listos para su posterior procesamiento.<\/p>\n<\/div>\n<\/div>\n\n\n\n<p><\/p>","protected":false},"excerpt":{"rendered":"<p>Este descrudante de alta eficacia en textiles es perfecto para tejidos de algod\u00f3n. Una peque\u00f1a dosis puede lograr m\u00e1s de 15 cm en la prueba de efecto capilar, mejorando el proceso de descrudado para algod\u00f3n y mezclas de algod\u00f3n. Aumenta la eficacia de la limpieza y mejora el rendimiento del pretratamiento textil.<\/p>\n<p><strong>N\u00ba de modelo<\/strong>11050<\/p>","protected":false},"featured_media":1443,"comment_status":"closed","ping_status":"closed","template":"","meta":{"_acf_changed":false},"material":[26],"process":[17,19],"product_brand":[],"product_cat":[15],"product_tag":[],"class_list":{"0":"post-975","1":"product","2":"type-product","3":"status-publish","4":"has-post-thumbnail","6":"material-cotton-agent","7":"process-pretreatment-auxiliaries","8":"process-scouring-agent","9":"product_cat-uncategorized","11":"first","12":"instock","13":"shipping-taxable","14":"product-type-simple"},"acf":[],"_links":{"self":[{"href":"https:\/\/www.bluelakechem.com\/es\/wp-json\/wp\/v2\/product\/975","targetHints":{"allow":["GET"]}}],"collection":[{"href":"https:\/\/www.bluelakechem.com\/es\/wp-json\/wp\/v2\/product"}],"about":[{"href":"https:\/\/www.bluelakechem.com\/es\/wp-json\/wp\/v2\/types\/product"}],"replies":[{"embeddable":true,"href":"https:\/\/www.bluelakechem.com\/es\/wp-json\/wp\/v2\/comments?post=975"}],"wp:featuredmedia":[{"embeddable":true,"href":"https:\/\/www.bluelakechem.com\/es\/wp-json\/wp\/v2\/media\/1443"}],"wp:attachment":[{"href":"https:\/\/www.bluelakechem.com\/es\/wp-json\/wp\/v2\/media?parent=975"}],"wp:term":[{"taxonomy":"material","embeddable":true,"href":"https:\/\/www.bluelakechem.com\/es\/wp-json\/wp\/v2\/material?post=975"},{"taxonomy":"process","embeddable":true,"href":"https:\/\/www.bluelakechem.com\/es\/wp-json\/wp\/v2\/process?post=975"},{"taxonomy":"product_brand","embeddable":true,"href":"https:\/\/www.bluelakechem.com\/es\/wp-json\/wp\/v2\/product_brand?post=975"},{"taxonomy":"product_cat","embeddable":true,"href":"https:\/\/www.bluelakechem.com\/es\/wp-json\/wp\/v2\/product_cat?post=975"},{"taxonomy":"product_tag","embeddable":true,"href":"https:\/\/www.bluelakechem.com\/es\/wp-json\/wp\/v2\/product_tag?post=975"}],"curies":[{"name":"wp","href":"https:\/\/api.w.org\/{rel}","templated":true}]}}