{"id":979,"date":"2024-12-17T08:43:01","date_gmt":"2024-12-17T08:43:01","guid":{"rendered":"https:\/\/www.bluelakechem.com\/?post_type=product&#038;p=979"},"modified":"2025-01-17T12:12:09","modified_gmt":"2025-01-17T12:12:09","slug":"degreaser-agent","status":"publish","type":"product","link":"https:\/\/www.bluelakechem.com\/es\/product\/degreaser-agent\/","title":{"rendered":"Agente desengrasante Ba\u00f1o de tintura Productos qu\u00edmicos desengrasantes para tejidos de poli\u00e9ster"},"content":{"rendered":"<div class=\"wp-block-columns is-layout-flex wp-container-core-columns-is-layout-9d6595d7 wp-block-columns-is-layout-flex\">\n<div class=\"wp-block-column is-layout-flow wp-block-column-is-layout-flow\" style=\"flex-basis:50%\">\n<h2 class=\"wp-block-heading\">Agente desengrasante Caracter\u00edsticas:<\/h2>\n\n\n\n<p><strong>Eliminaci\u00f3n muy eficaz del aceite: <\/strong>Agente desengrasante dise\u00f1ado para fibras de poli\u00e9ster, elimina r\u00e1pidamente la grasa y la suciedad de la superficie de la fibra para garantizar tejidos limpios.<br><strong>Proceso de un ba\u00f1o:<\/strong> Permite desengrasar y te\u00f1ir al mismo tiempo, lo que simplifica el proceso y reduce el n\u00famero de procedimientos y el tiempo de producci\u00f3n.<br><strong>Gran compatibilidad con el te\u00f1ido:<\/strong> Su formulaci\u00f3n optimizada hace que el Agente Desengrasante sea altamente compatible con diversos colorantes y auxiliares, garantizando un te\u00f1ido de poli\u00e9ster brillante, uniforme y estable.<br><strong>Reduzca las repeticiones y los residuos: <\/strong>Reduzca los residuos de aceite, evite el te\u00f1ido desigual, mejore la calidad del producto y reduzca los costes de reelaboraci\u00f3n y residuos.<\/p>\n\n\n\n<h2 class=\"wp-block-heading\">Agente desengrasante Aplicaciones:<\/h2>\n\n\n\n<p><strong>Pretratamiento textil: <\/strong>El agente desengrasante se utiliza ampliamente en el pretratamiento de tejidos de poli\u00e9ster, eliminando eficazmente las manchas de aceite y mejorando la limpieza antes del te\u00f1ido.<br><strong>Te\u00f1ido y acabado industrial a gran escala: <\/strong>Dise\u00f1ado para f\u00e1bricas de tintura a gran escala, es un auxiliar importante para un proceso de tintura y acabado en un ba\u00f1o eficiente y estable, aplicable a prendas de vestir, textiles para el hogar y tejidos industriales.<br><strong>Fabricaci\u00f3n de textiles funcionales:<\/strong> El uso del agente desengrasante garantiza la limpieza y el te\u00f1ido de tejidos funcionales exigentes, como la ropa deportiva, la ropa de protecci\u00f3n y otros tejidos especializados.<\/p>\n<\/div>\n\n\n\n<div class=\"wp-block-column is-layout-flow wp-block-column-is-layout-flow\" style=\"flex-basis:50%\">\n<figure class=\"wp-block-image size-full\"><img decoding=\"async\" width=\"800\" height=\"800\" src=\"https:\/\/www.bluelakechem.com\/wp-content\/uploads\/2024\/11\/wetting-agents-in-textile.webp\" alt=\"agentes humectantes en el sector textil\" class=\"wp-image-1439\" srcset=\"https:\/\/www.bluelakechem.com\/wp-content\/uploads\/2024\/11\/wetting-agents-in-textile.webp 800w, https:\/\/www.bluelakechem.com\/wp-content\/uploads\/2024\/11\/wetting-agents-in-textile-300x300.webp 300w, https:\/\/www.bluelakechem.com\/wp-content\/uploads\/2024\/11\/wetting-agents-in-textile-150x150.webp 150w, https:\/\/www.bluelakechem.com\/wp-content\/uploads\/2024\/11\/wetting-agents-in-textile-768x768.webp 768w, https:\/\/www.bluelakechem.com\/wp-content\/uploads\/2024\/11\/wetting-agents-in-textile-12x12.webp 12w, https:\/\/www.bluelakechem.com\/wp-content\/uploads\/2024\/11\/wetting-agents-in-textile-600x600.webp 600w, https:\/\/www.bluelakechem.com\/wp-content\/uploads\/2024\/11\/wetting-agents-in-textile-100x100.webp 100w\" sizes=\"(max-width: 800px) 100vw, 800px\" \/><\/figure>\n<\/div>\n<\/div>","protected":false},"excerpt":{"rendered":"<p>Este Agente Desengrasante para tejidos de poli\u00e9ster proporciona una soluci\u00f3n racionalizada y eficaz para desengrasar y te\u00f1ir en un solo paso, ofreciendo una mayor calidad del tejido, una mejor absorci\u00f3n del tinte y un importante ahorro de tiempo y costes.<\/p>\n<p><strong>N\u00ba de modelo<\/strong>11007<\/p>","protected":false},"featured_media":1440,"comment_status":"closed","ping_status":"closed","template":"","meta":{"_acf_changed":false},"material":[27],"process":[17,35],"product_brand":[],"product_cat":[15],"product_tag":[],"class_list":{"0":"post-979","1":"product","2":"type-product","3":"status-publish","4":"has-post-thumbnail","6":"material-polyester-chemicals","7":"process-pretreatment-auxiliaries","8":"process-degreasing-agent","9":"product_cat-uncategorized","11":"first","12":"instock","13":"shipping-taxable","14":"product-type-simple"},"acf":[],"_links":{"self":[{"href":"https:\/\/www.bluelakechem.com\/es\/wp-json\/wp\/v2\/product\/979","targetHints":{"allow":["GET"]}}],"collection":[{"href":"https:\/\/www.bluelakechem.com\/es\/wp-json\/wp\/v2\/product"}],"about":[{"href":"https:\/\/www.bluelakechem.com\/es\/wp-json\/wp\/v2\/types\/product"}],"replies":[{"embeddable":true,"href":"https:\/\/www.bluelakechem.com\/es\/wp-json\/wp\/v2\/comments?post=979"}],"wp:featuredmedia":[{"embeddable":true,"href":"https:\/\/www.bluelakechem.com\/es\/wp-json\/wp\/v2\/media\/1440"}],"wp:attachment":[{"href":"https:\/\/www.bluelakechem.com\/es\/wp-json\/wp\/v2\/media?parent=979"}],"wp:term":[{"taxonomy":"material","embeddable":true,"href":"https:\/\/www.bluelakechem.com\/es\/wp-json\/wp\/v2\/material?post=979"},{"taxonomy":"process","embeddable":true,"href":"https:\/\/www.bluelakechem.com\/es\/wp-json\/wp\/v2\/process?post=979"},{"taxonomy":"product_brand","embeddable":true,"href":"https:\/\/www.bluelakechem.com\/es\/wp-json\/wp\/v2\/product_brand?post=979"},{"taxonomy":"product_cat","embeddable":true,"href":"https:\/\/www.bluelakechem.com\/es\/wp-json\/wp\/v2\/product_cat?post=979"},{"taxonomy":"product_tag","embeddable":true,"href":"https:\/\/www.bluelakechem.com\/es\/wp-json\/wp\/v2\/product_tag?post=979"}],"curies":[{"name":"wp","href":"https:\/\/api.w.org\/{rel}","templated":true}]}}