{"id":981,"date":"2024-12-17T08:48:38","date_gmt":"2024-12-17T08:48:38","guid":{"rendered":"https:\/\/www.bluelakechem.com\/?post_type=product&#038;p=981"},"modified":"2025-01-17T12:47:10","modified_gmt":"2025-01-17T12:47:10","slug":"degreasing-agents","status":"publish","type":"product","link":"https:\/\/www.bluelakechem.com\/es\/product\/degreasing-agents\/","title":{"rendered":"Agentes desengrasantes Productos qu\u00edmicos para tejidos NylonPoli\u00e9ster, Spandex Pretratamiento"},"content":{"rendered":"<div class=\"wp-block-columns is-layout-flex wp-container-core-columns-is-layout-9d6595d7 wp-block-columns-is-layout-flex\">\n<div class=\"wp-block-column is-layout-flow wp-block-column-is-layout-flow\" style=\"flex-basis:50%\">\n<h2 class=\"wp-block-heading\">Agentes desengrasantes Caracter\u00edsticas:<\/h2>\n\n\n\n<p><strong>Eficaz en nylon y mezclas: <\/strong>Formulado para desengrasar tejidos de nailon, nailon\/spandex y poli\u00e9ster\/spandex, garantizando que queden limpios y listos para su posterior procesamiento.<\/p>\n\n\n\n<p><strong>Desengrase eficaz: <\/strong>Elimina la grasa y otros contaminantes del nailon y los tejidos mixtos, garantizando que el material est\u00e9 limpio y listo para el te\u00f1ido, la estampaci\u00f3n o el acabado.<\/p>\n\n\n\n<p><strong>Mejora la calidad del tejido:<\/strong> Mejora la textura del tejido y la capacidad de te\u00f1ido al limpiar a fondo las fibras, con lo que se obtienen resultados m\u00e1s suaves y uniformes en el procesado posterior.<\/p>\n\n\n\n<p><strong>Mejora la absorci\u00f3n del colorante: <\/strong>Prepara el nylon y los tejidos mixtos para la tintura eliminando las impurezas que puedan interferir en la absorci\u00f3n del tinte, garantizando una coloraci\u00f3n uniforme y vibrante.<\/p>\n\n\n\n<h2 class=\"wp-block-heading\">Agentes desengrasantes Aplicaciones:<\/h2>\n\n\n\n<p><strong>Nylon y mezclas de nylon:<\/strong> Los desengrasantes son agentes de limpieza indispensables para el pretratamiento de fibras de nailon y mezclas de nailon y elastano.<br><br><strong>Tratamiento poli\u00e9ster\/spandex: <\/strong>Especialmente adecuado para el pretratamiento de tejidos de alto rendimiento, como ropa deportiva de mezcla de poli\u00e9ster\/spandex y prendas funcionales.<br><br><strong>Procesos de tintura y acabado: <\/strong>admite el desengrase y el te\u00f1ido simult\u00e1neos para garantizar la limpieza de los tejidos y mejorar la calidad y uniformidad del te\u00f1ido.<br><br><strong>Aplicaciones de producci\u00f3n industrializada:<\/strong> Se utiliza ampliamente en la confecci\u00f3n de prendas de vestir, textiles para el hogar y procesamiento de textiles funcionales de alta gama, adecuados para las necesidades de producci\u00f3n a gran escala.<\/p>\n<\/div>\n\n\n\n<div class=\"wp-block-column is-layout-flow wp-block-column-is-layout-flow\" style=\"flex-basis:50%\">\n<figure class=\"wp-block-image size-full\"><img decoding=\"async\" width=\"800\" height=\"800\" src=\"https:\/\/www.bluelakechem.com\/wp-content\/uploads\/2024\/12\/Degreasing-Agents-1.webp\" alt=\"Agentes desengrasantes\" class=\"wp-image-1457\" srcset=\"https:\/\/www.bluelakechem.com\/wp-content\/uploads\/2024\/12\/Degreasing-Agents-1.webp 800w, https:\/\/www.bluelakechem.com\/wp-content\/uploads\/2024\/12\/Degreasing-Agents-1-300x300.webp 300w, https:\/\/www.bluelakechem.com\/wp-content\/uploads\/2024\/12\/Degreasing-Agents-1-150x150.webp 150w, https:\/\/www.bluelakechem.com\/wp-content\/uploads\/2024\/12\/Degreasing-Agents-1-768x768.webp 768w, https:\/\/www.bluelakechem.com\/wp-content\/uploads\/2024\/12\/Degreasing-Agents-1-12x12.webp 12w, https:\/\/www.bluelakechem.com\/wp-content\/uploads\/2024\/12\/Degreasing-Agents-1-600x600.webp 600w, https:\/\/www.bluelakechem.com\/wp-content\/uploads\/2024\/12\/Degreasing-Agents-1-100x100.webp 100w\" sizes=\"(max-width: 800px) 100vw, 800px\" \/><\/figure>\n<\/div>\n<\/div>\n\n\n\n<div class=\"wp-block-columns is-layout-flex wp-container-core-columns-is-layout-9d6595d7 wp-block-columns-is-layout-flex\">\n<div class=\"wp-block-column is-vertically-aligned-center is-layout-flow wp-block-column-is-layout-flow\"><\/div>\n<\/div>\n\n\n\n<p><\/p>","protected":false},"excerpt":{"rendered":"<p>Los agentes desengrasantes est\u00e1n dise\u00f1ados para tejidos de nailon, nailon\/spandex y poli\u00e9ster\/spandex, y ofrecen una excepcional eliminaci\u00f3n del aceite en diversas mezclas de nailon. Estos agentes garantizan un proceso de desengrasado a fondo, mejorando la limpieza del tejido y el rendimiento del te\u00f1ido.<\/p>\n<p><strong>N\u00ba de modelo<\/strong>10072<\/p>","protected":false},"featured_media":1457,"comment_status":"closed","ping_status":"closed","template":"","meta":{"_acf_changed":false},"material":[27,28,34],"process":[17,35],"product_brand":[],"product_cat":[15],"product_tag":[],"class_list":{"0":"post-981","1":"product","2":"type-product","3":"status-publish","4":"has-post-thumbnail","6":"material-polyester-chemicals","7":"material-nylon-agent","8":"material-fabric-chemicals","9":"process-pretreatment-auxiliaries","10":"process-degreasing-agent","11":"product_cat-uncategorized","13":"first","14":"instock","15":"shipping-taxable","16":"product-type-simple"},"acf":[],"_links":{"self":[{"href":"https:\/\/www.bluelakechem.com\/es\/wp-json\/wp\/v2\/product\/981","targetHints":{"allow":["GET"]}}],"collection":[{"href":"https:\/\/www.bluelakechem.com\/es\/wp-json\/wp\/v2\/product"}],"about":[{"href":"https:\/\/www.bluelakechem.com\/es\/wp-json\/wp\/v2\/types\/product"}],"replies":[{"embeddable":true,"href":"https:\/\/www.bluelakechem.com\/es\/wp-json\/wp\/v2\/comments?post=981"}],"wp:featuredmedia":[{"embeddable":true,"href":"https:\/\/www.bluelakechem.com\/es\/wp-json\/wp\/v2\/media\/1457"}],"wp:attachment":[{"href":"https:\/\/www.bluelakechem.com\/es\/wp-json\/wp\/v2\/media?parent=981"}],"wp:term":[{"taxonomy":"material","embeddable":true,"href":"https:\/\/www.bluelakechem.com\/es\/wp-json\/wp\/v2\/material?post=981"},{"taxonomy":"process","embeddable":true,"href":"https:\/\/www.bluelakechem.com\/es\/wp-json\/wp\/v2\/process?post=981"},{"taxonomy":"product_brand","embeddable":true,"href":"https:\/\/www.bluelakechem.com\/es\/wp-json\/wp\/v2\/product_brand?post=981"},{"taxonomy":"product_cat","embeddable":true,"href":"https:\/\/www.bluelakechem.com\/es\/wp-json\/wp\/v2\/product_cat?post=981"},{"taxonomy":"product_tag","embeddable":true,"href":"https:\/\/www.bluelakechem.com\/es\/wp-json\/wp\/v2\/product_tag?post=981"}],"curies":[{"name":"wp","href":"https:\/\/api.w.org\/{rel}","templated":true}]}}