{"id":983,"date":"2024-12-17T08:47:34","date_gmt":"2024-12-17T08:47:34","guid":{"rendered":"https:\/\/www.bluelakechem.com\/?post_type=product&#038;p=983"},"modified":"2025-06-17T08:25:58","modified_gmt":"2025-06-17T08:25:58","slug":"sequestering-agents","status":"publish","type":"product","link":"https:\/\/www.bluelakechem.com\/es\/product\/sequestering-agents\/","title":{"rendered":"Agentes secuestrantes Auxiliares de tintura sin f\u00f3sforo para algod\u00f3n, todos los tejidos"},"content":{"rendered":"<div class=\"wp-block-columns is-layout-flex wp-container-core-columns-is-layout-9d6595d7 wp-block-columns-is-layout-flex\">\n<div class=\"wp-block-column is-layout-flow wp-block-column-is-layout-flow\" style=\"flex-basis:50%\">\n<h2 class=\"wp-block-heading\">Caracter\u00edsticas de los agentes secuestrantes:<\/h2>\n\n\n\n<p><strong>Quela eficazmente los iones met\u00e1licos:<\/strong> Quela eficazmente diversos iones met\u00e1licos comunes (como calcio, magnesio, hierro y cobre) para evitar que interfieran en procesos textiles como el lavado, el blanqueo, el te\u00f1ido y la estampaci\u00f3n.<\/p>\n\n\n\n<p><strong>Efecto dispersante sobre los colorantes:<\/strong> Act\u00faa como dispersante de los colorantes para garantizar una mejor distribuci\u00f3n del tinte y reducir problemas como la coloraci\u00f3n desigual o las rayas.<\/p>\n\n\n\n<p><strong>Ecol\u00f3gico y biodegradable: <\/strong>Los agentes quelantes son respetuosos con el medio ambiente y biodegradables, aptos para procesos de fabricaci\u00f3n textil sostenibles y cumplen las normas medioambientales.<\/p>\n\n\n\n<p><strong>Mejora la absorci\u00f3n del tinte y la solidez del color: <\/strong>Al impedir que los iones met\u00e1licos reaccionen con los tintes, puede mejorar la absorci\u00f3n del tinte, garantizar colores m\u00e1s uniformes y vivos y mejorar la solidez del color.<\/p>\n\n\n\n<p><strong>Amplia gama de usos:<\/strong> Adecuado para una gran variedad de tejidos, como algod\u00f3n, poli\u00e9ster, mezclas, seda, lana, etc.<\/p>\n\n\n\n<h2 class=\"wp-block-heading\">Aplicaciones de agentes secuestradores:<\/h2>\n\n\n\n<p><strong>Procesos de tintura y estampaci\u00f3n:<\/strong> Evita que los iones met\u00e1licos interfieran en la absorci\u00f3n del tinte, garantizando colores uniformes y vivos, especialmente en tejidos de algod\u00f3n y poli\u00e9ster.<\/p>\n\n\n\n<p><strong>Lavado y blanqueo:<\/strong> Los agentes secuestrantes a\u00edslan los iones met\u00e1licos del agua, garantizando que los procesos de lavado y blanqueo no se vean obstaculizados por la dureza del agua, lo que da como resultado tejidos m\u00e1s limpios y brillantes.<\/p>\n\n\n\n<p><strong>Acabado textil:<\/strong> Mejora el rendimiento de los acabados al evitar las interacciones no deseadas de los iones met\u00e1licos, lo que garantiza una mayor eficacia de los tratamientos de acabado, como los suavizantes, los hidrofugantes o los agentes antiarrugas.<\/p>\n\n\n\n<p><strong>Procesos de enjabonado: <\/strong>Ayuda a secuestrar los iones met\u00e1licos que interfieren con los detergentes jabonosos, mejorando la limpieza general y la calidad de los tejidos.<\/p>\n\n\n\n<p><strong>Gesti\u00f3n de la calidad del agua:<\/strong> Ideal para su uso en zonas de aguas duras, ya que reduce los efectos negativos de los iones met\u00e1licos en el procesado textil y reduce los problemas de producci\u00f3n.<\/p>\n\n\n\n<p><strong>Producci\u00f3n textil sostenible:<\/strong> Los agentes secuestrantes sin fosfatos ayudan a reducir la necesidad de tratamientos a base de fosfatos, cumplen las normas medioambientales y reglamentarias, y son adecuados para los fabricantes centrados en pr\u00e1cticas sostenibles<\/p>\n<\/div>\n\n\n\n<div class=\"wp-block-column is-layout-flow wp-block-column-is-layout-flow\" style=\"flex-basis:50%\">\n<figure class=\"wp-block-image size-full\"><img decoding=\"async\" width=\"1363\" height=\"1701\" src=\"https:\/\/www.bluelakechem.com\/wp-content\/uploads\/2024\/12\/Sequestering-Agents-Phosphorus-free-Dyeing-Auxiliaries-11035.webp\" alt=\"Agentes secuestrantes Auxiliares de tintura sin f\u00f3sforo\" class=\"wp-image-2416\" srcset=\"https:\/\/www.bluelakechem.com\/wp-content\/uploads\/2024\/12\/Sequestering-Agents-Phosphorus-free-Dyeing-Auxiliaries-11035.webp 1363w, https:\/\/www.bluelakechem.com\/wp-content\/uploads\/2024\/12\/Sequestering-Agents-Phosphorus-free-Dyeing-Auxiliaries-11035-240x300.webp 240w, https:\/\/www.bluelakechem.com\/wp-content\/uploads\/2024\/12\/Sequestering-Agents-Phosphorus-free-Dyeing-Auxiliaries-11035-768x958.webp 768w, https:\/\/www.bluelakechem.com\/wp-content\/uploads\/2024\/12\/Sequestering-Agents-Phosphorus-free-Dyeing-Auxiliaries-11035-10x12.webp 10w, https:\/\/www.bluelakechem.com\/wp-content\/uploads\/2024\/12\/Sequestering-Agents-Phosphorus-free-Dyeing-Auxiliaries-11035-1200x1498.webp 1200w, https:\/\/www.bluelakechem.com\/wp-content\/uploads\/2024\/12\/Sequestering-Agents-Phosphorus-free-Dyeing-Auxiliaries-11035-600x749.webp 600w\" sizes=\"(max-width: 1363px) 100vw, 1363px\" \/><\/figure>\n<\/div>\n<\/div>\n\n\n\n<div class=\"wp-block-columns is-layout-flex wp-container-core-columns-is-layout-9d6595d7 wp-block-columns-is-layout-flex\">\n<div class=\"wp-block-column is-vertically-aligned-center is-layout-flow wp-block-column-is-layout-flow\"><\/div>\n<\/div>\n\n\n\n<p><\/p>","protected":false},"excerpt":{"rendered":"<p>Los agentes secuestrantes sin fosfatos quelan eficazmente los iones met\u00e1licos comunes, reduciendo el impacto sobre la calidad del agua en el descrudado, blanqueo, te\u00f1ido, estampado, enjabonado y acabado. Mejoran la dispersi\u00f3n del tinte, garantizan una coloraci\u00f3n uniforme y son respetuosos con el medio ambiente, biodegradables e ideales para zonas con restricciones de fosfatos.<\/p>\n<p><strong>N\u00ba de modelo<\/strong>11035<\/p>","protected":false},"featured_media":1458,"comment_status":"closed","ping_status":"closed","template":"","meta":{"_acf_changed":false},"material":[26,27,28,29,30,31,32,33,34],"process":[20,21],"product_brand":[],"product_cat":[15],"product_tag":[],"class_list":{"0":"post-983","1":"product","2":"type-product","3":"status-publish","4":"has-post-thumbnail","6":"material-cotton-agent","7":"material-polyester-chemicals","8":"material-nylon-agent","9":"material-acrylic-chemicals","10":"material-viscose-chemicals","11":"material-wool-auxiliary","12":"material-linen-chemicals","13":"material-silk-chemicals","14":"material-fabric-chemicals","15":"process-dyeing-auxiliaries","16":"process-sequestering-agent","17":"product_cat-uncategorized","19":"first","20":"instock","21":"shipping-taxable","22":"product-type-simple"},"acf":[],"_links":{"self":[{"href":"https:\/\/www.bluelakechem.com\/es\/wp-json\/wp\/v2\/product\/983","targetHints":{"allow":["GET"]}}],"collection":[{"href":"https:\/\/www.bluelakechem.com\/es\/wp-json\/wp\/v2\/product"}],"about":[{"href":"https:\/\/www.bluelakechem.com\/es\/wp-json\/wp\/v2\/types\/product"}],"replies":[{"embeddable":true,"href":"https:\/\/www.bluelakechem.com\/es\/wp-json\/wp\/v2\/comments?post=983"}],"wp:featuredmedia":[{"embeddable":true,"href":"https:\/\/www.bluelakechem.com\/es\/wp-json\/wp\/v2\/media\/1458"}],"wp:attachment":[{"href":"https:\/\/www.bluelakechem.com\/es\/wp-json\/wp\/v2\/media?parent=983"}],"wp:term":[{"taxonomy":"material","embeddable":true,"href":"https:\/\/www.bluelakechem.com\/es\/wp-json\/wp\/v2\/material?post=983"},{"taxonomy":"process","embeddable":true,"href":"https:\/\/www.bluelakechem.com\/es\/wp-json\/wp\/v2\/process?post=983"},{"taxonomy":"product_brand","embeddable":true,"href":"https:\/\/www.bluelakechem.com\/es\/wp-json\/wp\/v2\/product_brand?post=983"},{"taxonomy":"product_cat","embeddable":true,"href":"https:\/\/www.bluelakechem.com\/es\/wp-json\/wp\/v2\/product_cat?post=983"},{"taxonomy":"product_tag","embeddable":true,"href":"https:\/\/www.bluelakechem.com\/es\/wp-json\/wp\/v2\/product_tag?post=983"}],"curies":[{"name":"wp","href":"https:\/\/api.w.org\/{rel}","templated":true}]}}