{"id":985,"date":"2024-12-17T08:41:03","date_gmt":"2024-12-17T08:41:03","guid":{"rendered":"https:\/\/www.bluelakechem.com\/?post_type=product&#038;p=985"},"modified":"2024-12-24T02:51:19","modified_gmt":"2024-12-24T02:51:19","slug":"leveling-agent-dyeing","status":"publish","type":"product","link":"https:\/\/www.bluelakechem.com\/es\/product\/leveling-agent-dyeing\/","title":{"rendered":"Agente nivelador Polvo colorante para algod\u00f3n con efecto dispersante"},"content":{"rendered":"<div class=\"wp-block-columns is-layout-flex wp-container-core-columns-is-layout-9d6595d7 wp-block-columns-is-layout-flex\">\n<div class=\"wp-block-column is-layout-flow wp-block-column-is-layout-flow\" style=\"flex-basis:50%\">\n<h2 class=\"wp-block-heading\">Agente nivelador Caracter\u00edsticas del te\u00f1ido:<\/h2>\n\n\n\n<p><strong>Dispersi\u00f3n efectiva del colorante:<\/strong> El te\u00f1ido con agentes niveladores mejora la solubilidad y la dispersabilidad de los tintes, lo que da lugar a una aplicaci\u00f3n uniforme sobre los tejidos.<br><strong>Adecuado para colorantes directos y reactivos:<\/strong> Funciona con diversos tipos de colorantes, especialmente directos y reactivos, para garantizar la constancia del color.<br><strong>Mejora la uniformidad del te\u00f1ido:<\/strong> Garantiza la uniformidad en el te\u00f1ido sin deportes ni decoloraci\u00f3n.<br><strong>Seguro para algod\u00f3n y mezclas: <\/strong>Leveling Agent Dyeing est\u00e1 dise\u00f1ado para proteger el algod\u00f3n y las mezclas de algod\u00f3n durante el te\u00f1ido sin afectar a la integridad del tejido.<br><strong>Previene los defectos de te\u00f1ido:<\/strong> Ayuda a atenuar problemas comunes como rayas, manchas e irregularidades en el te\u00f1ido.<\/p>\n\n\n\n<h2 class=\"wp-block-heading\">Agente nivelador Aplicaciones de tintura:<\/h2>\n\n\n\n<p><strong>Tejido de algod\u00f3n te\u00f1ido: <\/strong>Es el mejor m\u00e9todo para obtener resultados uniformes y de alta calidad al te\u00f1ir tejidos de algod\u00f3n con tintes directos o reactivos.<br><strong>Tejidos mixtos:<\/strong> Muy adecuado para te\u00f1ir mezclas de algod\u00f3n con otras fibras, garantizando un color uniforme entre materiales diferentes.<br><strong>Industria textil: <\/strong>Se utiliza en la producci\u00f3n en serie de prendas de vestir, textiles para el hogar y tejidos, donde es necesario mantener la uniformidad del color.<br><strong>Ajuste del color del tejido: <\/strong>El proceso suele utilizarse en el ajuste fino del color en las fases finales de la tintura, siempre en busca de uniformidad.<br><strong>Te\u00f1ido ecol\u00f3gico:<\/strong> Se refiere a las pr\u00e1cticas sostenibles de te\u00f1ido que se centran en ser respetuosas con el medio ambiente sin dejar de producir buenos colores.<\/p>\n<\/div>\n\n\n\n<div class=\"wp-block-column is-layout-flow wp-block-column-is-layout-flow\" style=\"flex-basis:50%\">\n<figure class=\"wp-block-image size-full\"><img decoding=\"async\" width=\"1000\" height=\"1000\" src=\"https:\/\/www.bluelakechem.com\/wp-content\/uploads\/2024\/12\/Leveling-Agent-Dyeing-Solution.webp\" alt=\"Agente nivelador Soluci\u00f3n colorante\" class=\"wp-image-986\" srcset=\"https:\/\/www.bluelakechem.com\/wp-content\/uploads\/2024\/12\/Leveling-Agent-Dyeing-Solution.webp 1000w, https:\/\/www.bluelakechem.com\/wp-content\/uploads\/2024\/12\/Leveling-Agent-Dyeing-Solution-300x300.webp 300w, https:\/\/www.bluelakechem.com\/wp-content\/uploads\/2024\/12\/Leveling-Agent-Dyeing-Solution-150x150.webp 150w, https:\/\/www.bluelakechem.com\/wp-content\/uploads\/2024\/12\/Leveling-Agent-Dyeing-Solution-768x768.webp 768w, https:\/\/www.bluelakechem.com\/wp-content\/uploads\/2024\/12\/Leveling-Agent-Dyeing-Solution-600x600.webp 600w, https:\/\/www.bluelakechem.com\/wp-content\/uploads\/2024\/12\/Leveling-Agent-Dyeing-Solution-100x100.webp 100w\" sizes=\"(max-width: 1000px) 100vw, 1000px\" \/><\/figure>\n<\/div>\n<\/div>","protected":false},"excerpt":{"rendered":"<p>La soluci\u00f3n de tintura nivelante para algod\u00f3n mejora la dispersabilidad del colorante, garantizando el \u00e9xito de la tintura de colorantes directos y reactivos. Ayuda a conseguir un te\u00f1ido uniforme, mejorando la calidad del tejido.<\/p>\n<p><strong>N\u00ba de modelo<\/strong>10069<\/p>","protected":false},"featured_media":986,"comment_status":"closed","ping_status":"closed","template":"","meta":{"_acf_changed":false},"material":[26],"process":[20,38],"product_brand":[],"product_cat":[15],"product_tag":[],"class_list":{"0":"post-985","1":"product","2":"type-product","3":"status-publish","4":"has-post-thumbnail","6":"material-cotton-agent","7":"process-dyeing-auxiliaries","8":"process-disperse-leveling-agent","9":"product_cat-uncategorized","11":"first","12":"instock","13":"shipping-taxable","14":"product-type-simple"},"acf":[],"_links":{"self":[{"href":"https:\/\/www.bluelakechem.com\/es\/wp-json\/wp\/v2\/product\/985","targetHints":{"allow":["GET"]}}],"collection":[{"href":"https:\/\/www.bluelakechem.com\/es\/wp-json\/wp\/v2\/product"}],"about":[{"href":"https:\/\/www.bluelakechem.com\/es\/wp-json\/wp\/v2\/types\/product"}],"replies":[{"embeddable":true,"href":"https:\/\/www.bluelakechem.com\/es\/wp-json\/wp\/v2\/comments?post=985"}],"wp:featuredmedia":[{"embeddable":true,"href":"https:\/\/www.bluelakechem.com\/es\/wp-json\/wp\/v2\/media\/986"}],"wp:attachment":[{"href":"https:\/\/www.bluelakechem.com\/es\/wp-json\/wp\/v2\/media?parent=985"}],"wp:term":[{"taxonomy":"material","embeddable":true,"href":"https:\/\/www.bluelakechem.com\/es\/wp-json\/wp\/v2\/material?post=985"},{"taxonomy":"process","embeddable":true,"href":"https:\/\/www.bluelakechem.com\/es\/wp-json\/wp\/v2\/process?post=985"},{"taxonomy":"product_brand","embeddable":true,"href":"https:\/\/www.bluelakechem.com\/es\/wp-json\/wp\/v2\/product_brand?post=985"},{"taxonomy":"product_cat","embeddable":true,"href":"https:\/\/www.bluelakechem.com\/es\/wp-json\/wp\/v2\/product_cat?post=985"},{"taxonomy":"product_tag","embeddable":true,"href":"https:\/\/www.bluelakechem.com\/es\/wp-json\/wp\/v2\/product_tag?post=985"}],"curies":[{"name":"wp","href":"https:\/\/api.w.org\/{rel}","templated":true}]}}