{"id":987,"date":"2025-01-06T12:02:01","date_gmt":"2025-01-06T12:02:01","guid":{"rendered":"https:\/\/www.bluelakechem.com\/?post_type=product&#038;p=987"},"modified":"2025-03-26T01:24:30","modified_gmt":"2025-03-26T01:24:30","slug":"dye-carrier","status":"publish","type":"product","link":"https:\/\/www.bluelakechem.com\/es\/product\/dye-carrier\/","title":{"rendered":"Soporte de tintura para tejidos de poli\u00e9ster Soporte de tintura a baja temperatura"},"content":{"rendered":"<div class=\"wp-block-columns is-layout-flex wp-container-core-columns-is-layout-9d6595d7 wp-block-columns-is-layout-flex\">\n<div class=\"wp-block-column is-layout-flow wp-block-column-is-layout-flow\" style=\"flex-basis:50%\">\n<h2 class=\"wp-block-heading\">Caracter\u00edsticas:<\/h2>\n\n\n\n<p><strong>Alta concentraci\u00f3n:<\/strong> Dye Carrier garantiza una fuerte absorci\u00f3n del color incluso a bajas temperaturas, asegurando as\u00ed la eficacia de la tintura.<br><strong>Eficaz para el poli\u00e9ster: <\/strong>Est\u00e1 espec\u00edficamente formulado para mejorar la penetraci\u00f3n y absorci\u00f3n de colorantes en tejidos de poli\u00e9ster.<br><strong>Aplicaci\u00f3n a baja temperatura:<\/strong> Los soportes de tintura pueden utilizarse en procesos de tintura a baja temperatura, lo que ahorra energ\u00eda y mejora el control del proceso.<br><strong>Reparaci\u00f3n de defectos de tintura: <\/strong>Las irregularidades del color, las rayas o los defectos durante el te\u00f1ido se corrigen para lograr resultados uniformes.<br><strong>Migraci\u00f3n mejorada del colorante:<\/strong> Mejora el movimiento de las mol\u00e9culas de colorante para una aplicaci\u00f3n m\u00e1s uniforme del color.<\/p>\n<\/div>\n\n\n\n<div class=\"wp-block-column is-layout-flow wp-block-column-is-layout-flow\" style=\"flex-basis:50%\">\n<figure class=\"wp-block-embed is-type-video is-provider-youtube wp-block-embed-youtube wp-embed-aspect-16-9 wp-has-aspect-ratio\"><div class=\"wp-block-embed__wrapper\">\n<iframe title=\"Esencial para la tintura de poli\u00e9ster #PolyesterDyeing #Carrier #Mending #PreventColorSpots\" width=\"500\" height=\"281\" src=\"https:\/\/www.youtube.com\/embed\/bcUAld6nNb8?feature=oembed\" frameborder=\"0\" allow=\"accelerometer; autoplay; clipboard-write; encrypted-media; gyroscope; picture-in-picture; web-share\" referrerpolicy=\"strict-origin-when-cross-origin\" allowfullscreen><\/iframe>\n<\/div><\/figure>\n<\/div>\n<\/div>\n\n\n\n<div class=\"wp-block-columns is-layout-flex wp-container-core-columns-is-layout-9d6595d7 wp-block-columns-is-layout-flex\">\n<div class=\"wp-block-column is-layout-flow wp-block-column-is-layout-flow\">\n<figure class=\"wp-block-image size-full\"><img decoding=\"async\" width=\"800\" height=\"800\" src=\"https:\/\/www.bluelakechem.com\/wp-content\/uploads\/2025\/01\/Polyester-dyeing-carrier-2.webp\" alt=\"Soporte de tintura de poli\u00e9ster\" class=\"wp-image-1734\" srcset=\"https:\/\/www.bluelakechem.com\/wp-content\/uploads\/2025\/01\/Polyester-dyeing-carrier-2.webp 800w, https:\/\/www.bluelakechem.com\/wp-content\/uploads\/2025\/01\/Polyester-dyeing-carrier-2-300x300.webp 300w, https:\/\/www.bluelakechem.com\/wp-content\/uploads\/2025\/01\/Polyester-dyeing-carrier-2-150x150.webp 150w, https:\/\/www.bluelakechem.com\/wp-content\/uploads\/2025\/01\/Polyester-dyeing-carrier-2-768x768.webp 768w, https:\/\/www.bluelakechem.com\/wp-content\/uploads\/2025\/01\/Polyester-dyeing-carrier-2-12x12.webp 12w, https:\/\/www.bluelakechem.com\/wp-content\/uploads\/2025\/01\/Polyester-dyeing-carrier-2-600x600.webp 600w, https:\/\/www.bluelakechem.com\/wp-content\/uploads\/2025\/01\/Polyester-dyeing-carrier-2-100x100.webp 100w\" sizes=\"(max-width: 800px) 100vw, 800px\" \/><\/figure>\n<\/div>\n\n\n\n<div class=\"wp-block-column is-layout-flow wp-block-column-is-layout-flow\">\n<h2 class=\"wp-block-heading\">Peque\u00f1as dosis de portadores de colorantes pueden aportar los siguientes beneficios:<\/h2>\n\n\n\n<p>Ideal para tejidos e hilos de poli\u00e9ster y mezclas de poli\u00e9ster.<\/p>\n\n\n\n<p>1. <strong>Aumenta la absorci\u00f3n del colorante a bajas temperaturas.<br>Puede te\u00f1ir de color oscuro a baja temperatura.<\/strong><br>Color medio y claro: 1~3 g\/L<br>Color oscuro: 3~6 g\/L<\/p>\n\n\n\n<p>2.<strong>Excelentes efectos de reparaci\u00f3n de defectos de te\u00f1ido y rayado del color.<\/strong><\/p>\n\n\n\n<h2 class=\"wp-block-heading\">Aplicaciones de portadores de colorantes:<\/h2>\n\n\n\n<p><strong>Poli\u00e9ster Te\u00f1ido del tejido: <\/strong>Se utiliza en la tintura de tejidos de poli\u00e9ster, especialmente en procesos de tintura a baja temperatura.<br><strong>Optimizaci\u00f3n del proceso de tintura:<\/strong> Ideal para optimizar el proceso de tintura del poli\u00e9ster, garantizando resultados uniformes y de alta calidad.<br><strong>Correcci\u00f3n de defectos en la tintura: <\/strong>Un portador de tinte es eficaz para reparar defectos del tinte, como el color desigual o las rayas durante el te\u00f1ido del poli\u00e9ster.<br><strong>Producci\u00f3n energ\u00e9ticamente eficiente: <\/strong>Se utiliza con frecuencia en las tintorer\u00edas para reducir el consumo de energ\u00eda manteniendo los niveles de calidad.<br><strong>Te\u00f1ido de tejidos mixtos: <\/strong>Portador de tintura para mezclas de poli\u00e9ster para mejorar la uniformidad de tintura entre los distintos tipos de fibras.<\/p>\n<\/div>\n<\/div>","protected":false},"excerpt":{"rendered":"<p>Este portador de colorante de alta concentraci\u00f3n es ideal para procesos de tintura de poli\u00e9ster a baja temperatura, mejorando la absorci\u00f3n del color. Tambi\u00e9n es eficaz para corregir defectos de tintura en tejidos de poli\u00e9ster, garantizando resultados uniformes e impecables.<\/p>\n<p><strong>N\u00ba de modelo<\/strong>22108<\/p>\n<p><img decoding=\"async\" class=\"alignnone wp-image-1749 size-full\" src=\"https:\/\/www.bluelakechem.com\/wp-content\/uploads\/2025\/01\/polyester-dye-carrier-4-2.webp\" alt=\"soporte tint\u00f3reo de poli\u00e9ster\" width=\"4000\" height=\"1430\" srcset=\"https:\/\/www.bluelakechem.com\/wp-content\/uploads\/2025\/01\/polyester-dye-carrier-4-2.webp 4000w, https:\/\/www.bluelakechem.com\/wp-content\/uploads\/2025\/01\/polyester-dye-carrier-4-2-300x107.webp 300w, https:\/\/www.bluelakechem.com\/wp-content\/uploads\/2025\/01\/polyester-dye-carrier-4-2-768x275.webp 768w, https:\/\/www.bluelakechem.com\/wp-content\/uploads\/2025\/01\/polyester-dye-carrier-4-2-18x6.webp 18w, https:\/\/www.bluelakechem.com\/wp-content\/uploads\/2025\/01\/polyester-dye-carrier-4-2-1200x429.webp 1200w, https:\/\/www.bluelakechem.com\/wp-content\/uploads\/2025\/01\/polyester-dye-carrier-4-2-600x215.webp 600w\" sizes=\"(max-width: 4000px) 100vw, 4000px\" \/><\/p>","protected":false},"featured_media":1421,"comment_status":"closed","ping_status":"closed","template":"","meta":{"_acf_changed":false},"material":[27],"process":[20,38,39],"product_brand":[],"product_cat":[15],"product_tag":[],"class_list":{"0":"post-987","1":"product","2":"type-product","3":"status-publish","4":"has-post-thumbnail","6":"material-polyester-chemicals","7":"process-dyeing-auxiliaries","8":"process-disperse-leveling-agent","9":"process-dye-carrier","10":"product_cat-uncategorized","12":"first","13":"instock","14":"shipping-taxable","15":"product-type-simple"},"acf":[],"_links":{"self":[{"href":"https:\/\/www.bluelakechem.com\/es\/wp-json\/wp\/v2\/product\/987","targetHints":{"allow":["GET"]}}],"collection":[{"href":"https:\/\/www.bluelakechem.com\/es\/wp-json\/wp\/v2\/product"}],"about":[{"href":"https:\/\/www.bluelakechem.com\/es\/wp-json\/wp\/v2\/types\/product"}],"replies":[{"embeddable":true,"href":"https:\/\/www.bluelakechem.com\/es\/wp-json\/wp\/v2\/comments?post=987"}],"wp:featuredmedia":[{"embeddable":true,"href":"https:\/\/www.bluelakechem.com\/es\/wp-json\/wp\/v2\/media\/1421"}],"wp:attachment":[{"href":"https:\/\/www.bluelakechem.com\/es\/wp-json\/wp\/v2\/media?parent=987"}],"wp:term":[{"taxonomy":"material","embeddable":true,"href":"https:\/\/www.bluelakechem.com\/es\/wp-json\/wp\/v2\/material?post=987"},{"taxonomy":"process","embeddable":true,"href":"https:\/\/www.bluelakechem.com\/es\/wp-json\/wp\/v2\/process?post=987"},{"taxonomy":"product_brand","embeddable":true,"href":"https:\/\/www.bluelakechem.com\/es\/wp-json\/wp\/v2\/product_brand?post=987"},{"taxonomy":"product_cat","embeddable":true,"href":"https:\/\/www.bluelakechem.com\/es\/wp-json\/wp\/v2\/product_cat?post=987"},{"taxonomy":"product_tag","embeddable":true,"href":"https:\/\/www.bluelakechem.com\/es\/wp-json\/wp\/v2\/product_tag?post=987"}],"curies":[{"name":"wp","href":"https:\/\/api.w.org\/{rel}","templated":true}]}}