{"id":992,"date":"2024-12-17T08:40:08","date_gmt":"2024-12-17T08:40:08","guid":{"rendered":"https:\/\/www.bluelakechem.com\/?post_type=product&#038;p=992"},"modified":"2025-06-17T02:01:52","modified_gmt":"2025-06-17T02:01:52","slug":"hydrophilic-silicone-oil","status":"publish","type":"product","link":"https:\/\/www.bluelakechem.com\/es\/product\/hydrophilic-silicone-oil\/","title":{"rendered":"Suavizante de aceite de silicona hidr\u00f3filo para acabados textiles de algod\u00f3n y viscosa"},"content":{"rendered":"<div class=\"wp-block-columns is-layout-flex wp-container-core-columns-is-layout-9d6595d7 wp-block-columns-is-layout-flex\">\n<div class=\"wp-block-column is-layout-flow wp-block-column-is-layout-flow\" style=\"flex-basis:50%\">\n<h2 class=\"wp-block-heading\">Aceite de silicona hidr\u00f3filo Caracter\u00edsticas:<\/h2>\n\n\n\n<p><strong>Hidrofilia mejorada:<\/strong> Esto mejora la absorci\u00f3n de agua en las fibras de celulosa y sint\u00e9ticas.<br><strong>Efecto suavizante: <\/strong>El aceite de silicona hidr\u00f3filo confiere a los tejidos un tacto liso y suave sin afectar a la transpirabilidad.<br><strong>Versatilidad:<\/strong> El aceite de silicona hidr\u00f3filo puede aplicarse a todo tipo de fibras, como algod\u00f3n, mezclas de algod\u00f3n, viscosa y fibras sint\u00e9ticas.<br><strong>Mejora el agarre del tejido:<\/strong> Da a los tejidos una sensaci\u00f3n de lujo y seda, mejorando la textura general.<br><strong>Efecto duradero:<\/strong> Suavidad e hidrofilia duraderas de los tejidos incluso tras repetidos lavados.<br><strong>Respetuoso con el medio ambiente:<\/strong> La mayor\u00eda est\u00e1n dise\u00f1ados para ser m\u00e1s \"ecol\u00f3gicos\" que los descalcificadores tradicionales.<\/p>\n\n\n\n<h2 class=\"wp-block-heading\">Aceite de silicona hidr\u00f3filo Aplicaciones:<\/h2>\n\n\n\n<p><strong>Tejidos de celulosa y algod\u00f3n:<\/strong> Aceite de silicona hidr\u00f3filo para suavizar y mejorar la absorci\u00f3n de agua del algod\u00f3n, la viscosa y otros tejidos a base de celulosa.<br><strong>Tejidos mixtos:<\/strong> Mejora la hidrofilia de las mezclas de algod\u00f3n y fibras sint\u00e9ticas, mejorando la manejabilidad del tejido y la absorci\u00f3n de agua.<br><strong>Acabado textil:<\/strong> Se utiliza habitualmente para conferir a los tejidos un tacto suave y un aspecto lujoso.<br><strong>Ropa deportiva y toallas:<\/strong> Perfecto para mejorar las propiedades de control de la humedad en ropa deportiva, toallas y otros tejidos t\u00e9cnicos.<br><strong>Suavizante ecol\u00f3gico:<\/strong> El aceite de silicona hidr\u00f3filo se utiliza en procesos textiles respetuosos con el medio ambiente como alternativa real a los suavizantes tradicionales.<\/p>\n<\/div>\n\n\n\n<div class=\"wp-block-column is-layout-flow wp-block-column-is-layout-flow\" style=\"flex-basis:50%\">\n<figure class=\"wp-block-image size-full\"><img decoding=\"async\" width=\"1080\" height=\"1920\" src=\"https:\/\/www.bluelakechem.com\/wp-content\/uploads\/2024\/12\/Hydrophilic-Silicone-Oil-Softener-60834.webp\" alt=\"Suavizante de aceite de silicona hidr\u00f3filo\" class=\"wp-image-2407\" srcset=\"https:\/\/www.bluelakechem.com\/wp-content\/uploads\/2024\/12\/Hydrophilic-Silicone-Oil-Softener-60834.webp 1080w, https:\/\/www.bluelakechem.com\/wp-content\/uploads\/2024\/12\/Hydrophilic-Silicone-Oil-Softener-60834-169x300.webp 169w, https:\/\/www.bluelakechem.com\/wp-content\/uploads\/2024\/12\/Hydrophilic-Silicone-Oil-Softener-60834-768x1365.webp 768w, https:\/\/www.bluelakechem.com\/wp-content\/uploads\/2024\/12\/Hydrophilic-Silicone-Oil-Softener-60834-7x12.webp 7w, https:\/\/www.bluelakechem.com\/wp-content\/uploads\/2024\/12\/Hydrophilic-Silicone-Oil-Softener-60834-600x1067.webp 600w\" sizes=\"(max-width: 1080px) 100vw, 1080px\" \/><\/figure>\n\n\n\n<h2 class=\"wp-block-heading\">Propiedades del aceite de silicona hidr\u00f3filo\uff1a<\/h2>\n\n\n\n<figure class=\"wp-block-table\"><table class=\"has-fixed-layout\"><tbody><tr><td>Apariencia:<\/td><td>L\u00edquido transparente entre incoloro y amarillo claro<\/td><\/tr><tr><td>Ionicidad:<\/td><td>Cati\u00f3nico d\u00e9bil<\/td><\/tr><tr><td>Valor del pH:<\/td><td>6,5\u00b10,5 (1% soluci\u00f3n acuosa)<\/td><\/tr><tr><td>Solubilidad:<\/td><td>Soluble en agua<\/td><\/tr><\/tbody><\/table><\/figure>\n\n\n\n<h2 class=\"wp-block-heading\">Aceite de silicona hidr\u00f3filo Instrucci\u00f3n\uff1aSe recomienda utilizar en el proceso de acolchado.<\/h2>\n\n\n\n<p>1.Dosificaci\u00f3n de referencia: 10~30 g\/L.<\/p>\n\n\n\n<p>Ajuste: 150~180\u2103.<\/p>\n\n\n\n<p>Tiempo: 50~60s.<\/p>\n\n\n\n<p>(Para procesos diferentes, ajuste la dosis seg\u00fan el resultado de la prueba de la muestra).<\/p>\n\n\n\n<p>2.Para una sensaci\u00f3n \u00fanica de la mano, se puede utilizar junto con otro agente de acabado.<\/p>\n\n\n\n<p>Por favor, haga un experimento de compatibilidad antes de usar.<\/p>\n<\/div>\n<\/div>","protected":false},"excerpt":{"rendered":"<p>Este suavizante de silicona textil de uso general, formulado con aceite de silicona hidr\u00f3filo, es perfecto para procesos de acabado hidr\u00f3filo y suave en diversas fibras, como algod\u00f3n, mezclas de algod\u00f3n, fibras sint\u00e9ticas, viscosa, fibras qu\u00edmicas, seda y lana. Mantiene la hidrofilia de las fibras de celulosa y mejora la hidrofilia de las fibras qu\u00edmicas, a la vez que proporciona un tacto suave.<\/p>\n<p><strong>N\u00ba de modelo<\/strong>60834<\/p>","protected":false},"featured_media":1461,"comment_status":"closed","ping_status":"closed","template":"","meta":{"_acf_changed":false},"material":[26,30,31,33],"process":[23,42,24],"product_brand":[],"product_cat":[15],"product_tag":[],"class_list":{"0":"post-992","1":"product","2":"type-product","3":"status-publish","4":"has-post-thumbnail","6":"material-cotton-agent","7":"material-viscose-chemicals","8":"material-wool-auxiliary","9":"material-silk-chemicals","10":"process-textile-finishing-chemicals","11":"process-softener","12":"process-silicone-oil","13":"product_cat-uncategorized","15":"first","16":"instock","17":"shipping-taxable","18":"product-type-simple"},"acf":[],"_links":{"self":[{"href":"https:\/\/www.bluelakechem.com\/es\/wp-json\/wp\/v2\/product\/992","targetHints":{"allow":["GET"]}}],"collection":[{"href":"https:\/\/www.bluelakechem.com\/es\/wp-json\/wp\/v2\/product"}],"about":[{"href":"https:\/\/www.bluelakechem.com\/es\/wp-json\/wp\/v2\/types\/product"}],"replies":[{"embeddable":true,"href":"https:\/\/www.bluelakechem.com\/es\/wp-json\/wp\/v2\/comments?post=992"}],"wp:featuredmedia":[{"embeddable":true,"href":"https:\/\/www.bluelakechem.com\/es\/wp-json\/wp\/v2\/media\/1461"}],"wp:attachment":[{"href":"https:\/\/www.bluelakechem.com\/es\/wp-json\/wp\/v2\/media?parent=992"}],"wp:term":[{"taxonomy":"material","embeddable":true,"href":"https:\/\/www.bluelakechem.com\/es\/wp-json\/wp\/v2\/material?post=992"},{"taxonomy":"process","embeddable":true,"href":"https:\/\/www.bluelakechem.com\/es\/wp-json\/wp\/v2\/process?post=992"},{"taxonomy":"product_brand","embeddable":true,"href":"https:\/\/www.bluelakechem.com\/es\/wp-json\/wp\/v2\/product_brand?post=992"},{"taxonomy":"product_cat","embeddable":true,"href":"https:\/\/www.bluelakechem.com\/es\/wp-json\/wp\/v2\/product_cat?post=992"},{"taxonomy":"product_tag","embeddable":true,"href":"https:\/\/www.bluelakechem.com\/es\/wp-json\/wp\/v2\/product_tag?post=992"}],"curies":[{"name":"wp","href":"https:\/\/api.w.org\/{rel}","templated":true}]}}