{"id":994,"date":"2024-12-17T08:43:52","date_gmt":"2024-12-17T08:43:52","guid":{"rendered":"https:\/\/www.bluelakechem.com\/?post_type=product&#038;p=994"},"modified":"2025-12-02T02:20:01","modified_gmt":"2025-12-02T02:20:01","slug":"hydrophilic-silicone-softener","status":"publish","type":"product","link":"https:\/\/www.bluelakechem.com\/es\/product\/hydrophilic-silicone-softener\/","title":{"rendered":"Suavizante de silicona hidr\u00f3filo, suavizante de ba\u00f1o para tejidos de algod\u00f3n y viscosa"},"content":{"rendered":"<div class=\"wp-block-columns is-layout-flex wp-container-core-columns-is-layout-9d6595d7 wp-block-columns-is-layout-flex\">\n<div class=\"wp-block-column is-layout-flow wp-block-column-is-layout-flow\" style=\"flex-basis:50%\">\n<h2 class=\"wp-block-heading\">Suavizante de silicona hidr\u00f3fila Caracter\u00edsticas:<\/h2>\n\n\n\n<p><strong>Gran estabilidad:<\/strong> Este suavizante de silicona hidr\u00f3filo tiene una excelente estabilidad durante el proceso de acabado, manteniendo un rendimiento constante en una gran variedad de condiciones y equipos de procesado, como los ba\u00f1os de tintura.<\/p>\n\n\n\n<p><strong>Mayor hidrofilia: <\/strong>Aumenta significativamente la hidrofilia de los tejidos de algod\u00f3n y viscosa, mejorando la absorci\u00f3n de agua, la evacuaci\u00f3n de la humedad y la comodidad general del tejido, lo que resulta especialmente beneficioso para la ropa deportiva y los textiles para el hogar.<\/p>\n\n\n\n<p><strong>Mano suave: I<\/strong>mparte un tacto suave y liso al tejido, mejorando la comodidad del textil acabado sin afectar a la resistencia o durabilidad del tejido.<\/p>\n\n\n\n<p><strong>Compatibilidad con otros acabados: <\/strong>Puede utilizarse en el mismo ba\u00f1o con acabados no i\u00f3nicos y cati\u00f3nicos, lo que permite una aplicaci\u00f3n flexible y variable en diversas unidades de procesamiento textil.<\/p>\n\n\n\n<p><strong>Rentable:<\/strong> Su funci\u00f3n suave y su eficaz absorci\u00f3n de agua, as\u00ed como su rendimiento multifuncional, optimizan los costes de producci\u00f3n de los fabricantes textiles al tiempo que mantienen unos efectos de acabado de alta calidad.<\/p>\n\n\n\n<p><strong>Versatilidad del equipamiento:<\/strong> Aplicable a una gran variedad de equipos y procesos, incluidos ba\u00f1os de tintura, sistemas de secado por tamp\u00f3n y otra maquinaria de acabado textil, proporcionando flexibilidad a los fabricantes textiles con diferentes configuraciones de procesamiento.<\/p>\n<\/div>\n\n\n\n<div class=\"wp-block-column is-layout-flow wp-block-column-is-layout-flow\" style=\"flex-basis:50%\">\n<h2 class=\"wp-block-heading\">Aplicaciones del suavizante de silicona hidr\u00f3filo:<\/h2>\n\n\n\n<p><strong>Ropa deportiva y de deporte:<\/strong> Aumenta las propiedades de evacuaci\u00f3n de la humedad de los tejidos de algod\u00f3n y viscosa utilizados en ropa deportiva, mejorando la comodidad y el rendimiento del producto.<\/p>\n\n\n\n<p><strong>Ropa interior y lencer\u00eda: <\/strong>Proporciona un tacto suave y liso a la vez que mejora la absorci\u00f3n de la humedad para mantener la piel seca y confortable.<\/p>\n\n\n\n<p><strong>Textiles para el hogar: <\/strong>Utilizado en productos textiles para el hogar como s\u00e1banas, toallas y cortinas, mejora la suavidad y la hidrofilia del tejido, a\u00f1adiendo un tacto de primera calidad y funcionalidad para el uso diario.<\/p>\n\n\n\n<p><strong>Ropa de trabajo y de exterior:<\/strong> La suavidad del tejido y la gesti\u00f3n de la humedad son fundamentales para mejorar el confort y la usabilidad en diferentes condiciones ambientales.<\/p>\n\n\n\n<p><strong>Ropa para beb\u00e9s y ni\u00f1os:<\/strong> Aumenta el confort y la suavidad del producto manteniendo la absorci\u00f3n de la humedad y la sequedad.<\/p>\n<\/div>\n<\/div>","protected":false},"excerpt":{"rendered":"<p>Suavizante de silicona hidr\u00f3filo de alta estabilidad, adecuado para procesos de acabado de diversos equipos como ba\u00f1o de inmersi\u00f3n, puede ser utilizado en el mismo ba\u00f1o con agentes de acabado no i\u00f3nicos y cati\u00f3nicos, econ\u00f3mico y eficiente.<\/p>\n<p><strong>N\u00ba de modelo<\/strong>68002<\/p>","protected":false},"featured_media":1460,"comment_status":"closed","ping_status":"closed","template":"","meta":{"_acf_changed":false},"material":[26,30],"process":[23,42,24],"product_brand":[],"product_cat":[15],"product_tag":[],"class_list":{"0":"post-994","1":"product","2":"type-product","3":"status-publish","4":"has-post-thumbnail","6":"material-cotton-agent","7":"material-viscose-chemicals","8":"process-textile-finishing-chemicals","9":"process-softener","10":"process-silicone-oil","11":"product_cat-uncategorized","13":"first","14":"instock","15":"shipping-taxable","16":"product-type-simple"},"acf":[],"_links":{"self":[{"href":"https:\/\/www.bluelakechem.com\/es\/wp-json\/wp\/v2\/product\/994","targetHints":{"allow":["GET"]}}],"collection":[{"href":"https:\/\/www.bluelakechem.com\/es\/wp-json\/wp\/v2\/product"}],"about":[{"href":"https:\/\/www.bluelakechem.com\/es\/wp-json\/wp\/v2\/types\/product"}],"replies":[{"embeddable":true,"href":"https:\/\/www.bluelakechem.com\/es\/wp-json\/wp\/v2\/comments?post=994"}],"wp:featuredmedia":[{"embeddable":true,"href":"https:\/\/www.bluelakechem.com\/es\/wp-json\/wp\/v2\/media\/1460"}],"wp:attachment":[{"href":"https:\/\/www.bluelakechem.com\/es\/wp-json\/wp\/v2\/media?parent=994"}],"wp:term":[{"taxonomy":"material","embeddable":true,"href":"https:\/\/www.bluelakechem.com\/es\/wp-json\/wp\/v2\/material?post=994"},{"taxonomy":"process","embeddable":true,"href":"https:\/\/www.bluelakechem.com\/es\/wp-json\/wp\/v2\/process?post=994"},{"taxonomy":"product_brand","embeddable":true,"href":"https:\/\/www.bluelakechem.com\/es\/wp-json\/wp\/v2\/product_brand?post=994"},{"taxonomy":"product_cat","embeddable":true,"href":"https:\/\/www.bluelakechem.com\/es\/wp-json\/wp\/v2\/product_cat?post=994"},{"taxonomy":"product_tag","embeddable":true,"href":"https:\/\/www.bluelakechem.com\/es\/wp-json\/wp\/v2\/product_tag?post=994"}],"curies":[{"name":"wp","href":"https:\/\/api.w.org\/{rel}","templated":true}]}}