{"id":996,"date":"2024-12-17T08:45:40","date_gmt":"2024-12-17T08:45:40","guid":{"rendered":"https:\/\/www.bluelakechem.com\/?post_type=product&#038;p=996"},"modified":"2025-01-17T12:51:30","modified_gmt":"2025-01-17T12:51:30","slug":"silicone-oil-emulsion-2","status":"publish","type":"product","link":"https:\/\/www.bluelakechem.com\/es\/product\/silicone-oil-emulsion-2\/","title":{"rendered":"Emulsi\u00f3n de aceite de silicona en bloque modificada Suavizante de silicona hidr\u00f3foba"},"content":{"rendered":"<div class=\"wp-block-columns is-layout-flex wp-container-core-columns-is-layout-9d6595d7 wp-block-columns-is-layout-flex\">\n<div class=\"wp-block-column is-layout-flow wp-block-column-is-layout-flow\" style=\"flex-basis:50%\">\n<h2 class=\"wp-block-heading\">Emulsi\u00f3n de aceite de silicona Caracter\u00edsticas:<\/h2>\n\n\n\n<p><strong>Mano ultrasuave: <\/strong>Proporciona un tacto ultrasuave, mejorando significativamente la comodidad y el tacto de los tejidos, manteni\u00e9ndolos ligeros y suaves.<\/p>\n\n\n\n<p><strong>Efecto hidr\u00f3fobo: <\/strong>Esta emulsi\u00f3n de aceite de silicona confiere excelentes propiedades hidr\u00f3fobas (repelentes al agua) a los tejidos de algod\u00f3n y viscosa, haci\u00e9ndolos m\u00e1s duraderos y f\u00e1ciles de cuidar.<\/p>\n\n\n\n<p><strong>Incoloro y transparente: <\/strong>La emulsi\u00f3n de aceite de silicona es incolora y transparente, por lo que no cambia el color del tejido, lo que la hace ideal para tejidos claros o delicados.<\/p>\n\n\n\n<p><strong>No amarillea: <\/strong>A diferencia de los suavizantes de silicona tradicionales, esta emulsi\u00f3n no amarillea, manteniendo la integridad del color del tejido a lo largo del tiempo.<\/p>\n\n\n\n<p><strong>Mejora la flexibilidad del tejido: <\/strong>Hace que los tejidos de algod\u00f3n y viscosa sean m\u00e1s flexibles y menos propensos a arrugarse.<\/p>\n\n\n\n<p><strong>No t\u00f3xico y seguro: <\/strong>Esta emulsi\u00f3n de silicona no es t\u00f3xica y es inocua para la piel, por lo que es adecuada para tejidos que entran en contacto directo con la piel, como prendas de vestir, ropa de cama y ropa interior.<\/p>\n\n\n\n<h2 class=\"wp-block-heading\">Emulsi\u00f3n de aceite de silicona Aplicaciones:<\/h2>\n\n\n\n<p><strong>Acabado textil:<\/strong> se utiliza para suavizar el algod\u00f3n y otros tejidos a base de celulosa, proporcionando un tacto suave y confortable.<\/p>\n\n\n\n<p><strong>Textiles para el hogar: <\/strong>se utiliza para el acabado de textiles para el hogar como s\u00e1banas, toallas y tapicer\u00edas, que requieren un acabado suave y resistente al agua sin afectar a la transpirabilidad natural del tejido.<\/p>\n\n\n\n<p><strong>Ropa y accesorios: <\/strong>Las emulsiones de silicona se utilizan como aditivos, por ejemplo en ropa deportiva, ropa infantil o prendas de moda de alta gama, para mejorar la funcionalidad y suavidad del tejido.<\/p>\n<\/div>\n\n\n\n<div class=\"wp-block-column is-layout-flow wp-block-column-is-layout-flow\" style=\"flex-basis:50%\">\n<figure class=\"wp-block-image size-full\"><img decoding=\"async\" width=\"800\" height=\"800\" src=\"https:\/\/www.bluelakechem.com\/wp-content\/uploads\/2024\/12\/Silicone-Oil-Emulsion.webp\" alt=\"Emulsi\u00f3n de aceite de silicona\" class=\"wp-image-1459\" srcset=\"https:\/\/www.bluelakechem.com\/wp-content\/uploads\/2024\/12\/Silicone-Oil-Emulsion.webp 800w, https:\/\/www.bluelakechem.com\/wp-content\/uploads\/2024\/12\/Silicone-Oil-Emulsion-300x300.webp 300w, https:\/\/www.bluelakechem.com\/wp-content\/uploads\/2024\/12\/Silicone-Oil-Emulsion-150x150.webp 150w, https:\/\/www.bluelakechem.com\/wp-content\/uploads\/2024\/12\/Silicone-Oil-Emulsion-768x768.webp 768w, https:\/\/www.bluelakechem.com\/wp-content\/uploads\/2024\/12\/Silicone-Oil-Emulsion-12x12.webp 12w, https:\/\/www.bluelakechem.com\/wp-content\/uploads\/2024\/12\/Silicone-Oil-Emulsion-600x600.webp 600w, https:\/\/www.bluelakechem.com\/wp-content\/uploads\/2024\/12\/Silicone-Oil-Emulsion-100x100.webp 100w\" sizes=\"(max-width: 800px) 100vw, 800px\" \/><\/figure>\n<\/div>\n<\/div>\n\n\n\n<p><\/p>","protected":false},"excerpt":{"rendered":"<p>La emulsi\u00f3n de aceite de silicona en bloque modificada presenta un aspecto incoloro y transparente, ofreciendo un rendimiento superior en el acabado textil. Esta avanzada emulsi\u00f3n de silicona confiere un tacto excepcionalmente suave a los tejidos, al tiempo que garantiza la ausencia de problemas de amarilleamiento, lo que la hace ideal para el procesado de tejidos blancos y de colores claros.<\/p>\n<p><strong>N\u00ba de modelo<\/strong>71868<\/p>","protected":false},"featured_media":1459,"comment_status":"closed","ping_status":"closed","template":"","meta":{"_acf_changed":false},"material":[26,30],"process":[23,42,24],"product_brand":[],"product_cat":[15],"product_tag":[],"class_list":{"0":"post-996","1":"product","2":"type-product","3":"status-publish","4":"has-post-thumbnail","6":"material-cotton-agent","7":"material-viscose-chemicals","8":"process-textile-finishing-chemicals","9":"process-softener","10":"process-silicone-oil","11":"product_cat-uncategorized","13":"first","14":"instock","15":"shipping-taxable","16":"product-type-simple"},"acf":[],"_links":{"self":[{"href":"https:\/\/www.bluelakechem.com\/es\/wp-json\/wp\/v2\/product\/996","targetHints":{"allow":["GET"]}}],"collection":[{"href":"https:\/\/www.bluelakechem.com\/es\/wp-json\/wp\/v2\/product"}],"about":[{"href":"https:\/\/www.bluelakechem.com\/es\/wp-json\/wp\/v2\/types\/product"}],"replies":[{"embeddable":true,"href":"https:\/\/www.bluelakechem.com\/es\/wp-json\/wp\/v2\/comments?post=996"}],"wp:featuredmedia":[{"embeddable":true,"href":"https:\/\/www.bluelakechem.com\/es\/wp-json\/wp\/v2\/media\/1459"}],"wp:attachment":[{"href":"https:\/\/www.bluelakechem.com\/es\/wp-json\/wp\/v2\/media?parent=996"}],"wp:term":[{"taxonomy":"material","embeddable":true,"href":"https:\/\/www.bluelakechem.com\/es\/wp-json\/wp\/v2\/material?post=996"},{"taxonomy":"process","embeddable":true,"href":"https:\/\/www.bluelakechem.com\/es\/wp-json\/wp\/v2\/process?post=996"},{"taxonomy":"product_brand","embeddable":true,"href":"https:\/\/www.bluelakechem.com\/es\/wp-json\/wp\/v2\/product_brand?post=996"},{"taxonomy":"product_cat","embeddable":true,"href":"https:\/\/www.bluelakechem.com\/es\/wp-json\/wp\/v2\/product_cat?post=996"},{"taxonomy":"product_tag","embeddable":true,"href":"https:\/\/www.bluelakechem.com\/es\/wp-json\/wp\/v2\/product_tag?post=996"}],"curies":[{"name":"wp","href":"https:\/\/api.w.org\/{rel}","templated":true}]}}