{"id":1003,"date":"2024-12-17T08:39:15","date_gmt":"2024-12-17T08:39:15","guid":{"rendered":"https:\/\/www.bluelakechem.com\/?post_type=product&#038;p=1003"},"modified":"2025-02-22T08:15:46","modified_gmt":"2025-02-22T08:15:46","slug":"silicone-softeners","status":"publish","type":"product","link":"https:\/\/www.bluelakechem.com\/pt\/product\/silicone-softeners\/","title":{"rendered":"Amaciantes de silicone hidrof\u00f3bicos Emuls\u00e3o de silicone em bloco para algod\u00e3o e viscose"},"content":{"rendered":"<div class=\"wp-block-columns is-layout-flex wp-container-core-columns-is-layout-9d6595d7 wp-block-columns-is-layout-flex\">\n<div class=\"wp-block-column is-layout-flow wp-block-column-is-layout-flow\" style=\"flex-basis:50%\">\n<h2 class=\"wp-block-heading\">Amaciantes de silicone Caracter\u00edsticas:<\/h2>\n\n\n\n<p><strong>Maior maciez e volume: <\/strong>Particularmente eficazes em materiais como o algod\u00e3o e suas misturas, eles proporcionam um toque macio e volumoso aos tecidos, aprimorando a sensa\u00e7\u00e3o dos tecidos, tornando-os macios e luxuosos.<\/p>\n\n\n\n<p><strong>Atualiza\u00e7\u00e3o de desempenho: <\/strong>\u00c9 uma vers\u00e3o aprimorada do \u00f3leo de silicone amino tradicional, proporcionando melhor desempenho em termos de maciez, durabilidade e sensa\u00e7\u00e3o do tecido, o que o torna uma solu\u00e7\u00e3o mais avan\u00e7ada e eficaz.<\/p>\n\n\n\n<p><strong>Efeito hidrof\u00f3bico:<\/strong> Os amaciantes conferem aos tecidos propriedades hidrof\u00f3bicas, reduzindo a absor\u00e7\u00e3o de \u00e1gua, melhorando assim a repel\u00eancia \u00e0 \u00e1gua dos tecidos e mantendo o conforto e a respirabilidade.<br><br><strong>Maior estabilidade e durabilidade na lavagem:<\/strong> Os amaciantes de silicone s\u00e3o est\u00e1veis em v\u00e1rias condi\u00e7\u00f5es, oferecendo resist\u00eancia superior ao desbotamento da lavagem e \u00e0 degrada\u00e7\u00e3o do tecido.<\/p>\n\n\n\n<h2 class=\"wp-block-heading\">Amaciantes de silicone Aplica\u00e7\u00f5es:<\/h2>\n\n\n\n<p><strong>Acabamento em tecido de algod\u00e3o e viscose:<\/strong> Ele pode aumentar a maciez e a fofura dessas fibras naturais, tornando-as mais confort\u00e1veis de usar.<\/p>\n\n\n\n<p><strong>Tecidos mistos: <\/strong>Ideal para o acabamento de misturas de algod\u00e3o e fibras sint\u00e9ticas, proporcionando um equil\u00edbrio entre maciez e repel\u00eancia \u00e0 \u00e1gua, ideal para uma variedade de aplica\u00e7\u00f5es em vestu\u00e1rio e t\u00eaxteis dom\u00e9sticos.<\/p>\n\n\n\n<p><strong>Fabrica\u00e7\u00e3o de vestu\u00e1rio: <\/strong>Usado na produ\u00e7\u00e3o de vestu\u00e1rio para melhorar a maciez, o toque e a resist\u00eancia \u00e0 umidade de tecidos de algod\u00e3o e viscose, ajudando a produzir roupas confort\u00e1veis e de alto desempenho.<\/p>\n\n\n\n<p><strong>Toalhas e roupas de cama:<\/strong> Aumenta a maciez e a fofura de toalhas, len\u00e7\u00f3is e fronhas, garantindo que permane\u00e7am macios e confort\u00e1veis ap\u00f3s v\u00e1rias lavagens.<\/p>\n<\/div>\n\n\n\n<div class=\"wp-block-column is-layout-flow wp-block-column-is-layout-flow\" style=\"flex-basis:50%\">\n<figure class=\"wp-block-image size-full\"><img decoding=\"async\" width=\"1000\" height=\"1000\" src=\"https:\/\/www.bluelakechem.com\/wp-content\/uploads\/2024\/12\/Hydrophobic-Silicone-Softeners-for-Cellulose-Fabric.webp\" alt=\"Amaciantes de silicone hidrof\u00f3bicos para tecidos de celulose\" class=\"wp-image-1012\" srcset=\"https:\/\/www.bluelakechem.com\/wp-content\/uploads\/2024\/12\/Hydrophobic-Silicone-Softeners-for-Cellulose-Fabric.webp 1000w, https:\/\/www.bluelakechem.com\/wp-content\/uploads\/2024\/12\/Hydrophobic-Silicone-Softeners-for-Cellulose-Fabric-300x300.webp 300w, https:\/\/www.bluelakechem.com\/wp-content\/uploads\/2024\/12\/Hydrophobic-Silicone-Softeners-for-Cellulose-Fabric-150x150.webp 150w, https:\/\/www.bluelakechem.com\/wp-content\/uploads\/2024\/12\/Hydrophobic-Silicone-Softeners-for-Cellulose-Fabric-768x768.webp 768w, https:\/\/www.bluelakechem.com\/wp-content\/uploads\/2024\/12\/Hydrophobic-Silicone-Softeners-for-Cellulose-Fabric-600x600.webp 600w, https:\/\/www.bluelakechem.com\/wp-content\/uploads\/2024\/12\/Hydrophobic-Silicone-Softeners-for-Cellulose-Fabric-100x100.webp 100w\" sizes=\"(max-width: 1000px) 100vw, 1000px\" \/><\/figure>\n<\/div>\n<\/div>","protected":false},"excerpt":{"rendered":"<p>Essa microemuls\u00e3o de amaciante de silicone em bloco modificado \u00e9 uma vers\u00e3o aprimorada do amaciante de silicone amino tradicional, projetada para o acabamento fofo e macio de algod\u00e3o, viscose e suas misturas.<\/p>\n<p><strong>Modelo n\u00ba.<\/strong>80319<\/p>\n<p><img decoding=\"async\" class=\"alignnone size-medium wp-image-1660\" src=\"https:\/\/www.bluelakechem.com\/wp-content\/uploads\/2024\/12\/80319-\u5b9e\u9a8c\uff08\u53cclogo-300x300.jpg\" alt=\"\" width=\"300\" height=\"300\" srcset=\"https:\/\/www.bluelakechem.com\/wp-content\/uploads\/2024\/12\/80319-\u5b9e\u9a8c\uff08\u53cclogo-300x300.jpg 300w, https:\/\/www.bluelakechem.com\/wp-content\/uploads\/2024\/12\/80319-\u5b9e\u9a8c\uff08\u53cclogo-150x150.jpg 150w, https:\/\/www.bluelakechem.com\/wp-content\/uploads\/2024\/12\/80319-\u5b9e\u9a8c\uff08\u53cclogo-768x768.jpg 768w, https:\/\/www.bluelakechem.com\/wp-content\/uploads\/2024\/12\/80319-\u5b9e\u9a8c\uff08\u53cclogo-12x12.jpg 12w, https:\/\/www.bluelakechem.com\/wp-content\/uploads\/2024\/12\/80319-\u5b9e\u9a8c\uff08\u53cclogo-600x600.jpg 600w, https:\/\/www.bluelakechem.com\/wp-content\/uploads\/2024\/12\/80319-\u5b9e\u9a8c\uff08\u53cclogo-100x100.jpg 100w, https:\/\/www.bluelakechem.com\/wp-content\/uploads\/2024\/12\/80319-\u5b9e\u9a8c\uff08\u53cclogo.jpg 800w\" sizes=\"(max-width: 300px) 100vw, 300px\" \/><\/p>","protected":false},"featured_media":1463,"comment_status":"closed","ping_status":"closed","template":"","meta":{"_acf_changed":false},"material":[26,30],"process":[23,42,24],"product_brand":[],"product_cat":[15],"product_tag":[],"class_list":{"0":"post-1003","1":"product","2":"type-product","3":"status-publish","4":"has-post-thumbnail","6":"material-cotton-agent","7":"material-viscose-chemicals","8":"process-textile-finishing-chemicals","9":"process-softener","10":"process-silicone-oil","11":"product_cat-uncategorized","13":"first","14":"instock","15":"shipping-taxable","16":"product-type-simple"},"acf":[],"_links":{"self":[{"href":"https:\/\/www.bluelakechem.com\/pt\/wp-json\/wp\/v2\/product\/1003","targetHints":{"allow":["GET"]}}],"collection":[{"href":"https:\/\/www.bluelakechem.com\/pt\/wp-json\/wp\/v2\/product"}],"about":[{"href":"https:\/\/www.bluelakechem.com\/pt\/wp-json\/wp\/v2\/types\/product"}],"replies":[{"embeddable":true,"href":"https:\/\/www.bluelakechem.com\/pt\/wp-json\/wp\/v2\/comments?post=1003"}],"wp:featuredmedia":[{"embeddable":true,"href":"https:\/\/www.bluelakechem.com\/pt\/wp-json\/wp\/v2\/media\/1463"}],"wp:attachment":[{"href":"https:\/\/www.bluelakechem.com\/pt\/wp-json\/wp\/v2\/media?parent=1003"}],"wp:term":[{"taxonomy":"material","embeddable":true,"href":"https:\/\/www.bluelakechem.com\/pt\/wp-json\/wp\/v2\/material?post=1003"},{"taxonomy":"process","embeddable":true,"href":"https:\/\/www.bluelakechem.com\/pt\/wp-json\/wp\/v2\/process?post=1003"},{"taxonomy":"product_brand","embeddable":true,"href":"https:\/\/www.bluelakechem.com\/pt\/wp-json\/wp\/v2\/product_brand?post=1003"},{"taxonomy":"product_cat","embeddable":true,"href":"https:\/\/www.bluelakechem.com\/pt\/wp-json\/wp\/v2\/product_cat?post=1003"},{"taxonomy":"product_tag","embeddable":true,"href":"https:\/\/www.bluelakechem.com\/pt\/wp-json\/wp\/v2\/product_tag?post=1003"}],"curies":[{"name":"wp","href":"https:\/\/api.w.org\/{rel}","templated":true}]}}