{"id":1022,"date":"2024-12-17T08:36:15","date_gmt":"2024-12-17T08:36:15","guid":{"rendered":"https:\/\/www.bluelakechem.com\/?post_type=product&#038;p=1022"},"modified":"2025-07-02T01:42:00","modified_gmt":"2025-07-02T01:42:00","slug":"silicone-fabric-softener","status":"publish","type":"product","link":"https:\/\/www.bluelakechem.com\/pt\/product\/silicone-fabric-softener\/","title":{"rendered":"Amaciante de tecido de silicone Agente de acabamento t\u00eaxtil suave e de baixo amarelamento"},"content":{"rendered":"<div class=\"wp-block-columns is-layout-flex wp-container-core-columns-is-layout-9d6595d7 wp-block-columns-is-layout-flex\">\n<div class=\"wp-block-column is-layout-flow wp-block-column-is-layout-flow\" style=\"flex-basis:50%\">\n<h2 class=\"wp-block-heading\">Silicone Fabric Softener Caracter\u00edsticas:<\/h2>\n\n\n\n<p><strong>Suavidade superior:<\/strong> O amaciante de silicone melhora significativamente a maciez do tecido, dando a ele uma sensa\u00e7\u00e3o suave e delicada e tornando-o mais confort\u00e1vel.<br><strong>Elasticidade e recupera\u00e7\u00e3o aprimoradas:<\/strong> Melhora a elasticidade do tecido e a recupera\u00e7\u00e3o da forma, especialmente adequado para spandex e outros tecidos el\u00e1sticos, mantendo o tecido firme e sem deforma\u00e7\u00f5es.<br><strong>Amarelecimento extremamente baixo: <\/strong>A f\u00f3rmula n\u00e3o \u00e9 f\u00e1cil de amarelar, sendo especialmente adequada para o acabamento de tecidos brancos e de cores claras, para garantir que a cor e a textura originais sejam mantidas por um longo tempo.<br><strong>Lavabilidade de longa dura\u00e7\u00e3o:<\/strong> O amaciante de silicone tem um efeito duradouro e mant\u00e9m sua maciez e suavidade ap\u00f3s muitas lavagens, aumentando a durabilidade do tecido.<br><strong>Ambientalmente seguro:<\/strong> A f\u00f3rmula n\u00e3o t\u00f3xica e ecologicamente correta atende aos padr\u00f5es modernos. Adotando formula\u00e7\u00f5es at\u00f3xicas e ambientalmente corretas, de acordo com os padr\u00f5es ambientais do setor t\u00eaxtil moderno, \u00e9 seguro e confi\u00e1vel.<\/p>\n\n\n\n<h2 class=\"wp-block-heading\">Aplica\u00e7\u00f5es do amaciante de tecidos de silicone:<\/h2>\n\n\n\n<p><strong>Tecidos de algod\u00e3o e celulose: <\/strong>O amaciante de silicone \u00e9 amplamente utilizado em tecidos de algod\u00e3o, viscose e outros tecidos de celulose para melhorar a maciez e a suavidade dos tecidos e aprimorar o toque e a qualidade.<br><strong>Tecidos el\u00e1sticos: <\/strong>Especialmente adequado para spandex, misturas de lycra e outros tecidos altamente el\u00e1sticos, tornando os tecidos macios e el\u00e1sticos e mantendo a estabilidade da forma.<br><strong>Tecidos e malhas:<\/strong> Usado em tecidos e malhas para melhorar a suavidade e o toque dos tecidos, adequado para roupas de moda e funcionais.<br><strong>Tecidos para roupas esportivas e casuais:<\/strong> Acabamento para roupas esportivas e casuais para aumentar a maciez, a elasticidade e a capacidade de lavagem dos tecidos e melhorar o conforto de uso.<br><strong>Tecidos funcionais: <\/strong>O amaciante de silicone \u00e9 usado em tecidos funcionais, como roupas m\u00e9dicas, de trabalho, de prote\u00e7\u00e3o etc., para aumentar a maciez e as propriedades antiest\u00e1ticas, mantendo a fun\u00e7\u00e3o original.<br><strong>Tecidos de moda:<\/strong> O amaciante de silicone \u00e9 usado em tecidos de vestu\u00e1rio de alta qualidade, como seda, l\u00e3 e fibras sint\u00e9ticas, para adicionar textura de alta qualidade e conforto de uso.<\/p>\n<\/div>\n\n\n\n<div class=\"wp-block-column is-layout-flow wp-block-column-is-layout-flow\" style=\"flex-basis:50%\">\n<figure class=\"wp-block-embed is-type-video is-provider-youtube wp-block-embed-youtube wp-embed-aspect-16-9 wp-has-aspect-ratio\"><div class=\"wp-block-embed__wrapper\">\n<iframe title=\"O amaciante de silicone Soft &amp; Smooth proporciona um cabo el\u00e1stico.#Smooth #Fluffy #Finishing\" width=\"500\" height=\"281\" src=\"https:\/\/www.youtube.com\/embed\/2SMWAHAJ9Y0?feature=oembed\" frameborder=\"0\" allow=\"accelerometer; autoplay; clipboard-write; encrypted-media; gyroscope; picture-in-picture; web-share\" referrerpolicy=\"strict-origin-when-cross-origin\" allowfullscreen><\/iframe>\n<\/div><\/figure>\n\n\n\n<figure class=\"wp-block-image size-full\"><img decoding=\"async\" width=\"1363\" height=\"1701\" src=\"https:\/\/www.bluelakechem.com\/wp-content\/uploads\/2024\/12\/Silicone-Softener-95001.webp\" alt=\"Amaciante de silicone\" class=\"wp-image-2420\" srcset=\"https:\/\/www.bluelakechem.com\/wp-content\/uploads\/2024\/12\/Silicone-Softener-95001.webp 1363w, https:\/\/www.bluelakechem.com\/wp-content\/uploads\/2024\/12\/Silicone-Softener-95001-240x300.webp 240w, https:\/\/www.bluelakechem.com\/wp-content\/uploads\/2024\/12\/Silicone-Softener-95001-768x958.webp 768w, https:\/\/www.bluelakechem.com\/wp-content\/uploads\/2024\/12\/Silicone-Softener-95001-10x12.webp 10w, https:\/\/www.bluelakechem.com\/wp-content\/uploads\/2024\/12\/Silicone-Softener-95001-1200x1498.webp 1200w, https:\/\/www.bluelakechem.com\/wp-content\/uploads\/2024\/12\/Silicone-Softener-95001-600x749.webp 600w\" sizes=\"(max-width: 1363px) 100vw, 1363px\" \/><\/figure>\n\n\n\n<h2 class=\"wp-block-heading\">Propriedades do amaciante de tecidos de silicone:<\/h2>\n\n\n\n<figure class=\"wp-block-table\"><table class=\"has-fixed-layout\"><tbody><tr><td>Apar\u00eancia:<\/td><td>L\u00edquido transparente e turvo<\/td><\/tr><tr><td>Ionicidade:<\/td><td>Cati\u00f4nico fraco<\/td><\/tr><tr><td>Valor do pH:<\/td><td>6,2\u00b10,5 (solu\u00e7\u00e3o aquosa de 1%)<\/td><\/tr><tr><td>Solubilidade:<\/td><td>Sol\u00favel em \u00e1gua<\/td><\/tr><\/tbody><\/table><\/figure>\n\n\n\n<h2 class=\"wp-block-heading\">Instru\u00e7\u00f5es do amaciante de silicone:<\/h2>\n\n\n\n<p>1. recomenda-se o uso no processo de estofamento.<\/p>\n\n\n\n<ol class=\"wp-block-list\">\n<li><\/li>\n<\/ol>\n\n\n\n<p>Dosagem de refer\u00eancia: 10~30 g\/L.<\/p>\n\n\n\n<p>Estentor: 150~180\u2103\u00d750~60s<\/p>\n\n\n\n<p>(Para processos diferentes, ajuste a dosagem de acordo com o resultado do teste de amostra).<\/p>\n\n\n\n<p>2. para um manuseio exclusivo, pode ser usado em conjunto com outros agentes de acabamento.<\/p>\n\n\n\n<p>Fa\u00e7a um teste de compatibilidade antes de usar.<\/p>\n<\/div>\n<\/div>","protected":false},"excerpt":{"rendered":"<p>O \u00f3leo de silicone em bloco modificado, um amaciante de silicone premium para tecidos, proporciona um acabamento suave e el\u00e1stico para v\u00e1rias fibras. Ele aumenta a maciez, a elasticidade e a textura com efeitos duradouros, o que o torna perfeito para melhorar a textura e o desempenho de uma ampla variedade de tecidos.<\/p>\n<p><strong>Modelo n\u00ba.<\/strong>95001<\/p>","protected":false},"featured_media":1466,"comment_status":"closed","ping_status":"closed","template":"","meta":{"_acf_changed":false},"material":[26,27,28,29,30,31,32,33,34],"process":[23,42,24],"product_brand":[],"product_cat":[15],"product_tag":[],"class_list":{"0":"post-1022","1":"product","2":"type-product","3":"status-publish","4":"has-post-thumbnail","6":"material-cotton-agent","7":"material-polyester-chemicals","8":"material-nylon-agent","9":"material-acrylic-chemicals","10":"material-viscose-chemicals","11":"material-wool-auxiliary","12":"material-linen-chemicals","13":"material-silk-chemicals","14":"material-fabric-chemicals","15":"process-textile-finishing-chemicals","16":"process-softener","17":"process-silicone-oil","18":"product_cat-uncategorized","20":"first","21":"instock","22":"shipping-taxable","23":"product-type-simple"},"acf":[],"_links":{"self":[{"href":"https:\/\/www.bluelakechem.com\/pt\/wp-json\/wp\/v2\/product\/1022","targetHints":{"allow":["GET"]}}],"collection":[{"href":"https:\/\/www.bluelakechem.com\/pt\/wp-json\/wp\/v2\/product"}],"about":[{"href":"https:\/\/www.bluelakechem.com\/pt\/wp-json\/wp\/v2\/types\/product"}],"replies":[{"embeddable":true,"href":"https:\/\/www.bluelakechem.com\/pt\/wp-json\/wp\/v2\/comments?post=1022"}],"wp:featuredmedia":[{"embeddable":true,"href":"https:\/\/www.bluelakechem.com\/pt\/wp-json\/wp\/v2\/media\/1466"}],"wp:attachment":[{"href":"https:\/\/www.bluelakechem.com\/pt\/wp-json\/wp\/v2\/media?parent=1022"}],"wp:term":[{"taxonomy":"material","embeddable":true,"href":"https:\/\/www.bluelakechem.com\/pt\/wp-json\/wp\/v2\/material?post=1022"},{"taxonomy":"process","embeddable":true,"href":"https:\/\/www.bluelakechem.com\/pt\/wp-json\/wp\/v2\/process?post=1022"},{"taxonomy":"product_brand","embeddable":true,"href":"https:\/\/www.bluelakechem.com\/pt\/wp-json\/wp\/v2\/product_brand?post=1022"},{"taxonomy":"product_cat","embeddable":true,"href":"https:\/\/www.bluelakechem.com\/pt\/wp-json\/wp\/v2\/product_cat?post=1022"},{"taxonomy":"product_tag","embeddable":true,"href":"https:\/\/www.bluelakechem.com\/pt\/wp-json\/wp\/v2\/product_tag?post=1022"}],"curies":[{"name":"wp","href":"https:\/\/api.w.org\/{rel}","templated":true}]}}