{"id":1030,"date":"2024-12-17T08:26:44","date_gmt":"2024-12-17T08:26:44","guid":{"rendered":"https:\/\/www.bluelakechem.com\/?post_type=product&#038;p=1030"},"modified":"2025-06-17T08:25:07","modified_gmt":"2025-06-17T08:25:07","slug":"fabric-softening-agents","status":"publish","type":"product","link":"https:\/\/www.bluelakechem.com\/pt\/product\/fabric-softening-agents\/","title":{"rendered":"Agentes de amaciamento de tecidos Produtos qu\u00edmicos de acabamento t\u00eaxtil para poli\u00e9ster, nylon, blen"},"content":{"rendered":"<div class=\"wp-block-columns is-layout-flex wp-container-core-columns-is-layout-9d6595d7 wp-block-columns-is-layout-flex\">\n<div class=\"wp-block-column is-layout-flow wp-block-column-is-layout-flow\" style=\"flex-basis:50%\">\n<h2 class=\"wp-block-heading\">Agentes amaciantes de tecidos Caracter\u00edsticas:<\/h2>\n\n\n\n<p><strong>Maior maciez:<\/strong> Os agentes amaciantes de tecidos melhoram a maciez e a sensa\u00e7\u00e3o de conforto dos tecidos, tornando-os suaves, delicados e luxuosos contra a pele.<\/p>\n\n\n\n<p><strong>Al\u00e7a aprimorada: <\/strong>Os agentes amaciantes de tecido melhoram a textura geral do tecido, tornando-o mais macio, flex\u00edvel e menos r\u00edgido ap\u00f3s o tratamento.<\/p>\n\n\n\n<p><strong>Propriedades antiest\u00e1ticas:<\/strong> A maioria dos amaciantes de tecidos reduz o desenvolvimento de est\u00e1tica nos tecidos e, portanto, evita a ader\u00eancia e a atra\u00e7\u00e3o de poeira e fiapos.<\/p>\n\n\n\n<p><strong>Cor e brilho aprimorados:<\/strong> Os agentes amaciantes de tecidos melhoram a apar\u00eancia dos tecidos, dando-lhes uma apar\u00eancia suave e lustrosa e ajudando a manter as cores brilhantes.<\/p>\n\n\n\n<p><strong>Maciez duradoura:<\/strong> Esses agentes mant\u00eam as propriedades de maciez do tecido mesmo ap\u00f3s repetidas lavagens, o que os torna bastante eficazes para uso prolongado.<\/p>\n\n\n\n<p><strong>Redu\u00e7\u00e3o do atrito e do desgaste: <\/strong>Ao revestir o tecido com uma camada macia e suave, os agentes amaciantes de tecido reduzem a abras\u00e3o e o desgaste, prolongando a vida \u00fatil do tecido.<\/p>\n\n\n\n<h2 class=\"wp-block-heading\">Agentes amaciantes de tecidos Aplica\u00e7\u00f5es:<\/h2>\n\n\n\n<p><strong>Tecidos sint\u00e9ticos e mistos:<\/strong> Os agentes amaciantes de tecido s\u00e3o usados no acabamento de fibras sint\u00e9ticas, como poli\u00e9ster e misturas, para melhorar sua sensa\u00e7\u00e3o e maciez.<\/p>\n\n\n\n<p><strong>Roupas esportivas e tecidos funcionais:<\/strong> Os amaciantes de tecido melhoram a flexibilidade e o conforto das roupas esportivas, incluindo materiais como spandex, elastano e tecidos que absorvem a umidade, tornando-os mais confort\u00e1veis para uso ativo.<\/p>\n\n\n\n<p><strong>T\u00eaxteis para o lar: <\/strong>Os tecidos usados para roupas de cama, toalhas, fronhas e cortinas fazem com que os agentes amaciantes de tecidos mantenham a maciez, o conforto e um aroma fresco para aprimorar a experi\u00eancia geral de uso.<\/p>\n\n\n\n<p><strong>Vestu\u00e1rio de alta qualidade:<\/strong> Para tecidos de alta qualidade, como seda, l\u00e3 e caxemira, os amaciantes de tecido trabalham para manter um acabamento macio e suave, melhorando a sensa\u00e7\u00e3o de qualidade e a apar\u00eancia das roupas.<\/p>\n\n\n\n<p><strong>Tecidos para beb\u00eas e peles sens\u00edveis:<\/strong> Agentes amaciantes de tecido s\u00e3o adicionados a produtos como roupas de beb\u00ea e tecidos para peles sens\u00edveis para garantir que o tecido seja suave e n\u00e3o contenha produtos qu\u00edmicos irritantes.<\/p>\n\n\n\n<p><strong>Prote\u00e7\u00e3o e cuidados com o tecido:<\/strong> Os amaciantes de tecidos tamb\u00e9m s\u00e3o aplicados para proteger os tecidos contra danos durante a lavagem, reduzindo o desgaste ao longo do tempo e prolongando a vida \u00fatil do tecido.<\/p>\n<\/div>\n\n\n\n<div class=\"wp-block-column is-layout-flow wp-block-column-is-layout-flow\" style=\"flex-basis:50%\">\n<figure class=\"wp-block-image size-full\"><img decoding=\"async\" width=\"1363\" height=\"1701\" src=\"https:\/\/www.bluelakechem.com\/wp-content\/uploads\/2024\/12\/Softening-Agents-70793.webp\" alt=\"Agentes amaciantes\" class=\"wp-image-2418\" srcset=\"https:\/\/www.bluelakechem.com\/wp-content\/uploads\/2024\/12\/Softening-Agents-70793.webp 1363w, https:\/\/www.bluelakechem.com\/wp-content\/uploads\/2024\/12\/Softening-Agents-70793-240x300.webp 240w, https:\/\/www.bluelakechem.com\/wp-content\/uploads\/2024\/12\/Softening-Agents-70793-768x958.webp 768w, https:\/\/www.bluelakechem.com\/wp-content\/uploads\/2024\/12\/Softening-Agents-70793-10x12.webp 10w, https:\/\/www.bluelakechem.com\/wp-content\/uploads\/2024\/12\/Softening-Agents-70793-1200x1498.webp 1200w, https:\/\/www.bluelakechem.com\/wp-content\/uploads\/2024\/12\/Softening-Agents-70793-600x749.webp 600w\" sizes=\"(max-width: 1363px) 100vw, 1363px\" \/><\/figure>\n\n\n\n<h2 class=\"wp-block-heading\">Propriedades dos agentes amaciantes de tecidos:<\/h2>\n\n\n\n<figure class=\"wp-block-table\"><table class=\"has-fixed-layout\"><tbody><tr><td>Apar\u00eancia:<\/td><td>L\u00edquido incolor a amarelo claro<\/td><\/tr><tr><td>Ionicidade:<\/td><td>Cati\u00f4nico fraco<\/td><\/tr><tr><td>Valor do pH:<\/td><td>6,0~7,0 (solu\u00e7\u00e3o aquosa de 1%)<\/td><\/tr><tr><td>Solubilidade:<\/td><td>Sol\u00favel em \u00e1gua<\/td><\/tr><\/tbody><\/table><\/figure>\n\n\n\n<h2 class=\"wp-block-heading\">Instru\u00e7\u00e3o de agentes amaciantes de tecidos:<\/h2>\n\n\n\n<p>Processo de preenchimento:<strong><\/strong><\/p>\n\n\n\n<p>Para tecidos leves e finos: dosagem de refer\u00eancia: 10~20 g\/L<\/p>\n\n\n\n<p>Para tecidos pesados e grossos: dosagem de refer\u00eancia: 20~30 g\/L<strong><\/strong><\/p>\n\n\n\n<p>O melhor valor de pH da solu\u00e7\u00e3o de trabalho: 6.0~7.0<\/p>\n\n\n\n<p>Estentor: Mergulho e preenchimento (Coletor: 70~90%) \u2192 150~170\u2103 \u00d7 60~90s<strong><\/strong><\/p>\n<\/div>\n<\/div>","protected":false},"excerpt":{"rendered":"<p>O \u00f3leo de silicone em bloco, uma op\u00e7\u00e3o premium entre os agentes amaciantes de tecidos, \u00e9 adequado para v\u00e1rios tipos de tecidos mistos, especialmente tecidos de malha com nervuras. Ele proporciona um toque macio e agrad\u00e1vel \u00e0 pele.<\/p>\n<p><strong>Modelo n\u00ba.<\/strong>70793<\/p>","protected":false},"featured_media":1467,"comment_status":"closed","ping_status":"closed","template":"","meta":{"_acf_changed":false},"material":[27,28,29,34],"process":[23,42,24],"product_brand":[],"product_cat":[15],"product_tag":[],"class_list":{"0":"post-1030","1":"product","2":"type-product","3":"status-publish","4":"has-post-thumbnail","6":"material-polyester-chemicals","7":"material-nylon-agent","8":"material-acrylic-chemicals","9":"material-fabric-chemicals","10":"process-textile-finishing-chemicals","11":"process-softener","12":"process-silicone-oil","13":"product_cat-uncategorized","15":"first","16":"instock","17":"shipping-taxable","18":"product-type-simple"},"acf":[],"_links":{"self":[{"href":"https:\/\/www.bluelakechem.com\/pt\/wp-json\/wp\/v2\/product\/1030","targetHints":{"allow":["GET"]}}],"collection":[{"href":"https:\/\/www.bluelakechem.com\/pt\/wp-json\/wp\/v2\/product"}],"about":[{"href":"https:\/\/www.bluelakechem.com\/pt\/wp-json\/wp\/v2\/types\/product"}],"replies":[{"embeddable":true,"href":"https:\/\/www.bluelakechem.com\/pt\/wp-json\/wp\/v2\/comments?post=1030"}],"wp:featuredmedia":[{"embeddable":true,"href":"https:\/\/www.bluelakechem.com\/pt\/wp-json\/wp\/v2\/media\/1467"}],"wp:attachment":[{"href":"https:\/\/www.bluelakechem.com\/pt\/wp-json\/wp\/v2\/media?parent=1030"}],"wp:term":[{"taxonomy":"material","embeddable":true,"href":"https:\/\/www.bluelakechem.com\/pt\/wp-json\/wp\/v2\/material?post=1030"},{"taxonomy":"process","embeddable":true,"href":"https:\/\/www.bluelakechem.com\/pt\/wp-json\/wp\/v2\/process?post=1030"},{"taxonomy":"product_brand","embeddable":true,"href":"https:\/\/www.bluelakechem.com\/pt\/wp-json\/wp\/v2\/product_brand?post=1030"},{"taxonomy":"product_cat","embeddable":true,"href":"https:\/\/www.bluelakechem.com\/pt\/wp-json\/wp\/v2\/product_cat?post=1030"},{"taxonomy":"product_tag","embeddable":true,"href":"https:\/\/www.bluelakechem.com\/pt\/wp-json\/wp\/v2\/product_tag?post=1030"}],"curies":[{"name":"wp","href":"https:\/\/api.w.org\/{rel}","templated":true}]}}