{"id":1042,"date":"2024-12-17T09:17:51","date_gmt":"2024-12-17T09:17:51","guid":{"rendered":"https:\/\/www.bluelakechem.com\/?post_type=product&#038;p=1042"},"modified":"2025-06-17T08:23:36","modified_gmt":"2025-06-17T08:23:36","slug":"fabric-softener-for-synthetic","status":"publish","type":"product","link":"https:\/\/www.bluelakechem.com\/pt\/product\/fabric-softener-for-synthetic\/","title":{"rendered":"Amaciante de tecido de silicone hidrof\u00edlico para acabamento de t\u00eaxteis sint\u00e9ticos"},"content":{"rendered":"<div class=\"wp-block-columns is-layout-flex wp-container-core-columns-is-layout-9d6595d7 wp-block-columns-is-layout-flex\">\n<div class=\"wp-block-column is-layout-flow wp-block-column-is-layout-flow\" style=\"flex-basis:50%\">\n<h2 class=\"wp-block-heading\">Amaciante de tecido para caracter\u00edsticas sint\u00e9ticas:<\/h2>\n\n\n\n<p>Melhoria da maciez e da sensa\u00e7\u00e3o do tecido: Proporciona um toque excepcionalmente macio \u00e0s fibras sint\u00e9ticas para uma sensa\u00e7\u00e3o suave e confort\u00e1vel.<\/p>\n\n\n\n<p>Hidrofilicidade aprimorada e efeito de absor\u00e7\u00e3o de umidade: melhora a absor\u00e7\u00e3o de umidade e a respirabilidade, permitindo que o tecido absorva rapidamente o suor ou a umidade, mantendo o usu\u00e1rio seco e confort\u00e1vel.<\/p>\n\n\n\n<p>Adequado para fibras sint\u00e9ticas: Especialmente formulado para fibras qu\u00edmicas, como poli\u00e9ster, n\u00e1ilon e outros materiais sint\u00e9ticos, o que o torna uma solu\u00e7\u00e3o ideal para uma variedade de tecidos sint\u00e9ticos.<\/p>\n\n\n\n<p>Maior durabilidade: Mant\u00e9m a maciez e as propriedades de absor\u00e7\u00e3o de umidade mesmo ap\u00f3s v\u00e1rias lavagens, aumentando a vida \u00fatil do tecido.<\/p>\n\n\n\n<p>N\u00e3o t\u00f3xico e seguro: Seguro para contato com a pele, adequado para uso em roupas e outros tecidos que entram em contato direto com o corpo.<\/p>\n\n\n\n<h2 class=\"wp-block-heading\">Aplica\u00e7\u00f5es do amaciante para tecidos sint\u00e9ticos:<\/h2>\n\n\n\n<p><strong>Fibras sint\u00e9ticas e tecidos mistos:<\/strong><br>No caso de fibras sint\u00e9ticas, como poli\u00e9ster, n\u00e1ilon e suas misturas, ele proporciona um toque macio e melhora a textura dessas fibras.<\/p>\n\n\n\n<p><strong>T\u00eaxteis para o lar:<\/strong><br>Esses produtos s\u00e3o usados em roupas de cama, toalhas, fronhas e cortinas para garantir que permane\u00e7am macios e proporcionem uma sensa\u00e7\u00e3o e uma experi\u00eancia agrad\u00e1veis.<\/p>\n\n\n\n<p><strong>Roupas infantis:<\/strong><br>Aumenta o conforto e a facilidade de uso da pele dos tecidos sint\u00e9ticos usados em roupas infantis, garantindo um toque suave e a absor\u00e7\u00e3o de umidade para jovens usu\u00e1rios ativos.<\/p>\n\n\n\n<p><strong>Roupas funcionais de trabalho e roupas para uso externo:<\/strong><br>Os amaciantes usados melhoram a resist\u00eancia ao desgaste e o conforto de roupas de trabalho, equipamentos para atividades ao ar livre e roupas de prote\u00e7\u00e3o sem afetar a durabilidade e a funcionalidade do tecido.<\/p>\n\n\n\n<p><strong>Roupa \u00edntima e lingerie:<\/strong><br>Aplicado a tecidos sint\u00e9ticos usados em roupas \u00edntimas e lingerie para melhorar a maciez, o controle da umidade e o conforto.<\/p>\n\n\n\n<p><strong>Cal\u00e7ados esportivos:<\/strong><br>Pode ser aplicado a materiais sint\u00e9ticos usados em cal\u00e7ados e t\u00eanis esportivos para proporcionar maciez, respirabilidade e controle da umidade.<\/p>\n\n\n\n<p><strong>Tecidos para toalhas e banho:<\/strong><br>Ideal para toalhas sint\u00e9ticas, roup\u00f5es de banho e outros tecidos que exigem maciez e melhor absor\u00e7\u00e3o de umidade, tornando-os mais eficazes e confort\u00e1veis de usar.<\/p>\n<\/div>\n\n\n\n<div class=\"wp-block-column is-layout-flow wp-block-column-is-layout-flow\" style=\"flex-basis:50%\">\n<figure class=\"wp-block-image size-full\"><img decoding=\"async\" width=\"1363\" height=\"1701\" src=\"https:\/\/www.bluelakechem.com\/wp-content\/uploads\/2024\/12\/Silicone-Softener-97078.webp\" alt=\"Amaciante de silicone\" class=\"wp-image-2422\" srcset=\"https:\/\/www.bluelakechem.com\/wp-content\/uploads\/2024\/12\/Silicone-Softener-97078.webp 1363w, https:\/\/www.bluelakechem.com\/wp-content\/uploads\/2024\/12\/Silicone-Softener-97078-240x300.webp 240w, https:\/\/www.bluelakechem.com\/wp-content\/uploads\/2024\/12\/Silicone-Softener-97078-768x958.webp 768w, https:\/\/www.bluelakechem.com\/wp-content\/uploads\/2024\/12\/Silicone-Softener-97078-10x12.webp 10w, https:\/\/www.bluelakechem.com\/wp-content\/uploads\/2024\/12\/Silicone-Softener-97078-1200x1498.webp 1200w, https:\/\/www.bluelakechem.com\/wp-content\/uploads\/2024\/12\/Silicone-Softener-97078-600x749.webp 600w\" sizes=\"(max-width: 1363px) 100vw, 1363px\" \/><\/figure>\n\n\n\n<h2 class=\"wp-block-heading\">Amaciante de tecidos para propriedades sint\u00e9ticas:<\/h2>\n\n\n\n<figure class=\"wp-block-table\"><table class=\"has-fixed-layout\"><tbody><tr><td>Apar\u00eancia:<\/td><td>Emuls\u00e3o incolor<\/td><\/tr><tr><td>Ionicidade:<\/td><td>Cati\u00f4nico fraco<\/td><\/tr><tr><td>Valor do pH:<\/td><td>6,5\u00b10,5 (solu\u00e7\u00e3o aquosa de 1%)<\/td><\/tr><tr><td>Solubilidade:<\/td><td>Sol\u00favel em \u00e1gua com muita facilidade<\/td><\/tr><\/tbody><\/table><\/figure>\n\n\n\n<h2 class=\"wp-block-heading\">Amaciante de Tecido para Instru\u00e7\u00e3o Sint\u00e9tica:<\/h2>\n\n\n\n<p>1. para o processo de enchimento, dosagem de refer\u00eancia: 10~30 g\/L<\/p>\n\n\n\n<ol class=\"wp-block-list\"><\/ol>\n\n\n\n<p>O valor do pH do banho deve ser inferior a 7 (5~6 \u00e9 o melhor).<\/p>\n\n\n\n<p>2. para o processo de exaust\u00e3o, sugerimos dilu\u00ed-lo na propor\u00e7\u00e3o de 1:X (X=3~8) e depois us\u00e1-lo.<\/p>\n\n\n\n<p>Dosagem de refer\u00eancia do 97078 dilu\u00eddo: 1,0~3,0% (o.w.f)<\/p>\n<\/div>\n<\/div>","protected":false},"excerpt":{"rendered":"<p>O amaciante de silicone hidrof\u00edlico para tecidos sint\u00e9ticos proporciona uma sensa\u00e7\u00e3o de maciez e melhora muito a hidrofilicidade, a hidrofilicidade instant\u00e2nea e o efeito de absor\u00e7\u00e3o de umidade.<\/p>\n<p><strong>Modelo n\u00ba.<\/strong>97078<\/p>","protected":false},"featured_media":1456,"comment_status":"closed","ping_status":"closed","template":"","meta":{"_acf_changed":false},"material":[27,28,29,34],"process":[23,42,24],"product_brand":[],"product_cat":[15],"product_tag":[],"class_list":{"0":"post-1042","1":"product","2":"type-product","3":"status-publish","4":"has-post-thumbnail","6":"material-polyester-chemicals","7":"material-nylon-agent","8":"material-acrylic-chemicals","9":"material-fabric-chemicals","10":"process-textile-finishing-chemicals","11":"process-softener","12":"process-silicone-oil","13":"product_cat-uncategorized","15":"first","16":"instock","17":"shipping-taxable","18":"product-type-simple"},"acf":[],"_links":{"self":[{"href":"https:\/\/www.bluelakechem.com\/pt\/wp-json\/wp\/v2\/product\/1042","targetHints":{"allow":["GET"]}}],"collection":[{"href":"https:\/\/www.bluelakechem.com\/pt\/wp-json\/wp\/v2\/product"}],"about":[{"href":"https:\/\/www.bluelakechem.com\/pt\/wp-json\/wp\/v2\/types\/product"}],"replies":[{"embeddable":true,"href":"https:\/\/www.bluelakechem.com\/pt\/wp-json\/wp\/v2\/comments?post=1042"}],"wp:featuredmedia":[{"embeddable":true,"href":"https:\/\/www.bluelakechem.com\/pt\/wp-json\/wp\/v2\/media\/1456"}],"wp:attachment":[{"href":"https:\/\/www.bluelakechem.com\/pt\/wp-json\/wp\/v2\/media?parent=1042"}],"wp:term":[{"taxonomy":"material","embeddable":true,"href":"https:\/\/www.bluelakechem.com\/pt\/wp-json\/wp\/v2\/material?post=1042"},{"taxonomy":"process","embeddable":true,"href":"https:\/\/www.bluelakechem.com\/pt\/wp-json\/wp\/v2\/process?post=1042"},{"taxonomy":"product_brand","embeddable":true,"href":"https:\/\/www.bluelakechem.com\/pt\/wp-json\/wp\/v2\/product_brand?post=1042"},{"taxonomy":"product_cat","embeddable":true,"href":"https:\/\/www.bluelakechem.com\/pt\/wp-json\/wp\/v2\/product_cat?post=1042"},{"taxonomy":"product_tag","embeddable":true,"href":"https:\/\/www.bluelakechem.com\/pt\/wp-json\/wp\/v2\/product_tag?post=1042"}],"curies":[{"name":"wp","href":"https:\/\/api.w.org\/{rel}","templated":true}]}}