{"id":1044,"date":"2024-12-17T10:23:48","date_gmt":"2024-12-17T10:23:48","guid":{"rendered":"https:\/\/www.bluelakechem.com\/?post_type=product&#038;p=1044"},"modified":"2025-01-17T12:42:43","modified_gmt":"2025-01-17T12:42:43","slug":"antimicrobial-agent","status":"publish","type":"product","link":"https:\/\/www.bluelakechem.com\/pt\/product\/antimicrobial-agent\/","title":{"rendered":"Agente antimicrobiano de \u00edons de zinco Auxiliares antif\u00fangicos para acabamento de fibras"},"content":{"rendered":"<div class=\"wp-block-columns is-layout-flex wp-container-core-columns-is-layout-9d6595d7 wp-block-columns-is-layout-flex\">\n<div class=\"wp-block-column is-layout-flow wp-block-column-is-layout-flow\" style=\"flex-basis:50%\">\n<h2 class=\"wp-block-heading\">Agente antimicrobiano Caracter\u00edsticas:<\/h2>\n\n\n\n<p><strong>A\u00e7\u00e3o antimicrobiana eficaz:<\/strong> Cont\u00e9m \u00edons de zinco com poderosas propriedades antimicrobianas que inibem o crescimento bacteriano, garantindo a higiene do tecido e evitando odores desagrad\u00e1veis.<\/p>\n\n\n\n<p><strong>Prote\u00e7\u00e3o antif\u00fangica:<\/strong> Com propriedades antif\u00fangicas eficazes, ele evita o crescimento de mofo nos tecidos e \u00e9 ideal para ambientes com alta umidade.<\/p>\n\n\n\n<p><strong>Testado como antimicrobiano pela AATCC:<\/strong> Atende aos padr\u00f5es de testes antimicrobianos da AATCC dos EUA, garantindo sua efic\u00e1cia em condi\u00e7\u00f5es reais e sua capacidade de atender aos requisitos internacionais de qualidade.<\/p>\n\n\n\n<p><strong>Econ\u00f4mico:<\/strong> Essa solu\u00e7\u00e3o baseada em \u00edons de zinco \u00e9 mais acess\u00edvel do que os antimicrobianos de \u00edons de prata, oferecendo uma economia significativa de custos e mantendo as propriedades antimicrobianas de alto desempenho.<\/p>\n\n\n\n<p><strong>Adequado para todas as fibras:<\/strong> Pode ser aplicado a uma ampla variedade de fibras, incluindo algod\u00e3o, poli\u00e9ster, n\u00e1ilon e misturas, o que o torna uma solu\u00e7\u00e3o vers\u00e1til para diferentes tipos de tecidos.<\/p>\n\n\n\n<p><strong>Efeito de longa dura\u00e7\u00e3o:<\/strong> Proporciona efeitos antimicrobianos e antif\u00fangicos de longa dura\u00e7\u00e3o, garantindo que os tecidos permane\u00e7am frescos e sem odor por mais tempo, mesmo ap\u00f3s v\u00e1rias lavagens.<\/p>\n\n\n\n<p><strong>Seguro e n\u00e3o t\u00f3xico: <\/strong>Os agentes antimicrobianos de \u00edons de zinco s\u00e3o seguros para o contato com a pele e ecologicamente corretos, adequados para roupas, roupas de cama e outros produtos t\u00eaxteis.<\/p>\n\n\n\n<p><\/p>\n<\/div>\n\n\n\n<div class=\"wp-block-column is-layout-flow wp-block-column-is-layout-flow\" style=\"flex-basis:50%\">\n<figure class=\"wp-block-embed is-type-video is-provider-youtube wp-block-embed-youtube wp-embed-aspect-16-9 wp-has-aspect-ratio\"><div class=\"wp-block-embed__wrapper\">\n<iframe title=\"Agente antibacteriano da Dyeing Factory|Mata as bact\u00e9rias 95%+, adequado para todos os tecidos, atende \u00e0 norma AATCC\uff0844503\" width=\"500\" height=\"281\" src=\"https:\/\/www.youtube.com\/embed\/8MWopEK_K-c?feature=oembed\" frameborder=\"0\" allow=\"accelerometer; autoplay; clipboard-write; encrypted-media; gyroscope; picture-in-picture; web-share\" referrerpolicy=\"strict-origin-when-cross-origin\" allowfullscreen><\/iframe>\n<\/div><\/figure>\n<\/div>\n<\/div>\n\n\n\n<div class=\"wp-block-columns is-layout-flex wp-container-core-columns-is-layout-9d6595d7 wp-block-columns-is-layout-flex\">\n<div class=\"wp-block-column is-layout-flow wp-block-column-is-layout-flow\">\n<figure class=\"wp-block-image size-full\"><img decoding=\"async\" width=\"1200\" height=\"1200\" src=\"https:\/\/www.bluelakechem.com\/wp-content\/uploads\/2024\/12\/Antimicrobial-Agent.webp\" alt=\"Agente antimicrobiano\" class=\"wp-image-1048\" srcset=\"https:\/\/www.bluelakechem.com\/wp-content\/uploads\/2024\/12\/Antimicrobial-Agent.webp 1200w, https:\/\/www.bluelakechem.com\/wp-content\/uploads\/2024\/12\/Antimicrobial-Agent-300x300.webp 300w, https:\/\/www.bluelakechem.com\/wp-content\/uploads\/2024\/12\/Antimicrobial-Agent-150x150.webp 150w, https:\/\/www.bluelakechem.com\/wp-content\/uploads\/2024\/12\/Antimicrobial-Agent-768x768.webp 768w, https:\/\/www.bluelakechem.com\/wp-content\/uploads\/2024\/12\/Antimicrobial-Agent-600x600.webp 600w, https:\/\/www.bluelakechem.com\/wp-content\/uploads\/2024\/12\/Antimicrobial-Agent-100x100.webp 100w\" sizes=\"(max-width: 1200px) 100vw, 1200px\" \/><\/figure>\n<\/div>\n\n\n\n<div class=\"wp-block-column is-layout-flow wp-block-column-is-layout-flow\">\n<h2 class=\"wp-block-heading\">Aplica\u00e7\u00f5es de agentes antimicrobianos:<\/h2>\n\n\n\n<p><strong>Fabrica\u00e7\u00e3o de vestu\u00e1rio:<\/strong><br>Aplic\u00e1vel a roupas e roupas esportivas, especialmente roupas esportivas com manchas de suor de longa dura\u00e7\u00e3o, as propriedades antibacterianas e antif\u00fangicas podem manter as roupas frescas por mais tempo.<\/p>\n\n\n\n<p><strong>T\u00eaxteis para o lar:<\/strong><br>Usado em produtos t\u00eaxteis dom\u00e9sticos, como len\u00e7\u00f3is, toalhas, fronhas e decora\u00e7\u00e3o de interiores, para reduzir o crescimento bacteriano e evitar o odor.<\/p>\n\n\n\n<p><strong>T\u00eaxteis m\u00e9dicos e de sa\u00fade:<\/strong><br>Aplic\u00e1vel a tecidos relacionados ao setor de sa\u00fade, como batas hospitalares, roupas de cama para pacientes e campos cir\u00fargicos.<\/p>\n\n\n\n<p><strong>Equipamentos esportivos e para atividades ao ar livre:<\/strong><br>Aplicado em equipamentos esportivos e para atividades ao ar livre, como barracas, mochilas e cal\u00e7ados, para oferecer prote\u00e7\u00e3o contra bact\u00e9rias, fungos e mofo que podem se desenvolver em ambientes \u00famidos.<\/p>\n\n\n\n<p><strong>T\u00eaxteis para beb\u00eas e crian\u00e7as:<\/strong><br>Seguro e eficaz para roupas de beb\u00ea, roupas de cama e outros tecidos, garantindo um ambiente higi\u00eanico e confort\u00e1vel para crian\u00e7as com pele sens\u00edvel.<\/p>\n<\/div>\n<\/div>\n\n\n\n<p><\/p>","protected":false},"excerpt":{"rendered":"<p>O agente antimicrobiano de \u00edons de zinco \u00e9 um agente antimicrobiano eficaz e de baixo custo. Ele passa no teste antibacteriano padr\u00e3o americano AATCC. Em compara\u00e7\u00e3o com os agentes antibacterianos de \u00edons de prata, ele tem um custo menor, mas oferece excelente desempenho antibacteriano e, portanto, \u00e9 uma solu\u00e7\u00e3o altamente econ\u00f4mica para o acabamento de tecidos.<\/p>\n<p><strong>Modelo n\u00ba.<\/strong>44503<\/p>","protected":false},"featured_media":1455,"comment_status":"closed","ping_status":"closed","template":"","meta":{"_acf_changed":false},"material":[26,27,28,29,30,31,32,33,34],"process":[23,25],"product_brand":[],"product_cat":[15],"product_tag":[],"class_list":{"0":"post-1044","1":"product","2":"type-product","3":"status-publish","4":"has-post-thumbnail","6":"material-cotton-agent","7":"material-polyester-chemicals","8":"material-nylon-agent","9":"material-acrylic-chemicals","10":"material-viscose-chemicals","11":"material-wool-auxiliary","12":"material-linen-chemicals","13":"material-silk-chemicals","14":"material-fabric-chemicals","15":"process-textile-finishing-chemicals","16":"process-textile-finishing-agent","17":"product_cat-uncategorized","19":"first","20":"instock","21":"shipping-taxable","22":"product-type-simple"},"acf":[],"_links":{"self":[{"href":"https:\/\/www.bluelakechem.com\/pt\/wp-json\/wp\/v2\/product\/1044","targetHints":{"allow":["GET"]}}],"collection":[{"href":"https:\/\/www.bluelakechem.com\/pt\/wp-json\/wp\/v2\/product"}],"about":[{"href":"https:\/\/www.bluelakechem.com\/pt\/wp-json\/wp\/v2\/types\/product"}],"replies":[{"embeddable":true,"href":"https:\/\/www.bluelakechem.com\/pt\/wp-json\/wp\/v2\/comments?post=1044"}],"wp:featuredmedia":[{"embeddable":true,"href":"https:\/\/www.bluelakechem.com\/pt\/wp-json\/wp\/v2\/media\/1455"}],"wp:attachment":[{"href":"https:\/\/www.bluelakechem.com\/pt\/wp-json\/wp\/v2\/media?parent=1044"}],"wp:term":[{"taxonomy":"material","embeddable":true,"href":"https:\/\/www.bluelakechem.com\/pt\/wp-json\/wp\/v2\/material?post=1044"},{"taxonomy":"process","embeddable":true,"href":"https:\/\/www.bluelakechem.com\/pt\/wp-json\/wp\/v2\/process?post=1044"},{"taxonomy":"product_brand","embeddable":true,"href":"https:\/\/www.bluelakechem.com\/pt\/wp-json\/wp\/v2\/product_brand?post=1044"},{"taxonomy":"product_cat","embeddable":true,"href":"https:\/\/www.bluelakechem.com\/pt\/wp-json\/wp\/v2\/product_cat?post=1044"},{"taxonomy":"product_tag","embeddable":true,"href":"https:\/\/www.bluelakechem.com\/pt\/wp-json\/wp\/v2\/product_tag?post=1044"}],"curies":[{"name":"wp","href":"https:\/\/api.w.org\/{rel}","templated":true}]}}