{"id":1049,"date":"2024-12-18T02:46:42","date_gmt":"2024-12-18T02:46:42","guid":{"rendered":"https:\/\/www.bluelakechem.com\/?post_type=product&#038;p=1049"},"modified":"2025-01-17T12:41:40","modified_gmt":"2025-01-17T12:41:40","slug":"dye-fixing-agent","status":"publish","type":"product","link":"https:\/\/www.bluelakechem.com\/pt\/product\/dye-fixing-agent\/","title":{"rendered":"Agente de fixa\u00e7\u00e3o de corante de alta concentra\u00e7\u00e3o Auxiliar de tingimento sem formalde\u00eddo"},"content":{"rendered":"<div class=\"wp-block-columns is-layout-flex wp-container-core-columns-is-layout-9d6595d7 wp-block-columns-is-layout-flex\">\n<div class=\"wp-block-column is-layout-flow wp-block-column-is-layout-flow\" style=\"flex-basis:50%\">\n<h2 class=\"wp-block-heading\">Agente de fixa\u00e7\u00e3o de corantes Caracter\u00edsticas:<\/h2>\n\n\n\n<p><strong>Sem formalde\u00eddo:<\/strong> Sem formalde\u00eddo, uma op\u00e7\u00e3o mais segura e ecologicamente correta para o acabamento t\u00eaxtil. Ideal para fabricantes que buscam cumprir as normas internacionais de seguran\u00e7a e meio ambiente.<\/p>\n\n\n\n<p><strong>Maior solidez da cor: <\/strong>Melhora significativamente a solidez da cor de tecidos de algod\u00e3o tingidos com corantes diretos e reativos, incluindo solidez por imers\u00e3o, solidez por lavagem, solidez por transpira\u00e7\u00e3o e solidez por fric\u00e7\u00e3o \u00famida.<\/p>\n\n\n\n<p><strong>Adequado para cores sens\u00edveis: <\/strong>Particularmente adequado para tecidos azul-turquesa e outros tecidos sens\u00edveis ao azul-esverdeado, evitando o desbotamento e garantindo uma vivacidade duradoura.<\/p>\n\n\n\n<p><strong>F\u00f3rmula de alta concentra\u00e7\u00e3o: <\/strong>A alta concentra\u00e7\u00e3o de fixador de cor permite um uso mais eficiente, proporcionando uma boa rela\u00e7\u00e3o custo-benef\u00edcio e melhores resultados, al\u00e9m de reduzir a demanda de produtos.<\/p>\n\n\n\n<p><strong>Durabilidade aprimorada: <\/strong>Protege os tecidos tingidos contra o desbotamento ou a descolora\u00e7\u00e3o ao longo do tempo, ajudando a prolongar a apar\u00eancia e a cor dos tecidos.<\/p>\n<\/div>\n\n\n\n<div class=\"wp-block-column is-layout-flow wp-block-column-is-layout-flow\" style=\"flex-basis:50%\">\n<figure class=\"wp-block-embed is-type-video is-provider-youtube wp-block-embed-youtube wp-embed-aspect-16-9 wp-has-aspect-ratio\"><div class=\"wp-block-embed__wrapper\">\n<iframe title=\"\u3010Qu\u00edmica t\u00eaxtil\u3011 Agente de fixa\u00e7\u00e3o azul turquesa-23183\" width=\"500\" height=\"281\" src=\"https:\/\/www.youtube.com\/embed\/20AN_lI2QS4?feature=oembed\" frameborder=\"0\" allow=\"accelerometer; autoplay; clipboard-write; encrypted-media; gyroscope; picture-in-picture; web-share\" referrerpolicy=\"strict-origin-when-cross-origin\" allowfullscreen><\/iframe>\n<\/div><\/figure>\n<\/div>\n<\/div>\n\n\n\n<div class=\"wp-block-columns is-layout-flex wp-container-core-columns-is-layout-9d6595d7 wp-block-columns-is-layout-flex\">\n<div class=\"wp-block-column is-layout-flow wp-block-column-is-layout-flow\">\n<figure class=\"wp-block-image size-full\"><img decoding=\"async\" width=\"1200\" height=\"1200\" src=\"https:\/\/www.bluelakechem.com\/wp-content\/uploads\/2024\/12\/Formaldehyde-Free-Dye-Fixing-Agent-4.webp\" alt=\"Agente de fixa\u00e7\u00e3o de corante sem formalde\u00eddo (4)\" class=\"wp-image-1055\" srcset=\"https:\/\/www.bluelakechem.com\/wp-content\/uploads\/2024\/12\/Formaldehyde-Free-Dye-Fixing-Agent-4.webp 1200w, https:\/\/www.bluelakechem.com\/wp-content\/uploads\/2024\/12\/Formaldehyde-Free-Dye-Fixing-Agent-4-300x300.webp 300w, https:\/\/www.bluelakechem.com\/wp-content\/uploads\/2024\/12\/Formaldehyde-Free-Dye-Fixing-Agent-4-150x150.webp 150w, https:\/\/www.bluelakechem.com\/wp-content\/uploads\/2024\/12\/Formaldehyde-Free-Dye-Fixing-Agent-4-768x768.webp 768w, https:\/\/www.bluelakechem.com\/wp-content\/uploads\/2024\/12\/Formaldehyde-Free-Dye-Fixing-Agent-4-600x600.webp 600w, https:\/\/www.bluelakechem.com\/wp-content\/uploads\/2024\/12\/Formaldehyde-Free-Dye-Fixing-Agent-4-100x100.webp 100w\" sizes=\"(max-width: 1200px) 100vw, 1200px\" \/><\/figure>\n<\/div>\n\n\n\n<div class=\"wp-block-column is-layout-flow wp-block-column-is-layout-flow\">\n<h2 class=\"wp-block-heading\">Aplica\u00e7\u00f5es do agente fixador de corantes:<\/h2>\n\n\n\n<p><strong>Tingimento de tecido de algod\u00e3o: <\/strong><br>Usado principalmente no processo de tingimento de tecidos de algod\u00e3o para melhorar a solidez da cor, especialmente corantes diretos e reativos.<\/p>\n\n\n\n<p><strong>Fabrica\u00e7\u00e3o de vestu\u00e1rio: <\/strong><br>Aplic\u00e1vel a roupas de algod\u00e3o, incluindo roupas de uso di\u00e1rio, tecidos esportivos e para atividades ao ar livre, roupas de beb\u00ea, roupas de trabalho, garantindo funcionalidade e cores brilhantes em condi\u00e7\u00f5es extremas ou alta demanda do usu\u00e1rio.<\/p>\n\n\n\n<p><strong>T\u00eaxteis para o lar: <\/strong><br>Aplic\u00e1vel a t\u00eaxteis dom\u00e9sticos, como len\u00e7\u00f3is, toalhas, cortinas e decora\u00e7\u00e3o de interiores, para manter a qualidade da cor e evitar o desbotamento causado pelo uso di\u00e1rio.<\/p>\n\n\n\n<p><strong>Tecidos com cores sens\u00edveis: <\/strong><br>Particularmente eficaz para tecidos com cores sens\u00edveis, como azul-turquesa e outros tons de azul-esverdeado, garantindo que esses tons mantenham o brilho e evitem a descolora\u00e7\u00e3o.<\/p>\n\n\n\n<p><strong>Processamento de corantes reativos: <\/strong><br>Os fixadores de corante podem melhorar a solidez da lavagem e reduzir o sangramento do corante, de modo que podem ser usados para o acabamento de corantes reativos.<\/p>\n<\/div>\n<\/div>\n\n\n\n<p><\/p>","protected":false},"excerpt":{"rendered":"<p>Os agentes fixadores de corantes sem formalde\u00eddo aumentam a solidez da cor de corantes diretos e reativos, inclusive a solidez de imers\u00e3o, lavagem, transpira\u00e7\u00e3o e fric\u00e7\u00e3o \u00famida. Esse agente de fixa\u00e7\u00e3o de corantes \u00e9 especialmente adequado para azul turquesa e outros tecidos sens\u00edveis ao azul-esverdeado.<\/p>\n<p><strong>Modelo n\u00ba. <\/strong>23183<\/p>","protected":false},"featured_media":1454,"comment_status":"closed","ping_status":"closed","template":"","meta":{"_acf_changed":false},"material":[26],"process":[23,41],"product_brand":[],"product_cat":[15],"product_tag":[],"class_list":{"0":"post-1049","1":"product","2":"type-product","3":"status-publish","4":"has-post-thumbnail","6":"material-cotton-agent","7":"process-textile-finishing-chemicals","8":"process-fixing-agent","9":"product_cat-uncategorized","11":"first","12":"instock","13":"shipping-taxable","14":"product-type-simple"},"acf":[],"_links":{"self":[{"href":"https:\/\/www.bluelakechem.com\/pt\/wp-json\/wp\/v2\/product\/1049","targetHints":{"allow":["GET"]}}],"collection":[{"href":"https:\/\/www.bluelakechem.com\/pt\/wp-json\/wp\/v2\/product"}],"about":[{"href":"https:\/\/www.bluelakechem.com\/pt\/wp-json\/wp\/v2\/types\/product"}],"replies":[{"embeddable":true,"href":"https:\/\/www.bluelakechem.com\/pt\/wp-json\/wp\/v2\/comments?post=1049"}],"wp:featuredmedia":[{"embeddable":true,"href":"https:\/\/www.bluelakechem.com\/pt\/wp-json\/wp\/v2\/media\/1454"}],"wp:attachment":[{"href":"https:\/\/www.bluelakechem.com\/pt\/wp-json\/wp\/v2\/media?parent=1049"}],"wp:term":[{"taxonomy":"material","embeddable":true,"href":"https:\/\/www.bluelakechem.com\/pt\/wp-json\/wp\/v2\/material?post=1049"},{"taxonomy":"process","embeddable":true,"href":"https:\/\/www.bluelakechem.com\/pt\/wp-json\/wp\/v2\/process?post=1049"},{"taxonomy":"product_brand","embeddable":true,"href":"https:\/\/www.bluelakechem.com\/pt\/wp-json\/wp\/v2\/product_brand?post=1049"},{"taxonomy":"product_cat","embeddable":true,"href":"https:\/\/www.bluelakechem.com\/pt\/wp-json\/wp\/v2\/product_cat?post=1049"},{"taxonomy":"product_tag","embeddable":true,"href":"https:\/\/www.bluelakechem.com\/pt\/wp-json\/wp\/v2\/product_tag?post=1049"}],"curies":[{"name":"wp","href":"https:\/\/api.w.org\/{rel}","templated":true}]}}