{"id":1056,"date":"2024-12-18T03:41:18","date_gmt":"2024-12-18T03:41:18","guid":{"rendered":"https:\/\/www.bluelakechem.com\/?post_type=product&#038;p=1056"},"modified":"2025-01-17T12:40:12","modified_gmt":"2025-01-17T12:40:12","slug":"fixing-agent","status":"publish","type":"product","link":"https:\/\/www.bluelakechem.com\/pt\/product\/fixing-agent\/","title":{"rendered":"Agente de fixa\u00e7\u00e3o de corantes \u00e1cidos para produtos qu\u00edmicos de acabamento de tecidos de nylon"},"content":{"rendered":"<div class=\"wp-block-columns is-layout-flex wp-container-core-columns-is-layout-9d6595d7 wp-block-columns-is-layout-flex\">\n<div class=\"wp-block-column is-layout-flow wp-block-column-is-layout-flow\" style=\"flex-basis:50%\">\n<h2 class=\"wp-block-heading\">Recursos do agente de fixa\u00e7\u00e3o:<\/h2>\n\n\n\n<p><strong>Maior solidez da cor:<\/strong><br>Melhora efetivamente a solidez da cor dos tecidos de n\u00e1ilon, garantindo cores mais duradouras e vivas ap\u00f3s o tingimento e a impress\u00e3o.<\/p>\n\n\n\n<p><strong>Especial para corantes \u00e1cidos:<\/strong><br>Otimizado para a fixa\u00e7\u00e3o de corantes \u00e1cidos, \u00e9 a escolha ideal para fios de n\u00e1ilon, telas e tecidos tingidos com corantes \u00e1cidos.<\/p>\n\n\n\n<p><strong>N\u00e3o \u00e9 necess\u00e1rio ajuste de pH:<\/strong><br>N\u00e3o h\u00e1 necessidade de ajustar o n\u00edvel de acidez durante o processo de fixa\u00e7\u00e3o, simplificando o processo de produ\u00e7\u00e3o e reduzindo os custos operacionais.<\/p>\n\n\n\n<p><strong>Evita manchas de fixa\u00e7\u00e3o:<\/strong><br>Evita eficazmente a forma\u00e7\u00e3o de manchas de fixa\u00e7\u00e3o, garantindo uma cor consistente e uniforme no tecido.<\/p>\n\n\n\n<p><strong>Durabilidade aprimorada:<\/strong><br>Aumenta a durabilidade do tecido, mantendo sua apar\u00eancia e desempenho ap\u00f3s repetidas lavagens e desgastes.<\/p>\n\n\n\n<p><strong>Sem impacto na qualidade do tecido:<\/strong><br>N\u00e3o afeta a textura ou a sensa\u00e7\u00e3o dos tecidos de n\u00e1ilon, mantendo sua maciez e flexibilidade inerentes.<\/p>\n<\/div>\n\n\n\n<div class=\"wp-block-column is-layout-flow wp-block-column-is-layout-flow\" style=\"flex-basis:50%\">\n<figure class=\"wp-block-embed is-type-video is-provider-youtube wp-block-embed-youtube wp-embed-aspect-4-3 wp-has-aspect-ratio\"><div class=\"wp-block-embed__wrapper\">\n<iframe title=\"Produtos qu\u00edmicos t\u00eaxteis|Problemas comuns com tecido de nylon fluorescente #nylon #sarees 1TP5Ind\u00fastria t\u00eaxtil\" width=\"500\" height=\"375\" src=\"https:\/\/www.youtube.com\/embed\/1AQggi1dVY0?feature=oembed\" frameborder=\"0\" allow=\"accelerometer; autoplay; clipboard-write; encrypted-media; gyroscope; picture-in-picture; web-share\" referrerpolicy=\"strict-origin-when-cross-origin\" allowfullscreen><\/iframe>\n<\/div><\/figure>\n<\/div>\n<\/div>\n\n\n\n<div class=\"wp-block-columns is-layout-flex wp-container-core-columns-is-layout-9d6595d7 wp-block-columns-is-layout-flex\">\n<div class=\"wp-block-column is-layout-flow wp-block-column-is-layout-flow\">\n<figure class=\"wp-block-image size-full\"><img decoding=\"async\" width=\"1600\" height=\"1200\" src=\"https:\/\/www.bluelakechem.com\/wp-content\/uploads\/2024\/12\/Fixing-Agent-2.webp\" alt=\"Agente de fixa\u00e7\u00e3o (2)\" class=\"wp-image-1060\" srcset=\"https:\/\/www.bluelakechem.com\/wp-content\/uploads\/2024\/12\/Fixing-Agent-2.webp 1600w, https:\/\/www.bluelakechem.com\/wp-content\/uploads\/2024\/12\/Fixing-Agent-2-300x225.webp 300w, https:\/\/www.bluelakechem.com\/wp-content\/uploads\/2024\/12\/Fixing-Agent-2-768x576.webp 768w, https:\/\/www.bluelakechem.com\/wp-content\/uploads\/2024\/12\/Fixing-Agent-2-1200x900.webp 1200w, https:\/\/www.bluelakechem.com\/wp-content\/uploads\/2024\/12\/Fixing-Agent-2-600x450.webp 600w\" sizes=\"(max-width: 1600px) 100vw, 1600px\" \/><\/figure>\n<\/div>\n\n\n\n<div class=\"wp-block-column is-layout-flow wp-block-column-is-layout-flow\">\n<h2 class=\"wp-block-heading\">Corre\u00e7\u00e3o de aplicativos de agente:<\/h2>\n\n\n\n<p><strong>Processos de tingimento e p\u00f3s-impress\u00e3o:<\/strong> Usado principalmente ap\u00f3s o tingimento e a impress\u00e3o de tecidos de n\u00e1ilon para melhorar a solidez da cor e garantir efeitos brilhantes e duradouros.<\/p>\n\n\n\n<p><strong>Fios e tecidos de nylon:<\/strong> Esse produto \u00e9 frequentemente usado no acabamento de fios, tran\u00e7as e tecidos de n\u00e1ilon para melhorar a ades\u00e3o do corante e a solidez da cor.<\/p>\n\n\n\n<p><strong>Fabrica\u00e7\u00e3o de vestu\u00e1rio e t\u00eaxteis: <\/strong>Usado no processo de acabamento de roupas e outros tecidos para garantir cores brilhantes e duradouras que resistem \u00e0 lavagem e \u00e0 exposi\u00e7\u00e3o.<\/p>\n\n\n\n<p><strong>Roupas esportivas e roupas esportivas: <\/strong>Aumenta a reten\u00e7\u00e3o de cor e a durabilidade dos tecidos esportivos e de roupas esportivas \u00e0 base de n\u00e1ilon, mesmo ap\u00f3s lavagens frequentes.<\/p>\n\n\n\n<p><strong>T\u00eaxteis para o lar: <\/strong>Pode ser usado em produtos t\u00eaxteis dom\u00e9sticos, como cortinas de n\u00e1ilon, decora\u00e7\u00e3o de interiores e almofadas, para melhorar a durabilidade e a apar\u00eancia das cores.<\/p>\n\n\n\n<p><strong>T\u00eaxteis industriais: <\/strong>Adequado para aplica\u00e7\u00f5es industriais que envolvem tecidos de n\u00e1ilon, como equipamentos de seguran\u00e7a, bolsas e cintos, para garantir maior desempenho e durabilidade.<\/p>\n<\/div>\n<\/div>\n\n\n\n<p><\/p>","protected":false},"excerpt":{"rendered":"<p>Agente fixador de corantes \u00e1cidos para p\u00f3s-tingimento e impress\u00e3o de fios de n\u00e1ilon, fitas de tecelagem e tecidos, que pode melhorar v\u00e1rios aspectos da solidez da cor sem ajustar a acidez e evitar a gera\u00e7\u00e3o de manchas de fixa\u00e7\u00e3o, garantindo assim um processo de acabamento suave e confi\u00e1vel.<\/p>\n<p><strong>Modelo n\u00ba.<\/strong>23031<\/p>","protected":false},"featured_media":1453,"comment_status":"closed","ping_status":"closed","template":"","meta":{"_acf_changed":false},"material":[28,31,33],"process":[23,41],"product_brand":[],"product_cat":[15],"product_tag":[],"class_list":{"0":"post-1056","1":"product","2":"type-product","3":"status-publish","4":"has-post-thumbnail","6":"material-nylon-agent","7":"material-wool-auxiliary","8":"material-silk-chemicals","9":"process-textile-finishing-chemicals","10":"process-fixing-agent","11":"product_cat-uncategorized","13":"first","14":"instock","15":"shipping-taxable","16":"product-type-simple"},"acf":[],"_links":{"self":[{"href":"https:\/\/www.bluelakechem.com\/pt\/wp-json\/wp\/v2\/product\/1056","targetHints":{"allow":["GET"]}}],"collection":[{"href":"https:\/\/www.bluelakechem.com\/pt\/wp-json\/wp\/v2\/product"}],"about":[{"href":"https:\/\/www.bluelakechem.com\/pt\/wp-json\/wp\/v2\/types\/product"}],"replies":[{"embeddable":true,"href":"https:\/\/www.bluelakechem.com\/pt\/wp-json\/wp\/v2\/comments?post=1056"}],"wp:featuredmedia":[{"embeddable":true,"href":"https:\/\/www.bluelakechem.com\/pt\/wp-json\/wp\/v2\/media\/1453"}],"wp:attachment":[{"href":"https:\/\/www.bluelakechem.com\/pt\/wp-json\/wp\/v2\/media?parent=1056"}],"wp:term":[{"taxonomy":"material","embeddable":true,"href":"https:\/\/www.bluelakechem.com\/pt\/wp-json\/wp\/v2\/material?post=1056"},{"taxonomy":"process","embeddable":true,"href":"https:\/\/www.bluelakechem.com\/pt\/wp-json\/wp\/v2\/process?post=1056"},{"taxonomy":"product_brand","embeddable":true,"href":"https:\/\/www.bluelakechem.com\/pt\/wp-json\/wp\/v2\/product_brand?post=1056"},{"taxonomy":"product_cat","embeddable":true,"href":"https:\/\/www.bluelakechem.com\/pt\/wp-json\/wp\/v2\/product_cat?post=1056"},{"taxonomy":"product_tag","embeddable":true,"href":"https:\/\/www.bluelakechem.com\/pt\/wp-json\/wp\/v2\/product_tag?post=1056"}],"curies":[{"name":"wp","href":"https:\/\/api.w.org\/{rel}","templated":true}]}}