{"id":1061,"date":"2025-01-17T13:21:26","date_gmt":"2025-01-17T13:21:26","guid":{"rendered":"https:\/\/www.bluelakechem.com\/?post_type=product&#038;p=1061"},"modified":"2025-01-17T13:21:29","modified_gmt":"2025-01-17T13:21:29","slug":"cotton-softener","status":"publish","type":"product","link":"https:\/\/www.bluelakechem.com\/pt\/product\/cotton-softener\/","title":{"rendered":"Toalha amaciante de algod\u00e3o Amaciante de silicone para acabamento t\u00eaxtil"},"content":{"rendered":"<div class=\"wp-block-columns is-layout-flex wp-container-core-columns-is-layout-9d6595d7 wp-block-columns-is-layout-flex\">\n<div class=\"wp-block-column is-layout-flow wp-block-column-is-layout-flow\" style=\"flex-basis:50%\">\n<h2 class=\"wp-block-heading\">Amaciante de algod\u00e3o Caracter\u00edsticas:<\/h2>\n\n\n\n<p><strong>Hidrofilicidade instant\u00e2nea<\/strong><br>Proporciona hidrofilicidade instant\u00e2nea \u00e0s toalhas de algod\u00e3o e aumenta a absor\u00e7\u00e3o de \u00e1gua para atender aos requisitos de toalhas de alto desempenho.<\/p>\n\n\n\n<p><strong>Sensa\u00e7\u00e3o de maciez e conforto ao manuseio<\/strong><br>Melhora significativamente a maciez do tecido, proporciona um toque suave e confort\u00e1vel e \u00e9 ideal para tecidos de contato com a pele.<\/p>\n\n\n\n<p><strong>Alta durabilidade<\/strong><br>Com excelente capacidade de lavagem, ele permanece macio mesmo ap\u00f3s o uso prolongado.<\/p>\n\n\n\n<p><strong>Amplamente aplic\u00e1vel<\/strong><br>Projetado especificamente para toalhas de algod\u00e3o, incluindo toalhas comuns e de alta densidade, garantindo a compatibilidade com uma variedade de tecidos.<\/p>\n\n\n\n<p><strong>F\u00e1cil de processar<\/strong><br>F\u00e1cil de aplicar aos processos de acabamento t\u00eaxtil, pode ser facilmente integrado \u00e0s linhas de produ\u00e7\u00e3o existentes e reduzir os custos operacionais.<\/p>\n<\/div>\n\n\n\n<div class=\"wp-block-column is-layout-flow wp-block-column-is-layout-flow\" style=\"flex-basis:50%\">\n<figure class=\"wp-block-embed is-type-video is-provider-youtube wp-block-embed-youtube wp-embed-aspect-16-9 wp-has-aspect-ratio\"><div class=\"wp-block-embed__wrapper\">\n<iframe title=\"98,8% das f\u00e1bricas de tingimento est\u00e3o preocupadas com o fato de o \u00f3leo de silicone ser inst\u00e1vel e afetar a efici\u00eancia. Como fazer isso? 76902\" width=\"500\" height=\"281\" src=\"https:\/\/www.youtube.com\/embed\/wG0OA6MsqtY?feature=oembed\" frameborder=\"0\" allow=\"accelerometer; autoplay; clipboard-write; encrypted-media; gyroscope; picture-in-picture; web-share\" referrerpolicy=\"strict-origin-when-cross-origin\" allowfullscreen><\/iframe>\n<\/div><\/figure>\n<\/div>\n<\/div>\n\n\n\n<div class=\"wp-block-columns is-layout-flex wp-container-core-columns-is-layout-9d6595d7 wp-block-columns-is-layout-flex\">\n<div class=\"wp-block-column is-layout-flow wp-block-column-is-layout-flow\">\n<figure class=\"wp-block-image size-full\"><img decoding=\"async\" width=\"1200\" height=\"750\" src=\"https:\/\/www.bluelakechem.com\/wp-content\/uploads\/2024\/12\/Cotton-Softener-1_1.webp\" alt=\"Amaciante de algod\u00e3o (1)_1\" class=\"wp-image-1064\" srcset=\"https:\/\/www.bluelakechem.com\/wp-content\/uploads\/2024\/12\/Cotton-Softener-1_1.webp 1200w, https:\/\/www.bluelakechem.com\/wp-content\/uploads\/2024\/12\/Cotton-Softener-1_1-300x188.webp 300w, https:\/\/www.bluelakechem.com\/wp-content\/uploads\/2024\/12\/Cotton-Softener-1_1-768x480.webp 768w, https:\/\/www.bluelakechem.com\/wp-content\/uploads\/2024\/12\/Cotton-Softener-1_1-600x375.webp 600w\" sizes=\"(max-width: 1200px) 100vw, 1200px\" \/><\/figure>\n<\/div>\n\n\n\n<div class=\"wp-block-column is-layout-flow wp-block-column-is-layout-flow\">\n<h2 class=\"wp-block-heading\">Amaciante de algod\u00e3o Aplica\u00e7\u00f5es:<\/h2>\n\n\n\n<p><strong>Fabrica\u00e7\u00e3o de toalhas<\/strong><br>Excelente para o acabamento de toalhas felpudas e de algod\u00e3o, proporcionando uma apar\u00eancia e um toque de alta qualidade.<\/p>\n\n\n\n<p><strong>T\u00eaxteis para o lar<\/strong><br>Aplic\u00e1vel a roupas de cama, toalhas de banho, toalhas de rosto e outros tecidos de contato com a pele para aprimorar a experi\u00eancia do usu\u00e1rio.<\/p>\n\n\n\n<p><strong>Ind\u00fastria de vestu\u00e1rio<\/strong><br>Aplic\u00e1vel ao acabamento de roupas de algod\u00e3o puro, proporcionando uma textura macia e agrad\u00e1vel \u00e0 pele.<\/p>\n\n\n\n<p><strong>T\u00eaxteis de alta qualidade<\/strong><br>Personalizado para mercados de alto padr\u00e3o, como tecidos para hot\u00e9is de luxo e toalhas de spa.<\/p>\n<\/div>\n<\/div>\n\n\n\n<p><\/p>","protected":false},"excerpt":{"rendered":"<p>O amaciante de algod\u00e3o para toalhas de algod\u00e3o, especialmente formulado para toalhas felpudas, preserva a hidrofilicidade instant\u00e2nea e aumenta a maciez, proporcionando um manuseio confort\u00e1vel e suave das toalhas de algod\u00e3o.<\/p>\n<p><strong>Modelo n\u00ba.<\/strong>76902<\/p>","protected":false},"featured_media":1468,"comment_status":"closed","ping_status":"closed","template":"","meta":{"_acf_changed":false},"material":[26],"process":[23,42,24],"product_brand":[],"product_cat":[15],"product_tag":[],"class_list":{"0":"post-1061","1":"product","2":"type-product","3":"status-publish","4":"has-post-thumbnail","6":"material-cotton-agent","7":"process-textile-finishing-chemicals","8":"process-softener","9":"process-silicone-oil","10":"product_cat-uncategorized","12":"first","13":"instock","14":"shipping-taxable","15":"product-type-simple"},"acf":[],"_links":{"self":[{"href":"https:\/\/www.bluelakechem.com\/pt\/wp-json\/wp\/v2\/product\/1061","targetHints":{"allow":["GET"]}}],"collection":[{"href":"https:\/\/www.bluelakechem.com\/pt\/wp-json\/wp\/v2\/product"}],"about":[{"href":"https:\/\/www.bluelakechem.com\/pt\/wp-json\/wp\/v2\/types\/product"}],"replies":[{"embeddable":true,"href":"https:\/\/www.bluelakechem.com\/pt\/wp-json\/wp\/v2\/comments?post=1061"}],"wp:featuredmedia":[{"embeddable":true,"href":"https:\/\/www.bluelakechem.com\/pt\/wp-json\/wp\/v2\/media\/1468"}],"wp:attachment":[{"href":"https:\/\/www.bluelakechem.com\/pt\/wp-json\/wp\/v2\/media?parent=1061"}],"wp:term":[{"taxonomy":"material","embeddable":true,"href":"https:\/\/www.bluelakechem.com\/pt\/wp-json\/wp\/v2\/material?post=1061"},{"taxonomy":"process","embeddable":true,"href":"https:\/\/www.bluelakechem.com\/pt\/wp-json\/wp\/v2\/process?post=1061"},{"taxonomy":"product_brand","embeddable":true,"href":"https:\/\/www.bluelakechem.com\/pt\/wp-json\/wp\/v2\/product_brand?post=1061"},{"taxonomy":"product_cat","embeddable":true,"href":"https:\/\/www.bluelakechem.com\/pt\/wp-json\/wp\/v2\/product_cat?post=1061"},{"taxonomy":"product_tag","embeddable":true,"href":"https:\/\/www.bluelakechem.com\/pt\/wp-json\/wp\/v2\/product_tag?post=1061"}],"curies":[{"name":"wp","href":"https:\/\/api.w.org\/{rel}","templated":true}]}}