{"id":1066,"date":"2025-01-17T13:27:37","date_gmt":"2025-01-17T13:27:37","guid":{"rendered":"https:\/\/www.bluelakechem.com\/?post_type=product&#038;p=1066"},"modified":"2025-05-28T07:27:15","modified_gmt":"2025-05-28T07:27:15","slug":"towel-softener","status":"publish","type":"product","link":"https:\/\/www.bluelakechem.com\/pt\/product\/towel-softener\/","title":{"rendered":"Amaciante de toalhas \u00d3leo de silicone hidrof\u00edlico Produtos qu\u00edmicos t\u00eaxteis para acabamento de tecidos"},"content":{"rendered":"<div class=\"wp-block-columns is-layout-flex wp-container-core-columns-is-layout-9d6595d7 wp-block-columns-is-layout-flex\">\n<div class=\"wp-block-column is-layout-flow wp-block-column-is-layout-flow\" style=\"flex-basis:50%\">\n<h2 class=\"wp-block-heading\">Caracter\u00edsticas do amaciante de toalhas:<\/h2>\n\n\n\n<p><strong>Aumenta a maciez e a fofura:<\/strong> O amaciante de toalhas confere \u00e0s toalhas uma maciez fofa e luxuosa, tornando o uso da toalha confort\u00e1vel e agrad\u00e1vel.<\/p>\n\n\n\n<p><strong>Garantia de hidrofilicidade instant\u00e2nea: <\/strong>Isso garante que as toalhas manter\u00e3o sua excelente capacidade de absor\u00e7\u00e3o r\u00e1pida de umidade e propriedades de secagem r\u00e1pida, pr\u00e9-requisito para o desempenho funcional.<\/p>\n\n\n\n<p><strong>Aplic\u00e1vel a v\u00e1rias fibras: <\/strong>Adequado para toalha de algod\u00e3o, toalha para cochilo, toalha felpuda, fibra mista e uma variedade de categorias de toalhas que ele atende.<\/p>\n\n\n\n<p><strong>Verde e n\u00e3o t\u00f3xico: <\/strong>Formulados com componentes ecol\u00f3gicos, os amaciantes de toalhas s\u00e3o seguros para o meio ambiente e funcionam perfeitamente para tecidos que entram em contato com peles sens\u00edveis.<\/p>\n\n\n\n<p><strong>Antimicrobiano opcional:<\/strong> Alguns amaciantes de tecido para toalhas tamb\u00e9m s\u00e3o impregnados com uma adi\u00e7\u00e3o de agentes antimicrobianos que, quando aplicados, aumentam sua a\u00e7\u00e3o de higiene e frescor nas toalhas.<\/p>\n\n\n\n<p><strong>Industrial\/dom\u00e9stico Utiliz\u00e1vel:<\/strong> Bom para processamento industrial; \u00f3timo para cuidados dom\u00e9sticos regulares na lavagem de roupas.<\/p>\n\n\n\n<h2 class=\"wp-block-heading\">Aplica\u00e7\u00f5es do amaciante de toalhas:<\/h2>\n\n\n\n<p><strong>Toalhas de uso dom\u00e9stico: <\/strong>Os amaciantes de toalhas aumentam a maciez e a absor\u00e7\u00e3o de toalhas de banho, toalhas de m\u00e3o e toalhas de cozinha, melhorando sua usabilidade e conforto.<\/p>\n\n\n\n<p><strong>Acabamento de toalhas industriais:<\/strong> Isso \u00e9 importante na fabrica\u00e7\u00e3o em larga escala de toalhas para garantir um acabamento de alta qualidade para uma maciez e durabilidade ideais.<\/p>\n\n\n\n<p><strong>Toalhas esportivas e de gin\u00e1stica:<\/strong> Para uso em academias, centros esportivos e eventos ao ar livre, melhorando as propriedades de absor\u00e7\u00e3o de umidade e a maciez das toalhas.<\/p>\n\n\n\n<p><strong>Toalhas para beb\u00eas e peles sens\u00edveis: <\/strong>Os amaciantes de toalhas d\u00e3o um toque macio \u00e0s toalhas usadas por beb\u00eas ou pessoas com pele sens\u00edvel.<\/p>\n\n\n\n<p><strong>Toalhas de beleza e cuidados com a pele:<\/strong> As toalhas faciais e para cuidados com a pele s\u00e3o tratadas para oferecer uma sensa\u00e7\u00e3o sedosa e suave para uso facial delicado.<\/p>\n\n\n\n<p><strong>Toalhas para hospitais e institui\u00e7\u00f5es de sa\u00fade: <\/strong>Isso torna as toalhas do paciente mais confort\u00e1veis de usar, garantindo higiene e maciez para usu\u00e1rios sens\u00edveis.<\/p>\n<\/div>\n\n\n\n<div class=\"wp-block-column is-layout-flow wp-block-column-is-layout-flow\" style=\"flex-basis:50%\">\n<figure class=\"wp-block-image size-full\"><img decoding=\"async\" width=\"800\" height=\"800\" src=\"https:\/\/www.bluelakechem.com\/wp-content\/uploads\/2024\/12\/Towel-Softener-1.webp\" alt=\"Amaciante de toalhas\" class=\"wp-image-1470\" srcset=\"https:\/\/www.bluelakechem.com\/wp-content\/uploads\/2024\/12\/Towel-Softener-1.webp 800w, https:\/\/www.bluelakechem.com\/wp-content\/uploads\/2024\/12\/Towel-Softener-1-300x300.webp 300w, https:\/\/www.bluelakechem.com\/wp-content\/uploads\/2024\/12\/Towel-Softener-1-150x150.webp 150w, https:\/\/www.bluelakechem.com\/wp-content\/uploads\/2024\/12\/Towel-Softener-1-768x768.webp 768w, https:\/\/www.bluelakechem.com\/wp-content\/uploads\/2024\/12\/Towel-Softener-1-12x12.webp 12w, https:\/\/www.bluelakechem.com\/wp-content\/uploads\/2024\/12\/Towel-Softener-1-600x600.webp 600w, https:\/\/www.bluelakechem.com\/wp-content\/uploads\/2024\/12\/Towel-Softener-1-100x100.webp 100w\" sizes=\"(max-width: 800px) 100vw, 800px\" \/><\/figure>\n\n\n\n<figure class=\"wp-block-embed is-type-video is-provider-youtube wp-block-embed-youtube wp-embed-aspect-16-9 wp-has-aspect-ratio\"><div class=\"wp-block-embed__wrapper\">\n<iframe title=\"Textile Chemicals|The secret to soft fabric from the dyeing mill! #textilefinishing #textiles\" width=\"500\" height=\"281\" src=\"https:\/\/www.youtube.com\/embed\/Ej-WoBixVwU?feature=oembed\" frameborder=\"0\" allow=\"accelerometer; autoplay; clipboard-write; encrypted-media; gyroscope; picture-in-picture; web-share\" referrerpolicy=\"strict-origin-when-cross-origin\" allowfullscreen><\/iframe>\n<\/div><\/figure>\n<\/div>\n<\/div>","protected":false},"excerpt":{"rendered":"<p>O amaciante para toalhas de algod\u00e3o, especialmente projetado para toalhas de dormir, mant\u00e9m a hidrofilicidade instant\u00e2nea e proporciona um toque macio e fofo, melhorando o conforto e a qualidade geral das toalhas de algod\u00e3o.<\/p>\n<p><strong>Modelo n\u00ba.<\/strong>76905<\/p>","protected":false},"featured_media":1470,"comment_status":"closed","ping_status":"closed","template":"","meta":{"_acf_changed":false},"material":[26],"process":[23,42,24],"product_brand":[],"product_cat":[15],"product_tag":[],"class_list":{"0":"post-1066","1":"product","2":"type-product","3":"status-publish","4":"has-post-thumbnail","6":"material-cotton-agent","7":"process-textile-finishing-chemicals","8":"process-softener","9":"process-silicone-oil","10":"product_cat-uncategorized","12":"first","13":"instock","14":"shipping-taxable","15":"product-type-simple"},"acf":[],"_links":{"self":[{"href":"https:\/\/www.bluelakechem.com\/pt\/wp-json\/wp\/v2\/product\/1066","targetHints":{"allow":["GET"]}}],"collection":[{"href":"https:\/\/www.bluelakechem.com\/pt\/wp-json\/wp\/v2\/product"}],"about":[{"href":"https:\/\/www.bluelakechem.com\/pt\/wp-json\/wp\/v2\/types\/product"}],"replies":[{"embeddable":true,"href":"https:\/\/www.bluelakechem.com\/pt\/wp-json\/wp\/v2\/comments?post=1066"}],"wp:featuredmedia":[{"embeddable":true,"href":"https:\/\/www.bluelakechem.com\/pt\/wp-json\/wp\/v2\/media\/1470"}],"wp:attachment":[{"href":"https:\/\/www.bluelakechem.com\/pt\/wp-json\/wp\/v2\/media?parent=1066"}],"wp:term":[{"taxonomy":"material","embeddable":true,"href":"https:\/\/www.bluelakechem.com\/pt\/wp-json\/wp\/v2\/material?post=1066"},{"taxonomy":"process","embeddable":true,"href":"https:\/\/www.bluelakechem.com\/pt\/wp-json\/wp\/v2\/process?post=1066"},{"taxonomy":"product_brand","embeddable":true,"href":"https:\/\/www.bluelakechem.com\/pt\/wp-json\/wp\/v2\/product_brand?post=1066"},{"taxonomy":"product_cat","embeddable":true,"href":"https:\/\/www.bluelakechem.com\/pt\/wp-json\/wp\/v2\/product_cat?post=1066"},{"taxonomy":"product_tag","embeddable":true,"href":"https:\/\/www.bluelakechem.com\/pt\/wp-json\/wp\/v2\/product_tag?post=1066"}],"curies":[{"name":"wp","href":"https:\/\/api.w.org\/{rel}","templated":true}]}}