{"id":1081,"date":"2025-01-04T02:15:01","date_gmt":"2025-01-04T02:15:01","guid":{"rendered":"https:\/\/www.bluelakechem.com\/?post_type=product&#038;p=1081"},"modified":"2025-01-17T12:00:30","modified_gmt":"2025-01-17T12:00:30","slug":"silicone-softening-agents","status":"publish","type":"product","link":"https:\/\/www.bluelakechem.com\/pt\/product\/silicone-softening-agents\/","title":{"rendered":"Agentes amaciantes de silicone hidrof\u00edlico para acabamento de t\u00eaxteis sint\u00e9ticos"},"content":{"rendered":"<div class=\"wp-block-columns is-layout-flex wp-container-core-columns-is-layout-9d6595d7 wp-block-columns-is-layout-flex\">\n<div class=\"wp-block-column is-layout-flow wp-block-column-is-layout-flow\" style=\"flex-basis:50%\">\n<h2 class=\"wp-block-heading\">Agentes amaciantes de silicone Caracter\u00edsticas:<\/h2>\n\n\n\n<p><strong>Hidrofilicidade aprimorada: <\/strong>Os amaciantes de silicone aumentam a hidrofilicidade das fibras qu\u00edmicas e proporcionam conforto e funcionalidade aos tecidos feitos de poli\u00e9ster, n\u00e1ilon e outras fibras sint\u00e9ticas.<\/p>\n\n\n\n<p><strong>Excelente maciez: <\/strong>Proporciona um toque macio e suave \u00e0s fibras sint\u00e9ticas, melhorando significativamente a sensa\u00e7\u00e3o do tecido e tornando-o mais confort\u00e1vel de usar.<\/p>\n\n\n\n<p><strong>Maior durabilidade: <\/strong>Esse agente amaciante reduz o desgaste, prolongando a vida \u00fatil dos tecidos sint\u00e9ticos, e os mant\u00e9m macios e male\u00e1veis mesmo ap\u00f3s v\u00e1rias lavagens.<\/p>\n\n\n\n<p><strong>Favor\u00e1vel ao meio ambiente:<\/strong> Esse amaciante de silicone hidrof\u00edlico \u00e9 biodegrad\u00e1vel e livre de produtos qu\u00edmicos nocivos, oferecendo uma alternativa ecologicamente correta para o acabamento t\u00eaxtil.<\/p>\n<\/div>\n\n\n\n<div class=\"wp-block-column is-layout-flow wp-block-column-is-layout-flow\" style=\"flex-basis:50%\">\n<figure class=\"wp-block-embed is-type-video is-provider-youtube wp-block-embed-youtube wp-embed-aspect-16-9 wp-has-aspect-ratio\"><div class=\"wp-block-embed__wrapper\">\n<iframe title=\"Produtos qu\u00edmicos t\u00eaxteis|Revele o segredo do amaciante e da melhoria geral da hidrofilicidade da lavagem!\" width=\"500\" height=\"281\" src=\"https:\/\/www.youtube.com\/embed\/JFaVxTqwP00?feature=oembed\" frameborder=\"0\" allow=\"accelerometer; autoplay; clipboard-write; encrypted-media; gyroscope; picture-in-picture; web-share\" referrerpolicy=\"strict-origin-when-cross-origin\" allowfullscreen><\/iframe>\n<\/div><\/figure>\n<\/div>\n<\/div>\n\n\n\n<div class=\"wp-block-columns is-layout-flex wp-container-core-columns-is-layout-9d6595d7 wp-block-columns-is-layout-flex\">\n<div class=\"wp-block-column is-layout-flow wp-block-column-is-layout-flow\">\n<figure class=\"wp-block-image size-full\"><img decoding=\"async\" width=\"1200\" height=\"900\" src=\"https:\/\/www.bluelakechem.com\/wp-content\/uploads\/2025\/01\/silicone-softening-agent.webp\" alt=\"agente amaciante de silicone\" class=\"wp-image-1400\" srcset=\"https:\/\/www.bluelakechem.com\/wp-content\/uploads\/2025\/01\/silicone-softening-agent.webp 1200w, https:\/\/www.bluelakechem.com\/wp-content\/uploads\/2025\/01\/silicone-softening-agent-300x225.webp 300w, https:\/\/www.bluelakechem.com\/wp-content\/uploads\/2025\/01\/silicone-softening-agent-768x576.webp 768w, https:\/\/www.bluelakechem.com\/wp-content\/uploads\/2025\/01\/silicone-softening-agent-16x12.webp 16w, https:\/\/www.bluelakechem.com\/wp-content\/uploads\/2025\/01\/silicone-softening-agent-600x450.webp 600w\" sizes=\"(max-width: 1200px) 100vw, 1200px\" \/><\/figure>\n<\/div>\n\n\n\n<div class=\"wp-block-column is-layout-flow wp-block-column-is-layout-flow\">\n<h2 class=\"wp-block-heading\">Agentes amaciantes de silicone Aplica\u00e7\u00f5es:<\/h2>\n\n\n\n<p><strong>Acabamento de amaciamento de fibras sint\u00e9ticas: <\/strong>Os amaciantes de silicone s\u00e3o usados no acabamento de fibras sint\u00e9ticas, como poli\u00e9ster e n\u00e1ilon, para melhorar a maciez e o toque, tornando-as mais macias e confort\u00e1veis de usar.<\/p>\n\n\n\n<p><strong>Vestu\u00e1rio ou roupas funcionais: <\/strong>Adequado para roupas esportivas, roupas de beb\u00ea, etc., para tornar os tecidos mais macios e aumentar o conforto de uso.<\/p>\n\n\n\n<p><strong>T\u00eaxteis dom\u00e9sticos:<\/strong> Ele pode aumentar a maciez, a absor\u00e7\u00e3o de umidade e a durabilidade de tecidos dom\u00e9sticos, como roupas de cama e decora\u00e7\u00e3o de interiores.<\/p>\n<\/div>\n<\/div>","protected":false},"excerpt":{"rendered":"<p>Os agentes amaciantes de silicone da Bluelakechem s\u00e3o especialmente projetados para fibras qu\u00edmicas, oferecendo propriedades superiores de acabamento hidrof\u00edlico e macio, garantindo que os tecidos sejam macios e absorvam a umidade.<\/p>\n<p><strong>Modelo n\u00ba.<\/strong>76903<\/p>","protected":false},"featured_media":1436,"comment_status":"closed","ping_status":"closed","template":"","meta":{"_acf_changed":false},"material":[27,28,29,34],"process":[23,42,24],"product_brand":[],"product_cat":[15],"product_tag":[],"class_list":{"0":"post-1081","1":"product","2":"type-product","3":"status-publish","4":"has-post-thumbnail","6":"material-polyester-chemicals","7":"material-nylon-agent","8":"material-acrylic-chemicals","9":"material-fabric-chemicals","10":"process-textile-finishing-chemicals","11":"process-softener","12":"process-silicone-oil","13":"product_cat-uncategorized","15":"first","16":"instock","17":"shipping-taxable","18":"product-type-simple"},"acf":[],"_links":{"self":[{"href":"https:\/\/www.bluelakechem.com\/pt\/wp-json\/wp\/v2\/product\/1081","targetHints":{"allow":["GET"]}}],"collection":[{"href":"https:\/\/www.bluelakechem.com\/pt\/wp-json\/wp\/v2\/product"}],"about":[{"href":"https:\/\/www.bluelakechem.com\/pt\/wp-json\/wp\/v2\/types\/product"}],"replies":[{"embeddable":true,"href":"https:\/\/www.bluelakechem.com\/pt\/wp-json\/wp\/v2\/comments?post=1081"}],"wp:featuredmedia":[{"embeddable":true,"href":"https:\/\/www.bluelakechem.com\/pt\/wp-json\/wp\/v2\/media\/1436"}],"wp:attachment":[{"href":"https:\/\/www.bluelakechem.com\/pt\/wp-json\/wp\/v2\/media?parent=1081"}],"wp:term":[{"taxonomy":"material","embeddable":true,"href":"https:\/\/www.bluelakechem.com\/pt\/wp-json\/wp\/v2\/material?post=1081"},{"taxonomy":"process","embeddable":true,"href":"https:\/\/www.bluelakechem.com\/pt\/wp-json\/wp\/v2\/process?post=1081"},{"taxonomy":"product_brand","embeddable":true,"href":"https:\/\/www.bluelakechem.com\/pt\/wp-json\/wp\/v2\/product_brand?post=1081"},{"taxonomy":"product_cat","embeddable":true,"href":"https:\/\/www.bluelakechem.com\/pt\/wp-json\/wp\/v2\/product_cat?post=1081"},{"taxonomy":"product_tag","embeddable":true,"href":"https:\/\/www.bluelakechem.com\/pt\/wp-json\/wp\/v2\/product_tag?post=1081"}],"curies":[{"name":"wp","href":"https:\/\/api.w.org\/{rel}","templated":true}]}}