{"id":1089,"date":"2025-01-04T03:20:38","date_gmt":"2025-01-04T03:20:38","guid":{"rendered":"https:\/\/www.bluelakechem.com\/?post_type=product&#038;p=1089"},"modified":"2025-01-17T12:30:40","modified_gmt":"2025-01-17T12:30:40","slug":"silicone-softener-for-textiles","status":"publish","type":"product","link":"https:\/\/www.bluelakechem.com\/pt\/product\/silicone-softener-for-textiles\/","title":{"rendered":"Amaciante de silicone para t\u00eaxteis no acabamento de tecidos sint\u00e9ticos"},"content":{"rendered":"<div class=\"wp-block-columns is-layout-flex wp-container-core-columns-is-layout-9d6595d7 wp-block-columns-is-layout-flex\">\n<div class=\"wp-block-column is-layout-flow wp-block-column-is-layout-flow\" style=\"flex-basis:50%\">\n<h2 class=\"wp-block-heading\">Amaciante de silicone para t\u00eaxteis Caracter\u00edsticas:<\/h2>\n\n\n\n<p><strong>Maior maciez e suavidade: <\/strong>Esse amaciante de silicone proporciona excelente maciez e suavidade para fibras sint\u00e9ticas, como poli\u00e9ster, acr\u00edlico, l\u00e3 etc., tornando o tecido mais confort\u00e1vel e macio.<\/p>\n\n\n\n<p><strong>Efeito fofo:<\/strong> Particularmente adequado para fibras de enchimento e tecidos quentes, ele torna o tecido fofo e aumenta a plenitude e o conforto do tecido.<\/p>\n\n\n\n<p><strong>Apar\u00eancia aprimorada do tecido:<\/strong> Melhore o brilho do tecido, melhore a qualidade da apar\u00eancia e torne-o mais atraente visualmente.<\/p>\n\n\n\n<p><strong>Durabilidade aprimorada: <\/strong>O amaciante de silicone pode aumentar a durabilidade do tecido, reduzir o desgaste e reduzir o envelhecimento durante a lavagem.<\/p>\n\n\n\n<p><strong>Eficiente e econ\u00f4mico: <\/strong>Uma pequena quantidade de adi\u00e7\u00e3o pode alcan\u00e7ar resultados significativos, reduzir custos e melhorar a efici\u00eancia da produ\u00e7\u00e3o.<\/p>\n<\/div>\n\n\n\n<div class=\"wp-block-column is-layout-flow wp-block-column-is-layout-flow\" style=\"flex-basis:50%\">\n<figure class=\"wp-block-embed is-type-video is-provider-youtube wp-block-embed-youtube wp-embed-aspect-16-9 wp-has-aspect-ratio\"><div class=\"wp-block-embed__wrapper\">\n<iframe title=\"O que fazer se o tecido de fibra acr\u00edlica n\u00e3o for volumoso e macio o suficiente? #siliconeoil #textilechemicals #fiber\" width=\"500\" height=\"281\" src=\"https:\/\/www.youtube.com\/embed\/xin-t9UWNX4?feature=oembed\" frameborder=\"0\" allow=\"accelerometer; autoplay; clipboard-write; encrypted-media; gyroscope; picture-in-picture; web-share\" referrerpolicy=\"strict-origin-when-cross-origin\" allowfullscreen><\/iframe>\n<\/div><\/figure>\n<\/div>\n<\/div>\n\n\n\n<div class=\"wp-block-columns is-layout-flex wp-container-core-columns-is-layout-9d6595d7 wp-block-columns-is-layout-flex\">\n<div class=\"wp-block-column is-layout-flow wp-block-column-is-layout-flow\">\n<figure class=\"wp-block-image size-full\"><img decoding=\"async\" width=\"1200\" height=\"1200\" src=\"https:\/\/www.bluelakechem.com\/wp-content\/uploads\/2024\/12\/Silicone-Softener-for-Textiles-2.webp\" alt=\"Amaciante de Silicone para T\u00eaxteis (2)\" class=\"wp-image-1096\" srcset=\"https:\/\/www.bluelakechem.com\/wp-content\/uploads\/2024\/12\/Silicone-Softener-for-Textiles-2.webp 1200w, https:\/\/www.bluelakechem.com\/wp-content\/uploads\/2024\/12\/Silicone-Softener-for-Textiles-2-300x300.webp 300w, https:\/\/www.bluelakechem.com\/wp-content\/uploads\/2024\/12\/Silicone-Softener-for-Textiles-2-150x150.webp 150w, https:\/\/www.bluelakechem.com\/wp-content\/uploads\/2024\/12\/Silicone-Softener-for-Textiles-2-768x768.webp 768w, https:\/\/www.bluelakechem.com\/wp-content\/uploads\/2024\/12\/Silicone-Softener-for-Textiles-2-600x600.webp 600w, https:\/\/www.bluelakechem.com\/wp-content\/uploads\/2024\/12\/Silicone-Softener-for-Textiles-2-100x100.webp 100w\" sizes=\"(max-width: 1200px) 100vw, 1200px\" \/><\/figure>\n<\/div>\n\n\n\n<div class=\"wp-block-column is-layout-flow wp-block-column-is-layout-flow\">\n<h2 class=\"wp-block-heading\">Amaciante de silicone para aplica\u00e7\u00f5es t\u00eaxteis:<\/h2>\n\n\n\n<p><strong>Acabamento de amaciamento de fibras sint\u00e9ticas: <\/strong>Os amaciantes de silicone para t\u00eaxteis s\u00e3o usados no acabamento de fibras sint\u00e9ticas, como poli\u00e9ster, acr\u00edlico, n\u00e1ilon e acr\u00edlico, para aumentar a maciez e a suavidade dos tecidos, tornando-os mais confort\u00e1veis e dur\u00e1veis.<\/p>\n\n\n\n<p><strong>Aumento da maciez das fibras de enchimento:<\/strong> Proporciona uma sensa\u00e7\u00e3o de maciez, aumenta o volume e a elasticidade das fibras de enchimento e \u00e9 adequado para materiais de enchimento como plumas e algod\u00e3o.<\/p>\n\n\n\n<p><strong>Tratamento suave e macio de tecidos de l\u00e3: <\/strong>Aplic\u00e1vel a tecidos de l\u00e3 para evitar que os tecidos de l\u00e3 se tornem duros, mantendo o calor e o conforto originais.<\/p>\n\n\n\n<p><strong>Vestu\u00e1rio e produtos t\u00eaxteis para o lar: <\/strong>Amplamente utilizado no acabamento e tratamento de v\u00e1rios tecidos de vestu\u00e1rio (como roupas esportivas, roupas casuais, roupas \u00edntimas, etc.) e t\u00eaxteis dom\u00e9sticos (como roupas de cama, cortinas, capas de sof\u00e1, etc.).<\/p>\n\n\n\n<p><strong>Produ\u00e7\u00e3o de t\u00eaxteis de alta qualidade: <\/strong>Adequado para mercados de alto padr\u00e3o, melhora a textura dos tecidos e \u00e9 adequado para a produ\u00e7\u00e3o de roupas de luxo, interiores e tecidos da moda.<\/p>\n<\/div>\n<\/div>","protected":false},"excerpt":{"rendered":"<p>O amaciante de silicone para t\u00eaxteis da Bluelakechem, como o \u00f3leo de silicone em bloco, \u00e9 ideal para obter acabamentos fofos, macios e suaves em tecidos feitos de poli\u00e9ster, fibra acr\u00edlica e l\u00e3, bem como em fibras de enchimento e enchimento e tecidos quentes. Esse amaciante de silicone aprimora as propriedades t\u00e1teis do tecido, proporcionando uma sensa\u00e7\u00e3o de luxo e mantendo a durabilidade e o conforto.<\/p>\n<p><strong>Modelo n\u00ba.<\/strong>70708<\/p>","protected":false},"featured_media":1448,"comment_status":"closed","ping_status":"closed","template":"","meta":{"_acf_changed":false},"material":[27,28,29,31,34],"process":[23,42,24],"product_brand":[],"product_cat":[15],"product_tag":[],"class_list":{"0":"post-1089","1":"product","2":"type-product","3":"status-publish","4":"has-post-thumbnail","6":"material-polyester-chemicals","7":"material-nylon-agent","8":"material-acrylic-chemicals","9":"material-wool-auxiliary","10":"material-fabric-chemicals","11":"process-textile-finishing-chemicals","12":"process-softener","13":"process-silicone-oil","14":"product_cat-uncategorized","16":"first","17":"instock","18":"shipping-taxable","19":"product-type-simple"},"acf":[],"_links":{"self":[{"href":"https:\/\/www.bluelakechem.com\/pt\/wp-json\/wp\/v2\/product\/1089","targetHints":{"allow":["GET"]}}],"collection":[{"href":"https:\/\/www.bluelakechem.com\/pt\/wp-json\/wp\/v2\/product"}],"about":[{"href":"https:\/\/www.bluelakechem.com\/pt\/wp-json\/wp\/v2\/types\/product"}],"replies":[{"embeddable":true,"href":"https:\/\/www.bluelakechem.com\/pt\/wp-json\/wp\/v2\/comments?post=1089"}],"wp:featuredmedia":[{"embeddable":true,"href":"https:\/\/www.bluelakechem.com\/pt\/wp-json\/wp\/v2\/media\/1448"}],"wp:attachment":[{"href":"https:\/\/www.bluelakechem.com\/pt\/wp-json\/wp\/v2\/media?parent=1089"}],"wp:term":[{"taxonomy":"material","embeddable":true,"href":"https:\/\/www.bluelakechem.com\/pt\/wp-json\/wp\/v2\/material?post=1089"},{"taxonomy":"process","embeddable":true,"href":"https:\/\/www.bluelakechem.com\/pt\/wp-json\/wp\/v2\/process?post=1089"},{"taxonomy":"product_brand","embeddable":true,"href":"https:\/\/www.bluelakechem.com\/pt\/wp-json\/wp\/v2\/product_brand?post=1089"},{"taxonomy":"product_cat","embeddable":true,"href":"https:\/\/www.bluelakechem.com\/pt\/wp-json\/wp\/v2\/product_cat?post=1089"},{"taxonomy":"product_tag","embeddable":true,"href":"https:\/\/www.bluelakechem.com\/pt\/wp-json\/wp\/v2\/product_tag?post=1089"}],"curies":[{"name":"wp","href":"https:\/\/api.w.org\/{rel}","templated":true}]}}