{"id":1109,"date":"2025-01-04T02:41:08","date_gmt":"2025-01-04T02:41:08","guid":{"rendered":"https:\/\/www.bluelakechem.com\/?post_type=product&#038;p=1109"},"modified":"2025-01-17T12:34:05","modified_gmt":"2025-01-17T12:34:05","slug":"textile-silicone-softener","status":"publish","type":"product","link":"https:\/\/www.bluelakechem.com\/pt\/product\/textile-silicone-softener\/","title":{"rendered":"Bloco amaciante de silicone t\u00eaxtil \u00d3leo de silicone para acabamento de tecidos sint\u00e9ticos"},"content":{"rendered":"<div class=\"wp-block-columns is-layout-flex wp-container-core-columns-is-layout-9d6595d7 wp-block-columns-is-layout-flex\">\n<div class=\"wp-block-column is-layout-flow wp-block-column-is-layout-flow\" style=\"flex-basis:50%\">\n<h2 class=\"wp-block-heading\">Amaciante de silicone t\u00eaxtil Caracter\u00edsticas:<\/h2>\n\n\n\n<p><strong>Excelente maciez: <\/strong>O amaciante de silicone para t\u00eaxteis proporciona uma sensa\u00e7\u00e3o suave e sedosa aos tecidos, oferecendo maciez superior que aumenta o conforto do produto final. \u00c9 especialmente eficaz para fibras sint\u00e9ticas como poli\u00e9ster, acr\u00edlico e n\u00e1ilon.<\/p>\n\n\n\n<p><strong>Cabo suave e requintado: <\/strong>Ele proporciona uma al\u00e7a refinada, semelhante \u00e0 seda, melhorando as qualidades t\u00e1teis dos tecidos e tornando-os mais agrad\u00e1veis de vestir ou usar.<\/p>\n\n\n\n<p><strong>Apar\u00eancia aprimorada do tecido:<\/strong> O amaciante de silicone t\u00eaxtil melhora o brilho do tecido para apresentar uma apar\u00eancia luxuosa sem afetar sua durabilidade e estrutura.<\/p>\n\n\n\n<p><strong>Durabilidade aprimorada:<\/strong> Ele n\u00e3o apenas proporciona maciez, mas tamb\u00e9m melhora o desempenho de longo prazo dos tecidos, mantendo a maciez desejada ap\u00f3s v\u00e1rias lavagens e garantindo um efeito mais duradouro.<\/p>\n\n\n\n<p><strong>Versatilidade:<\/strong> O amaciante de silicone t\u00eaxtil pode ser aplicado a muitos tipos de fibras qu\u00edmicas, como poli\u00e9ster e n\u00e1ilon, individualmente ou em misturas.<\/p>\n<\/div>\n\n\n\n<div class=\"wp-block-column is-layout-flow wp-block-column-is-layout-flow\" style=\"flex-basis:50%\">\n<figure class=\"wp-block-embed is-type-video is-provider-youtube wp-block-embed-youtube wp-embed-aspect-16-9 wp-has-aspect-ratio\"><div class=\"wp-block-embed__wrapper\">\n<iframe title=\"\u00d3leo de silicone liso de alta concentra\u00e7\u00e3oAdequado para fibras qu\u00edmicasExcelente resist\u00eancia a \u00e1lcalis\u301070706-2\u3011\" width=\"500\" height=\"281\" src=\"https:\/\/www.youtube.com\/embed\/-4FerEyNugU?feature=oembed\" frameborder=\"0\" allow=\"accelerometer; autoplay; clipboard-write; encrypted-media; gyroscope; picture-in-picture; web-share\" referrerpolicy=\"strict-origin-when-cross-origin\" allowfullscreen><\/iframe>\n<\/div><\/figure>\n<\/div>\n<\/div>\n\n\n\n<div class=\"wp-block-columns is-layout-flex wp-container-core-columns-is-layout-9d6595d7 wp-block-columns-is-layout-flex\">\n<div class=\"wp-block-column is-layout-flow wp-block-column-is-layout-flow\">\n<figure class=\"wp-block-image size-full\"><img decoding=\"async\" width=\"1155\" height=\"857\" src=\"https:\/\/www.bluelakechem.com\/wp-content\/uploads\/2024\/12\/Textile-Silicone-Softener-2.webp\" alt=\"Amaciante de Silicone T\u00eaxtil (2)\" class=\"wp-image-1129\" srcset=\"https:\/\/www.bluelakechem.com\/wp-content\/uploads\/2024\/12\/Textile-Silicone-Softener-2.webp 1155w, https:\/\/www.bluelakechem.com\/wp-content\/uploads\/2024\/12\/Textile-Silicone-Softener-2-300x223.webp 300w, https:\/\/www.bluelakechem.com\/wp-content\/uploads\/2024\/12\/Textile-Silicone-Softener-2-768x570.webp 768w, https:\/\/www.bluelakechem.com\/wp-content\/uploads\/2024\/12\/Textile-Silicone-Softener-2-600x445.webp 600w\" sizes=\"(max-width: 1155px) 100vw, 1155px\" \/><\/figure>\n<\/div>\n\n\n\n<div class=\"wp-block-column is-layout-flow wp-block-column-is-layout-flow\">\n<h2 class=\"wp-block-heading\">Aplica\u00e7\u00f5es de amaciante de silicone para t\u00eaxteis:<\/h2>\n\n\n\n<p><strong>Acabamento de tecido sint\u00e9tico: <\/strong>O amaciante de silicone t\u00eaxtil \u00e9 usado para o acabamento de tecidos sint\u00e9ticos, como poli\u00e9ster, n\u00e1ilon e acr\u00edlico, para proporcionar um toque macio, suave e luxuoso - essencial para roupas e estofados.<\/p>\n\n\n\n<p><strong>Roupas esportivas e de lazer:<\/strong> Aumenta o conforto do vestu\u00e1rio, proporciona uma sensa\u00e7\u00e3o sedosa e melhora o gerenciamento da umidade e a respirabilidade em tecidos esportivos.<\/p>\n\n\n\n<p><strong>T\u00eaxteis para o lar:<\/strong> O amaciante de silicone \u00e9 amplamente utilizado em tecidos dom\u00e9sticos, incluindo toalhas, roupas de cama e cortinas, para aumentar a maciez, a absor\u00e7\u00e3o e o conforto geral.<\/p>\n\n\n\n<p><strong>Tratamento de tecido funcional:<\/strong> Use esse amaciante para tratar tecidos funcionais, como os que absorvem a umidade e os que repelem a \u00e1gua, o que pode melhorar significativamente a maciez do tecido e aprimorar seu desempenho.<\/p>\n\n\n\n<p><strong>Vestu\u00e1rio e tecidos de alta qualidade: <\/strong>Em tecidos e roupas de alto valor, o amaciante de silicone t\u00eaxtil proporciona um acabamento de seda luxuoso e aveludado que aprimora o apelo est\u00e9tico e o conforto dos tecidos de alta qualidade, tornando-os mais sofisticados e refinados.<\/p>\n<\/div>\n<\/div>","protected":false},"excerpt":{"rendered":"<p>Como fabricante de amaciantes de silicone para t\u00eaxteis, desenvolvemos e produzimos \u00f3leos de silicone em bloco de alta concentra\u00e7\u00e3o, que s\u00e3o adequados para o acabamento suave e delicado de v\u00e1rias fibras qu\u00edmicas, dando aos tecidos uma sensa\u00e7\u00e3o de alta qualidade como a seda.<\/p>\n<p><strong>Modelo n\u00ba.<\/strong>70706<\/p>","protected":false},"featured_media":1450,"comment_status":"closed","ping_status":"closed","template":"","meta":{"_acf_changed":false},"material":[27,28,29,34],"process":[23,42,24],"product_brand":[],"product_cat":[15],"product_tag":[],"class_list":{"0":"post-1109","1":"product","2":"type-product","3":"status-publish","4":"has-post-thumbnail","6":"material-polyester-chemicals","7":"material-nylon-agent","8":"material-acrylic-chemicals","9":"material-fabric-chemicals","10":"process-textile-finishing-chemicals","11":"process-softener","12":"process-silicone-oil","13":"product_cat-uncategorized","15":"first","16":"instock","17":"shipping-taxable","18":"product-type-simple"},"acf":[],"_links":{"self":[{"href":"https:\/\/www.bluelakechem.com\/pt\/wp-json\/wp\/v2\/product\/1109","targetHints":{"allow":["GET"]}}],"collection":[{"href":"https:\/\/www.bluelakechem.com\/pt\/wp-json\/wp\/v2\/product"}],"about":[{"href":"https:\/\/www.bluelakechem.com\/pt\/wp-json\/wp\/v2\/types\/product"}],"replies":[{"embeddable":true,"href":"https:\/\/www.bluelakechem.com\/pt\/wp-json\/wp\/v2\/comments?post=1109"}],"wp:featuredmedia":[{"embeddable":true,"href":"https:\/\/www.bluelakechem.com\/pt\/wp-json\/wp\/v2\/media\/1450"}],"wp:attachment":[{"href":"https:\/\/www.bluelakechem.com\/pt\/wp-json\/wp\/v2\/media?parent=1109"}],"wp:term":[{"taxonomy":"material","embeddable":true,"href":"https:\/\/www.bluelakechem.com\/pt\/wp-json\/wp\/v2\/material?post=1109"},{"taxonomy":"process","embeddable":true,"href":"https:\/\/www.bluelakechem.com\/pt\/wp-json\/wp\/v2\/process?post=1109"},{"taxonomy":"product_brand","embeddable":true,"href":"https:\/\/www.bluelakechem.com\/pt\/wp-json\/wp\/v2\/product_brand?post=1109"},{"taxonomy":"product_cat","embeddable":true,"href":"https:\/\/www.bluelakechem.com\/pt\/wp-json\/wp\/v2\/product_cat?post=1109"},{"taxonomy":"product_tag","embeddable":true,"href":"https:\/\/www.bluelakechem.com\/pt\/wp-json\/wp\/v2\/product_tag?post=1109"}],"curies":[{"name":"wp","href":"https:\/\/api.w.org\/{rel}","templated":true}]}}