{"id":1138,"date":"2025-01-04T02:54:39","date_gmt":"2025-01-04T02:54:39","guid":{"rendered":"https:\/\/www.bluelakechem.com\/?post_type=product&#038;p=1138"},"modified":"2025-01-17T12:32:39","modified_gmt":"2025-01-17T12:32:39","slug":"fixing-agent-in-textile","status":"publish","type":"product","link":"https:\/\/www.bluelakechem.com\/pt\/product\/fixing-agent-in-textile\/","title":{"rendered":"Agente de fixa\u00e7\u00e3o em t\u00eaxteis para acabamento com corantes \u00e1cidos de nylon"},"content":{"rendered":"<div class=\"wp-block-columns is-layout-flex wp-container-core-columns-is-layout-9d6595d7 wp-block-columns-is-layout-flex\">\n<div class=\"wp-block-column is-layout-flow wp-block-column-is-layout-flow\" style=\"flex-basis:50%\">\n<h2 class=\"wp-block-heading\">Caracter\u00edsticas do agente de fixa\u00e7\u00e3o em t\u00eaxteis:<\/h2>\n\n\n\n<p><strong>Melhora a solidez da cor: <\/strong>Os fixadores de cor em t\u00eaxteis podem melhorar todos os aspectos da solidez da cor, incluindo solidez \u00e0 lavagem, solidez \u00e0 fric\u00e7\u00e3o, solidez \u00e0 transpira\u00e7\u00e3o e solidez \u00e0 luz, mantendo a integridade da cor dos tecidos tingidos.<\/p>\n\n\n\n<p><strong>Dedicado a corantes \u00e1cidos:<\/strong> Ele pode aprimorar o desempenho de corantes \u00e1cidos, melhorar a taxa de absor\u00e7\u00e3o do corante e a efici\u00eancia geral do tingimento.<\/p>\n\n\n\n<p><strong>Melhorar a durabilidade do tecido:<\/strong> Permite que os tecidos mantenham a cor ap\u00f3s repetidas lavagens e usos, reduz o desbotamento e aumenta a vida \u00fatil.<\/p>\n\n\n\n<p><strong>Adequado para tecidos de n\u00e1ilon: <\/strong>Especialmente adequado para fibras de n\u00e1ilon, fios de n\u00e1ilon, tran\u00e7as e outras fibras sint\u00e9ticas, especialmente para melhorar a solidez da cor e a estabilidade do corante no tingimento e acabamento de tecidos de n\u00e1ilon.<\/p>\n\n\n\n<p><strong>Simplificar os processos de tingimento e p\u00f3s-impress\u00e3o: <\/strong>Reduzir a complexidade das opera\u00e7\u00f5es de acabamento t\u00eaxtil.<\/p>\n<\/div>\n\n\n\n<div class=\"wp-block-column is-layout-flow wp-block-column-is-layout-flow\" style=\"flex-basis:50%\">\n<figure class=\"wp-block-embed is-type-video is-provider-youtube wp-block-embed-youtube wp-embed-aspect-16-9 wp-has-aspect-ratio\"><div class=\"wp-block-embed__wrapper\">\n<iframe title=\"O que fazer com tecidos de n\u00e1ilon em cores escuras que desbotam seriamente? Agente fixador de \u00e1cido #\u00eaxtilqu\u00edmicos\" width=\"500\" height=\"281\" src=\"https:\/\/www.youtube.com\/embed\/3j19zuHvITU?feature=oembed\" frameborder=\"0\" allow=\"accelerometer; autoplay; clipboard-write; encrypted-media; gyroscope; picture-in-picture; web-share\" referrerpolicy=\"strict-origin-when-cross-origin\" allowfullscreen><\/iframe>\n<\/div><\/figure>\n<\/div>\n<\/div>\n\n\n\n<div class=\"wp-block-columns is-layout-flex wp-container-core-columns-is-layout-9d6595d7 wp-block-columns-is-layout-flex\">\n<div class=\"wp-block-column is-layout-flow wp-block-column-is-layout-flow\">\n<figure class=\"wp-block-image size-full\"><img decoding=\"async\" width=\"1180\" height=\"741\" src=\"https:\/\/www.bluelakechem.com\/wp-content\/uploads\/2024\/12\/Fixing-Agent-in-Textile-2.webp\" alt=\"Agente de fixa\u00e7\u00e3o em t\u00eaxteis (2)\" class=\"wp-image-1148\" srcset=\"https:\/\/www.bluelakechem.com\/wp-content\/uploads\/2024\/12\/Fixing-Agent-in-Textile-2.webp 1180w, https:\/\/www.bluelakechem.com\/wp-content\/uploads\/2024\/12\/Fixing-Agent-in-Textile-2-300x188.webp 300w, https:\/\/www.bluelakechem.com\/wp-content\/uploads\/2024\/12\/Fixing-Agent-in-Textile-2-768x482.webp 768w, https:\/\/www.bluelakechem.com\/wp-content\/uploads\/2024\/12\/Fixing-Agent-in-Textile-2-600x377.webp 600w\" sizes=\"(max-width: 1180px) 100vw, 1180px\" \/><\/figure>\n<\/div>\n\n\n\n<div class=\"wp-block-column is-layout-flow wp-block-column-is-layout-flow\">\n<h2 class=\"wp-block-heading\">Aplica\u00e7\u00f5es de agentes fixadores em t\u00eaxteis:<\/h2>\n\n\n\n<p><strong>Fios e tecidos de nylon<\/strong>:<br>Usado em processos de fixa\u00e7\u00e3o de tecidos de n\u00e1ilon tingidos ou estampados para aumentar a vibra\u00e7\u00e3o e a durabilidade das cores.<\/p>\n\n\n\n<p><strong>Fitas de tecido<\/strong>:<br>Garante maior solidez e uniformidade da cor em fitas de n\u00e1ilon tecidas, comumente usadas em vestu\u00e1rio, acess\u00f3rios e t\u00eaxteis industriais.<\/p>\n\n\n\n<p><strong>Fabrica\u00e7\u00e3o de vestu\u00e1rio<\/strong>:<br>Aplic\u00e1vel em tratamentos p\u00f3s-tingimento de roupas de n\u00e1ilon, garantindo cores vibrantes e duradouras nos produtos acabados.<\/p>\n\n\n\n<p><strong>T\u00eaxteis industriais e funcionais<\/strong>:<br>Adequado para t\u00eaxteis funcionais \u00e0 base de n\u00e1ilon, em que a solidez e a uniformidade da cor s\u00e3o essenciais.<\/p>\n\n\n\n<p><strong>Moda e roupas esportivas<\/strong>:<br>Ideal para tecidos de n\u00e1ilon usados em moda e roupas esportivas, garantindo cores ricas e durabilidade sob uso e lavagem frequentes.<\/p>\n<\/div>\n<\/div>\n\n\n\n<p><\/p>","protected":false},"excerpt":{"rendered":"<p>O agente fixador para t\u00eaxteis da Bluelakechem, especialmente projetado para corantes \u00e1cidos, \u00e9 ideal para a fixa\u00e7\u00e3o p\u00f3s-tingimento e impress\u00e3o de fios de n\u00e1ilon, fitas tecidas e tecidos. Ele melhora v\u00e1rios aspectos da solidez da cor, al\u00e9m de ser econ\u00f4mico.<\/p>\n<p><strong>Modelo n\u00ba.<\/strong>23061<\/p>","protected":false},"featured_media":1449,"comment_status":"closed","ping_status":"closed","template":"","meta":{"_acf_changed":false},"material":[28,31,33],"process":[23,25],"product_brand":[],"product_cat":[15],"product_tag":[],"class_list":{"0":"post-1138","1":"product","2":"type-product","3":"status-publish","4":"has-post-thumbnail","6":"material-nylon-agent","7":"material-wool-auxiliary","8":"material-silk-chemicals","9":"process-textile-finishing-chemicals","10":"process-textile-finishing-agent","11":"product_cat-uncategorized","13":"first","14":"instock","15":"shipping-taxable","16":"product-type-simple"},"acf":[],"_links":{"self":[{"href":"https:\/\/www.bluelakechem.com\/pt\/wp-json\/wp\/v2\/product\/1138","targetHints":{"allow":["GET"]}}],"collection":[{"href":"https:\/\/www.bluelakechem.com\/pt\/wp-json\/wp\/v2\/product"}],"about":[{"href":"https:\/\/www.bluelakechem.com\/pt\/wp-json\/wp\/v2\/types\/product"}],"replies":[{"embeddable":true,"href":"https:\/\/www.bluelakechem.com\/pt\/wp-json\/wp\/v2\/comments?post=1138"}],"wp:featuredmedia":[{"embeddable":true,"href":"https:\/\/www.bluelakechem.com\/pt\/wp-json\/wp\/v2\/media\/1449"}],"wp:attachment":[{"href":"https:\/\/www.bluelakechem.com\/pt\/wp-json\/wp\/v2\/media?parent=1138"}],"wp:term":[{"taxonomy":"material","embeddable":true,"href":"https:\/\/www.bluelakechem.com\/pt\/wp-json\/wp\/v2\/material?post=1138"},{"taxonomy":"process","embeddable":true,"href":"https:\/\/www.bluelakechem.com\/pt\/wp-json\/wp\/v2\/process?post=1138"},{"taxonomy":"product_brand","embeddable":true,"href":"https:\/\/www.bluelakechem.com\/pt\/wp-json\/wp\/v2\/product_brand?post=1138"},{"taxonomy":"product_cat","embeddable":true,"href":"https:\/\/www.bluelakechem.com\/pt\/wp-json\/wp\/v2\/product_cat?post=1138"},{"taxonomy":"product_tag","embeddable":true,"href":"https:\/\/www.bluelakechem.com\/pt\/wp-json\/wp\/v2\/product_tag?post=1138"}],"curies":[{"name":"wp","href":"https:\/\/api.w.org\/{rel}","templated":true}]}}