{"id":1249,"date":"2025-01-04T02:30:25","date_gmt":"2025-01-04T02:30:25","guid":{"rendered":"https:\/\/www.bluelakechem.com\/?post_type=product&#038;p=1249"},"modified":"2025-02-22T08:14:48","modified_gmt":"2025-02-22T08:14:48","slug":"silicone-softener","status":"publish","type":"product","link":"https:\/\/www.bluelakechem.com\/pt\/product\/silicone-softener\/","title":{"rendered":"Amaciante de silicone Produtos qu\u00edmicos t\u00eaxteis para acabamento de tecidos de algod\u00e3o, poli\u00e9ster e toalhas"},"content":{"rendered":"<div class=\"wp-block-columns is-layout-flex wp-container-core-columns-is-layout-9d6595d7 wp-block-columns-is-layout-flex\">\n<div class=\"wp-block-column is-layout-flow wp-block-column-is-layout-flow\" style=\"flex-basis:50%\">\n<h2 class=\"wp-block-heading\">Caracter\u00edsticas do amaciante de silicone:<\/h2>\n\n\n\n<p><strong>Excelente maciez:<\/strong> O Silicone Softener proporciona excelente maciez e d\u00e1 aos tecidos mais delicadeza e suavidade.<\/p>\n\n\n\n<p><strong>Aumento da elasticidade:<\/strong> Melhora efetivamente a elasticidade dos tecidos, aumentando assim a durabilidade e os efeitos antirrugas.<\/p>\n\n\n\n<p><strong>D\u00e1 uma sensa\u00e7\u00e3o de maciez:<\/strong> Adequado para toalhas, cobertores e outras aplica\u00e7\u00f5es t\u00eaxteis que exigem um efeito fofo.<\/p>\n\n\n\n<p><strong>Melhora a hidrofilicidade:<\/strong> O Silicone Softener promove a hidrofilicidade e a respirabilidade dos tecidos. Especialmente adequado para toalhas, roupas esportivas e outros produtos que exigem alta absor\u00e7\u00e3o de \u00e1gua.<\/p>\n\n\n\n<p><strong>Alta durabilidade:<\/strong> Os tecidos tratados t\u00eam um toque macio e excelente qualidade, tanto ap\u00f3s a lavagem quanto durante o uso prolongado.<\/p>\n\n\n\n<p><strong>Ecol\u00f3gico e seguro:<\/strong> Ele atende a todos os requisitos de tecido ecol\u00f3gico e \u00e9 inofensivo para o corpo humano e para o meio ambiente.<\/p>\n\n\n\n<h2 class=\"wp-block-heading\">Aplica\u00e7\u00f5es do amaciante de silicone:<\/h2>\n\n\n\n<p><strong>Toalhas e t\u00eaxteis para o lar: <\/strong>Melhora a maciez e a absor\u00e7\u00e3o de \u00e1gua. Proporciona uma boa maciez \u00e0 toalha e \u00e0 roupa de cama e melhora o conforto de uso.<\/p>\n\n\n\n<p><strong>Tecidos para vestu\u00e1rio: <\/strong>Adequado para algod\u00e3o, poli\u00e9ster e tecidos mistos, o toque macio e suave da superf\u00edcie aumenta o valor adicional.<\/p>\n\n\n\n<p><strong>Tric\u00f4 e tecidos: <\/strong>O amaciante de silicone melhora o caimento e a elasticidade do tecido de malha e tamb\u00e9m confere maciez e conforto aos tecidos.<\/p>\n\n\n\n<p><strong>Roupas esportivas e tecidos funcionais:<\/strong> O Silicone Softener melhora as propriedades de absor\u00e7\u00e3o de umidade e secagem r\u00e1pida, sendo perfeito para roupas funcionais e esportivas.<\/p>\n\n\n\n<p><strong>T\u00eaxteis decorativos:<\/strong> Aplicado em tecidos decorativos, como tecidos de cortinas e sof\u00e1s, para aumentar a suavidade e o efeito visual e melhorar o toque e a textura.<\/p>\n<\/div>\n\n\n\n<div class=\"wp-block-column is-layout-flow wp-block-column-is-layout-flow\" style=\"flex-basis:50%\">\n<figure class=\"wp-block-image size-full\"><img decoding=\"async\" width=\"800\" height=\"800\" src=\"https:\/\/www.bluelakechem.com\/wp-content\/uploads\/2025\/01\/Silicone-Softener.webp\" alt=\"Amaciante de silicone\" class=\"wp-image-1451\" srcset=\"https:\/\/www.bluelakechem.com\/wp-content\/uploads\/2025\/01\/Silicone-Softener.webp 800w, https:\/\/www.bluelakechem.com\/wp-content\/uploads\/2025\/01\/Silicone-Softener-300x300.webp 300w, https:\/\/www.bluelakechem.com\/wp-content\/uploads\/2025\/01\/Silicone-Softener-150x150.webp 150w, https:\/\/www.bluelakechem.com\/wp-content\/uploads\/2025\/01\/Silicone-Softener-768x768.webp 768w, https:\/\/www.bluelakechem.com\/wp-content\/uploads\/2025\/01\/Silicone-Softener-12x12.webp 12w, https:\/\/www.bluelakechem.com\/wp-content\/uploads\/2025\/01\/Silicone-Softener-600x600.webp 600w, https:\/\/www.bluelakechem.com\/wp-content\/uploads\/2025\/01\/Silicone-Softener-100x100.webp 100w\" sizes=\"(max-width: 800px) 100vw, 800px\" \/><\/figure>\n<\/div>\n<\/div>\n\n\n\n<p><\/p>","protected":false},"excerpt":{"rendered":"<p>Esse \u00e9 um amaciante de silicone vers\u00e1til para o processo de acabamento macio de v\u00e1rios tecidos, toalhas, roupas e t\u00eaxteis. Esse produto melhora a hidrofilicidade e, ao mesmo tempo, proporciona uma pega excepcionalmente suave e macia, o que o torna ideal para obter acabamentos de qualidade premium na fabrica\u00e7\u00e3o de t\u00eaxteis.<\/p>\n<p><strong>Modelo n\u00ba. <\/strong>35426<\/p>\n<p><img decoding=\"async\" class=\"alignnone size-medium wp-image-1659\" src=\"https:\/\/www.bluelakechem.com\/wp-content\/uploads\/2025\/01\/35426-\u5b9e\u9a8c-\uff08\u53cclogo\uff09-300x300.jpg\" alt=\"\" width=\"300\" height=\"300\" srcset=\"https:\/\/www.bluelakechem.com\/wp-content\/uploads\/2025\/01\/35426-\u5b9e\u9a8c-\uff08\u53cclogo\uff09-300x300.jpg 300w, https:\/\/www.bluelakechem.com\/wp-content\/uploads\/2025\/01\/35426-\u5b9e\u9a8c-\uff08\u53cclogo\uff09-150x150.jpg 150w, https:\/\/www.bluelakechem.com\/wp-content\/uploads\/2025\/01\/35426-\u5b9e\u9a8c-\uff08\u53cclogo\uff09-768x768.jpg 768w, https:\/\/www.bluelakechem.com\/wp-content\/uploads\/2025\/01\/35426-\u5b9e\u9a8c-\uff08\u53cclogo\uff09-12x12.jpg 12w, https:\/\/www.bluelakechem.com\/wp-content\/uploads\/2025\/01\/35426-\u5b9e\u9a8c-\uff08\u53cclogo\uff09-600x600.jpg 600w, https:\/\/www.bluelakechem.com\/wp-content\/uploads\/2025\/01\/35426-\u5b9e\u9a8c-\uff08\u53cclogo\uff09-100x100.jpg 100w, https:\/\/www.bluelakechem.com\/wp-content\/uploads\/2025\/01\/35426-\u5b9e\u9a8c-\uff08\u53cclogo\uff09.jpg 800w\" sizes=\"(max-width: 300px) 100vw, 300px\" \/><\/p>","protected":false},"featured_media":1451,"comment_status":"closed","ping_status":"closed","template":"","meta":{"_acf_changed":false},"material":[26,27,28,29,30,31,32,33,34],"process":[23,42],"product_brand":[],"product_cat":[15],"product_tag":[],"class_list":{"0":"post-1249","1":"product","2":"type-product","3":"status-publish","4":"has-post-thumbnail","6":"material-cotton-agent","7":"material-polyester-chemicals","8":"material-nylon-agent","9":"material-acrylic-chemicals","10":"material-viscose-chemicals","11":"material-wool-auxiliary","12":"material-linen-chemicals","13":"material-silk-chemicals","14":"material-fabric-chemicals","15":"process-textile-finishing-chemicals","16":"process-softener","17":"product_cat-uncategorized","19":"first","20":"instock","21":"shipping-taxable","22":"product-type-simple"},"acf":[],"_links":{"self":[{"href":"https:\/\/www.bluelakechem.com\/pt\/wp-json\/wp\/v2\/product\/1249","targetHints":{"allow":["GET"]}}],"collection":[{"href":"https:\/\/www.bluelakechem.com\/pt\/wp-json\/wp\/v2\/product"}],"about":[{"href":"https:\/\/www.bluelakechem.com\/pt\/wp-json\/wp\/v2\/types\/product"}],"replies":[{"embeddable":true,"href":"https:\/\/www.bluelakechem.com\/pt\/wp-json\/wp\/v2\/comments?post=1249"}],"wp:featuredmedia":[{"embeddable":true,"href":"https:\/\/www.bluelakechem.com\/pt\/wp-json\/wp\/v2\/media\/1451"}],"wp:attachment":[{"href":"https:\/\/www.bluelakechem.com\/pt\/wp-json\/wp\/v2\/media?parent=1249"}],"wp:term":[{"taxonomy":"material","embeddable":true,"href":"https:\/\/www.bluelakechem.com\/pt\/wp-json\/wp\/v2\/material?post=1249"},{"taxonomy":"process","embeddable":true,"href":"https:\/\/www.bluelakechem.com\/pt\/wp-json\/wp\/v2\/process?post=1249"},{"taxonomy":"product_brand","embeddable":true,"href":"https:\/\/www.bluelakechem.com\/pt\/wp-json\/wp\/v2\/product_brand?post=1249"},{"taxonomy":"product_cat","embeddable":true,"href":"https:\/\/www.bluelakechem.com\/pt\/wp-json\/wp\/v2\/product_cat?post=1249"},{"taxonomy":"product_tag","embeddable":true,"href":"https:\/\/www.bluelakechem.com\/pt\/wp-json\/wp\/v2\/product_tag?post=1249"}],"curies":[{"name":"wp","href":"https:\/\/api.w.org\/{rel}","templated":true}]}}