{"id":1477,"date":"2025-01-22T01:27:49","date_gmt":"2025-01-22T01:27:49","guid":{"rendered":"https:\/\/www.bluelakechem.com\/?post_type=product&#038;p=1477"},"modified":"2025-10-20T06:54:07","modified_gmt":"2025-10-20T06:54:07","slug":"wetting-agent-for-textile","status":"publish","type":"product","link":"https:\/\/www.bluelakechem.com\/pt\/product\/wetting-agent-for-textile\/","title":{"rendered":"Agente umectante com baixa forma\u00e7\u00e3o de espuma para pr\u00e9-tratamento de algod\u00e3o t\u00eaxtil e poli\u00e9ster"},"content":{"rendered":"<div class=\"wp-block-columns is-layout-flex wp-container-core-columns-is-layout-9d6595d7 wp-block-columns-is-layout-flex\">\n<div class=\"wp-block-column is-layout-flow wp-block-column-is-layout-flow\" style=\"flex-basis:50%\">\n<h2 class=\"wp-block-heading\">Descri\u00e7\u00e3o do agente umectante para t\u00eaxteis<\/h2>\n\n\n\n<ul class=\"wp-block-list\">\n<li>O 11060 \u00e9 composto principalmente de \u00e9ter polioxietileno de \u00e1lcool isom\u00e9rico.<\/li>\n\n\n\n<li>Possui grupos hidrof\u00edlicos fixos e grupos lipof\u00edlicos, que podem se orientar na superf\u00edcie da solu\u00e7\u00e3o. Ele pode diminuir significativamente a tens\u00e3o superficial da solu\u00e7\u00e3o e melhorar a permeabilidade da solu\u00e7\u00e3o.<\/li>\n\n\n\n<li>Ele pode ser aplicado no processo de pr\u00e9-tratamento, no processo de tingimento e no processo de acabamento de v\u00e1rios tipos de tecidos.<\/li>\n<\/ul>\n\n\n\n<h2 class=\"wp-block-heading\">Caracter\u00edsticas do agente umectante para t\u00eaxteis<\/h2>\n\n\n\n<ul class=\"wp-block-list\">\n<li>Biodegrad\u00e1vel. Baixa forma\u00e7\u00e3o de espuma. Atende aos requisitos de prote\u00e7\u00e3o ambiental.<\/li>\n\n\n\n<li>Excelente fun\u00e7\u00e3o umectante e emulsificante.<\/li>\n\n\n\n<li>Boa estabilidade.<\/li>\n\n\n\n<li>Boa compatibilidade. Pode ser usado junto com v\u00e1rios tipos de surfactantes.<\/li>\n<\/ul>\n<\/div>\n\n\n\n<div class=\"wp-block-column is-layout-flow wp-block-column-is-layout-flow\" style=\"flex-basis:50%\">\n<figure class=\"wp-block-embed is-type-video is-provider-youtube wp-block-embed-youtube wp-embed-aspect-16-9 wp-has-aspect-ratio\"><div class=\"wp-block-embed__wrapper\">\n<iframe title=\"Economizando custos e melhorando o efeito----O papel fundamental do agente umectante na qu\u00edmica t\u00eaxtil1TP5Poupando\" width=\"500\" height=\"281\" src=\"https:\/\/www.youtube.com\/embed\/0yZMtu8RPlA?feature=oembed\" frameborder=\"0\" allow=\"accelerometer; autoplay; clipboard-write; encrypted-media; gyroscope; picture-in-picture; web-share\" referrerpolicy=\"strict-origin-when-cross-origin\" allowfullscreen><\/iframe>\n<\/div><\/figure>\n\n\n\n<h2 class=\"wp-block-heading\">Propriedades t\u00edpicas do agente umectante para t\u00eaxteis<\/h2>\n\n\n\n<figure class=\"wp-block-table\"><table class=\"has-fixed-layout\"><tbody><tr><td>Apar\u00eancia:<\/td><td>L\u00edquido transparente incolor<\/td><\/tr><tr><td>Ionicidade:<\/td><td>N\u00e3o i\u00f4nico<\/td><\/tr><tr><td>Valor do pH:<\/td><td>7,0\u00b11,0 (solu\u00e7\u00e3o aquosa de 1%)<\/td><\/tr><tr><td>Solubilidade:<\/td><td>Sol\u00favel em \u00e1gua<\/td><\/tr><\/tbody><\/table><\/figure>\n\n\n\n<h2 class=\"wp-block-heading\">Instru\u00e7\u00f5es sobre o agente umectante para t\u00eaxteis<\/h2>\n\n\n\n<ul class=\"wp-block-list\">\n<li>O 11060 \u00e9 um produto de alta concentra\u00e7\u00e3o. Sugerimos que voc\u00ea o dilua em 1:2~1:3 com \u00e1gua macia e depois use.<\/li>\n\n\n\n<li>Para o processo de imers\u00e3o, a dosagem de refer\u00eancia do 11060 dilu\u00eddo: 1~3 g\/L<\/li>\n\n\n\n<li>Para o processo de preenchimento, dosagem de refer\u00eancia de 11060 dilu\u00eddo: 5~10 g\/L<\/li>\n<\/ul>\n<\/div>\n<\/div>\n\n\n\n<p><\/p>","protected":false},"excerpt":{"rendered":"<p>O agente umectante de baixa forma\u00e7\u00e3o de espuma para t\u00eaxteis tem um bom efeito de umecta\u00e7\u00e3o em cada processo t\u00eaxtil sem forma\u00e7\u00e3o de espuma, ajudando at\u00e9 mesmo a inibir a forma\u00e7\u00e3o de espuma de outros produtos qu\u00edmicos, e pode ser usado como um agente umectante de alta efici\u00eancia no processo de impress\u00e3o e tingimento.<\/p>\n<p><strong>Modelo n\u00ba.<\/strong>11060<\/p>","protected":false},"featured_media":1510,"comment_status":"closed","ping_status":"closed","template":"","meta":{"_acf_changed":false},"material":[26,27,28,29,30,31,32,33,34],"process":[17,18],"product_brand":[],"product_cat":[15],"product_tag":[],"class_list":{"0":"post-1477","1":"product","2":"type-product","3":"status-publish","4":"has-post-thumbnail","6":"material-cotton-agent","7":"material-polyester-chemicals","8":"material-nylon-agent","9":"material-acrylic-chemicals","10":"material-viscose-chemicals","11":"material-wool-auxiliary","12":"material-linen-chemicals","13":"material-silk-chemicals","14":"material-fabric-chemicals","15":"process-pretreatment-auxiliaries","16":"process-textile-wetting-agent","17":"product_cat-uncategorized","19":"first","20":"instock","21":"shipping-taxable","22":"product-type-simple"},"acf":[],"_links":{"self":[{"href":"https:\/\/www.bluelakechem.com\/pt\/wp-json\/wp\/v2\/product\/1477","targetHints":{"allow":["GET"]}}],"collection":[{"href":"https:\/\/www.bluelakechem.com\/pt\/wp-json\/wp\/v2\/product"}],"about":[{"href":"https:\/\/www.bluelakechem.com\/pt\/wp-json\/wp\/v2\/types\/product"}],"replies":[{"embeddable":true,"href":"https:\/\/www.bluelakechem.com\/pt\/wp-json\/wp\/v2\/comments?post=1477"}],"wp:featuredmedia":[{"embeddable":true,"href":"https:\/\/www.bluelakechem.com\/pt\/wp-json\/wp\/v2\/media\/1510"}],"wp:attachment":[{"href":"https:\/\/www.bluelakechem.com\/pt\/wp-json\/wp\/v2\/media?parent=1477"}],"wp:term":[{"taxonomy":"material","embeddable":true,"href":"https:\/\/www.bluelakechem.com\/pt\/wp-json\/wp\/v2\/material?post=1477"},{"taxonomy":"process","embeddable":true,"href":"https:\/\/www.bluelakechem.com\/pt\/wp-json\/wp\/v2\/process?post=1477"},{"taxonomy":"product_brand","embeddable":true,"href":"https:\/\/www.bluelakechem.com\/pt\/wp-json\/wp\/v2\/product_brand?post=1477"},{"taxonomy":"product_cat","embeddable":true,"href":"https:\/\/www.bluelakechem.com\/pt\/wp-json\/wp\/v2\/product_cat?post=1477"},{"taxonomy":"product_tag","embeddable":true,"href":"https:\/\/www.bluelakechem.com\/pt\/wp-json\/wp\/v2\/product_tag?post=1477"}],"curies":[{"name":"wp","href":"https:\/\/api.w.org\/{rel}","templated":true}]}}