{"id":1478,"date":"2025-01-22T01:25:59","date_gmt":"2025-01-22T01:25:59","guid":{"rendered":"https:\/\/www.bluelakechem.com\/?post_type=product&#038;p=1478"},"modified":"2025-02-22T08:16:40","modified_gmt":"2025-02-22T08:16:40","slug":"dyes-disperse-agent-textile-chemicals-for-fabric-dyeing-auxiliaries","status":"publish","type":"product","link":"https:\/\/www.bluelakechem.com\/pt\/product\/dyes-disperse-agent-textile-chemicals-for-fabric-dyeing-auxiliaries\/","title":{"rendered":"Agente dispersante em tingimento para tecidos, auxiliares de tingimento no atacado"},"content":{"rendered":"<div class=\"wp-block-columns is-layout-flex wp-container-core-columns-is-layout-9d6595d7 wp-block-columns-is-layout-flex\">\n<div class=\"wp-block-column is-layout-flow wp-block-column-is-layout-flow\" style=\"flex-basis:50%\">\n<h2 class=\"wp-block-heading\">Descri\u00e7\u00e3o do agente dispersante em tingimento:<\/h2>\n\n\n\n<ul class=\"wp-block-list\">\n<li>O agente dispersante 45191 \u00e9 composto principalmente de derivados de sulfonato.<\/li>\n\n\n\n<li>\u00c9 adequado para dispersar corantes, corantes reativos e corantes \u00e1cidos para melhorar a estabilidade dos banhos de tingimento e evitar a coagula\u00e7\u00e3o dos corantes.<\/li>\n\n\n\n<li>Tem um efeito dispersante e solubilizante em corantes dispersos, corantes reativos e corantes \u00e1cidos para melhorar o desempenho de nivelamento dos corantes.<\/li>\n\n\n\n<li>\u00c9 um agente dispersante para todos os fins e com baixa forma\u00e7\u00e3o de espuma, adequado para tecidos de poli\u00e9ster, l\u00e3, n\u00e1ilon, fibra de celulose e suas misturas, etc.<\/li>\n<\/ul>\n\n\n\n<h2 class=\"wp-block-heading\">Recursos<strong> <\/strong>de agente dispersante em tingimento:<\/h2>\n\n\n\n<ol class=\"wp-block-list\">\n<li>Pode ser usado como um coloide protetor no processo de tingimento.<\/li>\n\n\n\n<li>Excelente estabilidade e dispers\u00e3o. Evita manchas de cor ou manchas de cor.<\/li>\n\n\n\n<li>Est\u00e1vel em \u00e1cido, \u00e1lcali, eletr\u00f3lito e \u00e1gua dura.<\/li>\n\n\n\n<li>Facilmente sol\u00favel em \u00e1gua. Baixa forma\u00e7\u00e3o de espuma.<\/li>\n\n\n\n<li>F\u00e1cil de usar.<\/li>\n<\/ol>\n<\/div>\n\n\n\n<div class=\"wp-block-column is-layout-flow wp-block-column-is-layout-flow\" style=\"flex-basis:50%\">\n<h2 class=\"wp-block-heading\">Propriedades do agente dispersante no tingimento:<\/h2>\n\n\n\n<figure class=\"wp-block-table\"><table class=\"has-fixed-layout\"><tbody><tr><td>Apar\u00eancia:<\/td><td>P\u00f3 amarelo<\/td><\/tr><tr><td>Ionicidade:<\/td><td>Ani\u00f4nico<\/td><\/tr><tr><td>Valor do pH:<\/td><td>7,5\u00b11,0 (solu\u00e7\u00e3o aquosa de 1%)<\/td><\/tr><tr><td>Solubilidade:<\/td><td>Sol\u00favel em \u00e1gua<\/td><\/tr><\/tbody><\/table><\/figure>\n\n\n\n<h2 class=\"wp-block-heading\">Instru\u00e7\u00f5es sobre o agente dispersante no tingimento:<\/h2>\n\n\n\n<ol class=\"wp-block-list\">\n<li>No tingimento de corantes dispersos, ele \u00e9 usado para evitar manchas de cor ou manchas de cor.<\/li>\n\n\n\n<li>Dosagem de refer\u00eancia: 0,2~0,5% (o.w.f)<\/li>\n\n\n\n<li>No tingimento de corantes reativos, ele \u00e9 usado como um agente de nivelamento reativo.<\/li>\n\n\n\n<li>Dosagem de refer\u00eancia: 0,5~1,0% (o.w.f).<\/li>\n<\/ol>\n<\/div>\n<\/div>","protected":false},"excerpt":{"rendered":"<p>Agente dispersante de produ\u00e7\u00e3o direta do fabricante no atacado para tingimento. P\u00f3 dispersante de uso geral, adequado para algod\u00e3o, poli\u00e9ster, n\u00e1ilon e l\u00e3, etc. Tem bom efeito de dispers\u00e3o e solubiliza\u00e7\u00e3o em corantes diretos, corantes reativos, corantes dispersos e corantes \u00e1cidos, etc., pode proteger o banho de tingimento, pode reduzir manchas de cor ou manchas de cor.<\/p>\n<p><strong>Modelo n\u00ba.<\/strong>45191<\/p>\n<p><img decoding=\"async\" class=\"alignnone size-medium wp-image-1661\" src=\"https:\/\/www.bluelakechem.com\/wp-content\/uploads\/2025\/01\/Q60-45191-\u5b9e\u9a8c\uff08\u53cclogo_-300x300.jpg\" alt=\"\" width=\"300\" height=\"300\" srcset=\"https:\/\/www.bluelakechem.com\/wp-content\/uploads\/2025\/01\/Q60-45191-\u5b9e\u9a8c\uff08\u53cclogo_-300x300.jpg 300w, https:\/\/www.bluelakechem.com\/wp-content\/uploads\/2025\/01\/Q60-45191-\u5b9e\u9a8c\uff08\u53cclogo_-150x150.jpg 150w, https:\/\/www.bluelakechem.com\/wp-content\/uploads\/2025\/01\/Q60-45191-\u5b9e\u9a8c\uff08\u53cclogo_-768x768.jpg 768w, https:\/\/www.bluelakechem.com\/wp-content\/uploads\/2025\/01\/Q60-45191-\u5b9e\u9a8c\uff08\u53cclogo_-12x12.jpg 12w, https:\/\/www.bluelakechem.com\/wp-content\/uploads\/2025\/01\/Q60-45191-\u5b9e\u9a8c\uff08\u53cclogo_-600x600.jpg 600w, https:\/\/www.bluelakechem.com\/wp-content\/uploads\/2025\/01\/Q60-45191-\u5b9e\u9a8c\uff08\u53cclogo_-100x100.jpg 100w, https:\/\/www.bluelakechem.com\/wp-content\/uploads\/2025\/01\/Q60-45191-\u5b9e\u9a8c\uff08\u53cclogo_.jpg 800w\" sizes=\"(max-width: 300px) 100vw, 300px\" \/><\/p>","protected":false},"featured_media":1533,"comment_status":"closed","ping_status":"closed","template":"","meta":{"_acf_changed":false},"material":[26,27,28,29,30,31,32,33,34],"process":[20,38,42,24],"product_brand":[],"product_cat":[15],"product_tag":[],"class_list":{"0":"post-1478","1":"product","2":"type-product","3":"status-publish","4":"has-post-thumbnail","6":"material-cotton-agent","7":"material-polyester-chemicals","8":"material-nylon-agent","9":"material-acrylic-chemicals","10":"material-viscose-chemicals","11":"material-wool-auxiliary","12":"material-linen-chemicals","13":"material-silk-chemicals","14":"material-fabric-chemicals","15":"process-dyeing-auxiliaries","16":"process-disperse-leveling-agent","17":"process-softener","18":"process-silicone-oil","19":"product_cat-uncategorized","21":"first","22":"instock","23":"shipping-taxable","24":"product-type-simple"},"acf":[],"_links":{"self":[{"href":"https:\/\/www.bluelakechem.com\/pt\/wp-json\/wp\/v2\/product\/1478","targetHints":{"allow":["GET"]}}],"collection":[{"href":"https:\/\/www.bluelakechem.com\/pt\/wp-json\/wp\/v2\/product"}],"about":[{"href":"https:\/\/www.bluelakechem.com\/pt\/wp-json\/wp\/v2\/types\/product"}],"replies":[{"embeddable":true,"href":"https:\/\/www.bluelakechem.com\/pt\/wp-json\/wp\/v2\/comments?post=1478"}],"wp:featuredmedia":[{"embeddable":true,"href":"https:\/\/www.bluelakechem.com\/pt\/wp-json\/wp\/v2\/media\/1533"}],"wp:attachment":[{"href":"https:\/\/www.bluelakechem.com\/pt\/wp-json\/wp\/v2\/media?parent=1478"}],"wp:term":[{"taxonomy":"material","embeddable":true,"href":"https:\/\/www.bluelakechem.com\/pt\/wp-json\/wp\/v2\/material?post=1478"},{"taxonomy":"process","embeddable":true,"href":"https:\/\/www.bluelakechem.com\/pt\/wp-json\/wp\/v2\/process?post=1478"},{"taxonomy":"product_brand","embeddable":true,"href":"https:\/\/www.bluelakechem.com\/pt\/wp-json\/wp\/v2\/product_brand?post=1478"},{"taxonomy":"product_cat","embeddable":true,"href":"https:\/\/www.bluelakechem.com\/pt\/wp-json\/wp\/v2\/product_cat?post=1478"},{"taxonomy":"product_tag","embeddable":true,"href":"https:\/\/www.bluelakechem.com\/pt\/wp-json\/wp\/v2\/product_tag?post=1478"}],"curies":[{"name":"wp","href":"https:\/\/api.w.org\/{rel}","templated":true}]}}