{"id":1498,"date":"2025-01-22T01:26:25","date_gmt":"2025-01-22T01:26:25","guid":{"rendered":"https:\/\/www.bluelakechem.com\/?post_type=product&#038;p=1498"},"modified":"2025-10-28T09:19:25","modified_gmt":"2025-10-28T09:19:25","slug":"water-proofing-agent-without-fluorinated-textile-auxiliry","status":"publish","type":"product","link":"https:\/\/www.bluelakechem.com\/pt\/product\/water-proofing-agent-without-fluorinated-textile-auxiliry\/","title":{"rendered":"C0 Agente de impermeabiliza\u00e7\u00e3o sem fl\u00faor, produtos qu\u00edmicos para acabamento de t\u00eaxteis"},"content":{"rendered":"<div class=\"wp-block-columns is-layout-flex wp-container-core-columns-is-layout-9d6595d7 wp-block-columns-is-layout-flex\">\n<div class=\"wp-block-column is-layout-flow wp-block-column-is-layout-flow\" style=\"flex-basis:50%\">\n<h2 class=\"wp-block-heading\">Agente de impermeabiliza\u00e7\u00e3o Descri\u00e7\u00e3o:<\/h2>\n\n\n\n<ul class=\"wp-block-list\">\n<li>O agente impermeabilizante 44204 \u00e9 composto principalmente de derivados de \u00e9steres org\u00e2nicos.<\/li>\n\n\n\n<li>Depois de formar um filme reticulado na superf\u00edcie da fibra, ele pode reduzir a tens\u00e3o superficial dos tecidos, o que confere a v\u00e1rios tipos de tecidos um efeito impermeabilizante.<\/li>\n<\/ul>\n\n\n\n<h2 class=\"wp-block-heading\">Agente de impermeabiliza\u00e7\u00e3o Caracter\u00edsticas:<\/h2>\n\n\n\n<ol class=\"wp-block-list\">\n<li>Excelente propriedade de lavagem e resist\u00eancia \u00e0 limpeza a seco.<\/li>\n\n\n\n<li>Confere aos tecidos a capacidade de repel\u00eancia \u00e0 \u00e1gua e impermeabiliza\u00e7\u00e3o.<\/li>\n\n\n\n<li>Mant\u00e9m a impermeabilidade \u00e0 \u00e1gua ap\u00f3s lavagem e secagem dom\u00e9sticas.<\/li>\n<\/ol>\n\n\n\n<figure class=\"wp-block-image size-full\"><img decoding=\"async\" width=\"2256\" height=\"1181\" src=\"https:\/\/www.bluelakechem.com\/wp-content\/uploads\/2025\/01\/Water-Proofing-Agent-44204.webp\" alt=\"Agente de impermeabiliza\u00e7\u00e3o\" class=\"wp-image-3202\" srcset=\"https:\/\/www.bluelakechem.com\/wp-content\/uploads\/2025\/01\/Water-Proofing-Agent-44204.webp 2256w, https:\/\/www.bluelakechem.com\/wp-content\/uploads\/2025\/01\/Water-Proofing-Agent-44204-300x157.webp 300w, https:\/\/www.bluelakechem.com\/wp-content\/uploads\/2025\/01\/Water-Proofing-Agent-44204-768x402.webp 768w, https:\/\/www.bluelakechem.com\/wp-content\/uploads\/2025\/01\/Water-Proofing-Agent-44204-18x9.webp 18w, https:\/\/www.bluelakechem.com\/wp-content\/uploads\/2025\/01\/Water-Proofing-Agent-44204-1200x628.webp 1200w, https:\/\/www.bluelakechem.com\/wp-content\/uploads\/2025\/01\/Water-Proofing-Agent-44204-600x314.webp 600w\" sizes=\"(max-width: 2256px) 100vw, 2256px\" \/><\/figure>\n<\/div>\n\n\n\n<div class=\"wp-block-column is-layout-flow wp-block-column-is-layout-flow\" style=\"flex-basis:50%\">\n<figure class=\"wp-block-embed is-type-video is-provider-youtube wp-block-embed-youtube wp-embed-aspect-16-9 wp-has-aspect-ratio\"><div class=\"wp-block-embed__wrapper\">\n<iframe title=\"De jaquetas para atividades ao ar livre a tecidos para o dia a dia, como querer que eles permane\u00e7am \u00e0 prova d&#039;\u00e1gua #textilechemicals\" width=\"500\" height=\"281\" src=\"https:\/\/www.youtube.com\/embed\/34LQ83vNE1Q?feature=oembed\" frameborder=\"0\" allow=\"accelerometer; autoplay; clipboard-write; encrypted-media; gyroscope; picture-in-picture; web-share\" referrerpolicy=\"strict-origin-when-cross-origin\" allowfullscreen><\/iframe>\n<\/div><\/figure>\n\n\n\n<h2 class=\"wp-block-heading\">Propriedades do agente de impermeabiliza\u00e7\u00e3o:<\/h2>\n\n\n\n<figure class=\"wp-block-table\"><table class=\"has-fixed-layout\"><tbody><tr><td>Apar\u00eancia:<\/td><td>Emuls\u00e3o branca leitosa<\/td><\/tr><tr><td>Ionicidade:<\/td><td>Cati\u00f4nica<\/td><\/tr><tr><td>Valor do pH:<\/td><td>6,5\u00b11,0 (solu\u00e7\u00e3o aquosa de 1%)<\/td><\/tr><tr><td>Solubilidade:<\/td><td>Sol\u00favel em \u00e1gua<\/td><\/tr><\/tbody><\/table><\/figure>\n\n\n\n<h2 class=\"wp-block-heading\">Instru\u00e7\u00e3o do agente de impermeabiliza\u00e7\u00e3o:<\/h2>\n\n\n\n<p>Mergulho e preenchimento (Coleta: 60~70%) \u2192 Secagem e ajuste (130~150\u2103\u00d730~60s)<\/p>\n\n\n\n<p>Dosagem de refer\u00eancia: 20~50 g\/L<\/p>\n<\/div>\n<\/div>\n\n\n\n<p><\/p>","protected":false},"excerpt":{"rendered":"<p>O agente impermeabilizante sem fl\u00faor, adequado para v\u00e1rios tipos de tecidos, pode obter o mesmo efeito impermeabilizante do efeito l\u00f3tus. Como fabricante de auxiliares t\u00eaxteis, fornecemos uma variedade de auxiliares de acabamento t\u00eaxtil de alto desempenho, incluindo impermeabilizantes, antirrugas, amaciantes etc. Entre em contato conosco hoje mesmo para saber mais sobre as solu\u00e7\u00f5es de impermeabiliza\u00e7\u00e3o t\u00eaxtil de alta qualidade!<\/p>\n<p><strong>Modelo n\u00ba.<\/strong>44204<\/p>","protected":false},"featured_media":3206,"comment_status":"closed","ping_status":"closed","template":"","meta":{"_acf_changed":false},"material":[26,27,28,29,30,31,32,33,34],"process":[23,25],"product_brand":[],"product_cat":[15],"product_tag":[],"class_list":{"0":"post-1498","1":"product","2":"type-product","3":"status-publish","4":"has-post-thumbnail","6":"material-cotton-agent","7":"material-polyester-chemicals","8":"material-nylon-agent","9":"material-acrylic-chemicals","10":"material-viscose-chemicals","11":"material-wool-auxiliary","12":"material-linen-chemicals","13":"material-silk-chemicals","14":"material-fabric-chemicals","15":"process-textile-finishing-chemicals","16":"process-textile-finishing-agent","17":"product_cat-uncategorized","19":"first","20":"instock","21":"shipping-taxable","22":"product-type-simple"},"acf":[],"_links":{"self":[{"href":"https:\/\/www.bluelakechem.com\/pt\/wp-json\/wp\/v2\/product\/1498","targetHints":{"allow":["GET"]}}],"collection":[{"href":"https:\/\/www.bluelakechem.com\/pt\/wp-json\/wp\/v2\/product"}],"about":[{"href":"https:\/\/www.bluelakechem.com\/pt\/wp-json\/wp\/v2\/types\/product"}],"replies":[{"embeddable":true,"href":"https:\/\/www.bluelakechem.com\/pt\/wp-json\/wp\/v2\/comments?post=1498"}],"wp:featuredmedia":[{"embeddable":true,"href":"https:\/\/www.bluelakechem.com\/pt\/wp-json\/wp\/v2\/media\/3206"}],"wp:attachment":[{"href":"https:\/\/www.bluelakechem.com\/pt\/wp-json\/wp\/v2\/media?parent=1498"}],"wp:term":[{"taxonomy":"material","embeddable":true,"href":"https:\/\/www.bluelakechem.com\/pt\/wp-json\/wp\/v2\/material?post=1498"},{"taxonomy":"process","embeddable":true,"href":"https:\/\/www.bluelakechem.com\/pt\/wp-json\/wp\/v2\/process?post=1498"},{"taxonomy":"product_brand","embeddable":true,"href":"https:\/\/www.bluelakechem.com\/pt\/wp-json\/wp\/v2\/product_brand?post=1498"},{"taxonomy":"product_cat","embeddable":true,"href":"https:\/\/www.bluelakechem.com\/pt\/wp-json\/wp\/v2\/product_cat?post=1498"},{"taxonomy":"product_tag","embeddable":true,"href":"https:\/\/www.bluelakechem.com\/pt\/wp-json\/wp\/v2\/product_tag?post=1498"}],"curies":[{"name":"wp","href":"https:\/\/api.w.org\/{rel}","templated":true}]}}