{"id":1500,"date":"2025-01-21T02:19:07","date_gmt":"2025-01-21T02:19:07","guid":{"rendered":"https:\/\/www.bluelakechem.com\/?post_type=product&#038;p=1500"},"modified":"2025-02-15T10:14:56","modified_gmt":"2025-02-15T10:14:56","slug":"water-repellent-polymer","status":"publish","type":"product","link":"https:\/\/www.bluelakechem.com\/pt\/product\/water-repellent-polymer\/","title":{"rendered":"Pol\u00edmero repelente de \u00e1gua Pol\u00edmero repelente de \u00f3leo Produtos qu\u00edmicos para acabamento de t\u00eaxteis"},"content":{"rendered":"<div class=\"wp-block-columns is-layout-flex wp-container-core-columns-is-layout-9d6595d7 wp-block-columns-is-layout-flex\">\n<div class=\"wp-block-column is-layout-flow wp-block-column-is-layout-flow\" style=\"flex-basis:50%\">\n<h2 class=\"wp-block-heading\">Descri\u00e7\u00e3o do pol\u00edmero repelente de \u00e1gua<\/h2>\n\n\n\n<ul class=\"wp-block-list\">\n<li>Ele \u00e9 composto principalmente de pol\u00edmeros \u00e0 base de \u00e1gua com oito carbonos (C8), que s\u00e3o especialmente projetados para o tratamento de superf\u00edcies t\u00eaxteis.<\/li>\n\n\n\n<li>Sua estrutura molecular exclusiva permite que ele adira firmemente \u00e0s fibras do tecido, formando uma pel\u00edcula protetora uniforme e dur\u00e1vel.<\/li>\n\n\n\n<li>O produto qu\u00edmico \u00e9 adequado para v\u00e1rios tipos de tecidos, incluindo algod\u00e3o, poli\u00e9ster, n\u00e1ilon, etc., e pode melhorar significativamente as propriedades \u00e0 prova d'\u00e1gua, de \u00f3leo e de manchas dos tecidos.<\/li>\n<\/ul>\n\n\n\n<h2 class=\"wp-block-heading\">Caracter\u00edsticas do pol\u00edmero repelente de \u00e1gua<\/h2>\n\n\n\n<ol class=\"wp-block-list\">\n<li><strong>Excelente resist\u00eancia \u00e0 \u00e1gua, <\/strong>Efeitos \u00e0 prova de \u00f3leo e de manchas. Evita eficazmente a penetra\u00e7\u00e3o de \u00e1gua, mant\u00e9m os tecidos secos e \u00e9 f\u00e1cil de limpar.<\/li>\n\n\n\n<li><strong>Adequado para uma variedade de tipos de tecido,<\/strong> como fibras naturais e sint\u00e9ticas<\/li>\n\n\n\n<li><strong>Efeito protetor de longa dura\u00e7\u00e3o, <\/strong>ainda pode manter um bom desempenho \u00e0 prova d'\u00e1gua e de \u00f3leo ap\u00f3s v\u00e1rias lavagens.<\/li>\n\n\n\n<li><strong>N\u00e3o afeta o toque do tecido:<\/strong> o tecido tratado mant\u00e9m sua maciez e respirabilidade originais.<\/li>\n<\/ol>\n\n\n\n<h2 class=\"wp-block-heading\">Instru\u00e7\u00f5es para repelir a \u00e1gua<\/h2>\n\n\n\n<ol class=\"wp-block-list\">\n<li><strong>Para o processo geral de acabamento \u00e0 prova d'\u00e1gua<\/strong><br>Dosagem de refer\u00eancia: 10~20 g\/L.<\/li>\n\n\n\n<li><strong>Para um processo de acabamento dur\u00e1vel \u00e0 prova d'\u00e1gua, \u00e0 prova de \u00f3leo e antiincrustante<\/strong><br>Dosagem de refer\u00eancia do 45506: 30~50 g\/L Dosagem de refer\u00eancia do agente de reticula\u00e7\u00e3o: 3~5 g\/L<br>Processo de refer\u00eancia: Imers\u00e3o e preenchimento por duas vezes (Coleta: 60~70%) \u2192 Secagem e ajuste (130~150\u2103\u00d730~60s)<\/li>\n<\/ol>\n<\/div>\n\n\n\n<div class=\"wp-block-column is-layout-flow wp-block-column-is-layout-flow\" style=\"flex-basis:50%\">\n<figure class=\"wp-block-embed is-type-video is-provider-youtube wp-block-embed-youtube wp-embed-aspect-16-9 wp-has-aspect-ratio\"><div class=\"wp-block-embed__wrapper\">\n<iframe title=\"Como obter uma melhor impermeabiliza\u00e7\u00e3o do tecido na f\u00e1brica de tingimento:  Eleva\u00e7\u00e3o aos n\u00edveis 4-5 1TP5Impermeabiliza\u00e7\u00e3o\" width=\"500\" height=\"281\" src=\"https:\/\/www.youtube.com\/embed\/YIKAAnK1AH4?feature=oembed\" frameborder=\"0\" allow=\"accelerometer; autoplay; clipboard-write; encrypted-media; gyroscope; picture-in-picture; web-share\" referrerpolicy=\"strict-origin-when-cross-origin\" allowfullscreen><\/iframe>\n<\/div><\/figure>\n\n\n\n<h2 class=\"wp-block-heading\">Propriedades do pol\u00edmero repelente de \u00e1gua<\/h2>\n\n\n\n<figure class=\"wp-block-table\"><table class=\"has-fixed-layout\"><tbody><tr><td>Apar\u00eancia:<\/td><td>Emuls\u00e3o branca leitosa<\/td><\/tr><tr><td>Ionicidade:<\/td><td>Ani\u00f4nico\/n\u00e3o i\u00f4nico<\/td><\/tr><tr><td>Valor do pH:<\/td><td>6,5\u00b11,0 (solu\u00e7\u00e3o aquosa de 1%)<\/td><\/tr><tr><td>Solubilidade:<\/td><td>Sol\u00favel em \u00e1gua<\/td><\/tr><\/tbody><\/table><\/figure>\n<\/div>\n<\/div>\n\n\n\n<p><\/p>","protected":false},"excerpt":{"rendered":"<p>O pol\u00edmero repelente de \u00e1gua (carbono oito) \u00e9 adequado para todos os tipos de tecidos e pode obter efeitos de acabamento \u00e0 prova d'\u00e1gua, \u00e0 prova de \u00f3leo e antiincrustante.<\/p>\n<p><strong>Modelo n\u00ba.<\/strong>45506<\/p>","protected":false},"featured_media":1530,"comment_status":"closed","ping_status":"closed","template":"","meta":{"_acf_changed":false},"material":[26,27,28,29,30,31,32,33,34],"process":[23,25],"product_brand":[],"product_cat":[15],"product_tag":[],"class_list":{"0":"post-1500","1":"product","2":"type-product","3":"status-publish","4":"has-post-thumbnail","6":"material-cotton-agent","7":"material-polyester-chemicals","8":"material-nylon-agent","9":"material-acrylic-chemicals","10":"material-viscose-chemicals","11":"material-wool-auxiliary","12":"material-linen-chemicals","13":"material-silk-chemicals","14":"material-fabric-chemicals","15":"process-textile-finishing-chemicals","16":"process-textile-finishing-agent","17":"product_cat-uncategorized","19":"first","20":"instock","21":"shipping-taxable","22":"product-type-simple"},"acf":[],"_links":{"self":[{"href":"https:\/\/www.bluelakechem.com\/pt\/wp-json\/wp\/v2\/product\/1500","targetHints":{"allow":["GET"]}}],"collection":[{"href":"https:\/\/www.bluelakechem.com\/pt\/wp-json\/wp\/v2\/product"}],"about":[{"href":"https:\/\/www.bluelakechem.com\/pt\/wp-json\/wp\/v2\/types\/product"}],"replies":[{"embeddable":true,"href":"https:\/\/www.bluelakechem.com\/pt\/wp-json\/wp\/v2\/comments?post=1500"}],"wp:featuredmedia":[{"embeddable":true,"href":"https:\/\/www.bluelakechem.com\/pt\/wp-json\/wp\/v2\/media\/1530"}],"wp:attachment":[{"href":"https:\/\/www.bluelakechem.com\/pt\/wp-json\/wp\/v2\/media?parent=1500"}],"wp:term":[{"taxonomy":"material","embeddable":true,"href":"https:\/\/www.bluelakechem.com\/pt\/wp-json\/wp\/v2\/material?post=1500"},{"taxonomy":"process","embeddable":true,"href":"https:\/\/www.bluelakechem.com\/pt\/wp-json\/wp\/v2\/process?post=1500"},{"taxonomy":"product_brand","embeddable":true,"href":"https:\/\/www.bluelakechem.com\/pt\/wp-json\/wp\/v2\/product_brand?post=1500"},{"taxonomy":"product_cat","embeddable":true,"href":"https:\/\/www.bluelakechem.com\/pt\/wp-json\/wp\/v2\/product_cat?post=1500"},{"taxonomy":"product_tag","embeddable":true,"href":"https:\/\/www.bluelakechem.com\/pt\/wp-json\/wp\/v2\/product_tag?post=1500"}],"curies":[{"name":"wp","href":"https:\/\/api.w.org\/{rel}","templated":true}]}}