{"id":1505,"date":"2025-01-22T01:27:27","date_gmt":"2025-01-22T01:27:27","guid":{"rendered":"https:\/\/www.bluelakechem.com\/?post_type=product&#038;p=1505"},"modified":"2025-05-15T05:58:16","modified_gmt":"2025-05-15T05:58:16","slug":"leveling-agent-in-textile","status":"publish","type":"product","link":"https:\/\/www.bluelakechem.com\/pt\/product\/leveling-agent-in-textile\/","title":{"rendered":"Agente de nivelamento de poli\u00e9ster de alta temperatura para tingimento de t\u00eaxteis"},"content":{"rendered":"<div class=\"wp-block-columns is-layout-flex wp-container-core-columns-is-layout-9d6595d7 wp-block-columns-is-layout-flex\">\n<div class=\"wp-block-column is-layout-flow wp-block-column-is-layout-flow\">\n<h2 class=\"wp-block-heading\">Descri\u00e7\u00e3o do agente de nivelamento em t\u00eaxteis<\/h2>\n\n\n\n<ul class=\"wp-block-list\">\n<li>22119 \u00e9 composto principalmente de derivados de \u00e9ster de oleato.<\/li>\n\n\n\n<li>Os derivados de \u00e9ster de oleato t\u00eam afinidade com a fibra de poli\u00e9ster, que pode ser combinada com a fibra de poli\u00e9ster para retardar o tingimento dos corantes e fazer com que as fibras sejam tingidas uniformemente para atingir o objetivo de nivelar o tingimento.<\/li>\n\n\n\n<li>\u00c9 aplicado principalmente em processos de tingimento r\u00e1pido de alta temperatura e alta press\u00e3o para tecidos de fibras de poli\u00e9ster e misturas de poli\u00e9ster, etc.<\/li>\n<\/ul>\n\n\n\n<h2 class=\"wp-block-heading\">Caracter\u00edsticas do agente de nivelamento em t\u00eaxteis<\/h2>\n\n\n\n<ol class=\"wp-block-list\">\n<li>N\u00e3o cont\u00e9m APEO ou PAH, etc. Atende aos requisitos de prote\u00e7\u00e3o ambiental.<\/li>\n\n\n\n<li>Excelente desempenho de nivelamento. Pode reduzir o tempo de tingimento, melhorar a efici\u00eancia da produ\u00e7\u00e3o e economizar energia.<\/li>\n\n\n\n<li>Forte capacidade de retardamento. Pode efetivamente diminuir a taxa de tingimento inicial e resolver problemas de defeitos de tingimento causados pelo tingimento simult\u00e2neo de corantes mistos.<\/li>\n\n\n\n<li>Espuma extremamente baixa. N\u00e3o h\u00e1 necessidade de adicionar um agente antiespumante. Reduz as manchas de silicone no tecido e a polui\u00e7\u00e3o do equipamento.<\/li>\n\n\n\n<li>Melhora o desempenho da aplica\u00e7\u00e3o de corantes dispersantes, especialmente o efeito de uso de corantes de baixa qualidade.<\/li>\n<\/ol>\n<\/div>\n\n\n\n<div class=\"wp-block-column is-layout-flow wp-block-column-is-layout-flow\">\n<figure class=\"wp-block-embed is-type-video is-provider-youtube wp-block-embed-youtube wp-embed-aspect-16-9 wp-has-aspect-ratio\"><div class=\"wp-block-embed__wrapper\">\n<iframe title=\"O tingimento e a impress\u00e3o de tecidos de poli\u00e9ster est\u00e3o se tornando mais eficientes e mais ecol\u00f3gicos.\" width=\"500\" height=\"281\" src=\"https:\/\/www.youtube.com\/embed\/9C8CZhiEKrY?feature=oembed\" frameborder=\"0\" allow=\"accelerometer; autoplay; clipboard-write; encrypted-media; gyroscope; picture-in-picture; web-share\" referrerpolicy=\"strict-origin-when-cross-origin\" allowfullscreen><\/iframe>\n<\/div><\/figure>\n\n\n\n<h2 class=\"wp-block-heading\">Propriedades t\u00edpicas de agentes de nivelamento em t\u00eaxteis<\/h2>\n\n\n\n<figure class=\"wp-block-table\"><table class=\"has-fixed-layout\"><tbody><tr><td>Apar\u00eancia:<\/td><td>L\u00edquido amarelo claro<\/td><\/tr><tr><td>Ionicidade:<\/td><td>Ani\u00f4nico\/n\u00e3o i\u00f4nico<\/td><\/tr><tr><td>Valor do pH:<\/td><td>6,0\u00b11,0 (solu\u00e7\u00e3o aquosa de 1%)<\/td><\/tr><tr><td>Solubilidade:<\/td><td>Sol\u00favel em \u00e1gua<\/td><\/tr><\/tbody><\/table><\/figure>\n\n\n\n<h2 class=\"wp-block-heading\">Instru\u00e7\u00e3o de agente de nivelamento em t\u00eaxteis<\/h2>\n\n\n\n<p>\u00c9 um produto de alta concentra\u00e7\u00e3o. Sugerimos que voc\u00ea o dilua em 1:3 com \u00e1gua macia e depois use.<\/p>\n\n\n\n<p>(Observa\u00e7\u00e3o: depois de adicionar \u00e1gua, ele ficar\u00e1 branco como leite).<\/p>\n\n\n\n<p>Dosagem de refer\u00eancia do 22119 dilu\u00eddo: 0,5~1,0% (o.w.f)<\/p>\n<\/div>\n<\/div>","protected":false},"excerpt":{"rendered":"<p>O agente de nivelamento de alta temperatura e alta efici\u00eancia em t\u00eaxteis para poli\u00e9ster, com forte capacidade de retardamento, pode reduzir o tempo de tingimento e melhorar a efici\u00eancia da produ\u00e7\u00e3o, melhorando o efeito de corantes de baixa qualidade e corantes mistos.<\/p>\n<p><strong>Modelo n\u00ba.<\/strong>22119<\/p>\n<p><img decoding=\"async\" class=\"alignnone size-medium wp-image-1619\" src=\"https:\/\/www.bluelakechem.com\/wp-content\/uploads\/2025\/01\/22119-300x300.jpg\" alt=\"\" width=\"300\" height=\"300\" srcset=\"https:\/\/www.bluelakechem.com\/wp-content\/uploads\/2025\/01\/22119-300x300.jpg 300w, https:\/\/www.bluelakechem.com\/wp-content\/uploads\/2025\/01\/22119-150x150.jpg 150w, https:\/\/www.bluelakechem.com\/wp-content\/uploads\/2025\/01\/22119-768x768.jpg 768w, https:\/\/www.bluelakechem.com\/wp-content\/uploads\/2025\/01\/22119-12x12.jpg 12w, https:\/\/www.bluelakechem.com\/wp-content\/uploads\/2025\/01\/22119-600x600.jpg 600w, https:\/\/www.bluelakechem.com\/wp-content\/uploads\/2025\/01\/22119-100x100.jpg 100w, https:\/\/www.bluelakechem.com\/wp-content\/uploads\/2025\/01\/22119.jpg 800w\" sizes=\"(max-width: 300px) 100vw, 300px\" \/><\/p>","protected":false},"featured_media":1789,"comment_status":"closed","ping_status":"closed","template":"","meta":{"_acf_changed":false},"material":[27],"process":[20,38],"product_brand":[],"product_cat":[15],"product_tag":[],"class_list":{"0":"post-1505","1":"product","2":"type-product","3":"status-publish","4":"has-post-thumbnail","6":"material-polyester-chemicals","7":"process-dyeing-auxiliaries","8":"process-disperse-leveling-agent","9":"product_cat-uncategorized","11":"first","12":"instock","13":"shipping-taxable","14":"product-type-simple"},"acf":[],"_links":{"self":[{"href":"https:\/\/www.bluelakechem.com\/pt\/wp-json\/wp\/v2\/product\/1505","targetHints":{"allow":["GET"]}}],"collection":[{"href":"https:\/\/www.bluelakechem.com\/pt\/wp-json\/wp\/v2\/product"}],"about":[{"href":"https:\/\/www.bluelakechem.com\/pt\/wp-json\/wp\/v2\/types\/product"}],"replies":[{"embeddable":true,"href":"https:\/\/www.bluelakechem.com\/pt\/wp-json\/wp\/v2\/comments?post=1505"}],"wp:featuredmedia":[{"embeddable":true,"href":"https:\/\/www.bluelakechem.com\/pt\/wp-json\/wp\/v2\/media\/1789"}],"wp:attachment":[{"href":"https:\/\/www.bluelakechem.com\/pt\/wp-json\/wp\/v2\/media?parent=1505"}],"wp:term":[{"taxonomy":"material","embeddable":true,"href":"https:\/\/www.bluelakechem.com\/pt\/wp-json\/wp\/v2\/material?post=1505"},{"taxonomy":"process","embeddable":true,"href":"https:\/\/www.bluelakechem.com\/pt\/wp-json\/wp\/v2\/process?post=1505"},{"taxonomy":"product_brand","embeddable":true,"href":"https:\/\/www.bluelakechem.com\/pt\/wp-json\/wp\/v2\/product_brand?post=1505"},{"taxonomy":"product_cat","embeddable":true,"href":"https:\/\/www.bluelakechem.com\/pt\/wp-json\/wp\/v2\/product_cat?post=1505"},{"taxonomy":"product_tag","embeddable":true,"href":"https:\/\/www.bluelakechem.com\/pt\/wp-json\/wp\/v2\/product_tag?post=1505"}],"curies":[{"name":"wp","href":"https:\/\/api.w.org\/{rel}","templated":true}]}}