{"id":1507,"date":"2025-01-22T01:26:59","date_gmt":"2025-01-22T01:26:59","guid":{"rendered":"https:\/\/www.bluelakechem.com\/?post_type=product&#038;p=1507"},"modified":"2025-03-27T03:04:03","modified_gmt":"2025-03-27T03:04:03","slug":"moisture-wicking-agent","status":"publish","type":"product","link":"https:\/\/www.bluelakechem.com\/pt\/product\/moisture-wicking-agent\/","title":{"rendered":"Agente de absor\u00e7\u00e3o de umidade Acabamento de poli\u00e9ster hidrof\u00edlico"},"content":{"rendered":"<div class=\"wp-block-columns is-layout-flex wp-container-core-columns-is-layout-9d6595d7 wp-block-columns-is-layout-flex\">\n<div class=\"wp-block-column is-layout-flow wp-block-column-is-layout-flow\" style=\"flex-basis:50%\">\n<h2 class=\"wp-block-heading\">Descri\u00e7\u00e3o do agente de absor\u00e7\u00e3o de umidade<\/h2>\n\n\n\n<ul class=\"wp-block-list\">\n<li>O 35072-10 \u00e9 composto principalmente de compostos de alto peso molecular.<\/li>\n\n\n\n<li><strong>Melhoria do efeito de secagem: <\/strong>O Moisture Wicking Agent pode melhorar a absor\u00e7\u00e3o de umidade e o efeito de secagem em cerca de 2 n\u00edveis. Ele pode acelerar efetivamente a transfer\u00eancia de suor da pele para a superf\u00edcie do tecido e manter o usu\u00e1rio seco.<\/li>\n\n\n\n<li><strong>Elimina\u00e7\u00e3o de est\u00e1tica: <\/strong>O produto pode eliminar a eletricidade est\u00e1tica e evitar o impacto da eletricidade est\u00e1tica no conforto e na apar\u00eancia. Ele \u00e9 especialmente adequado para tecidos como roupas esportivas e casuais que exigem alto conforto e estabilidade.<\/li>\n\n\n\n<li><strong>Aplic\u00e1vel a uma variedade de tecidos:<\/strong> Esse produto \u00e9 particularmente adequado para fibras sint\u00e9ticas, como poli\u00e9ster e n\u00e1ilon, e pode funcionar com efic\u00e1cia nesses tecidos para melhorar o desempenho geral.<\/li>\n\n\n\n<li><strong>Melhor absor\u00e7\u00e3o de umidade e efeito de transpira\u00e7\u00e3o do tecido:<\/strong> Depois de usar o Moisture Wicking Agent, o tecido tem maior absor\u00e7\u00e3o de umidade e efici\u00eancia de transpira\u00e7\u00e3o, o que pode proporcionar uma melhor experi\u00eancia de uso para os clientes, como roupas esportivas e equipamentos esportivos profissionais.<\/li>\n\n\n\n<li><strong>Aumentar o apelo do mercado: <\/strong>Devido \u00e0 sua excelente funcionalidade, o produto \u00e9 adequado para atrair mais clientes no mercado de roupas esportivas, melhorando o conforto e a funcionalidade dos tecidos e atendendo \u00e0s altas exig\u00eancias dos consumidores modernos de roupas esportivas.<\/li>\n<\/ul>\n<\/div>\n\n\n\n<div class=\"wp-block-column is-layout-flow wp-block-column-is-layout-flow\" style=\"flex-basis:50%\">\n<figure class=\"wp-block-embed is-type-video is-provider-youtube wp-block-embed-youtube wp-embed-aspect-16-9 wp-has-aspect-ratio\"><div class=\"wp-block-embed__wrapper\">\n<iframe title=\"Tecido de ver\u00e3o melhorado! Absor\u00e7\u00e3o de umidade aprimorada em 2 n\u00edveis, atualiza\u00e7\u00e3o antiest\u00e1tica#extilechemicals\" width=\"500\" height=\"281\" src=\"https:\/\/www.youtube.com\/embed\/HhawBdMRDwA?feature=oembed\" frameborder=\"0\" allow=\"accelerometer; autoplay; clipboard-write; encrypted-media; gyroscope; picture-in-picture; web-share\" referrerpolicy=\"strict-origin-when-cross-origin\" allowfullscreen><\/iframe>\n<\/div><\/figure>\n\n\n\n<h2 class=\"wp-block-heading\">Propriedades t\u00edpicas do agente de absor\u00e7\u00e3o de umidade<\/h2>\n\n\n\n<figure class=\"wp-block-table\"><table class=\"has-fixed-layout\"><tbody><tr><td>Apar\u00eancia:<\/td><td>L\u00edquido turvo amarelo claro<\/td><\/tr><tr><td>Ionicidade:<\/td><td>N\u00e3o i\u00f4nico<\/td><\/tr><tr><td>Valor do pH:<\/td><td>6,0\u00b11,0 (solu\u00e7\u00e3o aquosa de 1%)<\/td><\/tr><tr><td>Solubilidade:<\/td><td>Sol\u00favel em \u00e1gua<\/td><\/tr><\/tbody><\/table><\/figure>\n\n\n\n<h2 class=\"wp-block-heading\">Instru\u00e7\u00f5es sobre o agente de absor\u00e7\u00e3o de umidade<\/h2>\n\n\n\n<p>Para o processo de imers\u00e3o, dosagem de refer\u00eancia: 0,5~1% (o.w.f).<\/p>\n\n\n\n<p>Para uma dosagem espec\u00edfica, ajuste-a de acordo com os tecidos e as necessidades do cliente.<\/p>\n<\/div>\n<\/div>\n\n\n\n<p><\/p>","protected":false},"excerpt":{"rendered":"<p>O agente de absor\u00e7\u00e3o de umidade aumenta o efeito dessecante em cerca de dois n\u00edveis, pode eliminar a eletricidade est\u00e1tica e \u00e9 adequado para poli\u00e9ster e n\u00e1ilon. Ap\u00f3s o uso, a efici\u00eancia do agente de absor\u00e7\u00e3o de umidade \u00e9 maior, e o tecido atrai mais clientes de roupas esportivas.<\/p>\n<p><strong>Modelo n\u00ba.<\/strong>35072<\/p>","protected":false},"featured_media":1791,"comment_status":"closed","ping_status":"closed","template":"","meta":{"_acf_changed":false},"material":[27],"process":[20,22,23,25],"product_brand":[],"product_cat":[15],"product_tag":[],"class_list":{"0":"post-1507","1":"product","2":"type-product","3":"status-publish","4":"has-post-thumbnail","6":"material-polyester-chemicals","7":"process-dyeing-auxiliaries","8":"process-anti-creasing-agent","9":"process-textile-finishing-chemicals","10":"process-textile-finishing-agent","11":"product_cat-uncategorized","13":"first","14":"instock","15":"shipping-taxable","16":"product-type-simple"},"acf":[],"_links":{"self":[{"href":"https:\/\/www.bluelakechem.com\/pt\/wp-json\/wp\/v2\/product\/1507","targetHints":{"allow":["GET"]}}],"collection":[{"href":"https:\/\/www.bluelakechem.com\/pt\/wp-json\/wp\/v2\/product"}],"about":[{"href":"https:\/\/www.bluelakechem.com\/pt\/wp-json\/wp\/v2\/types\/product"}],"replies":[{"embeddable":true,"href":"https:\/\/www.bluelakechem.com\/pt\/wp-json\/wp\/v2\/comments?post=1507"}],"wp:featuredmedia":[{"embeddable":true,"href":"https:\/\/www.bluelakechem.com\/pt\/wp-json\/wp\/v2\/media\/1791"}],"wp:attachment":[{"href":"https:\/\/www.bluelakechem.com\/pt\/wp-json\/wp\/v2\/media?parent=1507"}],"wp:term":[{"taxonomy":"material","embeddable":true,"href":"https:\/\/www.bluelakechem.com\/pt\/wp-json\/wp\/v2\/material?post=1507"},{"taxonomy":"process","embeddable":true,"href":"https:\/\/www.bluelakechem.com\/pt\/wp-json\/wp\/v2\/process?post=1507"},{"taxonomy":"product_brand","embeddable":true,"href":"https:\/\/www.bluelakechem.com\/pt\/wp-json\/wp\/v2\/product_brand?post=1507"},{"taxonomy":"product_cat","embeddable":true,"href":"https:\/\/www.bluelakechem.com\/pt\/wp-json\/wp\/v2\/product_cat?post=1507"},{"taxonomy":"product_tag","embeddable":true,"href":"https:\/\/www.bluelakechem.com\/pt\/wp-json\/wp\/v2\/product_tag?post=1507"}],"curies":[{"name":"wp","href":"https:\/\/api.w.org\/{rel}","templated":true}]}}