{"id":1558,"date":"2025-01-22T01:25:35","date_gmt":"2025-01-22T01:25:35","guid":{"rendered":"https:\/\/www.bluelakechem.com\/?post_type=product&#038;p=1558"},"modified":"2025-05-20T06:03:45","modified_gmt":"2025-05-20T06:03:45","slug":"block-silicone-oil-ultra-soft-fluffy-for-chemical-fibers-best-for-polyester-nylon","status":"publish","type":"product","link":"https:\/\/www.bluelakechem.com\/pt\/product\/block-silicone-oil-ultra-soft-fluffy-for-chemical-fibers-best-for-polyester-nylon\/","title":{"rendered":"Block Silicone Oil Ultra Soft Softer para acabamento de poli\u00e9ster e nylon"},"content":{"rendered":"<div class=\"wp-block-columns is-layout-flex wp-container-core-columns-is-layout-9d6595d7 wp-block-columns-is-layout-flex\">\n<div class=\"wp-block-column is-layout-flow wp-block-column-is-layout-flow\" style=\"flex-basis:50%\">\n<h2 class=\"wp-block-heading\">Bloco de \u00f3leo de silicone Descri\u00e7\u00e3o:<\/h2>\n\n\n\n<ul class=\"wp-block-list\">\n<li>O 76388 Block Silicone Oil \u00e9 uma microemuls\u00e3o de silicone em bloco com estrutura especial de cadeia ramificada.<\/li>\n\n\n\n<li>Pode ser aplicado no processo de acabamento de tecidos de algod\u00e3o, CVC, poli\u00e9ster\/algod\u00e3o, n\u00e1ilon\/algod\u00e3o, poli\u00e9ster e n\u00e1ilon, etc., o que torna os tecidos macios, fofos, suaves e requintados.<\/li>\n<\/ul>\n\n\n\n<h2 class=\"wp-block-heading\">Bloco de \u00f3leo de silicone Caracter\u00edsticas:<\/h2>\n\n\n\n<ol class=\"wp-block-list\">\n<li>N\u00e3o cont\u00e9m APEO ou subst\u00e2ncias qu\u00edmicas proibidas. Atende aos requisitos de prote\u00e7\u00e3o ambiental. Est\u00e1 em conformidade com o padr\u00e3o da Uni\u00e3o Europeia Otex-100.<\/li>\n\n\n\n<li>Proporciona aos tecidos uma excelente sensa\u00e7\u00e3o de maciez, suavidade e fofura.<\/li>\n\n\n\n<li>Pouco amarelamento e pouca mudan\u00e7a de tonalidade.<\/li>\n\n\n\n<li>Boa resist\u00eancia ao rebote.<\/li>\n\n\n\n<li>Bom brilho.<\/li>\n\n\n\n<li>Alta estabilidade.<\/li>\n\n\n\n<li>Tem uma boa afinidade com v\u00e1rios tipos de tecidos.<\/li>\n\n\n\n<li>Adequado para o processo de imers\u00e3o.<\/li>\n\n\n\n<li>Uma dosagem muito pequena pode produzir efeitos excelentes.<\/li>\n<\/ol>\n\n\n\n<h2 class=\"wp-block-heading\">Propriedades do \u00f3leo de silicone em bloco:<\/h2>\n\n\n\n<figure class=\"wp-block-table\"><table class=\"has-fixed-layout\"><tbody><tr><td>Apar\u00eancia:<\/td><td>L\u00edquido transparente<\/td><\/tr><tr><td>Ionicidade:<\/td><td>Cati\u00f4nico fraco<\/td><\/tr><tr><td>Valor do pH:<\/td><td>5,0~7,0 (solu\u00e7\u00e3o aquosa de 1%)<\/td><\/tr><tr><td>Solubilidade:<\/td><td>Sol\u00favel em \u00e1gua<\/td><\/tr><\/tbody><\/table><\/figure>\n\n\n\n<h2 class=\"wp-block-heading\">Instru\u00e7\u00f5es de uso do \u00f3leo de silicone para blocos\uff1a<\/h2>\n\n\n\n<p>Processo de imers\u00e3o:<\/p>\n\n\n\n<ul class=\"wp-block-list\">\n<li>Dosagem de refer\u00eancia: 1,0~3,0% (o.w.f)<strong><\/strong><\/li>\n\n\n\n<li>Propor\u00e7\u00e3o de banho: 1:20<strong><\/strong><\/li>\n\n\n\n<li>Processo: 40~50\u2103\u00d710~20 minutos \u2192 Desidrata\u00e7\u00e3o \u2192 Secagem (100~120\u2103)<\/li>\n<\/ul>\n<\/div>\n\n\n\n<div class=\"wp-block-column is-layout-flow wp-block-column-is-layout-flow\" style=\"flex-basis:50%\">\n<figure class=\"wp-block-image size-full\"><img decoding=\"async\" width=\"1080\" height=\"1920\" src=\"https:\/\/www.bluelakechem.com\/wp-content\/uploads\/2025\/01\/Block-Silicone-Oil-76388.webp\" alt=\"\u00d3leo de silicone em bloco\" class=\"wp-image-2178\" srcset=\"https:\/\/www.bluelakechem.com\/wp-content\/uploads\/2025\/01\/Block-Silicone-Oil-76388.webp 1080w, https:\/\/www.bluelakechem.com\/wp-content\/uploads\/2025\/01\/Block-Silicone-Oil-76388-169x300.webp 169w, https:\/\/www.bluelakechem.com\/wp-content\/uploads\/2025\/01\/Block-Silicone-Oil-76388-768x1365.webp 768w, https:\/\/www.bluelakechem.com\/wp-content\/uploads\/2025\/01\/Block-Silicone-Oil-76388-7x12.webp 7w, https:\/\/www.bluelakechem.com\/wp-content\/uploads\/2025\/01\/Block-Silicone-Oil-76388-600x1067.webp 600w\" sizes=\"(max-width: 1080px) 100vw, 1080px\" \/><\/figure>\n\n\n\n<h2 class=\"wp-block-heading\"><\/h2>\n<\/div>\n<\/div>","protected":false},"excerpt":{"rendered":"<p>O \u00f3leo de silicone em bloco proporciona \u00e0s fibras qu\u00edmicas uma sensa\u00e7\u00e3o de m\u00e3o ultra macia e fofa, al\u00e9m de ter o efeito macio e fofo mais not\u00e1vel em poli\u00e9ster e n\u00e1ilon com a mesma dosagem em compara\u00e7\u00e3o com outros \u00f3leos de silicone do mercado.<\/p>\n<p><strong>Modelo n\u00ba.<\/strong>76388<\/p>","protected":false},"featured_media":1793,"comment_status":"closed","ping_status":"closed","template":"","meta":{"_acf_changed":false},"material":[27,28],"process":[23,42,24],"product_brand":[],"product_cat":[15],"product_tag":[],"class_list":{"0":"post-1558","1":"product","2":"type-product","3":"status-publish","4":"has-post-thumbnail","6":"material-polyester-chemicals","7":"material-nylon-agent","8":"process-textile-finishing-chemicals","9":"process-softener","10":"process-silicone-oil","11":"product_cat-uncategorized","13":"first","14":"instock","15":"shipping-taxable","16":"product-type-simple"},"acf":[],"_links":{"self":[{"href":"https:\/\/www.bluelakechem.com\/pt\/wp-json\/wp\/v2\/product\/1558","targetHints":{"allow":["GET"]}}],"collection":[{"href":"https:\/\/www.bluelakechem.com\/pt\/wp-json\/wp\/v2\/product"}],"about":[{"href":"https:\/\/www.bluelakechem.com\/pt\/wp-json\/wp\/v2\/types\/product"}],"replies":[{"embeddable":true,"href":"https:\/\/www.bluelakechem.com\/pt\/wp-json\/wp\/v2\/comments?post=1558"}],"wp:featuredmedia":[{"embeddable":true,"href":"https:\/\/www.bluelakechem.com\/pt\/wp-json\/wp\/v2\/media\/1793"}],"wp:attachment":[{"href":"https:\/\/www.bluelakechem.com\/pt\/wp-json\/wp\/v2\/media?parent=1558"}],"wp:term":[{"taxonomy":"material","embeddable":true,"href":"https:\/\/www.bluelakechem.com\/pt\/wp-json\/wp\/v2\/material?post=1558"},{"taxonomy":"process","embeddable":true,"href":"https:\/\/www.bluelakechem.com\/pt\/wp-json\/wp\/v2\/process?post=1558"},{"taxonomy":"product_brand","embeddable":true,"href":"https:\/\/www.bluelakechem.com\/pt\/wp-json\/wp\/v2\/product_brand?post=1558"},{"taxonomy":"product_cat","embeddable":true,"href":"https:\/\/www.bluelakechem.com\/pt\/wp-json\/wp\/v2\/product_cat?post=1558"},{"taxonomy":"product_tag","embeddable":true,"href":"https:\/\/www.bluelakechem.com\/pt\/wp-json\/wp\/v2\/product_tag?post=1558"}],"curies":[{"name":"wp","href":"https:\/\/api.w.org\/{rel}","templated":true}]}}