{"id":1559,"date":"2025-01-22T01:25:11","date_gmt":"2025-01-22T01:25:11","guid":{"rendered":"https:\/\/www.bluelakechem.com\/?post_type=product&#038;p=1559"},"modified":"2025-03-27T03:07:49","modified_gmt":"2025-03-27T03:07:49","slug":"anti-uv-finishing-agent-upf-50-washable-for-outdoor-textiles","status":"publish","type":"product","link":"https:\/\/www.bluelakechem.com\/pt\/product\/anti-uv-finishing-agent-upf-50-washable-for-outdoor-textiles\/","title":{"rendered":"Acabamento de prote\u00e7\u00e3o UV em t\u00eaxteis, produtos qu\u00edmicos resistentes a UV para tecidos"},"content":{"rendered":"<div class=\"wp-block-columns is-layout-flex wp-container-core-columns-is-layout-9d6595d7 wp-block-columns-is-layout-flex\">\n<div class=\"wp-block-column is-layout-flow wp-block-column-is-layout-flow\" style=\"flex-basis:50%\">\n<h2 class=\"wp-block-heading\">Descri\u00e7\u00e3o do acabamento de prote\u00e7\u00e3o UV em t\u00eaxteis:<\/h2>\n\n\n\n<ul class=\"wp-block-list\">\n<li>O 44509 UV Protection Finish Agent \u00e9 composto principalmente de compostos org\u00e2nicos especiais.<\/li>\n\n\n\n<li>Ele pode ser aplicado no processo de acabamento anti-ultravioleta para tecidos de algod\u00e3o, n\u00e1ilon e suas misturas, o que pode diminuir significativamente a taxa de penetra\u00e7\u00e3o de UV no tecido e aumentar o UPF para 50+.<\/li>\n<\/ul>\n\n\n\n<h2 class=\"wp-block-heading\">Caracter\u00edsticas do acabamento de prote\u00e7\u00e3o UV em tecido:<\/h2>\n\n\n\n<ol class=\"wp-block-list\">\n<li>Tem uma excelente capacidade de absor\u00e7\u00e3o de UV de 280~320nm. Pode reduzir a penetra\u00e7\u00e3o de UV e melhorar o desempenho de prote\u00e7\u00e3o dos tecidos.<\/li>\n\n\n\n<li>Possui boa capacidade de lavagem. Tem efeitos anti-ultravioleta duradouros.<\/li>\n\n\n\n<li>Ele n\u00e3o influencia o manuseio dos tecidos.<\/li>\n\n\n\n<li>Influ\u00eancia extremamente pequena na tonalidade e na brancura da cor.<\/li>\n\n\n\n<li>Pode ser usado separadamente e com corantes reativos ou corantes \u00e1cidos no mesmo banho.<\/li>\n<\/ol>\n\n\n\n<h2 class=\"wp-block-heading\">Instru\u00e7\u00e3o de acabamento de prote\u00e7\u00e3o UV em t\u00eaxteis:<\/h2>\n\n\n\n<p><strong>1. para o processo de preenchimento<\/strong><\/p>\n\n\n\n<ul class=\"wp-block-list\">\n<li><strong>Dosagem de refer\u00eancia: <\/strong>20~50 g\/L<\/li>\n\n\n\n<li>Mergulhar e acolchoar \u2192 Secar \u2192 Fixar<\/li>\n<\/ul>\n\n\n\n<p><strong>2. para o processo de imers\u00e3o<\/strong><\/p>\n\n\n\n<ul class=\"wp-block-list\">\n<li><strong>Dosagem de refer\u00eancia:<\/strong> 2,0~5,0% (o.w.f)<\/li>\n\n\n\n<li><strong>Propor\u00e7\u00e3o de banhos: <\/strong>1:5~10<\/li>\n\n\n\n<li>40~50\u2103 \u00d7 20~30 minutos \u2192 Desidrata\u00e7\u00e3o \u2192 Secagem \u2192 Ajuste<\/li>\n\n\n\n<li>No processo de imers\u00e3o, ele tem uma excelente taxa de absor\u00e7\u00e3o e fixa\u00e7\u00e3o de corante.<\/li>\n<\/ul>\n<\/div>\n\n\n\n<div class=\"wp-block-column is-layout-flow wp-block-column-is-layout-flow\" style=\"flex-basis:50%\">\n<figure class=\"wp-block-embed is-type-video is-provider-youtube wp-block-embed-youtube wp-embed-aspect-16-9 wp-has-aspect-ratio\"><div class=\"wp-block-embed__wrapper\">\n<iframe title=\"Como funcionam as roupas de prote\u00e7\u00e3o solar?#sunprotection #clothes\" width=\"500\" height=\"281\" src=\"https:\/\/www.youtube.com\/embed\/87V3RfZPers?feature=oembed\" frameborder=\"0\" allow=\"accelerometer; autoplay; clipboard-write; encrypted-media; gyroscope; picture-in-picture; web-share\" referrerpolicy=\"strict-origin-when-cross-origin\" allowfullscreen><\/iframe>\n<\/div><\/figure>\n\n\n\n<h2 class=\"wp-block-heading\">Propriedades do acabamento de prote\u00e7\u00e3o UV em t\u00eaxteis:<\/h2>\n\n\n\n<figure class=\"wp-block-table\"><table class=\"has-fixed-layout\"><tbody><tr><td>Apar\u00eancia:<\/td><td>L\u00edquido amarelo claro a marrom<\/td><\/tr><tr><td>Ionicidade:<\/td><td>Ani\u00f4nico<\/td><\/tr><tr><td>Valor do pH:<\/td><td>&#8212;&#8212;&#8211;<\/td><\/tr><tr><td>Solubilidade:<\/td><td>Sol\u00favel em \u00e1gua<\/td><\/tr><\/tbody><\/table><\/figure>\n<\/div>\n<\/div>","protected":false},"excerpt":{"rendered":"<p>O UV Protection Finish in Textile aprimora o UPF de tecidos espec\u00edficos em at\u00e9 50+, oferecendo prote\u00e7\u00e3o dur\u00e1vel que perdura por v\u00e1rias lavagens - mantendo suas propriedades anti-ultravioleta mesmo ap\u00f3s 20 lavagens. Esse acabamento \u00e9 ideal para uma ampla variedade de tecidos de prote\u00e7\u00e3o solar para uso externo.<\/p>\n<p><strong>Modelo n\u00ba.<\/strong>44509<\/p>","protected":false},"featured_media":1794,"comment_status":"closed","ping_status":"closed","template":"","meta":{"_acf_changed":false},"material":[26,27,28,29,30,31,32,33,34],"process":[23,25],"product_brand":[],"product_cat":[15],"product_tag":[],"class_list":{"0":"post-1559","1":"product","2":"type-product","3":"status-publish","4":"has-post-thumbnail","6":"material-cotton-agent","7":"material-polyester-chemicals","8":"material-nylon-agent","9":"material-acrylic-chemicals","10":"material-viscose-chemicals","11":"material-wool-auxiliary","12":"material-linen-chemicals","13":"material-silk-chemicals","14":"material-fabric-chemicals","15":"process-textile-finishing-chemicals","16":"process-textile-finishing-agent","17":"product_cat-uncategorized","19":"first","20":"instock","21":"shipping-taxable","22":"product-type-simple"},"acf":[],"_links":{"self":[{"href":"https:\/\/www.bluelakechem.com\/pt\/wp-json\/wp\/v2\/product\/1559","targetHints":{"allow":["GET"]}}],"collection":[{"href":"https:\/\/www.bluelakechem.com\/pt\/wp-json\/wp\/v2\/product"}],"about":[{"href":"https:\/\/www.bluelakechem.com\/pt\/wp-json\/wp\/v2\/types\/product"}],"replies":[{"embeddable":true,"href":"https:\/\/www.bluelakechem.com\/pt\/wp-json\/wp\/v2\/comments?post=1559"}],"wp:featuredmedia":[{"embeddable":true,"href":"https:\/\/www.bluelakechem.com\/pt\/wp-json\/wp\/v2\/media\/1794"}],"wp:attachment":[{"href":"https:\/\/www.bluelakechem.com\/pt\/wp-json\/wp\/v2\/media?parent=1559"}],"wp:term":[{"taxonomy":"material","embeddable":true,"href":"https:\/\/www.bluelakechem.com\/pt\/wp-json\/wp\/v2\/material?post=1559"},{"taxonomy":"process","embeddable":true,"href":"https:\/\/www.bluelakechem.com\/pt\/wp-json\/wp\/v2\/process?post=1559"},{"taxonomy":"product_brand","embeddable":true,"href":"https:\/\/www.bluelakechem.com\/pt\/wp-json\/wp\/v2\/product_brand?post=1559"},{"taxonomy":"product_cat","embeddable":true,"href":"https:\/\/www.bluelakechem.com\/pt\/wp-json\/wp\/v2\/product_cat?post=1559"},{"taxonomy":"product_tag","embeddable":true,"href":"https:\/\/www.bluelakechem.com\/pt\/wp-json\/wp\/v2\/product_tag?post=1559"}],"curies":[{"name":"wp","href":"https:\/\/api.w.org\/{rel}","templated":true}]}}