{"id":1565,"date":"2025-01-22T01:24:36","date_gmt":"2025-01-22T01:24:36","guid":{"rendered":"https:\/\/www.bluelakechem.com\/?post_type=product&#038;p=1565"},"modified":"2025-03-27T03:17:46","modified_gmt":"2025-03-27T03:17:46","slug":"coolcore-finishing-agent-boost-fabric-coolness-compat-with-perfume-mint","status":"publish","type":"product","link":"https:\/\/www.bluelakechem.com\/pt\/product\/coolcore-finishing-agent-boost-fabric-coolness-compat-with-perfume-mint\/","title":{"rendered":"Produtos qu\u00edmicos para acabamento de tecidos frescos, agente de acabamento t\u00eaxtil com perfume de menta"},"content":{"rendered":"<div class=\"wp-block-columns is-layout-flex wp-container-core-columns-is-layout-9d6595d7 wp-block-columns-is-layout-flex\">\n<div class=\"wp-block-column is-layout-flow wp-block-column-is-layout-flow\" style=\"flex-basis:50%\">\n<h2 class=\"wp-block-heading\">Produtos qu\u00edmicos para acabamento de tecidos frescos Descri\u00e7\u00e3o:<\/h2>\n\n\n\n<ul class=\"wp-block-list\">\n<li>O YK-700B Cool Fabric Finishing Chemicals \u00e9 feito de v\u00e1rios tipos de ess\u00eancias naturais de coolcore.<\/li>\n\n\n\n<li>Ele pode ser aplicado no processo de acabamento frio para v\u00e1rios tipos de tecidos de algod\u00e3o, rayon, poli\u00e9ster, n\u00e1ilon e suas misturas, o que pode proporcionar aos tecidos um excelente efeito de toque frio.<\/li>\n<\/ul>\n\n\n\n<h2 class=\"wp-block-heading\">Produtos qu\u00edmicos para acabamento de tecidos frescos Caracter\u00edsticas:<\/h2>\n\n\n\n<ol class=\"wp-block-list\">\n<li>Excelente efeito de resist\u00eancia e frescor.<\/li>\n\n\n\n<li>Proporciona aos tecidos um cabo macio e boa capacidade de absor\u00e7\u00e3o de \u00e1gua.<\/li>\n\n\n\n<li>Amarelecimento extremamente baixo. Mudan\u00e7a de tonalidade extremamente baixa.<\/li>\n\n\n\n<li>Boa compatibilidade com outros auxiliares. Pode ser usado junto com \u00f3leo de silicone no mesmo banho.<\/li>\n\n\n\n<li>Adequado para o processo de preenchimento na m\u00e1quina de ajuste.<\/li>\n<\/ol>\n<\/div>\n\n\n\n<div class=\"wp-block-column is-layout-flow wp-block-column-is-layout-flow\" style=\"flex-basis:50%\">\n<h2 class=\"wp-block-heading\">Propriedades dos produtos qu\u00edmicos para acabamento de tecidos:<\/h2>\n\n\n\n<figure class=\"wp-block-table\"><table class=\"has-fixed-layout\"><tbody><tr><td>Apar\u00eancia:<\/td><td>L\u00edquido transparente incolor a amarelo<\/td><\/tr><tr><td>Ionicidade:<\/td><td>N\u00e3o i\u00f4nico<\/td><\/tr><tr><td>Valor do pH:<\/td><td>&#8212;&#8212;&#8211;<\/td><\/tr><tr><td>Solubilidade:<\/td><td>Sol\u00favel em \u00e1gua<\/td><\/tr><\/tbody><\/table><\/figure>\n\n\n\n<h2 class=\"wp-block-heading\">Instru\u00e7\u00f5es sobre produtos qu\u00edmicos para acabamento de tecidos:<\/h2>\n\n\n\n<p><strong>1. para o processo de preenchimento<\/strong><\/p>\n\n\n\n<ul class=\"wp-block-list\">\n<li><strong>Dosagem de refer\u00eancia: <\/strong>30~60 g\/L<\/li>\n\n\n\n<li>Mergulho e preenchimento \u2192 Secagem \u2192 Ajuste (140~160\u2103)<\/li>\n<\/ul>\n\n\n\n<p><strong>2. para o processo de imers\u00e3o<\/strong><\/p>\n\n\n\n<ul class=\"wp-block-list\">\n<li><strong>Dosagem de refer\u00eancia: <\/strong>3,0~6,0% (o.w.f)<\/li>\n\n\n\n<li><strong>Propor\u00e7\u00e3o de banhos:<\/strong> 1:5~15<\/li>\n\n\n\n<li>25~40\u2103 \u00d7 20~30 minutos \u2192 Desidrata\u00e7\u00e3o \u2192 Secagem \u2192 Ajuste<\/li>\n<\/ul>\n\n\n\n<p><strong>Observa\u00e7\u00e3o:<\/strong><\/p>\n\n\n\n<ul class=\"wp-block-list\">\n<li>O efeito de resfriamento est\u00e1 relacionado \u00e0 dosagem do Cool Finishing Agent YK-700B.<\/li>\n\n\n\n<li>Determine a dosagem adequada de acordo com as necessidades reais do efeito de resfriamento.<\/li>\n\n\n\n<li>Secagem (100~120\u2103)<\/li>\n<\/ul>\n<\/div>\n<\/div>\n\n\n\n<p><\/p>","protected":false},"excerpt":{"rendered":"<p>Os produtos qu\u00edmicos para acabamento de tecidos frios podem aumentar a efici\u00eancia de resfriamento da superf\u00edcie dos tecidos, o tecido tratado fica mais frio ao ser tocado do que os tecidos comuns e pode ser usado junto com agentes de acabamento de perfumes, como agentes de acabamento de menta, etc.<\/p>\n<p><strong>Modelo n\u00ba.<\/strong>YK-700B<\/p>","protected":false},"featured_media":1801,"comment_status":"closed","ping_status":"closed","template":"","meta":{"_acf_changed":false},"material":[26,27,28,29,30,31,32,33,34],"process":[23,25],"product_brand":[],"product_cat":[15],"product_tag":[],"class_list":{"0":"post-1565","1":"product","2":"type-product","3":"status-publish","4":"has-post-thumbnail","6":"material-cotton-agent","7":"material-polyester-chemicals","8":"material-nylon-agent","9":"material-acrylic-chemicals","10":"material-viscose-chemicals","11":"material-wool-auxiliary","12":"material-linen-chemicals","13":"material-silk-chemicals","14":"material-fabric-chemicals","15":"process-textile-finishing-chemicals","16":"process-textile-finishing-agent","17":"product_cat-uncategorized","19":"first","20":"instock","21":"shipping-taxable","22":"product-type-simple"},"acf":[],"_links":{"self":[{"href":"https:\/\/www.bluelakechem.com\/pt\/wp-json\/wp\/v2\/product\/1565","targetHints":{"allow":["GET"]}}],"collection":[{"href":"https:\/\/www.bluelakechem.com\/pt\/wp-json\/wp\/v2\/product"}],"about":[{"href":"https:\/\/www.bluelakechem.com\/pt\/wp-json\/wp\/v2\/types\/product"}],"replies":[{"embeddable":true,"href":"https:\/\/www.bluelakechem.com\/pt\/wp-json\/wp\/v2\/comments?post=1565"}],"wp:featuredmedia":[{"embeddable":true,"href":"https:\/\/www.bluelakechem.com\/pt\/wp-json\/wp\/v2\/media\/1801"}],"wp:attachment":[{"href":"https:\/\/www.bluelakechem.com\/pt\/wp-json\/wp\/v2\/media?parent=1565"}],"wp:term":[{"taxonomy":"material","embeddable":true,"href":"https:\/\/www.bluelakechem.com\/pt\/wp-json\/wp\/v2\/material?post=1565"},{"taxonomy":"process","embeddable":true,"href":"https:\/\/www.bluelakechem.com\/pt\/wp-json\/wp\/v2\/process?post=1565"},{"taxonomy":"product_brand","embeddable":true,"href":"https:\/\/www.bluelakechem.com\/pt\/wp-json\/wp\/v2\/product_brand?post=1565"},{"taxonomy":"product_cat","embeddable":true,"href":"https:\/\/www.bluelakechem.com\/pt\/wp-json\/wp\/v2\/product_cat?post=1565"},{"taxonomy":"product_tag","embeddable":true,"href":"https:\/\/www.bluelakechem.com\/pt\/wp-json\/wp\/v2\/product_tag?post=1565"}],"curies":[{"name":"wp","href":"https:\/\/api.w.org\/{rel}","templated":true}]}}