{"id":1570,"date":"2025-01-22T01:23:12","date_gmt":"2025-01-22T01:23:12","guid":{"rendered":"https:\/\/www.bluelakechem.com\/?post_type=product&#038;p=1570"},"modified":"2025-04-10T06:59:20","modified_gmt":"2025-04-10T06:59:20","slug":"warming-finishing-agent-infrared-tech-for-underwear-thin-fabrics-warmth","status":"publish","type":"product","link":"https:\/\/www.bluelakechem.com\/pt\/product\/warming-finishing-agent-infrared-tech-for-underwear-thin-fabrics-warmth\/","title":{"rendered":"Agente de acabamento de tecidos quentes Tecnologia de infravermelho para aquecimento de roupas \u00edntimas"},"content":{"rendered":"<figure class=\"wp-block-embed is-type-video is-provider-youtube wp-block-embed-youtube wp-embed-aspect-16-9 wp-has-aspect-ratio\"><div class=\"wp-block-embed__wrapper\">\n<iframe title=\"Como o agente de acabamento de infravermelho distante evita que as roupas percam o calor?\" width=\"500\" height=\"281\" src=\"https:\/\/www.youtube.com\/embed\/1BJMGfA01sk?feature=oembed\" frameborder=\"0\" allow=\"accelerometer; autoplay; clipboard-write; encrypted-media; gyroscope; picture-in-picture; web-share\" referrerpolicy=\"strict-origin-when-cross-origin\" allowfullscreen><\/iframe>\n<\/div><\/figure>\n\n\n\n<div class=\"wp-block-columns is-layout-flex wp-container-core-columns-is-layout-9d6595d7 wp-block-columns-is-layout-flex\">\n<div class=\"wp-block-column is-layout-flow wp-block-column-is-layout-flow\">\n<h2 class=\"wp-block-heading\">Descri\u00e7\u00e3o do agente de acabamento de tecido quente<\/h2>\n\n\n\n<ul class=\"wp-block-list\">\n<li>O agente de acabamento de tecido quente (agente de acabamento de infravermelho distante) \u00e9 feito de v\u00e1rios tipos de subst\u00e2ncias minerais naturais compostas por nanotecnologia especial.<\/li>\n\n\n\n<li>Depois que o tecido \u00e9 processado, ele pode liberar infravermelho distante, o que pode melhorar a circula\u00e7\u00e3o sangu\u00ednea do corpo humano e promover a microcircula\u00e7\u00e3o.<\/li>\n\n\n\n<li>\u00c9 adequado para o acabamento com infravermelho distante de tecidos de algod\u00e3o, rayon, poli\u00e9ster, n\u00e1ilon, fibra acr\u00edlica e suas misturas, etc.<\/li>\n\n\n\n<li>\u00c9 especialmente adequado para roupas de inverno e roupas \u00edntimas t\u00e9rmicas, etc.<\/li>\n<\/ul>\n\n\n\n<h2 class=\"wp-block-heading\">Caracter\u00edsticas do agente de acabamento de tecido quente<\/h2>\n\n\n\n<ol class=\"wp-block-list\">\n<li>O infravermelho distante pode penetrar no tecido subcut\u00e2neo e provocar o aumento da temperatura para ativar as c\u00e9lulas e promover o metabolismo.<\/li>\n\n\n\n<li>O infravermelho distante pode melhorar a microcircula\u00e7\u00e3o do tecido cerebral, proteger a sa\u00fade do sistema nervoso central, exercer o efeito de acalmar e melhorar a qualidade do sono.<\/li>\n\n\n\n<li>Para roupas de inverno, o infravermelho distante liberado pode promover a preserva\u00e7\u00e3o do calor do tecido e desempenhar o papel de mant\u00ea-lo aquecido.<\/li>\n\n\n\n<li>Subst\u00e2ncia mineral natural. Seguro e ecologicamente correto. N\u00e3o causa irrita\u00e7\u00e3o adversa \u00e0 pele humana.<\/li>\n\n\n\n<li>Boa compatibilidade. Pode ser usado junto com \u00f3leo de silicone e agente de fixa\u00e7\u00e3o no mesmo banho.<\/li>\n\n\n\n<li>Adequado para o processo de preenchimento na m\u00e1quina de ajuste.<\/li>\n<\/ol>\n<\/div>\n\n\n\n<div class=\"wp-block-column is-layout-flow wp-block-column-is-layout-flow\">\n<h2 class=\"wp-block-heading\">Propriedades do agente de acabamento de tecido quente<\/h2>\n\n\n\n<figure class=\"wp-block-table\"><table class=\"has-fixed-layout\"><tbody><tr><td>Apar\u00eancia:<\/td><td>L\u00edquido incolor a amarelo claro<\/td><\/tr><tr><td>Ionicidade:<\/td><td>N\u00e3o i\u00f4nico<\/td><\/tr><tr><td>Valor do pH:<\/td><td>&#8212;&#8212;&#8212;-<\/td><\/tr><tr><td>Solubilidade:<\/td><td>Sol\u00favel em \u00e1gua<\/td><\/tr><\/tbody><\/table><\/figure>\n\n\n\n<h2 class=\"wp-block-heading\">Instru\u00e7\u00f5es do agente de acabamento para tecidos quentes<\/h2>\n\n\n\n<p><strong>Para o processo de preenchimento<\/strong><\/p>\n\n\n\n<ul class=\"wp-block-list\">\n<li>Dosagem de refer\u00eancia: 40~80 g\/L.<\/li>\n\n\n\n<li>Acolchoamento \u2192 Secagem \u2192 Ajuste (130~160\u2103)<\/li>\n<\/ul>\n\n\n\n<p><strong>Observa\u00e7\u00e3o:<\/strong><\/p>\n\n\n\n<ol class=\"wp-block-list\">\n<li>O agente de acabamento de tecido quente (agente de acabamento de infravermelho distante) \u00e9 n\u00e3o i\u00f4nico. Pode ser usado junto com auxiliares n\u00e3o i\u00f4nicos, cati\u00f4nicos ou ani\u00f4nicos no mesmo banho.<\/li>\n\n\n\n<li>Sugest\u00e3o: Taxa de transporte de l\u00edquido \uff1e 75%. Ele pode fazer com que os tecidos sejam absorvidos completamente e o agente de acabamento de infravermelho distante \u00e9 suficiente para garantir o efeito de acabamento.<\/li>\n<\/ol>\n<\/div>\n<\/div>\n\n\n\n<p><\/p>","protected":false},"excerpt":{"rendered":"<p>O agente de acabamento para tecidos quentes utiliza materiais de infravermelho distante de libera\u00e7\u00e3o lenta para aumentar as propriedades de isolamento t\u00e9rmico das roupas \u00edntimas, tornando quentes os tecidos leves e finos.<\/p>\n<p><strong>Modelo n\u00ba.<\/strong>2130<\/p>","protected":false},"featured_media":1795,"comment_status":"closed","ping_status":"closed","template":"","meta":{"_acf_changed":false},"material":[26,27,28,29,30,31,32,33,34],"process":[23,25],"product_brand":[],"product_cat":[15],"product_tag":[],"class_list":{"0":"post-1570","1":"product","2":"type-product","3":"status-publish","4":"has-post-thumbnail","6":"material-cotton-agent","7":"material-polyester-chemicals","8":"material-nylon-agent","9":"material-acrylic-chemicals","10":"material-viscose-chemicals","11":"material-wool-auxiliary","12":"material-linen-chemicals","13":"material-silk-chemicals","14":"material-fabric-chemicals","15":"process-textile-finishing-chemicals","16":"process-textile-finishing-agent","17":"product_cat-uncategorized","19":"first","20":"instock","21":"shipping-taxable","22":"product-type-simple"},"acf":[],"_links":{"self":[{"href":"https:\/\/www.bluelakechem.com\/pt\/wp-json\/wp\/v2\/product\/1570","targetHints":{"allow":["GET"]}}],"collection":[{"href":"https:\/\/www.bluelakechem.com\/pt\/wp-json\/wp\/v2\/product"}],"about":[{"href":"https:\/\/www.bluelakechem.com\/pt\/wp-json\/wp\/v2\/types\/product"}],"replies":[{"embeddable":true,"href":"https:\/\/www.bluelakechem.com\/pt\/wp-json\/wp\/v2\/comments?post=1570"}],"wp:featuredmedia":[{"embeddable":true,"href":"https:\/\/www.bluelakechem.com\/pt\/wp-json\/wp\/v2\/media\/1795"}],"wp:attachment":[{"href":"https:\/\/www.bluelakechem.com\/pt\/wp-json\/wp\/v2\/media?parent=1570"}],"wp:term":[{"taxonomy":"material","embeddable":true,"href":"https:\/\/www.bluelakechem.com\/pt\/wp-json\/wp\/v2\/material?post=1570"},{"taxonomy":"process","embeddable":true,"href":"https:\/\/www.bluelakechem.com\/pt\/wp-json\/wp\/v2\/process?post=1570"},{"taxonomy":"product_brand","embeddable":true,"href":"https:\/\/www.bluelakechem.com\/pt\/wp-json\/wp\/v2\/product_brand?post=1570"},{"taxonomy":"product_cat","embeddable":true,"href":"https:\/\/www.bluelakechem.com\/pt\/wp-json\/wp\/v2\/product_cat?post=1570"},{"taxonomy":"product_tag","embeddable":true,"href":"https:\/\/www.bluelakechem.com\/pt\/wp-json\/wp\/v2\/product_tag?post=1570"}],"curies":[{"name":"wp","href":"https:\/\/api.w.org\/{rel}","templated":true}]}}