{"id":1571,"date":"2025-01-22T06:18:05","date_gmt":"2025-01-22T06:18:05","guid":{"rendered":"https:\/\/www.bluelakechem.com\/?post_type=product&#038;p=1571"},"modified":"2025-04-19T07:11:53","modified_gmt":"2025-04-19T07:11:53","slug":"cationic-dye-fixing-agent","status":"publish","type":"product","link":"https:\/\/www.bluelakechem.com\/pt\/product\/cationic-dye-fixing-agent\/","title":{"rendered":"Agente de fixa\u00e7\u00e3o de corante cati\u00f4nico Produtos qu\u00edmicos t\u00eaxteis para Vicose de algod\u00e3o"},"content":{"rendered":"<figure class=\"wp-block-embed is-type-video is-provider-youtube wp-block-embed-youtube wp-embed-aspect-16-9 wp-has-aspect-ratio\"><div class=\"wp-block-embed__wrapper\">\n<iframe title=\"Agente de nivelamento que economiza \u00e1gua. Melhora a efici\u00eancia do tingimento de 15~25% no mesmo banho. 22107\" width=\"500\" height=\"281\" src=\"https:\/\/www.youtube.com\/embed\/zQ8RaZWtqaA?feature=oembed\" frameborder=\"0\" allow=\"accelerometer; autoplay; clipboard-write; encrypted-media; gyroscope; picture-in-picture; web-share\" referrerpolicy=\"strict-origin-when-cross-origin\" allowfullscreen><\/iframe>\n<\/div><\/figure>\n\n\n\n<div class=\"wp-block-columns is-layout-flex wp-container-core-columns-is-layout-9d6595d7 wp-block-columns-is-layout-flex\">\n<div class=\"wp-block-column is-layout-flow wp-block-column-is-layout-flow\">\n<div class=\"wp-block-columns is-layout-flex wp-container-core-columns-is-layout-9d6595d7 wp-block-columns-is-layout-flex\">\n<div class=\"wp-block-column is-layout-flow wp-block-column-is-layout-flow\">\n<h2 class=\"wp-block-heading\">Descri\u00e7\u00e3o do produto do agente fixador de corante cati\u00f4nico<\/h2>\n\n\n\n<ul class=\"wp-block-list\">\n<li>O 22107 \u00e9 aplicado principalmente em algod\u00e3o tingido por corantes reativos e pode ser usado junto com o tingimento no mesmo banho, o que pode melhorar a solidez da cor, aumentar a efici\u00eancia da lavagem e reduzir o tempo de lavagem.<\/li>\n\n\n\n<li>Ele pode aumentar a estabilidade dos corantes e inibir a hidr\u00f3lise de corantes reativos, o que aumenta a efici\u00eancia da lavagem e do ensaboamento.<\/li>\n<\/ul>\n\n\n\n<h2 class=\"wp-block-heading\">Caracter\u00edsticas do agente fixador de corante cati\u00f4nico<\/h2>\n\n\n\n<ol class=\"wp-block-list\">\n<li>N\u00e3o cont\u00e9m formalde\u00eddo ou \u00edons de metais pesados, etc. Atende aos requisitos de prote\u00e7\u00e3o ambiental.<\/li>\n\n\n\n<li>Melhora a solidez da cor do sab\u00e3o e a solidez da cor da imers\u00e3o de corantes reativos.<\/li>\n\n\n\n<li>Economiza \u00e1gua e melhora a efici\u00eancia.<\/li>\n<\/ol>\n<\/div>\n\n\n\n<div class=\"wp-block-column is-layout-flow wp-block-column-is-layout-flow\">\n<h2 class=\"wp-block-heading\">Propriedades t\u00edpicas do agente fixador de corante cati\u00f4nico<\/h2>\n\n\n\n<figure class=\"wp-block-table\"><table class=\"has-fixed-layout\"><tbody><tr><td>Apar\u00eancia:<\/td><td>L\u00edquido amarelo-marrom<\/td><\/tr><tr><td>Ionicidade:<\/td><td>Ani\u00f4nico<\/td><\/tr><tr><td>Valor do pH:<\/td><td>7,0\u00b10,5 (solu\u00e7\u00e3o aquosa de 1%)<\/td><\/tr><tr><td>Solubilidade:<\/td><td>Sol\u00favel em \u00e1gua<\/td><\/tr><\/tbody><\/table><\/figure>\n\n\n\n<h2 class=\"wp-block-heading\">Instru\u00e7\u00f5es sobre o agente fixador de corante cati\u00f4nico<\/h2>\n\n\n\n<p>Para uso em conjunto com o tingimento no mesmo banho, dosagem de refer\u00eancia: 1,0~2,0% (o.w.f)<\/p>\n\n\n\n<p>Observa\u00e7\u00e3o:<\/p>\n\n\n\n<p>A dosagem recomendada \u00e9 de 20~30% da quantidade de corante. Dissolva-o com o corante e tinja-o de acordo com o processo normal.<\/p>\n<\/div>\n<\/div>\n\n\n\n<figure class=\"wp-block-image size-full\"><img decoding=\"async\" width=\"2256\" height=\"1181\" src=\"https:\/\/www.bluelakechem.com\/wp-content\/uploads\/2025\/01\/leveling-agent.webp\" alt=\"agente de nivelamento\" class=\"wp-image-1913\" srcset=\"https:\/\/www.bluelakechem.com\/wp-content\/uploads\/2025\/01\/leveling-agent.webp 2256w, https:\/\/www.bluelakechem.com\/wp-content\/uploads\/2025\/01\/leveling-agent-300x157.webp 300w, https:\/\/www.bluelakechem.com\/wp-content\/uploads\/2025\/01\/leveling-agent-768x402.webp 768w, https:\/\/www.bluelakechem.com\/wp-content\/uploads\/2025\/01\/leveling-agent-18x9.webp 18w, https:\/\/www.bluelakechem.com\/wp-content\/uploads\/2025\/01\/leveling-agent-1200x628.webp 1200w, https:\/\/www.bluelakechem.com\/wp-content\/uploads\/2025\/01\/leveling-agent-600x314.webp 600w\" sizes=\"(max-width: 2256px) 100vw, 2256px\" \/><\/figure>\n<\/div>\n<\/div>","protected":false},"excerpt":{"rendered":"<p>Agente fixador de corante cati\u00f4nico para algod\u00e3o para melhorar a solidez da cor de tecidos tingidos e melhorar a efici\u00eancia da lavagem e da \u00e1gua, reduzindo o n\u00famero de lavagens.<\/p>\n<p><strong>Modelo n\u00ba. <\/strong>22107<\/p>\n<p><img decoding=\"async\" class=\"alignnone wp-image-1913 size-full\" src=\"https:\/\/www.bluelakechem.com\/wp-content\/uploads\/2025\/01\/leveling-agent.webp\" alt=\"agente de nivelamento\" width=\"2256\" height=\"1181\" srcset=\"https:\/\/www.bluelakechem.com\/wp-content\/uploads\/2025\/01\/leveling-agent.webp 2256w, https:\/\/www.bluelakechem.com\/wp-content\/uploads\/2025\/01\/leveling-agent-300x157.webp 300w, https:\/\/www.bluelakechem.com\/wp-content\/uploads\/2025\/01\/leveling-agent-768x402.webp 768w, https:\/\/www.bluelakechem.com\/wp-content\/uploads\/2025\/01\/leveling-agent-18x9.webp 18w, https:\/\/www.bluelakechem.com\/wp-content\/uploads\/2025\/01\/leveling-agent-1200x628.webp 1200w, https:\/\/www.bluelakechem.com\/wp-content\/uploads\/2025\/01\/leveling-agent-600x314.webp 600w\" sizes=\"(max-width: 2256px) 100vw, 2256px\" \/><\/p>","protected":false},"featured_media":1796,"comment_status":"closed","ping_status":"closed","template":"","meta":{"_acf_changed":false},"material":[26,30,32,34],"process":[20,38,39,41],"product_brand":[],"product_cat":[15],"product_tag":[],"class_list":{"0":"post-1571","1":"product","2":"type-product","3":"status-publish","4":"has-post-thumbnail","6":"material-cotton-agent","7":"material-viscose-chemicals","8":"material-linen-chemicals","9":"material-fabric-chemicals","10":"process-dyeing-auxiliaries","11":"process-disperse-leveling-agent","12":"process-dye-carrier","13":"process-fixing-agent","14":"product_cat-uncategorized","16":"first","17":"instock","18":"shipping-taxable","19":"product-type-simple"},"acf":[],"_links":{"self":[{"href":"https:\/\/www.bluelakechem.com\/pt\/wp-json\/wp\/v2\/product\/1571","targetHints":{"allow":["GET"]}}],"collection":[{"href":"https:\/\/www.bluelakechem.com\/pt\/wp-json\/wp\/v2\/product"}],"about":[{"href":"https:\/\/www.bluelakechem.com\/pt\/wp-json\/wp\/v2\/types\/product"}],"replies":[{"embeddable":true,"href":"https:\/\/www.bluelakechem.com\/pt\/wp-json\/wp\/v2\/comments?post=1571"}],"wp:featuredmedia":[{"embeddable":true,"href":"https:\/\/www.bluelakechem.com\/pt\/wp-json\/wp\/v2\/media\/1796"}],"wp:attachment":[{"href":"https:\/\/www.bluelakechem.com\/pt\/wp-json\/wp\/v2\/media?parent=1571"}],"wp:term":[{"taxonomy":"material","embeddable":true,"href":"https:\/\/www.bluelakechem.com\/pt\/wp-json\/wp\/v2\/material?post=1571"},{"taxonomy":"process","embeddable":true,"href":"https:\/\/www.bluelakechem.com\/pt\/wp-json\/wp\/v2\/process?post=1571"},{"taxonomy":"product_brand","embeddable":true,"href":"https:\/\/www.bluelakechem.com\/pt\/wp-json\/wp\/v2\/product_brand?post=1571"},{"taxonomy":"product_cat","embeddable":true,"href":"https:\/\/www.bluelakechem.com\/pt\/wp-json\/wp\/v2\/product_cat?post=1571"},{"taxonomy":"product_tag","embeddable":true,"href":"https:\/\/www.bluelakechem.com\/pt\/wp-json\/wp\/v2\/product_tag?post=1571"}],"curies":[{"name":"wp","href":"https:\/\/api.w.org\/{rel}","templated":true}]}}