{"id":1576,"date":"2025-01-22T06:52:54","date_gmt":"2025-01-22T06:52:54","guid":{"rendered":"https:\/\/www.bluelakechem.com\/?post_type=product&#038;p=1576"},"modified":"2025-03-27T03:11:18","modified_gmt":"2025-03-27T03:11:18","slug":"fiber-fixing-agent","status":"publish","type":"product","link":"https:\/\/www.bluelakechem.com\/pt\/product\/fiber-fixing-agent\/","title":{"rendered":"Agente de fixa\u00e7\u00e3o de fibras para poli\u00e9ster, nylon e misturas"},"content":{"rendered":"<div class=\"wp-block-columns is-layout-flex wp-container-core-columns-is-layout-9d6595d7 wp-block-columns-is-layout-flex\">\n<div class=\"wp-block-column is-layout-flow wp-block-column-is-layout-flow\">\n<h2 class=\"wp-block-heading\">Descri\u00e7\u00e3o do agente de fixa\u00e7\u00e3o de fibra<\/h2>\n\n\n\n<ul class=\"wp-block-list\">\n<li>O 22307 \u00e9 composto principalmente de pol\u00edmero de poliamina.<\/li>\n\n\n\n<li>No processo de ajuste para tecidos de poli\u00e9ster\/algod\u00e3o, ele pode reagir com o radical de hidr\u00f3xido nas fibras de algod\u00e3o e ter uma rea\u00e7\u00e3o autom\u00e1tica para formar uma pel\u00edcula, o que pode diminuir a influ\u00eancia na solidez por sublima\u00e7\u00e3o de corantes dispersos e melhorar a solidez da cor ao ensaboar e a solidez da cor ao passar a vapor.<\/li>\n\n\n\n<li>\u00c9 adequado para tecidos de poli\u00e9ster\/algod\u00e3o, o que pode diminuir a influ\u00eancia sobre a solidez ap\u00f3s a fixa\u00e7\u00e3o.<\/li>\n<\/ul>\n\n\n\n<h2 class=\"wp-block-heading\">Caracter\u00edsticas do agente de fixa\u00e7\u00e3o de fibra<\/h2>\n\n\n\n<ol class=\"wp-block-list\">\n<li>N\u00e3o cont\u00e9m formalde\u00eddo, APEO ou \u00edons de metais pesados. Atende aos requisitos de prote\u00e7\u00e3o ambiental.<\/li>\n\n\n\n<li>Tem um certo efeito inibidor sobre a sublima\u00e7\u00e3o de corantes dispersos no processo de ajuste, especialmente corantes de vermelho vivo, preto e azul.<\/li>\n\n\n\n<li>N\u00e3o influenciam a sensa\u00e7\u00e3o das m\u00e3os ou a tonalidade das cores dos tecidos.<\/li>\n\n\n\n<li>Reduz a configura\u00e7\u00e3o m\u00e9dia \u00fanica. Encurta o processo.<\/li>\n\n\n\n<li>F\u00e1cil de usar. Pode ser usado junto com o \u00f3leo de silicone no mesmo banho na m\u00e1quina de ajuste.<\/li>\n<\/ol>\n\n\n\n<h2 class=\"wp-block-heading\">Propriedades t\u00edpicas do agente de fixa\u00e7\u00e3o de fibra<\/h2>\n\n\n\n<figure class=\"wp-block-table\"><table class=\"has-fixed-layout\"><tbody><tr><td>Apar\u00eancia:<\/td><td>L\u00edquido amarelo claro<\/td><\/tr><tr><td>Ionicidade:<\/td><td>Cati\u00f4nica<\/td><\/tr><tr><td>Valor do pH:<\/td><td>6,5\u00b11,0 (solu\u00e7\u00e3o aquosa de 1%)<\/td><\/tr><tr><td>Solubilidade:<\/td><td>Sol\u00favel em \u00e1gua<\/td><\/tr><\/tbody><\/table><\/figure>\n<\/div>\n\n\n\n<div class=\"wp-block-column is-layout-flow wp-block-column-is-layout-flow\">\n<h2 class=\"wp-block-heading\">Instru\u00e7\u00f5es sobre o agente de fixa\u00e7\u00e3o de fibra<\/h2>\n\n\n\n<h3 class=\"wp-block-heading\">Processo de preenchimento:<\/h3>\n\n\n\n<ul class=\"wp-block-list\">\n<li>Dosagem de refer\u00eancia do 22307: 10~40 g\/L<\/li>\n\n\n\n<li>Dosagem de refer\u00eancia do amaciante: X g\/L<\/li>\n\n\n\n<li>Mergulho e preenchimento (Coleta: 70~100%) \u2192 Secagem e ajuste (130~160\u2103)<\/li>\n<\/ul>\n\n\n\n<h3 class=\"wp-block-heading\">Exemplo de aplicativo<\/h3>\n\n\n\n<p>Para melhorar a solidez do tecido de dupla face de poli\u00e9ster\/algod\u00e3o 50\/50:<\/p>\n\n\n<div class=\"wp-block-image\">\n<figure class=\"alignleft size-full is-resized\"><img decoding=\"async\" width=\"639\" height=\"460\" src=\"https:\/\/www.bluelakechem.com\/wp-content\/uploads\/2025\/01\/Fixing-agent-4.png\" alt=\"\" class=\"wp-image-1577\" style=\"width:542px;height:auto\" srcset=\"https:\/\/www.bluelakechem.com\/wp-content\/uploads\/2025\/01\/Fixing-agent-4.png 639w, https:\/\/www.bluelakechem.com\/wp-content\/uploads\/2025\/01\/Fixing-agent-4-300x216.png 300w, https:\/\/www.bluelakechem.com\/wp-content\/uploads\/2025\/01\/Fixing-agent-4-18x12.png 18w, https:\/\/www.bluelakechem.com\/wp-content\/uploads\/2025\/01\/Fixing-agent-4-600x432.png 600w\" sizes=\"(max-width: 639px) 100vw, 639px\" \/><\/figure>\n<\/div>\n\n\n<div class=\"wp-block-columns is-layout-flex wp-container-core-columns-is-layout-9d6595d7 wp-block-columns-is-layout-flex\">\n<div class=\"wp-block-column is-layout-flow wp-block-column-is-layout-flow\" style=\"flex-basis:50%\"><\/div>\n<\/div>\n\n\n\n<div class=\"wp-block-columns is-layout-flex wp-container-core-columns-is-layout-9d6595d7 wp-block-columns-is-layout-flex\">\n<div class=\"wp-block-column is-layout-flow wp-block-column-is-layout-flow\"><\/div>\n<\/div>\n\n\n\n<p>\uff081\uff09<strong>Tingimento de poli\u00e9ster: <\/strong><\/p>\n\n\n\n<ul class=\"wp-block-list\">\n<li>Vermelho brilhante: Corante disperso de vermelho brilhante GS: 1.5%, agente de nivelamento de alta temperatura: 1 g\/L, \u00e1cido ac\u00e9tico: 0,5 g\/L<\/li>\n\n\n\n<li>Azul turquesa: Corante disperso de azul turquesa SGL: 1,5%, agente de nivelamento de alta temperatura: 1 g\/L, \u00e1cido ac\u00e9tico: 0,5 g\/L<\/li>\n\n\n\n<li>25\u2103 \u2192 130\u2103\u00d740 min (2\u2103\/min) \u2192 Lavagem com \u00e1gua<\/li>\n<\/ul>\n\n\n\n<p>\uff082\uff09<strong>Limpeza de redu\u00e7\u00e3o:<\/strong><\/p>\n\n\n\n<ul class=\"wp-block-list\">\n<li>Hidrossulfito de s\u00f3dio: 3 g\/L<\/li>\n\n\n\n<li>Soda c\u00e1ustica: 2 g\/L<\/li>\n\n\n\n<li>80\u2103\u00d715 min (2\u2103\/min) \u2192 Lavagem com \u00e1gua<\/li>\n<\/ul>\n\n\n\n<p>\uff083\uff09<strong>Tingimento de algod\u00e3o: <\/strong><\/p>\n\n\n\n<ul class=\"wp-block-list\">\n<li>Azul turquesa: Corante reativo de azul turquesa BGFN: 1,5%, corante reativo de azul brilhante KN-R: 1%,<\/li>\n\n\n\n<li>Sulfato de s\u00f3dio anidro: 60 g\/L, soda c\u00e1ustica: 20 g\/L<\/li>\n\n\n\n<li>Vermelho vivo: Corante reativo de vermelho vivo 3BS: 2%, corante reativo de amarelo 3RS: 1%,<\/li>\n\n\n\n<li>Sulfato de s\u00f3dio anidro: 60 g\/L, soda c\u00e1ustica: 20 g\/L<\/li>\n\n\n\n<li>25\u2103 \u2192 60\u2103\u00d760 min (2\u2103\/min) \u2192 Lavagem com \u00e1gua<\/li>\n<\/ul>\n\n\n\n<p>\uff084\uff09<strong>Ensaboamento:<\/strong><\/p>\n\n\n\n<ul class=\"wp-block-list\">\n<li>Agente de sab\u00e3o n\u00e3o espumante: 2 g\/L<\/li>\n\n\n\n<li>95\u2103\u00d720 min (2\u2103\/ min) \u2192 Lavagem com \u00e1gua<\/li>\n<\/ul>\n\n\n\n<p>\uff085\uff09<strong>Fixa\u00e7\u00e3o:<\/strong><\/p>\n\n\n\n<ul class=\"wp-block-list\">\n<li>Agente fixador sem formalde\u00eddo: 1%<\/li>\n\n\n\n<li>40\u2103\u00d720 min \u2192 Secagem<\/li>\n<\/ul>\n\n\n\n<p>\uff086\uff09<strong>Configura\u00e7\u00e3o:<\/strong><\/p>\n\n\n\n<ul class=\"wp-block-list\">\n<li>Agente fixador 22307: 0, 20, 40 g\/L<\/li>\n\n\n\n<li>Mergulhar e acolchoar \u2192 Configura\u00e7\u00e3o (170\u2103\u00d7cerca de 90s)<\/li>\n<\/ul>\n<\/div>\n<\/div>","protected":false},"excerpt":{"rendered":"<p>O agente de fixa\u00e7\u00e3o de fibra, usado para tecidos de poli\u00e9ster, algod\u00e3o, n\u00e1ilon, n\u00e1ilon e algod\u00e3o e outras fibras qu\u00edmicas e seus tecidos mistos, tem um excelente efeito na solidez \u00e0 \u00e1gua da espuma de fibra qu\u00edmica.<\/p>\n<p><strong>Modelo n\u00ba. <\/strong>22307<\/p>\n<p><img decoding=\"async\" class=\"alignnone size-medium wp-image-1658\" src=\"https:\/\/www.bluelakechem.com\/wp-content\/uploads\/2025\/01\/22307-\uff08\u53cclogo\uff09-1-300x300.jpg\" alt=\"\" width=\"300\" height=\"300\" srcset=\"https:\/\/www.bluelakechem.com\/wp-content\/uploads\/2025\/01\/22307-\uff08\u53cclogo\uff09-1-300x300.jpg 300w, https:\/\/www.bluelakechem.com\/wp-content\/uploads\/2025\/01\/22307-\uff08\u53cclogo\uff09-1-150x150.jpg 150w, https:\/\/www.bluelakechem.com\/wp-content\/uploads\/2025\/01\/22307-\uff08\u53cclogo\uff09-1-768x768.jpg 768w, https:\/\/www.bluelakechem.com\/wp-content\/uploads\/2025\/01\/22307-\uff08\u53cclogo\uff09-1-12x12.jpg 12w, https:\/\/www.bluelakechem.com\/wp-content\/uploads\/2025\/01\/22307-\uff08\u53cclogo\uff09-1-600x600.jpg 600w, https:\/\/www.bluelakechem.com\/wp-content\/uploads\/2025\/01\/22307-\uff08\u53cclogo\uff09-1-100x100.jpg 100w, https:\/\/www.bluelakechem.com\/wp-content\/uploads\/2025\/01\/22307-\uff08\u53cclogo\uff09-1.jpg 800w\" sizes=\"(max-width: 300px) 100vw, 300px\" \/><\/p>","protected":false},"featured_media":1797,"comment_status":"closed","ping_status":"closed","template":"","meta":{"_acf_changed":false},"material":[26,27,28,29,30,31,32,49,34],"process":[20,23,41],"product_brand":[],"product_cat":[15],"product_tag":[],"class_list":{"0":"post-1576","1":"product","2":"type-product","3":"status-publish","4":"has-post-thumbnail","6":"material-cotton-agent","7":"material-polyester-chemicals","8":"material-nylon-agent","9":"material-acrylic-chemicals","10":"material-viscose-chemicals","11":"material-wool-auxiliary","12":"material-linen-chemicals","13":"material-elastic","14":"material-fabric-chemicals","15":"process-dyeing-auxiliaries","16":"process-textile-finishing-chemicals","17":"process-fixing-agent","18":"product_cat-uncategorized","20":"first","21":"instock","22":"shipping-taxable","23":"product-type-simple"},"acf":[],"_links":{"self":[{"href":"https:\/\/www.bluelakechem.com\/pt\/wp-json\/wp\/v2\/product\/1576","targetHints":{"allow":["GET"]}}],"collection":[{"href":"https:\/\/www.bluelakechem.com\/pt\/wp-json\/wp\/v2\/product"}],"about":[{"href":"https:\/\/www.bluelakechem.com\/pt\/wp-json\/wp\/v2\/types\/product"}],"replies":[{"embeddable":true,"href":"https:\/\/www.bluelakechem.com\/pt\/wp-json\/wp\/v2\/comments?post=1576"}],"wp:featuredmedia":[{"embeddable":true,"href":"https:\/\/www.bluelakechem.com\/pt\/wp-json\/wp\/v2\/media\/1797"}],"wp:attachment":[{"href":"https:\/\/www.bluelakechem.com\/pt\/wp-json\/wp\/v2\/media?parent=1576"}],"wp:term":[{"taxonomy":"material","embeddable":true,"href":"https:\/\/www.bluelakechem.com\/pt\/wp-json\/wp\/v2\/material?post=1576"},{"taxonomy":"process","embeddable":true,"href":"https:\/\/www.bluelakechem.com\/pt\/wp-json\/wp\/v2\/process?post=1576"},{"taxonomy":"product_brand","embeddable":true,"href":"https:\/\/www.bluelakechem.com\/pt\/wp-json\/wp\/v2\/product_brand?post=1576"},{"taxonomy":"product_cat","embeddable":true,"href":"https:\/\/www.bluelakechem.com\/pt\/wp-json\/wp\/v2\/product_cat?post=1576"},{"taxonomy":"product_tag","embeddable":true,"href":"https:\/\/www.bluelakechem.com\/pt\/wp-json\/wp\/v2\/product_tag?post=1576"}],"curies":[{"name":"wp","href":"https:\/\/api.w.org\/{rel}","templated":true}]}}