{"id":1578,"date":"2025-01-22T06:48:21","date_gmt":"2025-01-22T06:48:21","guid":{"rendered":"https:\/\/www.bluelakechem.com\/?post_type=product&#038;p=1578"},"modified":"2025-11-21T11:04:26","modified_gmt":"2025-11-21T11:04:26","slug":"hydrophilic-agent","status":"publish","type":"product","link":"https:\/\/www.bluelakechem.com\/pt\/product\/hydrophilic-agent\/","title":{"rendered":"Agente hidrof\u00edlico Resina de secagem r\u00e1pida lav\u00e1vel e que absorve a umidade para todos os tecidos"},"content":{"rendered":"<div class=\"wp-block-columns is-layout-flex wp-container-core-columns-is-layout-9d6595d7 wp-block-columns-is-layout-flex\">\n<div class=\"wp-block-column is-layout-flow wp-block-column-is-layout-flow\">\n<h2 class=\"wp-block-heading\">Descri\u00e7\u00e3o do produto do agente hidrof\u00edlico<\/h2>\n\n\n\n<ul class=\"wp-block-list\">\n<li>66302 \u00e9 uma resina de poliamina \"tipo estrela\" de imina modificada hidrof\u00edlica.<\/li>\n\n\n\n<li>Em altas temperaturas, ele pode formar uma estrutura de rede de reticula\u00e7\u00e3o est\u00e1vel, que pode formar um filme hidrof\u00edlico gelatinoso denso semelhante \u00e0 \u00e1gua com o tecido. O filme tem excelente desempenho dur\u00e1vel e lav\u00e1vel, o que pode conferir aos tecidos um desempenho hidrof\u00edlico dur\u00e1vel e de longa dura\u00e7\u00e3o.<\/li>\n\n\n\n<li>Ele \u00e9 adequado para v\u00e1rios tipos de tecidos.<\/li>\n\n\n\n<li>\u00c9 especialmente adequado para absor\u00e7\u00e3o de umidade dur\u00e1vel e acabamento de secagem r\u00e1pida para tecidos de n\u00e1ilon de alta qualidade.<\/li>\n\n\n\n<li>Pode ser aplicado no acabamento de n\u00facleo frio hidrof\u00edlico para nylon com uma grande dosagem.<\/li>\n\n\n\n<li>Tamb\u00e9m \u00e9 adequado para o acabamento hidrof\u00edlico lav\u00e1vel de algod\u00e3o e misturas de algod\u00e3o, bem como para o acabamento hidrof\u00edlico lav\u00e1vel e sem engomar de camisas masculinas de alta qualidade.<\/li>\n<\/ul>\n\n\n\n<h2 class=\"wp-block-heading\">Caracter\u00edsticas do agente hidrof\u00edlico<\/h2>\n\n\n\n<ol class=\"wp-block-list\">\n<li>Ecologicamente correto. N\u00e3o cont\u00e9m subst\u00e2ncias proibidas, como APEO ou formalde\u00eddo, etc.<\/li>\n\n\n\n<li>Proporciona aos tecidos uma absor\u00e7\u00e3o de umidade duradoura e um desempenho de secagem r\u00e1pida. Pode ser lavado mais de 20 vezes.<\/li>\n\n\n\n<li>Pode resolver o enfraquecimento da hidrofilicidade de tecidos de n\u00e1ilon de cor escura devido \u00e0 fixa\u00e7\u00e3o.<\/li>\n\n\n\n<li>Melhora a resist\u00eancia \u00e0 abras\u00e3o. Pode proteger as fibras contra danos mec\u00e2nicos e melhorar o desempenho antipilling.<\/li>\n\n\n\n<li>Alta estabilidade. No processo de tingimento de n\u00e1ilon, pode ser usado diretamente em um banho de tingimento. Tamb\u00e9m pode ser usado no processo de imers\u00e3o ap\u00f3s a fixa\u00e7\u00e3o.<\/li>\n\n\n\n<li>Com uma dosagem grande, pode ser aplicado no acabamento de nylon com n\u00facleo hidrof\u00edlico e frio.<\/li>\n\n\n\n<li>Boa compatibilidade com \u00f3leo de silicone. Pode melhorar a hidrofilicidade do \u00f3leo de silicone.<\/li>\n<\/ol>\n<\/div>\n\n\n\n<div class=\"wp-block-column is-layout-flow wp-block-column-is-layout-flow\">\n<figure class=\"wp-block-embed is-type-video is-provider-youtube wp-block-embed-youtube wp-embed-aspect-16-9 wp-has-aspect-ratio\"><div class=\"wp-block-embed__wrapper\">\n<iframe title=\"Resina lav\u00e1vel de secagem r\u00e1pida \u00e0 umidade: Absor\u00e7\u00e3o de umidade\u2265200% #textilechemicals\" width=\"500\" height=\"281\" src=\"https:\/\/www.youtube.com\/embed\/oxP-eU9BYZs?feature=oembed\" frameborder=\"0\" allow=\"accelerometer; autoplay; clipboard-write; encrypted-media; gyroscope; picture-in-picture; web-share\" referrerpolicy=\"strict-origin-when-cross-origin\" allowfullscreen><\/iframe>\n<\/div><\/figure>\n\n\n\n<h2 class=\"wp-block-heading\">Propriedades t\u00edpicas do agente hidrof\u00edlico<\/h2>\n\n\n\n<figure class=\"wp-block-table\"><table class=\"has-fixed-layout\"><tbody><tr><td>Apar\u00eancia:<\/td><td>L\u00edquido transparente incolor a amarelo<\/td><\/tr><tr><td>Ionicidade:<\/td><td>Cati\u00f4nica<\/td><\/tr><tr><td>Valor do pH:<\/td><td>6,0~7,0 (solu\u00e7\u00e3o aquosa de 1%)<\/td><\/tr><tr><td>Solubilidade:<\/td><td>Sol\u00favel em \u00e1gua<\/td><\/tr><\/tbody><\/table><\/figure>\n\n\n\n<h2 class=\"wp-block-heading\">Instru\u00e7\u00e3o do agente hidrof\u00edlico<\/h2>\n\n\n\n<p><strong>1. Processo de preenchimento:<\/strong><\/p>\n\n\n\n<ul class=\"wp-block-list\">\n<li>Dosagem de refer\u00eancia: 5~20 g\/L<\/li>\n\n\n\n<li>Configura\u00e7\u00e3o: Mergulho e preenchimento (Coletor: 70~90%) \u2192 160~170\u2103 \u00d7 60~90s<\/li>\n<\/ul>\n\n\n\n<p><strong>2. processo de imers\u00e3o:<\/strong><\/p>\n\n\n\n<ul class=\"wp-block-list\">\n<li>Dosagem de refer\u00eancia: 0,5~2,0% (o.w.f)<\/li>\n\n\n\n<li>Processo: Ap\u00f3s a fixa\u00e7\u00e3o, 80\u2103 \u00d7 20~30 min \u2192 Seco<\/li>\n<\/ul>\n<\/div>\n<\/div>","protected":false},"excerpt":{"rendered":"<p>Agente de acabamento hidrof\u00edlico dur\u00e1vel, adequado para acabamento dur\u00e1vel, lav\u00e1vel e hidrof\u00edlico de v\u00e1rias fibras, especialmente adequado para absor\u00e7\u00e3o de umidade dur\u00e1vel e acabamento de secagem r\u00e1pida de tecidos de n\u00e1ilon de alta qualidade, e tamb\u00e9m adequado para acabamento hidrof\u00edlico lav\u00e1vel e r\u00edgido de algod\u00e3o e seus tecidos mistos.<\/p>\n<p><strong>Modelo n\u00ba.<\/strong>66302<\/p>","protected":false},"featured_media":1798,"comment_status":"closed","ping_status":"closed","template":"","meta":{"_acf_changed":false},"material":[26,27,28,29,30,49,34],"process":[23,25],"product_brand":[],"product_cat":[15],"product_tag":[],"class_list":{"0":"post-1578","1":"product","2":"type-product","3":"status-publish","4":"has-post-thumbnail","6":"material-cotton-agent","7":"material-polyester-chemicals","8":"material-nylon-agent","9":"material-acrylic-chemicals","10":"material-viscose-chemicals","11":"material-elastic","12":"material-fabric-chemicals","13":"process-textile-finishing-chemicals","14":"process-textile-finishing-agent","15":"product_cat-uncategorized","17":"first","18":"instock","19":"shipping-taxable","20":"product-type-simple"},"acf":[],"_links":{"self":[{"href":"https:\/\/www.bluelakechem.com\/pt\/wp-json\/wp\/v2\/product\/1578","targetHints":{"allow":["GET"]}}],"collection":[{"href":"https:\/\/www.bluelakechem.com\/pt\/wp-json\/wp\/v2\/product"}],"about":[{"href":"https:\/\/www.bluelakechem.com\/pt\/wp-json\/wp\/v2\/types\/product"}],"replies":[{"embeddable":true,"href":"https:\/\/www.bluelakechem.com\/pt\/wp-json\/wp\/v2\/comments?post=1578"}],"wp:featuredmedia":[{"embeddable":true,"href":"https:\/\/www.bluelakechem.com\/pt\/wp-json\/wp\/v2\/media\/1798"}],"wp:attachment":[{"href":"https:\/\/www.bluelakechem.com\/pt\/wp-json\/wp\/v2\/media?parent=1578"}],"wp:term":[{"taxonomy":"material","embeddable":true,"href":"https:\/\/www.bluelakechem.com\/pt\/wp-json\/wp\/v2\/material?post=1578"},{"taxonomy":"process","embeddable":true,"href":"https:\/\/www.bluelakechem.com\/pt\/wp-json\/wp\/v2\/process?post=1578"},{"taxonomy":"product_brand","embeddable":true,"href":"https:\/\/www.bluelakechem.com\/pt\/wp-json\/wp\/v2\/product_brand?post=1578"},{"taxonomy":"product_cat","embeddable":true,"href":"https:\/\/www.bluelakechem.com\/pt\/wp-json\/wp\/v2\/product_cat?post=1578"},{"taxonomy":"product_tag","embeddable":true,"href":"https:\/\/www.bluelakechem.com\/pt\/wp-json\/wp\/v2\/product_tag?post=1578"}],"curies":[{"name":"wp","href":"https:\/\/api.w.org\/{rel}","templated":true}]}}