{"id":1584,"date":"2025-01-22T07:00:35","date_gmt":"2025-01-22T07:00:35","guid":{"rendered":"https:\/\/www.bluelakechem.com\/?post_type=product&#038;p=1584"},"modified":"2025-03-27T03:13:40","modified_gmt":"2025-03-27T03:13:40","slug":"silicone-polymer","status":"publish","type":"product","link":"https:\/\/www.bluelakechem.com\/pt\/product\/silicone-polymer\/","title":{"rendered":"Pol\u00edmero de silicone dur\u00e1vel Amaciante de silicone hidrof\u00edlico Acabamento que absorve a umidade"},"content":{"rendered":"<div class=\"wp-block-columns is-layout-flex wp-container-core-columns-is-layout-9d6595d7 wp-block-columns-is-layout-flex\">\n<div class=\"wp-block-column is-layout-flow wp-block-column-is-layout-flow\">\n<div class=\"wp-block-columns is-layout-flex wp-container-core-columns-is-layout-9d6595d7 wp-block-columns-is-layout-flex\">\n<div class=\"wp-block-column is-layout-flow wp-block-column-is-layout-flow\">\n<h2 class=\"wp-block-heading\">Pol\u00edmero de silicone Descri\u00e7\u00e3o:<\/h2>\n\n\n\n<ul class=\"wp-block-list\">\n<li>O 69204 Hydrophilic Silicone Softener \u00e9 um pol\u00edmero de silicone com uma estrutura de \u00e9ster de amina de poli\u00e9ter autocruzada.<\/li>\n\n\n\n<li>As liga\u00e7\u00f5es de polissiloxano proporcionam maciez e resist\u00eancia a intemp\u00e9ries. As liga\u00e7\u00f5es de \u00e9ster de poli\u00e9ter amina proporcionam excelente hidrofilicidade, reatividade e compatibilidade. Elas podem se combinar com os grupos ativos do tecido tratado para formar uma estrutura de rede de reticula\u00e7\u00e3o est\u00e1vel, que tem excelente durabilidade e capacidade de lavagem.<\/li>\n\n\n\n<li>\u00c9 um produto inovador, com absor\u00e7\u00e3o de umidade e desempenho e manuseio de secagem r\u00e1pida.<\/li>\n\n\n\n<li>\u00c9 amplamente aplicado na absor\u00e7\u00e3o de umidade dur\u00e1vel e no acabamento de secagem r\u00e1pida para tecidos de n\u00e1ilon.<\/li>\n<\/ul>\n\n\n\n<h2 class=\"wp-block-heading\">Recursos de pol\u00edmero de silicone<\/h2>\n\n\n\n<ol class=\"wp-block-list\">\n<li>N\u00e3o cont\u00e9m APEO ou subst\u00e2ncias qu\u00edmicas proibidas. Consistente com o padr\u00e3o da Uni\u00e3o Europeia Otex-100.<\/li>\n\n\n\n<li>Proporciona hidrofilicidade dur\u00e1vel e lav\u00e1vel aos tecidos.<\/li>\n\n\n\n<li>Amarelecimento extremamente baixo e mudan\u00e7a de tonalidade extremamente baixa. Quase nenhuma influ\u00eancia sobre a tonalidade original do tecido.<\/li>\n\n\n\n<li>Pouca influ\u00eancia na solidez da cor.<\/li>\n\n\n\n<li>Excelente propriedade auto-emulsificante. Pode ser dilu\u00eddo com \u00e1gua em qualquer propor\u00e7\u00e3o.<\/li>\n\n\n\n<li>Mais econ\u00f4mico do que o poliuretano, absorve a umidade e \u00e9 um agente de secagem r\u00e1pida.<\/li>\n<\/ol>\n<\/div>\n\n\n\n<div class=\"wp-block-column is-layout-flow wp-block-column-is-layout-flow\">\n<h2 class=\"wp-block-heading\">Pol\u00edmero de silicone Propriedades t\u00edpicas:<\/h2>\n\n\n\n<figure class=\"wp-block-table\"><table class=\"has-fixed-layout\"><tbody><tr><td>Apar\u00eancia:<\/td><td>Emuls\u00e3o transparente amarela clara<\/td><\/tr><tr><td>Ionicidade:<\/td><td>Cati\u00f4nico fraco\/n\u00e3o i\u00f4nico<\/td><\/tr><tr><td>Valor do pH:<\/td><td>8,0~9,0 (solu\u00e7\u00e3o aquosa de 1%)<\/td><\/tr><tr><td>Solubilidade:<\/td><td>Sol\u00favel em \u00e1gua<\/td><\/tr><\/tbody><\/table><\/figure>\n\n\n\n<h2 class=\"wp-block-heading\">Instru\u00e7\u00e3o de pol\u00edmero de silicone:<\/h2>\n\n\n\n<h3 class=\"wp-block-heading\">Processo de preenchimento: <\/h3>\n\n\n\n<ul class=\"wp-block-list\">\n<li>Dosagem de refer\u00eancia: 5~20 g\/L<\/li>\n\n\n\n<li>O melhor valor de pH da solu\u00e7\u00e3o de trabalho: 6.0~7.0<\/li>\n\n\n\n<li>Configura\u00e7\u00e3o: Mergulho e preenchimento (Coletor: 70~90%) \u2192 160~170\u2103 \u00d7 60~90s<\/li>\n<\/ul>\n\n\n\n<h3 class=\"wp-block-heading\">Processo de imers\u00e3o:<\/h3>\n\n\n\n<ul class=\"wp-block-list\">\n<li>Dosagem de refer\u00eancia: 0,5~1,5% (o.w.f)<\/li>\n\n\n\n<li>Propor\u00e7\u00e3o de banho: 1:20<\/li>\n\n\n\n<li>Processo: 80\u2103 \u00d7 20~30 min \u2192 Desidratar \u2192 Secar (100~120\u2103)<\/li>\n<\/ul>\n<\/div>\n<\/div>\n<\/div>\n<\/div>","protected":false},"excerpt":{"rendered":"<p>O pol\u00edmero de silicone tem as caracter\u00edsticas de absor\u00e7\u00e3o de umidade, secagem r\u00e1pida e durabilidade, e \u00e9 um amaciante de silicone hidrof\u00edlico para v\u00e1rias fibras. Proporciona efeitos de acabamento macios e funcionais para tecidos.<\/p>\n<p><strong>Modelo n\u00ba.<\/strong>69204<\/p>","protected":false},"featured_media":1799,"comment_status":"closed","ping_status":"closed","template":"","meta":{"_acf_changed":false},"material":[26,27,28,29,30,49,34],"process":[23,24],"product_brand":[],"product_cat":[15],"product_tag":[],"class_list":{"0":"post-1584","1":"product","2":"type-product","3":"status-publish","4":"has-post-thumbnail","6":"material-cotton-agent","7":"material-polyester-chemicals","8":"material-nylon-agent","9":"material-acrylic-chemicals","10":"material-viscose-chemicals","11":"material-elastic","12":"material-fabric-chemicals","13":"process-textile-finishing-chemicals","14":"process-silicone-oil","15":"product_cat-uncategorized","17":"first","18":"instock","19":"shipping-taxable","20":"product-type-simple"},"acf":[],"_links":{"self":[{"href":"https:\/\/www.bluelakechem.com\/pt\/wp-json\/wp\/v2\/product\/1584","targetHints":{"allow":["GET"]}}],"collection":[{"href":"https:\/\/www.bluelakechem.com\/pt\/wp-json\/wp\/v2\/product"}],"about":[{"href":"https:\/\/www.bluelakechem.com\/pt\/wp-json\/wp\/v2\/types\/product"}],"replies":[{"embeddable":true,"href":"https:\/\/www.bluelakechem.com\/pt\/wp-json\/wp\/v2\/comments?post=1584"}],"wp:featuredmedia":[{"embeddable":true,"href":"https:\/\/www.bluelakechem.com\/pt\/wp-json\/wp\/v2\/media\/1799"}],"wp:attachment":[{"href":"https:\/\/www.bluelakechem.com\/pt\/wp-json\/wp\/v2\/media?parent=1584"}],"wp:term":[{"taxonomy":"material","embeddable":true,"href":"https:\/\/www.bluelakechem.com\/pt\/wp-json\/wp\/v2\/material?post=1584"},{"taxonomy":"process","embeddable":true,"href":"https:\/\/www.bluelakechem.com\/pt\/wp-json\/wp\/v2\/process?post=1584"},{"taxonomy":"product_brand","embeddable":true,"href":"https:\/\/www.bluelakechem.com\/pt\/wp-json\/wp\/v2\/product_brand?post=1584"},{"taxonomy":"product_cat","embeddable":true,"href":"https:\/\/www.bluelakechem.com\/pt\/wp-json\/wp\/v2\/product_cat?post=1584"},{"taxonomy":"product_tag","embeddable":true,"href":"https:\/\/www.bluelakechem.com\/pt\/wp-json\/wp\/v2\/product_tag?post=1584"}],"curies":[{"name":"wp","href":"https:\/\/api.w.org\/{rel}","templated":true}]}}