{"id":1585,"date":"2025-01-22T07:14:45","date_gmt":"2025-01-22T07:14:45","guid":{"rendered":"https:\/\/www.bluelakechem.com\/?post_type=product&#038;p=1585"},"modified":"2025-03-27T03:14:39","modified_gmt":"2025-03-27T03:14:39","slug":"softening-agent","status":"publish","type":"product","link":"https:\/\/www.bluelakechem.com\/pt\/product\/softening-agent\/","title":{"rendered":"Agente amaciante Amaciante de \u00e1cidos graxos para tecidos de algod\u00e3o e poli\u00e9ster Agente de acabamento"},"content":{"rendered":"<div class=\"wp-block-columns is-layout-flex wp-container-core-columns-is-layout-9d6595d7 wp-block-columns-is-layout-flex\">\n<div class=\"wp-block-column is-layout-flow wp-block-column-is-layout-flow\" style=\"flex-basis:50%\">\n<h2 class=\"wp-block-heading\">Agente amaciante Descri\u00e7\u00e3o:<\/h2>\n\n\n\n<ul class=\"wp-block-list\">\n<li>39004 Softening Agent \u00e9 especialmente modificado com \u00e1cidos graxos vegetais naturais.<\/li>\n\n\n\n<li>Sem hidroprocessamento, ele tem um alto teor de \u00e1cidos graxos insaturados.<\/li>\n\n\n\n<li>Pode ser aplicado no processo hidrof\u00edlico, macio e fofo para tecidos de algod\u00e3o, rayon, modal, fibras sint\u00e9ticas e suas misturas.<\/li>\n\n\n\n<li>\u00c9 especialmente adequado para tecidos de poli\u00e9ster\/algod\u00e3o, o que pode melhorar o volume, a maciez e a resist\u00eancia ao ressalto de agarramento manual.<\/li>\n\n\n\n<li>Ele \u00e9 mais adequado para o processo de acabamento de um cabo de \"algod\u00e3o natural\".<\/li>\n<\/ul>\n\n\n\n<h2 class=\"wp-block-heading\">Agente amaciante Caracter\u00edsticas:<\/h2>\n\n\n\n<ol class=\"wp-block-list\">\n<li>Boa hidrofilicidade.<\/li>\n\n\n\n<li>Proporciona aos tecidos uma sensa\u00e7\u00e3o de maciez, fofura, suavidade, secura e requinte.<\/li>\n\n\n\n<li>Em compara\u00e7\u00e3o com os comprimidos amaciantes, pode ser dilu\u00eddo com \u00e1gua fria. Conveniente para uso.<\/li>\n<\/ol>\n<\/div>\n\n\n\n<div class=\"wp-block-column is-layout-flow wp-block-column-is-layout-flow\" style=\"flex-basis:50%\">\n<h2 class=\"wp-block-heading\">Agente amaciante Propriedades t\u00edpicas:<\/h2>\n\n\n\n<figure class=\"wp-block-table\"><table class=\"has-fixed-layout\"><tbody><tr><td>Apar\u00eancia:<\/td><td>Semi-pasta ou pasta de cor amarela clara a amarela<\/td><\/tr><tr><td>Ionicidade:<\/td><td>Cati\u00f4nico fraco<\/td><\/tr><tr><td>Valor do pH:<\/td><td>&#8212;&#8212;&#8211;<\/td><\/tr><tr><td>Solubilidade:<\/td><td>Sol\u00favel em \u00e1gua<\/td><\/tr><\/tbody><\/table><\/figure>\n\n\n\n<h2 class=\"wp-block-heading\">Instru\u00e7\u00f5es sobre o agente amaciante<\/h2>\n\n\n\n<ol class=\"wp-block-list\">\n<li>O 39004 Softening Agent \u00e9 um produto de alta concentra\u00e7\u00e3o. Sugerimos dilu\u00ed-lo em uma propor\u00e7\u00e3o de 1:9 com \u00e1gua e depois us\u00e1-lo.<\/li>\n\n\n\n<li>Dilui\u00e7\u00e3o: Adicione 450 kg de \u00e1gua de amaciamento ao recipiente, adicione lentamente 50 kg do agente amaciante 39004 e mexa por 20 minutos. Filtre e depois use.<\/li>\n\n\n\n<li>Processo de acolchoamento (tingimento e amaciamento no mesmo banho): Dosagem de refer\u00eancia do 39004 dilu\u00eddo: 5~15% (o.w.f)<\/li>\n\n\n\n<li>Propor\u00e7\u00e3o de banho: 1:5~1:10<\/li>\n\n\n\n<li>45~50\u2103 \u00d7 20~30min \u2192 Preenchimento \u2192 Configura\u00e7\u00e3o<\/li>\n\n\n\n<li>Processo de preenchimento (na m\u00e1quina de ajuste): Dosagem de refer\u00eancia do 39004 dilu\u00eddo: 50~300 g\/L<\/li>\n\n\n\n<li>Acolchoamento \u2192 Secagem \u2192 Ajuste<\/li>\n<\/ol>\n<\/div>\n\n\n\n<div class=\"wp-block-column is-layout-flow wp-block-column-is-layout-flow\"><\/div>\n<\/div>\n\n\n\n<p><\/p>","protected":false},"excerpt":{"rendered":"<p>Agente amaciante de uso geral, pode ser aplicado no processo de acabamento macio de v\u00e1rios tipos de tecidos, toalhas, roupas e t\u00eaxteis, melhora a hidrofilicidade e proporciona cabos macios e fofos.<\/p>\n<p><strong>Modelo n\u00ba.<\/strong>39004<\/p>","protected":false},"featured_media":1800,"comment_status":"closed","ping_status":"closed","template":"","meta":{"_acf_changed":false},"material":[26,27,28,29,30,31,32,33,49,34],"process":[23,42],"product_brand":[],"product_cat":[15],"product_tag":[],"class_list":{"0":"post-1585","1":"product","2":"type-product","3":"status-publish","4":"has-post-thumbnail","6":"material-cotton-agent","7":"material-polyester-chemicals","8":"material-nylon-agent","9":"material-acrylic-chemicals","10":"material-viscose-chemicals","11":"material-wool-auxiliary","12":"material-linen-chemicals","13":"material-silk-chemicals","14":"material-elastic","15":"material-fabric-chemicals","16":"process-textile-finishing-chemicals","17":"process-softener","18":"product_cat-uncategorized","20":"first","21":"instock","22":"shipping-taxable","23":"product-type-simple"},"acf":[],"_links":{"self":[{"href":"https:\/\/www.bluelakechem.com\/pt\/wp-json\/wp\/v2\/product\/1585","targetHints":{"allow":["GET"]}}],"collection":[{"href":"https:\/\/www.bluelakechem.com\/pt\/wp-json\/wp\/v2\/product"}],"about":[{"href":"https:\/\/www.bluelakechem.com\/pt\/wp-json\/wp\/v2\/types\/product"}],"replies":[{"embeddable":true,"href":"https:\/\/www.bluelakechem.com\/pt\/wp-json\/wp\/v2\/comments?post=1585"}],"wp:featuredmedia":[{"embeddable":true,"href":"https:\/\/www.bluelakechem.com\/pt\/wp-json\/wp\/v2\/media\/1800"}],"wp:attachment":[{"href":"https:\/\/www.bluelakechem.com\/pt\/wp-json\/wp\/v2\/media?parent=1585"}],"wp:term":[{"taxonomy":"material","embeddable":true,"href":"https:\/\/www.bluelakechem.com\/pt\/wp-json\/wp\/v2\/material?post=1585"},{"taxonomy":"process","embeddable":true,"href":"https:\/\/www.bluelakechem.com\/pt\/wp-json\/wp\/v2\/process?post=1585"},{"taxonomy":"product_brand","embeddable":true,"href":"https:\/\/www.bluelakechem.com\/pt\/wp-json\/wp\/v2\/product_brand?post=1585"},{"taxonomy":"product_cat","embeddable":true,"href":"https:\/\/www.bluelakechem.com\/pt\/wp-json\/wp\/v2\/product_cat?post=1585"},{"taxonomy":"product_tag","embeddable":true,"href":"https:\/\/www.bluelakechem.com\/pt\/wp-json\/wp\/v2\/product_tag?post=1585"}],"curies":[{"name":"wp","href":"https:\/\/api.w.org\/{rel}","templated":true}]}}