{"id":1669,"date":"2025-03-07T02:07:05","date_gmt":"2025-03-07T02:07:05","guid":{"rendered":"https:\/\/www.bluelakechem.com\/?post_type=product&#038;p=1669"},"modified":"2025-08-06T09:04:22","modified_gmt":"2025-08-06T09:04:22","slug":"hydrophilic-silicone","status":"publish","type":"product","link":"https:\/\/www.bluelakechem.com\/pt\/product\/hydrophilic-silicone\/","title":{"rendered":"Silicone hidrof\u00edlico, \u00f3leo de amino silicone para algod\u00e3o macio e sedoso"},"content":{"rendered":"<div class=\"wp-block-columns is-layout-flex wp-container-core-columns-is-layout-9d6595d7 wp-block-columns-is-layout-flex\">\n<div class=\"wp-block-column is-layout-flow wp-block-column-is-layout-flow\" style=\"flex-basis:50%\">\n<h2 class=\"wp-block-heading\">Silicone hidrof\u00edlico Caracter\u00edsticas:<\/h2>\n\n\n\n<p><strong>Excelente hidrofilicidade: <\/strong>Melhora a absor\u00e7\u00e3o de \u00e1gua do tecido, garantindo conforto e respirabilidade.<\/p>\n\n\n\n<p><strong>Toque macio e sedoso nas m\u00e3os: <\/strong>Proporciona uma textura macia, suave, sedosa e el\u00e1stica ao tecido.<\/p>\n\n\n\n<p><strong>Elasticidade da fibra e recupera\u00e7\u00e3o da forma:<\/strong>Apresenta excelente elasticidade da fibra e excelente desempenho de recupera\u00e7\u00e3o da forma.<\/p>\n\n\n\n<p><strong>Ecologicamente correto e seguro: <\/strong>O produto atende a padr\u00f5es ambientais rigorosos, n\u00e3o cont\u00e9m produtos qu\u00edmicos proibidos e est\u00e1 em total conformidade com o padr\u00e3o OEKO-TEX 100 da UE.<\/p>\n\n\n\n<p><strong>Excelente resist\u00eancia a \u00e1lcalis: <\/strong>Garante a estabilidade durante o processamento, tornando-o adequado para uma variedade de aplica\u00e7\u00f5es de acabamento<\/p>\n<\/div>\n\n\n\n<div class=\"wp-block-column is-layout-flow wp-block-column-is-layout-flow\" style=\"flex-basis:50%\">\n<h2 class=\"wp-block-heading\">Propriedades do silicone hidrof\u00edlico:<\/h2>\n\n\n\n<figure class=\"wp-block-table\"><table class=\"has-fixed-layout\"><tbody><tr><td>Apar\u00eancia:<\/td><td>Fluido viscoso transparente amarelo claro&nbsp;<\/td><\/tr><tr><td>Ionicidade:<\/td><td>Cati\u00f4nico fraco<\/td><\/tr><tr><td>Valor do pH:<\/td><td>6,5\u00b11,0 (solu\u00e7\u00e3o aquosa de 1%)<\/td><\/tr><tr><td>Conte\u00fado:<\/td><td>90~95%<\/td><\/tr><tr><td>Aplicativo:<\/td><td>Fibra de celulose, etc., especialmente algod\u00e3o.<\/td><\/tr><\/tbody><\/table><\/figure>\n\n\n\n<h2 class=\"wp-block-heading\">Silicone hidrof\u00edlico Aplica\u00e7\u00e3o:<\/h2>\n\n\n\n<p><strong>Tecido de algod\u00e3o: <\/strong>Melhora a maciez, a suavidade e a durabilidade, al\u00e9m de aumentar a hidrofilicidade.<\/p>\n\n\n\n<p><strong>Tecidos mistos: <\/strong>Efetivamente adequado para poli\u00e9ster-algod\u00e3o e outros tecidos mistos.<\/p>\n\n\n\n<p><strong>Toalhas e t\u00eaxteis para o lar: <\/strong>Aumenta a absor\u00e7\u00e3o de \u00e1gua, a maciez e a resist\u00eancia ao encolhimento.<\/p>\n\n\n\n<p><strong>Acabamento de vestu\u00e1rio:<\/strong> garantindo maciez, elasticidade e resist\u00eancia ao encolhimento duradouras.<\/p>\n<\/div>\n\n\n\n<div class=\"wp-block-column is-layout-flow wp-block-column-is-layout-flow\"><\/div>\n<\/div>","protected":false},"excerpt":{"rendered":"<p>Nosso 72003 \u00e9 um amaciante t\u00eaxtil inovador, que pode proporcionar \u00e0 maioria dos tecidos um toque macio e suave e hidrofilicidade. \u00c9 um multipol\u00edmero composto de polissiloxano, poli\u00e9ter e poliamina, que pode penetrar uniformemente na parte interna das fibras e agir em cada fibra para aprimorar o desempenho geral do tecido. Possui uma estrutura de copol\u00edmero de bloco linear, com bom desempenho de dispers\u00e3o, difus\u00e3o e penetra\u00e7\u00e3o nas fibras, o que atende aos padr\u00f5es ambientais. Entre em contato conosco para obter mais solu\u00e7\u00f5es!<\/p>\n<p><strong>Modelo n\u00ba 72003<\/strong><\/p>","protected":false},"featured_media":1670,"comment_status":"closed","ping_status":"closed","template":"","meta":{"_acf_changed":false},"material":[26],"process":[23,24],"product_brand":[],"product_cat":[15],"product_tag":[],"class_list":{"0":"post-1669","1":"product","2":"type-product","3":"status-publish","4":"has-post-thumbnail","6":"material-cotton-agent","7":"process-textile-finishing-chemicals","8":"process-silicone-oil","9":"product_cat-uncategorized","11":"first","12":"instock","13":"shipping-taxable","14":"product-type-simple"},"acf":[],"_links":{"self":[{"href":"https:\/\/www.bluelakechem.com\/pt\/wp-json\/wp\/v2\/product\/1669","targetHints":{"allow":["GET"]}}],"collection":[{"href":"https:\/\/www.bluelakechem.com\/pt\/wp-json\/wp\/v2\/product"}],"about":[{"href":"https:\/\/www.bluelakechem.com\/pt\/wp-json\/wp\/v2\/types\/product"}],"replies":[{"embeddable":true,"href":"https:\/\/www.bluelakechem.com\/pt\/wp-json\/wp\/v2\/comments?post=1669"}],"wp:featuredmedia":[{"embeddable":true,"href":"https:\/\/www.bluelakechem.com\/pt\/wp-json\/wp\/v2\/media\/1670"}],"wp:attachment":[{"href":"https:\/\/www.bluelakechem.com\/pt\/wp-json\/wp\/v2\/media?parent=1669"}],"wp:term":[{"taxonomy":"material","embeddable":true,"href":"https:\/\/www.bluelakechem.com\/pt\/wp-json\/wp\/v2\/material?post=1669"},{"taxonomy":"process","embeddable":true,"href":"https:\/\/www.bluelakechem.com\/pt\/wp-json\/wp\/v2\/process?post=1669"},{"taxonomy":"product_brand","embeddable":true,"href":"https:\/\/www.bluelakechem.com\/pt\/wp-json\/wp\/v2\/product_brand?post=1669"},{"taxonomy":"product_cat","embeddable":true,"href":"https:\/\/www.bluelakechem.com\/pt\/wp-json\/wp\/v2\/product_cat?post=1669"},{"taxonomy":"product_tag","embeddable":true,"href":"https:\/\/www.bluelakechem.com\/pt\/wp-json\/wp\/v2\/product_tag?post=1669"}],"curies":[{"name":"wp","href":"https:\/\/api.w.org\/{rel}","templated":true}]}}