{"id":1910,"date":"2025-04-15T06:41:34","date_gmt":"2025-04-15T06:41:34","guid":{"rendered":"https:\/\/www.bluelakechem.com\/?post_type=product&#038;p=1910"},"modified":"2025-04-15T06:42:26","modified_gmt":"2025-04-15T06:42:26","slug":"dispersing-leveling-agent","status":"publish","type":"product","link":"https:\/\/www.bluelakechem.com\/pt\/product\/dispersing-leveling-agent\/","title":{"rendered":"Agente de nivelamento dispersante eficiente para tingimento t\u00eaxtil"},"content":{"rendered":"<div class=\"wp-block-columns is-layout-flex wp-container-core-columns-is-layout-9d6595d7 wp-block-columns-is-layout-flex\">\n<div class=\"wp-block-column is-layout-flow wp-block-column-is-layout-flow\">\n<h2 class=\"wp-block-heading\">Agente de nivelamento dispersante Caracter\u00edsticas:<\/h2>\n\n\n\n<p>O 22115 \u00e9 aplicado principalmente em processos de tingimento r\u00e1pido de alta temperatura e alta press\u00e3o para tecidos de fibras de poli\u00e9ster e misturas de poli\u00e9ster, etc. Ele atinge o objetivo de nivelar o tingimento e economizar tempo de tingimento<\/p>\n\n\n\n<ol class=\"wp-block-list\">\n<li>Aumento r\u00e1pido da temperatura no tingimento de poli\u00e9ster, reduzindo o tempo de tingimento em cerca de 30 minutos.<\/li>\n\n\n\n<li>N\u00e3o cont\u00e9m APEO ou PAH, etc. Atende aos requisitos de prote\u00e7\u00e3o ambiental.<\/li>\n\n\n\n<li>Excelente desempenho de nivelamento, reduz o tempo de tingimento, melhora a efici\u00eancia da produ\u00e7\u00e3o e economiza energia.<\/li>\n\n\n\n<li>Forte capacidade de retardamento. Pode efetivamente diminuir a taxa de tingimento inicial e resolver os problemas de defeitos de tingimento causados pelo tingimento simult\u00e2neo de corantes mistos.<\/li>\n\n\n\n<li>Espuma extremamente baixa. N\u00e3o h\u00e1 necessidade de adicionar um agente antiespumante.<\/li>\n\n\n\n<li>Melhora o desempenho da aplica\u00e7\u00e3o de corantes dispersantes, especialmente o efeito de uso de corantes de baixa qualidade.<\/li>\n<\/ol>\n<\/div>\n\n\n\n<div class=\"wp-block-column is-layout-flow wp-block-column-is-layout-flow\">\n<h2 class=\"wp-block-heading\">Agente de nivelamento dispersante Propriedades t\u00edpicas:<\/h2>\n\n\n\n<figure class=\"wp-block-table\"><table class=\"has-fixed-layout\"><tbody><tr><td><strong>Apar\u00eancia:<\/strong><\/td><td>L\u00edquido amarelo<\/td><\/tr><tr><td><strong>Ionicidade:<\/strong><\/td><td>N\u00e3o i\u00f4nico\/Ani\u00f4nico<\/td><\/tr><tr><td><strong>Valor do pH:<\/strong><\/td><td>6,0\u00b11,0 (solu\u00e7\u00e3o aquosa de 1%)<\/td><\/tr><tr><td><strong>Solubilidade:<\/strong><\/td><td>Sol\u00favel em \u00e1gua<\/td><\/tr><\/tbody><\/table><\/figure>\n\n\n\n<h2 class=\"wp-block-heading\">Instru\u00e7\u00e3o do agente de nivelamento dispersante:<\/h2>\n\n\n\n<p>Dosagem de refer\u00eancia do 22115 dilu\u00eddo: 0,5 ~ 1,5 % (o.w.f)<\/p>\n\n\n\n<figure class=\"wp-block-image size-full\"><img decoding=\"async\" width=\"564\" height=\"229\" src=\"https:\/\/www.bluelakechem.com\/wp-content\/uploads\/2025\/04\/EfficientDispersing-Leveling-Agent.webp\" alt=\"Agente de nivelamento EfficientDispersing\" class=\"wp-image-1914\" srcset=\"https:\/\/www.bluelakechem.com\/wp-content\/uploads\/2025\/04\/EfficientDispersing-Leveling-Agent.webp 564w, https:\/\/www.bluelakechem.com\/wp-content\/uploads\/2025\/04\/EfficientDispersing-Leveling-Agent-300x122.webp 300w, https:\/\/www.bluelakechem.com\/wp-content\/uploads\/2025\/04\/EfficientDispersing-Leveling-Agent-18x7.webp 18w\" sizes=\"(max-width: 564px) 100vw, 564px\" \/><\/figure>\n<\/div>\n<\/div>\n\n\n\n<div class=\"wp-block-columns is-layout-flex wp-container-core-columns-is-layout-9d6595d7 wp-block-columns-is-layout-flex\">\n<div class=\"wp-block-column is-layout-flow wp-block-column-is-layout-flow\">\n<figure class=\"wp-block-embed is-type-video is-provider-youtube wp-block-embed-youtube wp-embed-aspect-16-9 wp-has-aspect-ratio\"><div class=\"wp-block-embed__wrapper\">\n<iframe title=\"Com ele, a efici\u00eancia do tingimento aumenta 30%.\" width=\"500\" height=\"281\" src=\"https:\/\/www.youtube.com\/embed\/p7h3MoS_ONY?feature=oembed\" frameborder=\"0\" allow=\"accelerometer; autoplay; clipboard-write; encrypted-media; gyroscope; picture-in-picture; web-share\" referrerpolicy=\"strict-origin-when-cross-origin\" allowfullscreen><\/iframe>\n<\/div><\/figure>\n<\/div>\n\n\n\n<div class=\"wp-block-column is-layout-flow wp-block-column-is-layout-flow\">\n<figure class=\"wp-block-embed is-type-video is-provider-youtube wp-block-embed-youtube wp-embed-aspect-16-9 wp-has-aspect-ratio\"><div class=\"wp-block-embed__wrapper\">\n<iframe title=\"Diga adeus aos problemas de diferen\u00e7as de cores de tingimento e manchas de cor-22115\" width=\"500\" height=\"281\" src=\"https:\/\/www.youtube.com\/embed\/kzWUSXJxyCE?feature=oembed\" frameborder=\"0\" allow=\"accelerometer; autoplay; clipboard-write; encrypted-media; gyroscope; picture-in-picture; web-share\" referrerpolicy=\"strict-origin-when-cross-origin\" allowfullscreen><\/iframe>\n<\/div><\/figure>\n<\/div>\n<\/div>","protected":false},"excerpt":{"rendered":"<p>Nosso agente de nivelamento de dispers\u00e3o eficiente 22115 \u00e9 usado principalmente no processo de tingimento r\u00e1pido de alta temperatura e alta press\u00e3o para tecidos feitos de fibras de poli\u00e9ster e misturas de poli\u00e9ster, etc. Ele atinge o objetivo de nivelar o tingimento e economizar tempo de tingimento. N\u00e3o cont\u00e9m APEO ou PAH, etc. Atende aos requisitos de prote\u00e7\u00e3o ambiental. Entre em contato conosco para obter mais solu\u00e7\u00f5es!<\/p>\n<p><strong>Modelo n\u00ba 22115<\/strong><\/p>\n<p><img decoding=\"async\" class=\"alignnone wp-image-1915 size-full\" src=\"https:\/\/www.bluelakechem.com\/wp-content\/uploads\/2025\/04\/EfficientDispersing-Leveling-Agent-1.webp\" alt=\"\" width=\"2256\" height=\"1181\" srcset=\"https:\/\/www.bluelakechem.com\/wp-content\/uploads\/2025\/04\/EfficientDispersing-Leveling-Agent-1.webp 2256w, https:\/\/www.bluelakechem.com\/wp-content\/uploads\/2025\/04\/EfficientDispersing-Leveling-Agent-1-300x157.webp 300w, https:\/\/www.bluelakechem.com\/wp-content\/uploads\/2025\/04\/EfficientDispersing-Leveling-Agent-1-768x402.webp 768w, https:\/\/www.bluelakechem.com\/wp-content\/uploads\/2025\/04\/EfficientDispersing-Leveling-Agent-1-18x9.webp 18w, https:\/\/www.bluelakechem.com\/wp-content\/uploads\/2025\/04\/EfficientDispersing-Leveling-Agent-1-1200x628.webp 1200w, https:\/\/www.bluelakechem.com\/wp-content\/uploads\/2025\/04\/EfficientDispersing-Leveling-Agent-1-600x314.webp 600w\" sizes=\"(max-width: 2256px) 100vw, 2256px\" \/> <img decoding=\"async\" class=\"alignnone wp-image-1916 size-full\" src=\"https:\/\/www.bluelakechem.com\/wp-content\/uploads\/2025\/04\/EfficientDispersing-Leveling-Agent-2.webp\" alt=\"\" width=\"2256\" height=\"1181\" srcset=\"https:\/\/www.bluelakechem.com\/wp-content\/uploads\/2025\/04\/EfficientDispersing-Leveling-Agent-2.webp 2256w, https:\/\/www.bluelakechem.com\/wp-content\/uploads\/2025\/04\/EfficientDispersing-Leveling-Agent-2-300x157.webp 300w, https:\/\/www.bluelakechem.com\/wp-content\/uploads\/2025\/04\/EfficientDispersing-Leveling-Agent-2-768x402.webp 768w, https:\/\/www.bluelakechem.com\/wp-content\/uploads\/2025\/04\/EfficientDispersing-Leveling-Agent-2-18x9.webp 18w, https:\/\/www.bluelakechem.com\/wp-content\/uploads\/2025\/04\/EfficientDispersing-Leveling-Agent-2-1200x628.webp 1200w, https:\/\/www.bluelakechem.com\/wp-content\/uploads\/2025\/04\/EfficientDispersing-Leveling-Agent-2-600x314.webp 600w\" sizes=\"(max-width: 2256px) 100vw, 2256px\" \/><\/p>","protected":false},"featured_media":1919,"comment_status":"closed","ping_status":"closed","template":"","meta":{"_acf_changed":false},"material":[27,28,49],"process":[20,38],"product_brand":[],"product_cat":[15],"product_tag":[],"class_list":{"0":"post-1910","1":"product","2":"type-product","3":"status-publish","4":"has-post-thumbnail","6":"material-polyester-chemicals","7":"material-nylon-agent","8":"material-elastic","9":"process-dyeing-auxiliaries","10":"process-disperse-leveling-agent","11":"product_cat-uncategorized","13":"first","14":"instock","15":"shipping-taxable","16":"product-type-simple"},"acf":[],"_links":{"self":[{"href":"https:\/\/www.bluelakechem.com\/pt\/wp-json\/wp\/v2\/product\/1910","targetHints":{"allow":["GET"]}}],"collection":[{"href":"https:\/\/www.bluelakechem.com\/pt\/wp-json\/wp\/v2\/product"}],"about":[{"href":"https:\/\/www.bluelakechem.com\/pt\/wp-json\/wp\/v2\/types\/product"}],"replies":[{"embeddable":true,"href":"https:\/\/www.bluelakechem.com\/pt\/wp-json\/wp\/v2\/comments?post=1910"}],"wp:featuredmedia":[{"embeddable":true,"href":"https:\/\/www.bluelakechem.com\/pt\/wp-json\/wp\/v2\/media\/1919"}],"wp:attachment":[{"href":"https:\/\/www.bluelakechem.com\/pt\/wp-json\/wp\/v2\/media?parent=1910"}],"wp:term":[{"taxonomy":"material","embeddable":true,"href":"https:\/\/www.bluelakechem.com\/pt\/wp-json\/wp\/v2\/material?post=1910"},{"taxonomy":"process","embeddable":true,"href":"https:\/\/www.bluelakechem.com\/pt\/wp-json\/wp\/v2\/process?post=1910"},{"taxonomy":"product_brand","embeddable":true,"href":"https:\/\/www.bluelakechem.com\/pt\/wp-json\/wp\/v2\/product_brand?post=1910"},{"taxonomy":"product_cat","embeddable":true,"href":"https:\/\/www.bluelakechem.com\/pt\/wp-json\/wp\/v2\/product_cat?post=1910"},{"taxonomy":"product_tag","embeddable":true,"href":"https:\/\/www.bluelakechem.com\/pt\/wp-json\/wp\/v2\/product_tag?post=1910"}],"curies":[{"name":"wp","href":"https:\/\/api.w.org\/{rel}","templated":true}]}}