{"id":1947,"date":"2025-04-19T09:28:45","date_gmt":"2025-04-19T09:28:45","guid":{"rendered":"https:\/\/www.bluelakechem.com\/?post_type=product&#038;p=1947"},"modified":"2025-04-19T09:28:47","modified_gmt":"2025-04-19T09:28:47","slug":"amino-silicone-finishing-agent","status":"publish","type":"product","link":"https:\/\/www.bluelakechem.com\/pt\/product\/amino-silicone-finishing-agent\/","title":{"rendered":"Agente de acabamento de silicone modificado com amino\u00e1cidos, hidrof\u00edlico e de aprofundamento para tecidos de algod\u00e3o tingidos com reativo"},"content":{"rendered":"<div class=\"wp-block-columns is-layout-flex wp-container-core-columns-is-layout-9d6595d7 wp-block-columns-is-layout-flex\">\n<div class=\"wp-block-column is-layout-flow wp-block-column-is-layout-flow\">\n<h2 class=\"wp-block-heading\">Agente de acabamento de silicone modificado por amino\u00e1cidos Caracter\u00edsticas:<\/h2>\n\n\n\n<p>Excelente efeito de aprofundamento: Aumenta a profundidade e o brilho da cor em tecidos tingidos com corantes reativos.<\/p>\n\n\n\n<p>Manuseio superior do tecido: Deixa um toque macio, suave e volumoso, ideal para tecidos de algod\u00e3o de alta qualidade.<\/p>\n\n\n\n<p>Desempenho hidrof\u00edlico: Mant\u00e9m a absor\u00e7\u00e3o de umidade e o conforto do tecido ap\u00f3s o acabamento.<\/p>\n\n\n\n<p>Compat\u00edvel com a solidez da cor: N\u00e3o afeta a solidez da cor, garantindo um desempenho consistente do corante.<\/p>\n\n\n\n<p>Alta estabilidade: Est\u00e1vel na aplica\u00e7\u00e3o e no armazenamento, compat\u00edvel com uma ampla gama de processos de acabamento t\u00eaxtil.<\/p>\n\n\n\n<p>Ambientalmente respons\u00e1vel: Livre de APEO e subst\u00e2ncias perigosas; em conformidade com os padr\u00f5es Oeko-Tex 100.<\/p>\n\n\n\n<h2 class=\"wp-block-heading\">Aplica\u00e7\u00e3o recomendada<\/h2>\n\n\n\n<p><strong>Substrato:<\/strong> Algod\u00e3o e tecidos de malha com mistura de algod\u00e3o<\/p>\n\n\n\n<p><strong>Melhor para:<\/strong> Tons m\u00e9dios a escuros, especialmente com sistemas de corantes reativos<\/p>\n\n\n\n<p><strong>Processo: <\/strong>M\u00e9todos de acabamento com enchimento, exaust\u00e3o ou spray<\/p>\n<\/div>\n\n\n\n<div class=\"wp-block-column is-layout-flow wp-block-column-is-layout-flow\">\n<h2 class=\"wp-block-heading\">Agente de acabamento de silicone modificado com amino\u00e1cidos Propriedades t\u00edpicas:<\/h2>\n\n\n\n<figure class=\"wp-block-table\"><table class=\"has-fixed-layout\"><tbody><tr><td><strong>Apar\u00eancia:<\/strong><\/td><td>l\u00edquido<\/td><\/tr><tr><td><strong>Ionicidade:<\/strong><\/td><td>Cati\u00f4nico fraco<\/td><\/tr><tr><td><strong>Valor do pH:<\/strong><\/td><td>6,0~7,0 (solu\u00e7\u00e3o aquosa de 1%)<\/td><\/tr><tr><td><strong>Solubilidade:<\/strong><\/td><td>Sol\u00favel em \u00e1gua<\/td><\/tr><\/tbody><\/table><\/figure>\n\n\n\n<h2 class=\"wp-block-heading\">Instru\u00e7\u00e3o:<\/h2>\n\n\n\n<p>1. processo de preenchimento:<\/p>\n\n\n\n<p><strong>Dosagem de refer\u00eancia:<\/strong>\u00a010~30 g\/L<br><strong>O melhor valor de pH da solu\u00e7\u00e3o de trabalho: <\/strong>6.0~7.0<br><strong>Configura\u00e7\u00e3o:<\/strong> Mergulho e preenchimento (Coletor: 70~90%) \u2192 160~170\u2103 \u00d7 60~90s<\/p>\n\n\n\n<p>2. para uma sensa\u00e7\u00e3o \u00fanica nas m\u00e3os, pode ser usado junto com outros amaciantes.<\/p>\n\n\n\n<p>3. fa\u00e7a um teste de compatibilidade antes de usar.<\/p>\n<\/div>\n<\/div>\n\n\n\n<figure class=\"wp-block-embed is-type-video is-provider-youtube wp-block-embed-youtube wp-embed-aspect-16-9 wp-has-aspect-ratio\"><div class=\"wp-block-embed__wrapper\">\n<iframe title=\"O profundo segredo negro do hijab#hidrof\u00edlico #suave #agente de acabamento 1TP5Ind\u00fastria qu\u00edmica #Hijab\" width=\"500\" height=\"281\" src=\"https:\/\/www.youtube.com\/embed\/dkdc_kCP1JM?feature=oembed\" frameborder=\"0\" allow=\"accelerometer; autoplay; clipboard-write; encrypted-media; gyroscope; picture-in-picture; web-share\" referrerpolicy=\"strict-origin-when-cross-origin\" allowfullscreen><\/iframe>\n<\/div><\/figure>","protected":false},"excerpt":{"rendered":"<p>Nosso 60742 \u00e9 o mais recente agente de acabamento de silicone amino modificado. Ele pode ser aplicado no processo de acabamento de aprofundamento e clareamento de tecidos de cores m\u00e9dias e escuras. \u00c9 especialmente adequado para corantes reativos. \u00c9 uma microemuls\u00e3o e \u00e9 hidrof\u00edlico em tecidos de malha de algod\u00e3o. N\u00e3o cont\u00e9m APEO ou subst\u00e2ncias qu\u00edmicas proibidas. Consistente com o padr\u00e3o da Uni\u00e3o Europeia Otex-100. Entre em contato conosco para obter mais solu\u00e7\u00f5es!<\/p>\n<p><strong>Modelo n\u00ba 60742<\/strong><\/p>","protected":false},"featured_media":1949,"comment_status":"closed","ping_status":"closed","template":"","meta":{"_acf_changed":false},"material":[26],"process":[23,42,24],"product_brand":[],"product_cat":[15],"product_tag":[],"class_list":{"0":"post-1947","1":"product","2":"type-product","3":"status-publish","4":"has-post-thumbnail","6":"material-cotton-agent","7":"process-textile-finishing-chemicals","8":"process-softener","9":"process-silicone-oil","10":"product_cat-uncategorized","12":"first","13":"instock","14":"shipping-taxable","15":"product-type-simple"},"acf":[],"_links":{"self":[{"href":"https:\/\/www.bluelakechem.com\/pt\/wp-json\/wp\/v2\/product\/1947","targetHints":{"allow":["GET"]}}],"collection":[{"href":"https:\/\/www.bluelakechem.com\/pt\/wp-json\/wp\/v2\/product"}],"about":[{"href":"https:\/\/www.bluelakechem.com\/pt\/wp-json\/wp\/v2\/types\/product"}],"replies":[{"embeddable":true,"href":"https:\/\/www.bluelakechem.com\/pt\/wp-json\/wp\/v2\/comments?post=1947"}],"wp:featuredmedia":[{"embeddable":true,"href":"https:\/\/www.bluelakechem.com\/pt\/wp-json\/wp\/v2\/media\/1949"}],"wp:attachment":[{"href":"https:\/\/www.bluelakechem.com\/pt\/wp-json\/wp\/v2\/media?parent=1947"}],"wp:term":[{"taxonomy":"material","embeddable":true,"href":"https:\/\/www.bluelakechem.com\/pt\/wp-json\/wp\/v2\/material?post=1947"},{"taxonomy":"process","embeddable":true,"href":"https:\/\/www.bluelakechem.com\/pt\/wp-json\/wp\/v2\/process?post=1947"},{"taxonomy":"product_brand","embeddable":true,"href":"https:\/\/www.bluelakechem.com\/pt\/wp-json\/wp\/v2\/product_brand?post=1947"},{"taxonomy":"product_cat","embeddable":true,"href":"https:\/\/www.bluelakechem.com\/pt\/wp-json\/wp\/v2\/product_cat?post=1947"},{"taxonomy":"product_tag","embeddable":true,"href":"https:\/\/www.bluelakechem.com\/pt\/wp-json\/wp\/v2\/product_tag?post=1947"}],"curies":[{"name":"wp","href":"https:\/\/api.w.org\/{rel}","templated":true}]}}