{"id":2097,"date":"2025-05-13T07:34:03","date_gmt":"2025-05-13T07:34:03","guid":{"rendered":"https:\/\/www.bluelakechem.com\/?post_type=product&#038;p=2097"},"modified":"2025-05-13T07:36:00","modified_gmt":"2025-05-13T07:36:00","slug":"sequestering-and-dispersing-agent","status":"publish","type":"product","link":"https:\/\/www.bluelakechem.com\/pt\/product\/sequestering-and-dispersing-agent\/","title":{"rendered":"Agente sequestrante e dispersante sem f\u00f3sforo e sem nitrog\u00eanio para t\u00eaxteis Dispersante quelante"},"content":{"rendered":"<div class=\"wp-block-columns is-layout-flex wp-container-core-columns-is-layout-9d6595d7 wp-block-columns-is-layout-flex\">\n<div class=\"wp-block-column is-layout-flow wp-block-column-is-layout-flow\">\n<h2 class=\"wp-block-heading\">Agente sequestrante e dispersante Descri\u00e7\u00e3o:<\/h2>\n\n\n\n<p>11034 \u00e9 composto principalmente por um complexo de policarboxilato org\u00e2nico.<\/p>\n\n\n\n<p>Ele pode se combinar com \u00edons de metais pesados, como \u00edons de c\u00e1lcio, \u00edons de magn\u00e9sio e \u00edons de ferro, etc., para formar complexos est\u00e1veis e bloquear os \u00edons met\u00e1licos.<\/p>\n\n\n\n<p>Tem alto valor de quela\u00e7\u00e3o e capacidade de quela\u00e7\u00e3o est\u00e1vel para \u00edons de metais pesados, como \u00edons de c\u00e1lcio, \u00edons de magn\u00e9sio e \u00edons de ferro, etc. Especialmente sob a condi\u00e7\u00e3o de alta temperatura, \u00e1lcali forte, agente oxidante e eletr\u00f3lito, ele pode alcan\u00e7ar uma fun\u00e7\u00e3o quelante est\u00e1vel, que atende aos requisitos de alta efici\u00eancia e processo curto.<\/p>\n\n\n\n<p>Pode ser aplicado em cada processo de limpeza, alvejamento, tingimento, impress\u00e3o, ensaboamento e acabamento, etc.<\/p>\n\n\n\n<h2 class=\"wp-block-heading\">Agente sequestrante e dispersante Caracter\u00edsticas:<\/h2>\n\n\n\n<ul class=\"wp-block-list\">\n<li>Biodegrad\u00e1vel. N\u00e3o cont\u00e9m fosfato, ETDA ou DTPA, etc. Atende aos requisitos de prote\u00e7\u00e3o ambiental.<\/li>\n\n\n\n<li>Est\u00e1vel em altas temperaturas, \u00e1lcalis e eletr\u00f3litos. Boa resist\u00eancia \u00e0 oxida\u00e7\u00e3o.<\/li>\n\n\n\n<li>Excelente efeito de dispers\u00e3o para corantes. Pode manter a estabilidade do banho e evitar a coagula\u00e7\u00e3o de corantes, impurezas ou sujeira, etc.<\/li>\n\n\n\n<li>Bom efeito anticalc\u00e1rio. Pode dispersar a sujeira e as impurezas e evitar sua sedimenta\u00e7\u00e3o no equipamento.<\/li>\n<\/ul>\n<\/div>\n\n\n\n<div class=\"wp-block-column is-layout-flow wp-block-column-is-layout-flow\">\n<figure class=\"wp-block-embed is-type-video is-provider-youtube wp-block-embed-youtube wp-embed-aspect-16-9 wp-has-aspect-ratio\"><div class=\"wp-block-embed__wrapper\">\n<iframe title=\"Qu\u00edmica t\u00eaxtil | Como devemos lidar com o problema de manchas causado pela alta dureza da \u00e1gua?\" width=\"500\" height=\"281\" src=\"https:\/\/www.youtube.com\/embed\/rzjP-s3ZNbo?feature=oembed\" frameborder=\"0\" allow=\"accelerometer; autoplay; clipboard-write; encrypted-media; gyroscope; picture-in-picture; web-share\" referrerpolicy=\"strict-origin-when-cross-origin\" allowfullscreen><\/iframe>\n<\/div><\/figure>\n\n\n\n<h2 class=\"wp-block-heading\">Propriedades t\u00edpicas:<\/h2>\n\n\n\n<figure class=\"wp-block-table\"><table class=\"has-fixed-layout\"><tbody><tr><td>Apar\u00eancia:<\/td><td>L\u00edquido transparente amarelo claro<\/td><\/tr><tr><td>Ionicidade:<\/td><td>Ani\u00f4nico fraco<\/td><\/tr><tr><td>Valor do pH:<\/td><td>5,0\u00b11,0 (solu\u00e7\u00e3o aquosa de 1%)<\/td><\/tr><tr><td>Solubilidade:<\/td><td>Sol\u00favel em \u00e1gua<\/td><\/tr><\/tbody><\/table><\/figure>\n\n\n\n<h2 class=\"wp-block-heading\"> Instru\u00e7\u00e3o:<\/h2>\n\n\n\n<ul class=\"wp-block-list\">\n<li>Para o processo de imers\u00e3o, dosagem de refer\u00eancia: 1~2 g\/L.<\/li>\n\n\n\n<li>Para o processo de preenchimento, dosagem de refer\u00eancia: 3~5 g\/L.<\/li>\n<\/ul>\n<\/div>\n<\/div>","protected":false},"excerpt":{"rendered":"<p>Nosso agente sequestrante e dispersante de alto desempenho 11034 com forte quela\u00e7\u00e3o, estabilidade do corante, antiincrustante e f\u00f3rmula ecologicamente correta. Ideal para todos os processos t\u00eaxteis. Consistente com o padr\u00e3o da Uni\u00e3o Europeia Otex-100. Entre em contato conosco para obter mais solu\u00e7\u00f5es!<\/p>\n<p><strong>Modelo n\u00ba 11034<\/strong><\/p>","protected":false},"featured_media":2098,"comment_status":"closed","ping_status":"closed","template":"","meta":{"_acf_changed":false},"material":[26,27,28,29,30,31,32,33,49,34],"process":[17,35],"product_brand":[],"product_cat":[15],"product_tag":[48],"class_list":{"0":"post-2097","1":"product","2":"type-product","3":"status-publish","4":"has-post-thumbnail","6":"material-cotton-agent","7":"material-polyester-chemicals","8":"material-nylon-agent","9":"material-acrylic-chemicals","10":"material-viscose-chemicals","11":"material-wool-auxiliary","12":"material-linen-chemicals","13":"material-silk-chemicals","14":"material-elastic","15":"material-fabric-chemicals","16":"process-pretreatment-auxiliaries","17":"process-degreasing-agent","18":"product_cat-uncategorized","19":"product_tag-new-textile-chemicals","21":"first","22":"instock","23":"shipping-taxable","24":"product-type-simple"},"acf":[],"_links":{"self":[{"href":"https:\/\/www.bluelakechem.com\/pt\/wp-json\/wp\/v2\/product\/2097","targetHints":{"allow":["GET"]}}],"collection":[{"href":"https:\/\/www.bluelakechem.com\/pt\/wp-json\/wp\/v2\/product"}],"about":[{"href":"https:\/\/www.bluelakechem.com\/pt\/wp-json\/wp\/v2\/types\/product"}],"replies":[{"embeddable":true,"href":"https:\/\/www.bluelakechem.com\/pt\/wp-json\/wp\/v2\/comments?post=2097"}],"wp:featuredmedia":[{"embeddable":true,"href":"https:\/\/www.bluelakechem.com\/pt\/wp-json\/wp\/v2\/media\/2098"}],"wp:attachment":[{"href":"https:\/\/www.bluelakechem.com\/pt\/wp-json\/wp\/v2\/media?parent=2097"}],"wp:term":[{"taxonomy":"material","embeddable":true,"href":"https:\/\/www.bluelakechem.com\/pt\/wp-json\/wp\/v2\/material?post=2097"},{"taxonomy":"process","embeddable":true,"href":"https:\/\/www.bluelakechem.com\/pt\/wp-json\/wp\/v2\/process?post=2097"},{"taxonomy":"product_brand","embeddable":true,"href":"https:\/\/www.bluelakechem.com\/pt\/wp-json\/wp\/v2\/product_brand?post=2097"},{"taxonomy":"product_cat","embeddable":true,"href":"https:\/\/www.bluelakechem.com\/pt\/wp-json\/wp\/v2\/product_cat?post=2097"},{"taxonomy":"product_tag","embeddable":true,"href":"https:\/\/www.bluelakechem.com\/pt\/wp-json\/wp\/v2\/product_tag?post=2097"}],"curies":[{"name":"wp","href":"https:\/\/api.w.org\/{rel}","templated":true}]}}